{"id":10505,"date":"2025-04-06T12:45:37","date_gmt":"2025-04-06T09:45:37","guid":{"rendered":"https:\/\/joinusexcursions.com\/?page_id=10505"},"modified":"2026-04-16T23:13:15","modified_gmt":"2026-04-16T20:13:15","slug":"najam-privatne-jahte","status":"publish","type":"page","link":"https:\/\/joinusexcursions.com\/hr\/private-yacht-rental\/","title":{"rendered":"Najam Privatne Jahte"},"content":{"rendered":"<div data-elementor-type=\"wp-page\" data-elementor-id=\"10505\" class=\"elementor elementor-10505\">\n\t\t\t\t\t\t<section class=\"elementor-section elementor-top-section elementor-element elementor-element-59ae872 elementor-section-boxed elementor-section-height-default elementor-section-height-default\" data-id=\"59ae872\" data-element_type=\"section\" data-e-type=\"section\" data-settings=\"{&quot;ekit_has_onepagescroll_dot&quot;:&quot;yes&quot;}\">\n\t\t\t\t\t\t<div class=\"elementor-container elementor-column-gap-default\">\n\t\t\t\t\t<div class=\"elementor-column elementor-col-100 elementor-top-column elementor-element elementor-element-7b9d157\" data-id=\"7b9d157\" data-element_type=\"column\" data-e-type=\"column\">\n\t\t\t<div class=\"elementor-widget-wrap elementor-element-populated\">\n\t\t\t\t\t\t<div class=\"elementor-element elementor-element-2f73abd elementor-widget elementor-widget-ovabrw_product_list\" data-id=\"2f73abd\" data-element_type=\"widget\" data-e-type=\"widget\" data-settings=\"{&quot;ekit_we_effect_on&quot;:&quot;none&quot;}\" data-widget_type=\"ovabrw_product_list.default\">\n\t\t\t\t<div class=\"elementor-widget-container\">\n\t\t\t\t\t\t\t\t\t<div class=\"ova-product-list ova-product-list-template1 column4\">\n\t\t\t\t\t\n<div class=\"ova-product product type-product post-10925 status-publish first instock product_cat-yacht-charter product_tag-kemer has-post-thumbnail featured shipping-taxable purchasable product-type-ovabrw_car_rental\">\n\t\n<div class=\"ova_head_product\">\n\t\t\t<div class=\"ova-is-featured\">\n\t\t\tFeatured\t\t<\/div>\n\t\t\t<a href=\"https:\/\/joinusexcursions.com\/hr\/tours\/kemer-private-yacht-rental\/\" class=\"ova-product-thumbnail\">\n\t\t\t<img fetchpriority=\"high\" decoding=\"async\" width=\"600\" height=\"400\" src=\"https:\/\/joinusexcursions.com\/wp-content\/uploads\/2025\/04\/WhatsApp-Gorsel-2024-05-03-saat-14.25.06_89b72d7c.jpg\" class=\"attachment-tripgo_product_slider size-tripgo_product_slider\" alt=\"Najam privatne jahte Kemer \u2013 Luksuzne pomorske ture\" srcset=\"https:\/\/joinusexcursions.com\/wp-content\/uploads\/2025\/04\/WhatsApp-Gorsel-2024-05-03-saat-14.25.06_89b72d7c.jpg 600w, https:\/\/joinusexcursions.com\/wp-content\/uploads\/2025\/04\/WhatsApp-Gorsel-2024-05-03-saat-14.25.06_89b72d7c-300x200.jpg 300w\" sizes=\"(max-width: 600px) 100vw, 600px\" \/>\t\t<\/a>\n\t<\/div>\n<div class=\"ova_foot_product\">\n\t<div class=\"ova-product-day-title-location\">\n\t\t\t\t\t<div class=\"ova-tour-day\">\n\t\t\t\t<i aria-hidden=\"true\" class=\"icomoon icomoon-clock\"><\/i>\n\t\t\t\t6 hours\t\t\t<\/div>\n\t\t\t\t\t<h2 class=\"ova-product-title\">\n\t\t\t\t<a href=\"https:\/\/joinusexcursions.com\/hr\/tours\/kemer-private-yacht-rental\/\">\n\t\t\t        Najam privatne jahte Kemer \u2013 Luksuzne pomorske ture\t\t\t    <\/a>\n\t\t\t<\/h2>\n\t\t\t        <div class=\"ova-product-location\">\n\t            <i aria-hidden=\"true\" class=\"icomoon icomoon-location\"><\/i>\n\t            <span class=\"location\">\n\t                pojas\t            <\/span>\n\t        <\/div>\n\t    \t<\/div>\n    <div class=\"ova-product-review-and-price\">\n    \t\t\t<div class=\"ova-product-wrapper-price\">\n\t\t\t\t\t\t\t<div class=\"ova-product-price\">\n\t\t\t\t\t\t\t\t\t\t\t<span class=\"new-product-price\"><span class=\"woocommerce-Price-amount amount\"><span class=\"woocommerce-Price-currencySymbol\">\u20ac<\/span>400.00<\/span><\/span>\n\t\t\t\t    \t\t\t\t<\/div>\n\t\t\t\t\t\t\t<a href=\"https:\/\/joinusexcursions.com\/hr\/tours\/kemer-private-yacht-rental\/\" class=\"btn product-btn-book-now\">\n\t\t\t\t\t<span>Istra\u017ei<\/span>\n\t\t\t\t<\/a>\n\t\t\t\t\t<\/div>\n    <\/div>\n<\/div><\/div>\t\t\t\t<\/div>\n\t\t\t\t\t\t\t<\/div>\n\t\t\t\t<\/div>\n\t\t\t\t\t<\/div>\n\t\t<\/div>\n\t\t\t\t\t<\/div>\n\t\t<\/section>\n\t\t\t\t<\/div>","protected":false},"excerpt":{"rendered":"<p>\u00d6ne \u00c7\u0131kan 6 saat Kemer Private Yacht Rental \u2013 Luxury Sea Tours kemer &euro;400.00 Ke\u015ffet<\/p>","protected":false},"author":1,"featured_media":0,"parent":0,"menu_order":0,"comment_status":"closed","ping_status":"closed","template":"elementor_header_footer","meta":{"_acf_changed":false,"footnotes":""},"class_list":["post-10505","page","type-page","status-publish","hentry"],"acf":[],"aioseo_notices":[],"_links":{"self":[{"href":"https:\/\/joinusexcursions.com\/hr\/wp-json\/wp\/v2\/pages\/10505","targetHints":{"allow":["GET"]}}],"collection":[{"href":"https:\/\/joinusexcursions.com\/hr\/wp-json\/wp\/v2\/pages"}],"about":[{"href":"https:\/\/joinusexcursions.com\/hr\/wp-json\/wp\/v2\/types\/page"}],"author":[{"embeddable":true,"href":"https:\/\/joinusexcursions.com\/hr\/wp-json\/wp\/v2\/users\/1"}],"replies":[{"embeddable":true,"href":"https:\/\/joinusexcursions.com\/hr\/wp-json\/wp\/v2\/comments?post=10505"}],"version-history":[{"count":8,"href":"https:\/\/joinusexcursions.com\/hr\/wp-json\/wp\/v2\/pages\/10505\/revisions"}],"predecessor-version":[{"id":11348,"href":"https:\/\/joinusexcursions.com\/hr\/wp-json\/wp\/v2\/pages\/10505\/revisions\/11348"}],"wp:attachment":[{"href":"https:\/\/joinusexcursions.com\/hr\/wp-json\/wp\/v2\/media?parent=10505"}],"curies":[{"name":"wp","href":"https:\/\/api.w.org\/{rel}","templated":true}]}}