{"id":7540,"date":"2023-06-06T09:10:33","date_gmt":"2023-06-06T09:10:33","guid":{"rendered":"https:\/\/joinusexcursions.com\/?page_id=7540"},"modified":"2026-04-16T22:25:57","modified_gmt":"2026-04-16T19:25:57","slug":"gallery","status":"publish","type":"page","link":"https:\/\/joinusexcursions.com\/hr\/gallery\/","title":{"rendered":"Galerija"},"content":{"rendered":"<div data-elementor-type=\"wp-page\" data-elementor-id=\"7540\" class=\"elementor elementor-7540\">\n\t\t\t\t\t\t<section class=\"elementor-section elementor-top-section elementor-element elementor-element-caa3956 elementor-section-boxed elementor-section-height-default elementor-section-height-default\" data-id=\"caa3956\" data-element_type=\"section\" data-e-type=\"section\" data-settings=\"{&quot;ekit_has_onepagescroll_dot&quot;:&quot;yes&quot;}\">\n\t\t\t\t\t\t<div class=\"elementor-container elementor-column-gap-default\">\n\t\t\t\t\t<div class=\"elementor-column elementor-col-100 elementor-top-column elementor-element elementor-element-4124987\" data-id=\"4124987\" data-element_type=\"column\" data-e-type=\"column\">\n\t\t\t<div class=\"elementor-widget-wrap elementor-element-populated\">\n\t\t\t\t\t\t<div class=\"elementor-element elementor-element-ddfe0df elementor-widget-tablet__width-inherit elementor-widget elementor-widget-tripgo_elementor_heading\" data-id=\"ddfe0df\" data-element_type=\"widget\" data-e-type=\"widget\" data-settings=\"{&quot;ekit_we_effect_on&quot;:&quot;none&quot;}\" data-widget_type=\"tripgo_elementor_heading.default\">\n\t\t\t\t<div class=\"elementor-widget-container\">\n\t\t\t\t\t\t\t\t<div class=\"ova-title\">\n\t\t\t\t\t\t\t\t\t\t<h2 class=\"title\">\n\t\t\t\t\t\t\tTrenuci s na\u0161ih turneja\t\t\t\t\t\t<\/h2>\n\t\t\t\t\t\t\t\t\t\t<p class=\"description\">Od tirkiznih voda Suluade do bijelih terasa Pamukkalea \u2014 stvarne fotografije s na\u0161ih svakodnevnih izleta diljem Antalye, Beleka, Kemera i Sidea.<\/p>\n\t\t\t\t\t\t\t<\/div>\n\t\t\t\t\t\t\t<\/div>\n\t\t\t\t<\/div>\n\t\t\t\t\t<\/div>\n\t\t<\/div>\n\t\t\t\t\t<\/div>\n\t\t<\/section>\n\t\t\t\t<section class=\"elementor-section elementor-top-section elementor-element elementor-element-dcdb62d elementor-section-boxed elementor-section-height-default elementor-section-height-default\" data-id=\"dcdb62d\" data-element_type=\"section\" data-e-type=\"section\" data-settings=\"{&quot;ekit_has_onepagescroll_dot&quot;:&quot;yes&quot;}\">\n\t\t\t\t\t\t<div class=\"elementor-container elementor-column-gap-default\">\n\t\t\t\t\t<div class=\"elementor-column elementor-col-100 elementor-top-column elementor-element elementor-element-a00695e\" data-id=\"a00695e\" data-element_type=\"column\" data-e-type=\"column\">\n\t\t\t<div class=\"elementor-widget-wrap elementor-element-populated\">\n\t\t\t\t\t\t<div class=\"elementor-element elementor-element-bcc734a elementor-widget elementor-widget-tripgo_elementor_gallery_filter\" data-id=\"bcc734a\" data-element_type=\"widget\" data-e-type=\"widget\" data-settings=\"{&quot;ekit_we_effect_on&quot;:&quot;none&quot;}\" data-widget_type=\"tripgo_elementor_gallery_filter.default\">\n\t\t\t\t<div class=\"elementor-widget-container\">\n\t\t\t\t\t\t\t\t\t<div class=\"ova-gallery-filter\">\n\t\t\t\t\t\t\t            <ul class=\"filter-btn-wrapper\">\n\t\t                <li class=\"filter-btn active-category\" data-filter=\"*\">\n\t\t                \tSve ture\t\t                <\/li>\n\t\t                \t\t                \t<li class=\"filter-btn\" data-slug=\".boat-tours\">\n\t\t\t                    Brodske ture\t\t\t                <\/li>\n\t\t\t            \t\t                \t<li class=\"filter-btn\" data-slug=\".city-heritage\">\n\t\t\t                    Grad i ba\u0161tina\t\t\t                <\/li>\n\t\t\t            \t\t                \t<li class=\"filter-btn\" data-slug=\".adventure\">\n\t\t\t                    Avantura\t\t\t                <\/li>\n\t\t\t            \t\t                \t<li class=\"filter-btn\" data-slug=\".nature\">\n\t\t\t                    Priroda\t\t\t                <\/li>\n\t\t\t            \t\t            <\/ul> \n\n\t\t            <div class=\"gallery-row\">\n\n\t\t            \t<div class=\"gallery-column three_column\">\n\t\t            \t\t\n\t\t\t\t            \t<div class=\"gallery-item boat-tours\">\n\t\t                            \t\t                            \t<a class=\"gallery-fancybox\" data-src=\"https:\/\/joinusexcursions.com\/wp-content\/uploads\/2025\/04\/WhatsApp-Image-2024-06-28-at-14.47.28-1.png\" \n\t\t\t  \t\t\t\t\t\t\t\tdata-fancybox=\"gallery-filter\" \n\t\t\t  \t\t\t\t\t\t\t\tdata-caption=\"Suluada Island \u2013 T\u00fcrkish Maldives\">\n\t\t                            \t\t\t\t\t\t\t\t\t\t<div class=\"gallery-img\">\n\t\t\t\t\t\t\t\t\t    \t<img decoding=\"async\" src=\"https:\/\/joinusexcursions.com\/wp-content\/uploads\/2025\/04\/WhatsApp-Image-2024-06-28-at-14.47.28-1.png\" alt=\"Otok Suluada \u2013 Turski Maldivi\">\n\t\t\t\t\t\t\t\t\t    \t<div class=\"icon\">\n\t\t\t\t\t\t\t\t\t\t\t\t<i aria-hidden=\"true\" class=\"ovaicon ovaicon-next-4\"><\/i>\t\t\t\t\t\t\t\t\t\t\t<\/div>\n\t\t\t\t\t\t\t\t\t\t\t<div class=\"mask\"><\/div>\n\t\t\t\t\t\t\t\t\t\t<\/div>\n\t\t\t\t\t\t\t\t\t<\/a>\n\t\t\t\t\t\t\t\t\t<h3 class=\"title\">\n\t\t\t\t\t\t\t\t\t\tOtok Suluada \u2013 Turski Maldivi\t\t\t\t\t\t\t\t\t<\/h3>\n\t\t\t\t\t\t\t\t\t<p class=\"description\">\n\t\t\t\t\t\t\t\t\t\tPridru\u017eite nam se na izletima\t\t\t\t\t\t\t\t\t<\/p>\n\t\t\t\t\t\t\t\t<\/div>\n\t\t\t                \n\t\t\t\t            \t<div class=\"gallery-item boat-tours\">\n\t\t                            \t\t                            \t<a class=\"gallery-fancybox\" data-src=\"https:\/\/joinusexcursions.com\/wp-content\/uploads\/2025\/04\/WhatsApp-Image-2024-07-01-at-15.44.11.jpeg\" \n\t\t\t  \t\t\t\t\t\t\t\tdata-fancybox=\"gallery-filter\" \n\t\t\t  \t\t\t\t\t\t\t\tdata-caption=\"Porto Genoese Bay &amp; Blue Lagoon\">\n\t\t                            \t\t\t\t\t\t\t\t\t\t<div class=\"gallery-img\">\n\t\t\t\t\t\t\t\t\t    \t<img decoding=\"async\" src=\"https:\/\/joinusexcursions.com\/wp-content\/uploads\/2025\/04\/WhatsApp-Image-2024-07-01-at-15.44.11.jpeg\" alt=\"Porto Genoese Bay &amp; Plava Laguna\">\n\t\t\t\t\t\t\t\t\t    \t<div class=\"icon\">\n\t\t\t\t\t\t\t\t\t\t\t\t<i aria-hidden=\"true\" class=\"ovaicon ovaicon-next-4\"><\/i>\t\t\t\t\t\t\t\t\t\t\t<\/div>\n\t\t\t\t\t\t\t\t\t\t\t<div class=\"mask\"><\/div>\n\t\t\t\t\t\t\t\t\t\t<\/div>\n\t\t\t\t\t\t\t\t\t<\/a>\n\t\t\t\t\t\t\t\t\t<h3 class=\"title\">\n\t\t\t\t\t\t\t\t\t\tPorto Genoese Bay &amp; Plava Laguna\t\t\t\t\t\t\t\t\t<\/h3>\n\t\t\t\t\t\t\t\t\t<p class=\"description\">\n\t\t\t\t\t\t\t\t\t\tPridru\u017eite nam se na izletima\t\t\t\t\t\t\t\t\t<\/p>\n\t\t\t\t\t\t\t\t<\/div>\n\t\t\t                \n\t\t\t\t            \t<div class=\"gallery-item boat-tours\">\n\t\t                            \t\t                            \t<a class=\"gallery-fancybox\" data-src=\"https:\/\/joinusexcursions.com\/wp-content\/uploads\/2025\/04\/Gonster-korsan.jpg\" \n\t\t\t  \t\t\t\t\t\t\t\tdata-fancybox=\"gallery-filter\" \n\t\t\t  \t\t\t\t\t\t\t\tdata-caption=\"Pirate Boat Trip Gonster\">\n\t\t                            \t\t\t\t\t\t\t\t\t\t<div class=\"gallery-img\">\n\t\t\t\t\t\t\t\t\t    \t<img decoding=\"async\" src=\"https:\/\/joinusexcursions.com\/wp-content\/uploads\/2025\/04\/Gonster-korsan-768x660.jpg\" alt=\"Gusarski brod Izlet Gonster\">\n\t\t\t\t\t\t\t\t\t    \t<div class=\"icon\">\n\t\t\t\t\t\t\t\t\t\t\t\t<i aria-hidden=\"true\" class=\"ovaicon ovaicon-next-4\"><\/i>\t\t\t\t\t\t\t\t\t\t\t<\/div>\n\t\t\t\t\t\t\t\t\t\t\t<div class=\"mask\"><\/div>\n\t\t\t\t\t\t\t\t\t\t<\/div>\n\t\t\t\t\t\t\t\t\t<\/a>\n\t\t\t\t\t\t\t\t\t<h3 class=\"title\">\n\t\t\t\t\t\t\t\t\t\tGusarski brod Izlet Gonster\t\t\t\t\t\t\t\t\t<\/h3>\n\t\t\t\t\t\t\t\t\t<p class=\"description\">\n\t\t\t\t\t\t\t\t\t\tPridru\u017eite nam se na izletima\t\t\t\t\t\t\t\t\t<\/p>\n\t\t\t\t\t\t\t\t<\/div>\n\t\t\t                \n\t\t\t\t            \t<div class=\"gallery-item boat-tours\">\n\t\t                            \t\t                            \t<a class=\"gallery-fancybox\" data-src=\"https:\/\/joinusexcursions.com\/wp-content\/uploads\/2025\/12\/Green-canyon-800x550-1.webp\" \n\t\t\t  \t\t\t\t\t\t\t\tdata-fancybox=\"gallery-filter\" \n\t\t\t  \t\t\t\t\t\t\t\tdata-caption=\"Green Canyon Boat Trip\">\n\t\t                            \t\t\t\t\t\t\t\t\t\t<div class=\"gallery-img\">\n\t\t\t\t\t\t\t\t\t    \t<img decoding=\"async\" src=\"https:\/\/joinusexcursions.com\/wp-content\/uploads\/2025\/12\/Green-canyon-800x550-1.webp\" alt=\"Vo\u017enja brodom po Green Canyonu\">\n\t\t\t\t\t\t\t\t\t    \t<div class=\"icon\">\n\t\t\t\t\t\t\t\t\t\t\t\t<i aria-hidden=\"true\" class=\"ovaicon ovaicon-next-4\"><\/i>\t\t\t\t\t\t\t\t\t\t\t<\/div>\n\t\t\t\t\t\t\t\t\t\t\t<div class=\"mask\"><\/div>\n\t\t\t\t\t\t\t\t\t\t<\/div>\n\t\t\t\t\t\t\t\t\t<\/a>\n\t\t\t\t\t\t\t\t\t<h3 class=\"title\">\n\t\t\t\t\t\t\t\t\t\tVo\u017enja brodom po Green Canyonu\t\t\t\t\t\t\t\t\t<\/h3>\n\t\t\t\t\t\t\t\t\t<p class=\"description\">\n\t\t\t\t\t\t\t\t\t\tPridru\u017eite nam se na izletima\t\t\t\t\t\t\t\t\t<\/p>\n\t\t\t\t\t\t\t\t<\/div>\n\t\t\t                \n\t\t\t\t            \t<div class=\"gallery-item boat-tours\">\n\t\t                            \t\t                            \t<a class=\"gallery-fancybox\" data-src=\"https:\/\/joinusexcursions.com\/wp-content\/uploads\/2025\/04\/WhatsApp-Gorsel-2024-05-03-saat-14.25.06_89b72d7c.jpg\" \n\t\t\t  \t\t\t\t\t\t\t\tdata-fancybox=\"gallery-filter\" \n\t\t\t  \t\t\t\t\t\t\t\tdata-caption=\"Private Luxury Yacht Charter\">\n\t\t                            \t\t\t\t\t\t\t\t\t\t<div class=\"gallery-img\">\n\t\t\t\t\t\t\t\t\t    \t<img decoding=\"async\" src=\"https:\/\/joinusexcursions.com\/wp-content\/uploads\/2025\/04\/WhatsApp-Gorsel-2024-05-03-saat-14.25.06_89b72d7c.jpg\" alt=\"Privatni najam luksuzne jahte\">\n\t\t\t\t\t\t\t\t\t    \t<div class=\"icon\">\n\t\t\t\t\t\t\t\t\t\t\t\t<i aria-hidden=\"true\" class=\"ovaicon ovaicon-next-4\"><\/i>\t\t\t\t\t\t\t\t\t\t\t<\/div>\n\t\t\t\t\t\t\t\t\t\t\t<div class=\"mask\"><\/div>\n\t\t\t\t\t\t\t\t\t\t<\/div>\n\t\t\t\t\t\t\t\t\t<\/a>\n\t\t\t\t\t\t\t\t\t<h3 class=\"title\">\n\t\t\t\t\t\t\t\t\t\tPrivatni najam luksuzne jahte\t\t\t\t\t\t\t\t\t<\/h3>\n\t\t\t\t\t\t\t\t\t<p class=\"description\">\n\t\t\t\t\t\t\t\t\t\tPridru\u017eite nam se na izletima\t\t\t\t\t\t\t\t\t<\/p>\n\t\t\t\t\t\t\t\t<\/div>\n\t\t\t                \n\t\t\t\t            \t<div class=\"gallery-item city-heritage\">\n\t\t                            \t\t                            \t<a class=\"gallery-fancybox\" data-src=\"https:\/\/joinusexcursions.com\/wp-content\/uploads\/2025\/04\/WhatsApp-Image-2024-06-09-at-11.19.46.jpeg\" \n\t\t\t  \t\t\t\t\t\t\t\tdata-fancybox=\"gallery-filter\" \n\t\t\t  \t\t\t\t\t\t\t\tdata-caption=\"Antalya Old Town &amp; Waterfalls\">\n\t\t                            \t\t\t\t\t\t\t\t\t\t<div class=\"gallery-img\">\n\t\t\t\t\t\t\t\t\t    \t<img decoding=\"async\" src=\"https:\/\/joinusexcursions.com\/wp-content\/uploads\/2025\/04\/WhatsApp-Image-2024-06-09-at-11.19.46.jpeg\" alt=\"Stari grad i slapovi u Antaliji\">\n\t\t\t\t\t\t\t\t\t    \t<div class=\"icon\">\n\t\t\t\t\t\t\t\t\t\t\t\t<i aria-hidden=\"true\" class=\"ovaicon ovaicon-next-4\"><\/i>\t\t\t\t\t\t\t\t\t\t\t<\/div>\n\t\t\t\t\t\t\t\t\t\t\t<div class=\"mask\"><\/div>\n\t\t\t\t\t\t\t\t\t\t<\/div>\n\t\t\t\t\t\t\t\t\t<\/a>\n\t\t\t\t\t\t\t\t\t<h3 class=\"title\">\n\t\t\t\t\t\t\t\t\t\tStari grad i slapovi u Antaliji\t\t\t\t\t\t\t\t\t<\/h3>\n\t\t\t\t\t\t\t\t\t<p class=\"description\">\n\t\t\t\t\t\t\t\t\t\tPridru\u017eite nam se na izletima\t\t\t\t\t\t\t\t\t<\/p>\n\t\t\t\t\t\t\t\t<\/div>\n\t\t\t                \n\t\t\t\t            \t<div class=\"gallery-item city-heritage\">\n\t\t                            \t\t                            \t<a class=\"gallery-fancybox\" data-src=\"https:\/\/joinusexcursions.com\/wp-content\/uploads\/2025\/04\/Pamukkale_Turquia_Excursion_Europa.jpg\" \n\t\t\t  \t\t\t\t\t\t\t\tdata-fancybox=\"gallery-filter\" \n\t\t\t  \t\t\t\t\t\t\t\tdata-caption=\"Pamukkale &amp; Hierapolis\">\n\t\t                            \t\t\t\t\t\t\t\t\t\t<div class=\"gallery-img\">\n\t\t\t\t\t\t\t\t\t    \t<img decoding=\"async\" src=\"https:\/\/joinusexcursions.com\/wp-content\/uploads\/2025\/04\/Pamukkale_Turquia_Excursion_Europa.jpg\" alt=\"Pamukkale i Hijerapolis\">\n\t\t\t\t\t\t\t\t\t    \t<div class=\"icon\">\n\t\t\t\t\t\t\t\t\t\t\t\t<i aria-hidden=\"true\" class=\"ovaicon ovaicon-next-4\"><\/i>\t\t\t\t\t\t\t\t\t\t\t<\/div>\n\t\t\t\t\t\t\t\t\t\t\t<div class=\"mask\"><\/div>\n\t\t\t\t\t\t\t\t\t\t<\/div>\n\t\t\t\t\t\t\t\t\t<\/a>\n\t\t\t\t\t\t\t\t\t<h3 class=\"title\">\n\t\t\t\t\t\t\t\t\t\tPamukkale i Hijerapolis\t\t\t\t\t\t\t\t\t<\/h3>\n\t\t\t\t\t\t\t\t\t<p class=\"description\">\n\t\t\t\t\t\t\t\t\t\tPridru\u017eite nam se na izletima\t\t\t\t\t\t\t\t\t<\/p>\n\t\t\t\t\t\t\t\t<\/div>\n\t\t\t                \n\t\t\t\t            \t<div class=\"gallery-item city-heritage\">\n\t\t                            \t\t                            \t<a class=\"gallery-fancybox\" data-src=\"https:\/\/joinusexcursions.com\/wp-content\/uploads\/2025\/04\/WhatsApp-Image-2024-06-09-at-23.10.12.png\" \n\t\t\t  \t\t\t\t\t\t\t\tdata-fancybox=\"gallery-filter\" \n\t\t\t  \t\t\t\t\t\t\t\tdata-caption=\"Demre Myra &amp; Kekova\">\n\t\t                            \t\t\t\t\t\t\t\t\t\t<div class=\"gallery-img\">\n\t\t\t\t\t\t\t\t\t    \t<img decoding=\"async\" src=\"https:\/\/joinusexcursions.com\/wp-content\/uploads\/2025\/04\/WhatsApp-Image-2024-06-09-at-23.10.12.png\" alt=\"Demre, Myra &amp; Kekova\">\n\t\t\t\t\t\t\t\t\t    \t<div class=\"icon\">\n\t\t\t\t\t\t\t\t\t\t\t\t<i aria-hidden=\"true\" class=\"ovaicon ovaicon-next-4\"><\/i>\t\t\t\t\t\t\t\t\t\t\t<\/div>\n\t\t\t\t\t\t\t\t\t\t\t<div class=\"mask\"><\/div>\n\t\t\t\t\t\t\t\t\t\t<\/div>\n\t\t\t\t\t\t\t\t\t<\/a>\n\t\t\t\t\t\t\t\t\t<h3 class=\"title\">\n\t\t\t\t\t\t\t\t\t\tDemre, Myra &amp; Kekova\t\t\t\t\t\t\t\t\t<\/h3>\n\t\t\t\t\t\t\t\t\t<p class=\"description\">\n\t\t\t\t\t\t\t\t\t\tPridru\u017eite nam se na izletima\t\t\t\t\t\t\t\t\t<\/p>\n\t\t\t\t\t\t\t\t<\/div>\n\t\t\t                \n\t\t\t\t            \t<div class=\"gallery-item adventure\">\n\t\t                            \t\t                            \t<a class=\"gallery-fancybox\" data-src=\"https:\/\/joinusexcursions.com\/wp-content\/uploads\/2025\/12\/WhatsApp-Image-2024-06-28-at-19.37.47.webp\" \n\t\t\t  \t\t\t\t\t\t\t\tdata-fancybox=\"gallery-filter\" \n\t\t\t  \t\t\t\t\t\t\t\tdata-caption=\"Taz\u0131 Canyon Combo Tour\">\n\t\t                            \t\t\t\t\t\t\t\t\t\t<div class=\"gallery-img\">\n\t\t\t\t\t\t\t\t\t    \t<img decoding=\"async\" src=\"https:\/\/joinusexcursions.com\/wp-content\/uploads\/2025\/12\/WhatsApp-Image-2024-06-28-at-19.37.47.webp\" alt=\"Kombinirani obilazak kanjona Taz\u0131\">\n\t\t\t\t\t\t\t\t\t    \t<div class=\"icon\">\n\t\t\t\t\t\t\t\t\t\t\t\t<i aria-hidden=\"true\" class=\"ovaicon ovaicon-next-4\"><\/i>\t\t\t\t\t\t\t\t\t\t\t<\/div>\n\t\t\t\t\t\t\t\t\t\t\t<div class=\"mask\"><\/div>\n\t\t\t\t\t\t\t\t\t\t<\/div>\n\t\t\t\t\t\t\t\t\t<\/a>\n\t\t\t\t\t\t\t\t\t<h3 class=\"title\">\n\t\t\t\t\t\t\t\t\t\tKombinirani obilazak kanjona Taz\u0131\t\t\t\t\t\t\t\t\t<\/h3>\n\t\t\t\t\t\t\t\t\t<p class=\"description\">\n\t\t\t\t\t\t\t\t\t\tPridru\u017eite nam se na izletima\t\t\t\t\t\t\t\t\t<\/p>\n\t\t\t\t\t\t\t\t<\/div>\n\t\t\t                \n\t\t\t\t            \t<div class=\"gallery-item adventure\">\n\t\t                            \t\t                            \t<a class=\"gallery-fancybox\" data-src=\"https:\/\/joinusexcursions.com\/wp-content\/uploads\/2025\/12\/Rafting-koprulu-canyon.webp\" \n\t\t\t  \t\t\t\t\t\t\t\tdata-fancybox=\"gallery-filter\" \n\t\t\t  \t\t\t\t\t\t\t\tdata-caption=\"K\u00f6pr\u00fcl\u00fc Canyon Rafting\">\n\t\t                            \t\t\t\t\t\t\t\t\t\t<div class=\"gallery-img\">\n\t\t\t\t\t\t\t\t\t    \t<img decoding=\"async\" src=\"https:\/\/joinusexcursions.com\/wp-content\/uploads\/2025\/12\/Rafting-koprulu-canyon.webp\" alt=\"Kanjon K\u00f6pr\u00fcl\u00fc Rafting\">\n\t\t\t\t\t\t\t\t\t    \t<div class=\"icon\">\n\t\t\t\t\t\t\t\t\t\t\t\t<i aria-hidden=\"true\" class=\"ovaicon ovaicon-next-4\"><\/i>\t\t\t\t\t\t\t\t\t\t\t<\/div>\n\t\t\t\t\t\t\t\t\t\t\t<div class=\"mask\"><\/div>\n\t\t\t\t\t\t\t\t\t\t<\/div>\n\t\t\t\t\t\t\t\t\t<\/a>\n\t\t\t\t\t\t\t\t\t<h3 class=\"title\">\n\t\t\t\t\t\t\t\t\t\tKanjon K\u00f6pr\u00fcl\u00fc Rafting\t\t\t\t\t\t\t\t\t<\/h3>\n\t\t\t\t\t\t\t\t\t<p class=\"description\">\n\t\t\t\t\t\t\t\t\t\tPridru\u017eite nam se na izletima\t\t\t\t\t\t\t\t\t<\/p>\n\t\t\t\t\t\t\t\t<\/div>\n\t\t\t                \n\t\t\t\t            \t<div class=\"gallery-item adventure\">\n\t\t                            \t\t                            \t<a class=\"gallery-fancybox\" data-src=\"https:\/\/joinusexcursions.com\/wp-content\/uploads\/2025\/04\/WhatsApp-Image-2024-06-30-at-14.02.50.jpeg\" \n\t\t\t  \t\t\t\t\t\t\t\tdata-fancybox=\"gallery-filter\" \n\t\t\t  \t\t\t\t\t\t\t\tdata-caption=\"Quad Safari \u2013 Taurus Mountains\">\n\t\t                            \t\t\t\t\t\t\t\t\t\t<div class=\"gallery-img\">\n\t\t\t\t\t\t\t\t\t    \t<img decoding=\"async\" src=\"https:\/\/joinusexcursions.com\/wp-content\/uploads\/2025\/04\/WhatsApp-Image-2024-06-30-at-14.02.50.jpeg\" alt=\"Quad Safari \u2013 planine Taurus\">\n\t\t\t\t\t\t\t\t\t    \t<div class=\"icon\">\n\t\t\t\t\t\t\t\t\t\t\t\t<i aria-hidden=\"true\" class=\"ovaicon ovaicon-next-4\"><\/i>\t\t\t\t\t\t\t\t\t\t\t<\/div>\n\t\t\t\t\t\t\t\t\t\t\t<div class=\"mask\"><\/div>\n\t\t\t\t\t\t\t\t\t\t<\/div>\n\t\t\t\t\t\t\t\t\t<\/a>\n\t\t\t\t\t\t\t\t\t<h3 class=\"title\">\n\t\t\t\t\t\t\t\t\t\tQuad Safari \u2013 planine Taurus\t\t\t\t\t\t\t\t\t<\/h3>\n\t\t\t\t\t\t\t\t\t<p class=\"description\">\n\t\t\t\t\t\t\t\t\t\tPridru\u017eite nam se na izletima\t\t\t\t\t\t\t\t\t<\/p>\n\t\t\t\t\t\t\t\t<\/div>\n\t\t\t                \n\t\t\t\t            \t<div class=\"gallery-item adventure\">\n\t\t                            \t\t                            \t<a class=\"gallery-fancybox\" data-src=\"https:\/\/joinusexcursions.com\/wp-content\/uploads\/2025\/04\/WhatsApp-Image-2024-06-30-at-13.53.55.jpeg\" \n\t\t\t  \t\t\t\t\t\t\t\tdata-fancybox=\"gallery-filter\" \n\t\t\t  \t\t\t\t\t\t\t\tdata-caption=\"Jeep Safari \u2013 Taurus Mountains\">\n\t\t                            \t\t\t\t\t\t\t\t\t\t<div class=\"gallery-img\">\n\t\t\t\t\t\t\t\t\t    \t<img decoding=\"async\" src=\"https:\/\/joinusexcursions.com\/wp-content\/uploads\/2025\/04\/WhatsApp-Image-2024-06-30-at-13.53.55.jpeg\" alt=\"\u0110ip Safari \u2013 planine Taurus\">\n\t\t\t\t\t\t\t\t\t    \t<div class=\"icon\">\n\t\t\t\t\t\t\t\t\t\t\t\t<i aria-hidden=\"true\" class=\"ovaicon ovaicon-next-4\"><\/i>\t\t\t\t\t\t\t\t\t\t\t<\/div>\n\t\t\t\t\t\t\t\t\t\t\t<div class=\"mask\"><\/div>\n\t\t\t\t\t\t\t\t\t\t<\/div>\n\t\t\t\t\t\t\t\t\t<\/a>\n\t\t\t\t\t\t\t\t\t<h3 class=\"title\">\n\t\t\t\t\t\t\t\t\t\t\u0110ip Safari \u2013 planine Taurus\t\t\t\t\t\t\t\t\t<\/h3>\n\t\t\t\t\t\t\t\t\t<p class=\"description\">\n\t\t\t\t\t\t\t\t\t\tPridru\u017eite nam se na izletima\t\t\t\t\t\t\t\t\t<\/p>\n\t\t\t\t\t\t\t\t<\/div>\n\t\t\t                \n\t\t\t\t            \t<div class=\"gallery-item nature\">\n\t\t                            \t\t                            \t<a class=\"gallery-fancybox\" data-src=\"https:\/\/joinusexcursions.com\/wp-content\/uploads\/2025\/04\/WhatsApp-Image-2024-06-09-at-21.46.59.jpeg\" \n\t\t\t  \t\t\t\t\t\t\t\tdata-fancybox=\"gallery-filter\" \n\t\t\t  \t\t\t\t\t\t\t\tdata-caption=\"Pamukkale Hot Air Balloon\">\n\t\t                            \t\t\t\t\t\t\t\t\t\t<div class=\"gallery-img\">\n\t\t\t\t\t\t\t\t\t    \t<img decoding=\"async\" src=\"https:\/\/joinusexcursions.com\/wp-content\/uploads\/2025\/04\/WhatsApp-Image-2024-06-09-at-21.46.59.jpeg\" alt=\"Balon na vru\u0107i zrak Pamukkale\">\n\t\t\t\t\t\t\t\t\t    \t<div class=\"icon\">\n\t\t\t\t\t\t\t\t\t\t\t\t<i aria-hidden=\"true\" class=\"ovaicon ovaicon-next-4\"><\/i>\t\t\t\t\t\t\t\t\t\t\t<\/div>\n\t\t\t\t\t\t\t\t\t\t\t<div class=\"mask\"><\/div>\n\t\t\t\t\t\t\t\t\t\t<\/div>\n\t\t\t\t\t\t\t\t\t<\/a>\n\t\t\t\t\t\t\t\t\t<h3 class=\"title\">\n\t\t\t\t\t\t\t\t\t\tBalon na vru\u0107i zrak Pamukkale\t\t\t\t\t\t\t\t\t<\/h3>\n\t\t\t\t\t\t\t\t\t<p class=\"description\">\n\t\t\t\t\t\t\t\t\t\tPridru\u017eite nam se na izletima\t\t\t\t\t\t\t\t\t<\/p>\n\t\t\t\t\t\t\t\t<\/div>\n\t\t\t                \n\t\t\t\t            \t<div class=\"gallery-item nature\">\n\t\t                            \t\t                            \t<a class=\"gallery-fancybox\" data-src=\"https:\/\/joinusexcursions.com\/wp-content\/uploads\/2025\/04\/WhatsApp-Image-2024-06-30-at-18.17.07.jpeg\" \n\t\t\t  \t\t\t\t\t\t\t\tdata-fancybox=\"gallery-filter\" \n\t\t\t  \t\t\t\t\t\t\t\tdata-caption=\"Olympos Teleferik Cable Car\">\n\t\t                            \t\t\t\t\t\t\t\t\t\t<div class=\"gallery-img\">\n\t\t\t\t\t\t\t\t\t    \t<img decoding=\"async\" src=\"https:\/\/joinusexcursions.com\/wp-content\/uploads\/2025\/04\/WhatsApp-Image-2024-06-30-at-18.17.07.jpeg\" alt=\"V gondola Olympos Teleferik\">\n\t\t\t\t\t\t\t\t\t    \t<div class=\"icon\">\n\t\t\t\t\t\t\t\t\t\t\t\t<i aria-hidden=\"true\" class=\"ovaicon ovaicon-next-4\"><\/i>\t\t\t\t\t\t\t\t\t\t\t<\/div>\n\t\t\t\t\t\t\t\t\t\t\t<div class=\"mask\"><\/div>\n\t\t\t\t\t\t\t\t\t\t<\/div>\n\t\t\t\t\t\t\t\t\t<\/a>\n\t\t\t\t\t\t\t\t\t<h3 class=\"title\">\n\t\t\t\t\t\t\t\t\t\tV gondola Olympos Teleferik\t\t\t\t\t\t\t\t\t<\/h3>\n\t\t\t\t\t\t\t\t\t<p class=\"description\">\n\t\t\t\t\t\t\t\t\t\tPridru\u017eite nam se na izletima\t\t\t\t\t\t\t\t\t<\/p>\n\t\t\t\t\t\t\t\t<\/div>\n\t\t\t                \n\t\t\t\t            \t<div class=\"gallery-item nature\">\n\t\t                            \t\t                            \t<a class=\"gallery-fancybox\" data-src=\"https:\/\/joinusexcursions.com\/wp-content\/uploads\/2025\/04\/0351b120009434rz42707_C_1136_640_Q10.jpg\" \n\t\t\t  \t\t\t\t\t\t\t\tdata-fancybox=\"gallery-filter\" \n\t\t\t  \t\t\t\t\t\t\t\tdata-caption=\"Olympos Teleferik Sunset &amp; Dinner\">\n\t\t                            \t\t\t\t\t\t\t\t\t\t<div class=\"gallery-img\">\n\t\t\t\t\t\t\t\t\t    \t<img decoding=\"async\" src=\"https:\/\/joinusexcursions.com\/wp-content\/uploads\/2025\/04\/0351b120009434rz42707_C_1136_640_Q10.jpg\" alt=\"Olympos Teleferik Zalazak sunca i ve\u010dera\">\n\t\t\t\t\t\t\t\t\t    \t<div class=\"icon\">\n\t\t\t\t\t\t\t\t\t\t\t\t<i aria-hidden=\"true\" class=\"ovaicon ovaicon-next-4\"><\/i>\t\t\t\t\t\t\t\t\t\t\t<\/div>\n\t\t\t\t\t\t\t\t\t\t\t<div class=\"mask\"><\/div>\n\t\t\t\t\t\t\t\t\t\t<\/div>\n\t\t\t\t\t\t\t\t\t<\/a>\n\t\t\t\t\t\t\t\t\t<h3 class=\"title\">\n\t\t\t\t\t\t\t\t\t\tOlympos Teleferik Zalazak sunca i ve\u010dera\t\t\t\t\t\t\t\t\t<\/h3>\n\t\t\t\t\t\t\t\t\t<p class=\"description\">\n\t\t\t\t\t\t\t\t\t\tPridru\u017eite nam se na izletima\t\t\t\t\t\t\t\t\t<\/p>\n\t\t\t\t\t\t\t\t<\/div>\n\t\t\t                \n\t\t\t\t            \t<div class=\"gallery-item nature\">\n\t\t                            \t\t                            \t<a class=\"gallery-fancybox\" data-src=\"https:\/\/joinusexcursions.com\/wp-content\/uploads\/2025\/04\/WhatsApp-Image-2024-06-29-at-15.22.53-2.jpeg\" \n\t\t\t  \t\t\t\t\t\t\t\tdata-fancybox=\"gallery-filter\" \n\t\t\t  \t\t\t\t\t\t\t\tdata-caption=\"Scuba Diving in Antalya\">\n\t\t                            \t\t\t\t\t\t\t\t\t\t<div class=\"gallery-img\">\n\t\t\t\t\t\t\t\t\t    \t<img decoding=\"async\" src=\"https:\/\/joinusexcursions.com\/wp-content\/uploads\/2025\/04\/WhatsApp-Image-2024-06-29-at-15.22.53-2.jpeg\" alt=\"Ronjenje u Antaliji\">\n\t\t\t\t\t\t\t\t\t    \t<div class=\"icon\">\n\t\t\t\t\t\t\t\t\t\t\t\t<i aria-hidden=\"true\" class=\"ovaicon ovaicon-next-4\"><\/i>\t\t\t\t\t\t\t\t\t\t\t<\/div>\n\t\t\t\t\t\t\t\t\t\t\t<div class=\"mask\"><\/div>\n\t\t\t\t\t\t\t\t\t\t<\/div>\n\t\t\t\t\t\t\t\t\t<\/a>\n\t\t\t\t\t\t\t\t\t<h3 class=\"title\">\n\t\t\t\t\t\t\t\t\t\tRonjenje u Antaliji\t\t\t\t\t\t\t\t\t<\/h3>\n\t\t\t\t\t\t\t\t\t<p class=\"description\">\n\t\t\t\t\t\t\t\t\t\tPridru\u017eite nam se na izletima\t\t\t\t\t\t\t\t\t<\/p>\n\t\t\t\t\t\t\t\t<\/div>\n\t\t\t                \t\t\t            <\/div>\n\t\t            <\/div>\n\t\t        <\/div>\n\t        \t\t\t\t<\/div>\n\t\t\t\t<\/div>\n\t\t\t\t\t<\/div>\n\t\t<\/div>\n\t\t\t\t\t<\/div>\n\t\t<\/section>\n\t\t\t\t<\/div>","protected":false},"excerpt":{"rendered":"<p>Take A Look Our Gallery An enim nullam tempor gravida donec enim congue magna at pretium purus Show all Sea Beach Temple Hotel Restaurant Restaurant On Sea Beach Travel &amp; Food Swimming Pool Travel &amp; Food Adventure Road Tracking Travel &amp; Food Summer Sea Beach Travel &amp; Food Adventure Train Tracking Travel &amp; Food Adventure [&hellip;]<\/p>\n","protected":false},"author":1,"featured_media":0,"parent":0,"menu_order":0,"comment_status":"closed","ping_status":"closed","template":"elementor_header_footer","meta":{"_acf_changed":false,"footnotes":""},"class_list":["post-7540","page","type-page","status-publish","hentry"],"acf":[],"aioseo_notices":[],"_links":{"self":[{"href":"https:\/\/joinusexcursions.com\/hr\/wp-json\/wp\/v2\/pages\/7540","targetHints":{"allow":["GET"]}}],"collection":[{"href":"https:\/\/joinusexcursions.com\/hr\/wp-json\/wp\/v2\/pages"}],"about":[{"href":"https:\/\/joinusexcursions.com\/hr\/wp-json\/wp\/v2\/types\/page"}],"author":[{"embeddable":true,"href":"https:\/\/joinusexcursions.com\/hr\/wp-json\/wp\/v2\/users\/1"}],"replies":[{"embeddable":true,"href":"https:\/\/joinusexcursions.com\/hr\/wp-json\/wp\/v2\/comments?post=7540"}],"version-history":[{"count":1,"href":"https:\/\/joinusexcursions.com\/hr\/wp-json\/wp\/v2\/pages\/7540\/revisions"}],"predecessor-version":[{"id":11333,"href":"https:\/\/joinusexcursions.com\/hr\/wp-json\/wp\/v2\/pages\/7540\/revisions\/11333"}],"wp:attachment":[{"href":"https:\/\/joinusexcursions.com\/hr\/wp-json\/wp\/v2\/media?parent=7540"}],"curies":[{"name":"wp","href":"https:\/\/api.w.org\/{rel}","templated":true}]}}