{"id":10867,"date":"2025-04-18T11:50:21","date_gmt":"2025-04-18T08:50:21","guid":{"rendered":"https:\/\/www.joinusexcursions.com\/?post_type=product&#038;p=10867"},"modified":"2026-04-13T23:48:34","modified_gmt":"2026-04-13T20:48:34","slug":"kemer-turski-hamam","status":"publish","type":"product","link":"https:\/\/joinusexcursions.com\/hr\/tours\/kemer-turkish-bath-hamam\/","title":{"rendered":"Turska kupelj Kemer Hamam &amp; tradicionalno spa iskustvo"},"content":{"rendered":"<h2 data-start=\"223\" data-end=\"285\">Kupaonica Kemer Turska kupelj Hamam - Pregled<\/h2>\n<p>Zakora\u010dite u duboku relaksaciju i bezvremensku tradiciju uz <strong>Kemer Turska kupelj Hamam<\/strong> \u2014 savr\u0161eni spoj wellnessa i kulture u autenti\u010dnom turskom ambijentu s pilingom, pjenastom masa\u017eom i aromaterapijom.<\/p>\n<h3 data-start=\"540\" data-end=\"563\">\ud83c\udf1f Sjajne znamenitosti ture<\/h3>\n<ul data-start=\"564\" data-end=\"892\">\n<li class=\"\" data-start=\"564\" data-end=\"605\">Tradicionalni turski kupali\u0161ni ritual<\/li>\n<li class=\"\" data-start=\"606\" data-end=\"647\"> Piling za obnovu ko\u017ee i masa\u017ea pjenom<\/li>\n<li class=\"\" data-start=\"648\" data-end=\"692\">Aromaterapijska masa\u017ea uljem (20 minuta)<\/li>\n<li class=\"\" data-start=\"648\" data-end=\"692\"> Neograni\u010deno vrijeme u sauni i parnoj kupelji<\/li>\n<li class=\"\" data-start=\"737\" data-end=\"775\">Glinena maska za dubinsko \u010di\u0161\u0107enje<\/li>\n<li class=\"\" data-start=\"776\" data-end=\"810\">Pristup bazenu<\/li>\n<li class=\"\" data-start=\"811\" data-end=\"852\">Turski \u010daj poslu\u017een nakon tretmana<\/li>\n<li class=\"\" data-start=\"853\" data-end=\"892\">Uklju\u010den prijevoz od i do hotela<\/li>\n<\/ul>\n<h2>\u0160to o\u010dekivati u turskoj kupelji u Kemere<\/h2>\n<p>Turneja zapo\u010dinje <strong data-start=\"948\" data-end=\"976\">udoban hotelski pokup<\/strong> s bilo kojeg mjesta u Kemere. Bit \u0107ete odvedeni u tradicionalnu tursku kupelj, gdje zapo\u010dinje va\u0161e putovanje prema wellnessu.<\/p>\n<p>Po\u010dnite tako da provedete vrijeme u <strong data-start=\"1120\" data-end=\"1129\">sauna<\/strong> i <strong data-start=\"1134\" data-end=\"1148\">parna kupelj<\/strong>, poma\u017eu\u0107i otvoriti pore i pripremiti tijelo. Zatim, u\u017eivajte u <strong data-start=\"1214\" data-end=\"1248\">10-minutni piling za tijelo<\/strong> da uklonite mrtvu ko\u017eu, nakon \u010dega slijedi <strong data-start=\"1284\" data-end=\"1310\">10-minutna masa\u017ea pjenom<\/strong> \u2014 klasi\u010dni hamam ritual koji ostavlja va\u0161u ko\u017eu svilenkasto glatkom.<\/p>\n<p>Zatim, a <strong data-start=\"1382\" data-end=\"1395\">glinena maska<\/strong> primjenjuje se za \u010di\u0161\u0107enje i detoksikaciju va\u0161eg lica. Nakon ispiranja, opustite se u <strong data-start=\"1475\" data-end=\"1492\">bazen<\/strong> ili se opustite do va\u0161e zavr\u0161ne terapije \u2014 a <strong data-start=\"1533\" data-end=\"1571\">20-minutna masa\u017ea eteri\u010dnim uljima<\/strong>, ostavljaju\u0107i vas potpuno osvje\u017eenima.<\/p>\n<p>Na kraju svoje sesije, u\u017eivajte u toplom <strong data-start=\"1649\" data-end=\"1664\">Turski \u010daj<\/strong> prije povratka u va\u0161 hotel.<\/p>\n<p>Bez obzira zapo\u010dinjete li odmor ili ga privodite kraju, ovo je idealan na\u010din za brigu o tijelu i umu.<\/p>\n<p class=\"mhm-jue-internal-links\">Tra\u017eite vi\u0161e avantura u okolici? Istra\u017eite na\u0161 potpuni popis <a href=\"\/hr\/odrediste\/kemer-ture\/\">Kemer ture<\/a> ili provjerite <a href=\"\/hr\/ture-2\/kemer-suluada-zalazak-izlet\/\">Kemer: Izlet brodom na otok Suluada sa zalaskom sunca i ve\u010derom<\/a> za jo\u0161 jedno nezaboravno iskustvo.<\/p>\n<h3 data-start=\"1839\" data-end=\"1863\">\ud83d\udeab Nije prikladno za<\/h3>\n<ul data-start=\"1864\" data-end=\"1960\">\n<li class=\"\" data-start=\"1864\" data-end=\"1912\">Gosti s ozbiljnim ko\u017enim ili sr\u010danim tegobama<\/li>\n<li class=\"\" data-start=\"1913\" data-end=\"1960\">Trudnice (molimo savjetujte se sa svojim lije\u010dnikom)<\/li>\n<\/ul>\n<p class=\"mhm-jue-external-link\">Saznajte vi\u0161e o odredi\u0161tu na <a href=\"https:\/\/en.wikipedia.org\/wiki\/Turkish_bath\" target=\"_blank\" rel=\"noopener\">Turska kupelj Wikipedija stranica<\/a>.<\/p>\n<h3 data-start=\"1967\" data-end=\"1988\">\ud83c\udf92 \u0160to ponijeti<\/h3>\n<ul data-start=\"1989\" data-end=\"2072\">\n<li class=\"\" data-start=\"1989\" data-end=\"2001\">Kupa\u0107i kostim<\/li>\n<li class=\"\" data-start=\"2002\" data-end=\"2045\">Ru\u010dnik (mo\u017ee se osigurati i u spa centru)<\/li>\n<li class=\"\" data-start=\"2046\" data-end=\"2072\">Japanke ili papu\u010de<\/li>\n<\/ul>\n<h3 data-start=\"2079\" data-end=\"2097\">\u274c Nije dopu\u0161teno<\/h3>\n<ul data-start=\"2098\" data-end=\"2169\">\n<li class=\"\" data-start=\"2098\" data-end=\"2125\">Hrana i pi\u0107e izvana<\/li>\n<li class=\"\" data-start=\"2126\" data-end=\"2169\">Upotreba ulja ili losiona prije tretmana<\/li>\n<\/ul>\n<h3 data-start=\"2176\" data-end=\"2202\">\u2139\ufe0f Informirajte se prije odlaska<\/h3>\n<ul data-start=\"2203\" data-end=\"2431\">\n<li class=\"\" data-start=\"2203\" data-end=\"2239\">Trajanje: pribli\u017eno 2,5 do 3 sata<\/li>\n<li class=\"\" data-start=\"2240\" data-end=\"2295\">Postoji <strong data-start=\"2251\" data-end=\"2268\">bez vremenskog ograni\u010denja<\/strong> za saunu i parnu kupelj<\/li>\n<li class=\"\" data-start=\"2296\" data-end=\"2374\">Mu\u0161kim i \u017eenskim gostima je dobrodo\u0161lo; privatne opcije dostupne na zahtjev<\/li>\n<li class=\"\" data-start=\"2375\" data-end=\"2431\">Djeca mla\u0111a od 12 godina mogu se pridru\u017eiti uz pratnju roditelja<\/li>\n<\/ul>\n<hr class=\"\" data-start=\"2433\" data-end=\"2436\" \/>\n<h3 data-start=\"2438\" data-end=\"2462\">\ud83d\udcb3 Cijene i rezervacija<\/h3>\n<p>Cijene variraju ovisno o sezoni i uklju\u010denim uslugama.<br data-start=\"2521\" data-end=\"2524\" \/><strong data-start=\"2524\" data-end=\"2590\">Rezervirajte rano kako biste dobili najbolje cijene \u2013 platite na dan obilaska!<\/strong><\/p>\n<h3 data-start=\"2597\" data-end=\"2615\">\ud83d\udcde Kontaktirajte nas<\/h3>\n<p>Za vi\u0161e informacija ili rezervaciju mjesta, kontaktirajte nas bilo kada putem <strong data-start=\"2685\" data-end=\"2717\">Telegram, Viber ili WhatsApp<\/strong>.<br data-start=\"2718\" data-end=\"2721\" \/>Razmazite se bezvremenskom turskom tradicijom!<\/p>","protected":false},"excerpt":{"rendered":"<p>\ud83d\udec1 Overview of the Kemer Turkish Bath Hamam Step into deep relaxation and timeless tradition with the Kemer Turkish Bath Hamam \u2014 the perfect blend of wellness and culture in an authentic Turkish setting with scrub, foam massage and aromatherapy. \ud83c\udf1f Tour Highlights Traditional Turkish bath ritual Skin-renewing scrub &amp; foam massage Aromatherapy oil massage [&hellip;]<\/p>\n","protected":false},"featured_media":10875,"comment_status":"open","ping_status":"closed","template":"","meta":{"_acf_changed":false},"product_brand":[],"product_cat":[37],"product_tag":[65],"class_list":{"0":"post-10867","1":"product","2":"type-product","3":"status-publish","4":"has-post-thumbnail","6":"product_cat-kemer","7":"product_tag-kemer","9":"first","10":"instock","11":"featured","12":"shipping-taxable","13":"purchasable","14":"product-type-ovabrw_car_rental"},"acf":[],"aioseo_notices":[],"_links":{"self":[{"href":"https:\/\/joinusexcursions.com\/hr\/wp-json\/wp\/v2\/product\/10867","targetHints":{"allow":["GET"]}}],"collection":[{"href":"https:\/\/joinusexcursions.com\/hr\/wp-json\/wp\/v2\/product"}],"about":[{"href":"https:\/\/joinusexcursions.com\/hr\/wp-json\/wp\/v2\/types\/product"}],"replies":[{"embeddable":true,"href":"https:\/\/joinusexcursions.com\/hr\/wp-json\/wp\/v2\/comments?post=10867"}],"wp:featuredmedia":[{"embeddable":true,"href":"https:\/\/joinusexcursions.com\/hr\/wp-json\/wp\/v2\/media\/10875"}],"wp:attachment":[{"href":"https:\/\/joinusexcursions.com\/hr\/wp-json\/wp\/v2\/media?parent=10867"}],"wp:term":[{"taxonomy":"product_brand","embeddable":true,"href":"https:\/\/joinusexcursions.com\/hr\/wp-json\/wp\/v2\/product_brand?post=10867"},{"taxonomy":"product_cat","embeddable":true,"href":"https:\/\/joinusexcursions.com\/hr\/wp-json\/wp\/v2\/product_cat?post=10867"},{"taxonomy":"product_tag","embeddable":true,"href":"https:\/\/joinusexcursions.com\/hr\/wp-json\/wp\/v2\/product_tag?post=10867"}],"curies":[{"name":"wp","href":"https:\/\/api.w.org\/{rel}","templated":true}]}}