{"id":10967,"date":"2025-04-26T22:18:11","date_gmt":"2025-04-26T19:18:11","guid":{"rendered":"https:\/\/www.joinusexcursions.com\/?post_type=product&#038;p=10967"},"modified":"2026-04-13T20:42:44","modified_gmt":"2026-04-13T17:42:44","slug":"kemer-tazi-kanjon-rafting","status":"publish","type":"product","link":"https:\/\/joinusexcursions.com\/hr\/tours\/kemer-tazi-canyon-rafting\/","title":{"rendered":"Kanjon Taz\u0131 \u2013 Kombinirana tura raftingom iz Kemera"},"content":{"rendered":"<p class=\"\" data-start=\"366\" data-end=\"418\"><strong data-start=\"366\" data-end=\"418\">Nezaboravno iskustvo prirode i avanture<\/strong><\/p>\n<p class=\"\" data-start=\"420\" data-end=\"718\">Pripremite se za dan pun akcije, prirode i zadivljuju\u0107ih pogleda! Ova tura kombinira divlju ljepotu <strong data-start=\"526\" data-end=\"541\">Kanjon Taz\u0131<\/strong>, uzbu\u0111enje <strong data-start=\"557\" data-end=\"580\">rafting na divljim vodama<\/strong> u <strong data-start=\"584\" data-end=\"602\">K\u00f6pr\u00fcl\u00fc kanjon<\/strong>, i zabava jednog <strong data-start=\"621\" data-end=\"640\">4x4 Jeep Safari<\/strong> kroz planine Taurus \u2014 sve u jednoj nezaboravnoj avanturi iz Kemera.<\/p>\n<hr class=\"\" data-start=\"720\" data-end=\"723\" \/>\n<p class=\"mhm-jue-internal-links\">Tra\u017eite vi\u0161e avantura u okolici? Istra\u017eite na\u0161 potpuni popis <a href=\"\/hr\/odrediste\/kemer-ture\/\">Kemer ture<\/a> ili provjerite <a href=\"\/hr\/ture-2\/kemer-suluada-zalazak-izlet\/\">Kemer: Izlet brodom na otok Suluada sa zalaskom sunca i ve\u010derom<\/a> za jo\u0161 jedno nezaboravno iskustvo.<\/p>\n<p class=\"mhm-jue-external-link\">Saznajte vi\u0161e o odredi\u0161tu na <a href=\"https:\/\/en.wikipedia.org\/wiki\/K%C3%B6pr%C3%BCl%C3%BC_Canyon_National_Park\" target=\"_blank\" rel=\"noopener\">Nacionalni park kanjon K\u00f6pr\u00fcl\u00fc Wikipedia stranica<\/a>.<\/p>\n<h2>\u0160to o\u010dekivati na Kemer Taz\u0131 Canyon Rafting Combo Tour<\/h2>\n<p class=\"\" data-start=\"3149\" data-end=\"3361\">Cijene mogu varirati ovisno o sezoni i veli\u010dini grupe.<br data-start=\"3196\" data-end=\"3199\" \/><strong data-start=\"3199\" data-end=\"3229\">Rezervirajte sada, platite na dan ture<\/strong> \u2013 preporu\u010dujemo ranu rezervaciju za najbolje cijene.<br data-start=\"3277\" data-end=\"3280\" \/>\ud83d\udcf1 <strong data-start=\"3283\" data-end=\"3329\">Kontaktirajte nas na WhatsApp, Telegram ili Viber<\/strong> za rezervacije i vi\u0161e informacija.<\/p>","protected":false},"excerpt":{"rendered":"<p>An Unforgettable Nature and Adventure Experience Get ready for a full day of action, nature, and breathtaking views! This tour combines the wild beauty of Taz\u0131 Canyon, the thrill of white-water rafting in K\u00f6pr\u00fcl\u00fc Canyon, and the fun of a 4&#215;4 Jeep Safari through the Taurus Mountains \u2014 all in one unforgettable adventure from Kemer. [&hellip;]<\/p>\n","protected":false},"featured_media":11117,"comment_status":"open","ping_status":"closed","template":"","meta":{"_acf_changed":false},"product_brand":[],"product_cat":[37],"product_tag":[65],"class_list":{"0":"post-10967","1":"product","2":"type-product","3":"status-publish","4":"has-post-thumbnail","6":"product_cat-kemer","7":"product_tag-kemer","9":"first","10":"instock","11":"featured","12":"shipping-taxable","13":"purchasable","14":"product-type-ovabrw_car_rental"},"acf":[],"aioseo_notices":[],"_links":{"self":[{"href":"https:\/\/joinusexcursions.com\/hr\/wp-json\/wp\/v2\/product\/10967","targetHints":{"allow":["GET"]}}],"collection":[{"href":"https:\/\/joinusexcursions.com\/hr\/wp-json\/wp\/v2\/product"}],"about":[{"href":"https:\/\/joinusexcursions.com\/hr\/wp-json\/wp\/v2\/types\/product"}],"replies":[{"embeddable":true,"href":"https:\/\/joinusexcursions.com\/hr\/wp-json\/wp\/v2\/comments?post=10967"}],"wp:featuredmedia":[{"embeddable":true,"href":"https:\/\/joinusexcursions.com\/hr\/wp-json\/wp\/v2\/media\/11117"}],"wp:attachment":[{"href":"https:\/\/joinusexcursions.com\/hr\/wp-json\/wp\/v2\/media?parent=10967"}],"wp:term":[{"taxonomy":"product_brand","embeddable":true,"href":"https:\/\/joinusexcursions.com\/hr\/wp-json\/wp\/v2\/product_brand?post=10967"},{"taxonomy":"product_cat","embeddable":true,"href":"https:\/\/joinusexcursions.com\/hr\/wp-json\/wp\/v2\/product_cat?post=10967"},{"taxonomy":"product_tag","embeddable":true,"href":"https:\/\/joinusexcursions.com\/hr\/wp-json\/wp\/v2\/product_tag?post=10967"}],"curies":[{"name":"wp","href":"https:\/\/api.w.org\/{rel}","templated":true}]}}