{"id":10970,"date":"2025-04-26T22:27:44","date_gmt":"2025-04-26T19:27:44","guid":{"rendered":"https:\/\/www.joinusexcursions.com\/?post_type=product&#038;p=10970"},"modified":"2026-04-18T05:20:47","modified_gmt":"2026-04-18T02:20:47","slug":"antalya-pamukkale-balon","status":"publish","type":"product","link":"https:\/\/joinusexcursions.com\/hr\/tours\/antalya-pamukkale-balloon\/","title":{"rendered":"Balon na vru\u0107i zrak Pamukkale iz Antalye"},"content":{"rendered":"<p>Nadletite Pamukkale balonom iz Antalye. Gledajte izlazak sunca nad ikoni\u010dnim bijelim travertinskim terasama i drevnim ru\u0161evinama Hierapolisa iz visine \u2014 jedno od najneobi\u010dnijih iskustava u Turskoj, sve uz uklju\u010deni hotelski prijevoz i transfere.<\/p>\n<h2>\ud83c\udf05 Pregled Antalya Pamukkale Balloon Tour<\/h2>\n<p>Ovo je do\u017eivljaj s liste \u017eelja. Preuzimanje iz va\u0161eg hotela u Antaliji pred zoru, slikovita vo\u017enja od 3-4 sata kroz anadolski krajolik, a zatim neupadljiv prizor snje\u017enobijelih kalcijevih terasa Pamukkalea koji se pojavljuju na horizontu. Nakon slijetanja, ukrcat \u0107ete se u svoj balon i tiho se vinuti u jutarnje nebo. Otprilike sat vremena plutate iznad jednog od najspektakularnijih mjesta UNESCO-a \u2013 Pamukkale \u2013 promatraju\u0107i terase kako sjaje u ranom jutarnjem svjetlu i drevni grad Hierapolis koji se prostire ispod vas. Nazdravljanje \u0161ampanjcem pri slijetanju, posjet ru\u0161evinama Hierapolisa i samim terasama, a zatim povratni prijevoz do Antalije \u010dine ovaj dan najupe\u010datljivijim danom bilo kojeg odmora u Turskoj.<\/p>\n<h3>\ud83c\udf1f Antalya Pamukkale Balon Tura \u2013 Najva\u017eniji Trenuci<\/h3>\n<p><span style=\"color: #ff0000;\"><strong>\u2022<\/strong> <\/span>Pribli\u017eno 1-satni let balonom na vru\u0107i zrak iznad Pamukkalea i Hierapolisa<br \/>\n<span style=\"color: #ff0000;\"><strong>\u2022<\/strong> <\/span>Izlasci sunca s pogledom na bijele travertinske terase odozgo<br \/>\n<span style=\"color: #ff0000;\"><strong>\u2022<\/strong> <\/span>\u0160ampanjac za zdravicu po slijetanju<br \/>\n<span style=\"color: #ff0000;\"><strong>\u2022<\/strong> <\/span>Posjet drevnim ru\u0161evinama Hierapolisa<br \/>\n<span style=\"color: #ff0000;\"><strong>\u2022<\/strong> <\/span>Pro\u0161e\u0107i pamukalejskim travertinskim terasama<br \/>\n<span style=\"color: #ff0000;\"><strong>\u2022<\/strong> <\/span>Iskusni certificirani pilot \u2014 najvi\u0161i sigurnosni standardi<br \/>\n<span style=\"color: #ff0000;\"><strong>\u2022<\/strong> <\/span>Uklju\u010den hotelski prijevoz i povratni transfer iz Antalye<\/p>\n<h2>\u0160to o\u010dekivati od leta balonom na vru\u0107i zrak u Antaliji<\/h2>\n<p>Va\u0161 dan zapo\u010dinje vrlo rano \u2014 preuzimanje iz va\u0161eg hotela u Antaliji je obi\u010dno oko <strong>04:00\u201305:00<\/strong> kako biste najbolje iskoristili putovanje i jutarnje vrijeme za balone. Vo\u017enja do Pamukkalea traje otprilike <strong>3\u20134 sata<\/strong>, prolaze\u0107i kroz ravnice i sela zapadne Anatolije dok se nebo oko vas osvjetljava. Ovo je istinska pustolovina \u2014 ne kratak let, ve\u0107 putovanje zbog kojeg se dolazak \u010dini zaslu\u017een.<\/p>\n<p>Po dolasku na mjesto lansiranja, zemaljska posada ve\u0107 napuhava balon u blijedom svjetlu pred zoru. Dobivate upute o sigurnosnim postupcima i ukrcaju, a zatim se ko\u0161ara puni \u2013 obi\u010dno 8 do 12 putnika s ovla\u0161tenim pilotom. Zapo\u010dinje paljenje, balon se di\u017ee, a zatim ti\u0161ina.<\/p>\n<p>Otprilike <strong>jedan sat<\/strong>, lebdi\u0161 iznad krajolika Pamukalea. Ispod tebe, <strong>bijele travertinske terase<\/strong> \u2014 nastale tijekom tisu\u0107lje\u0107a bogatom izvorskom vodom bogatom kalcijem \u2014 hvataju prvu jutarnju svjetlost i sjaje izvanredno bijelo-ru\u017ei\u010dastom bojom. Ru\u0161evine <strong>Hierapolis<\/strong> ra\u0161iren preko visoravni, iz zraka su vidljivi stupovi i zidovi kazali\u0161ta. Balon nje\u017eno plovi s povjetarcem. Va\u0161 pilot nudi komentare i manevre kako bi svakom gostu pru\u017eio najbolji pogled.<\/p>\n<p>Nakon slijetanja, a <strong>nazdravljanje \u0161ampanjcem<\/strong> obilje\u017eava prigodu. Dobivate potvrdu o letu, tradicionalni znak dovr\u0161enog leta balonom. Prije odlaska na <strong>Arheolo\u0161ko nalazi\u0161te Hierapolis<\/strong> \u2014 anti\u010dke rimske terme, dobro o\u010duvano kazali\u0161te, nekropola i poznati <strong>Starinski bazen<\/strong> gdje se mo\u017eete kupati me\u0111u rimskim stupovima (ulaz se napla\u0107uje). \u0160etnja po pamukale\u0161kim terasama upotpunjuje UNESCO do\u017eivljaj prije povratnog prijevoza do Antalye.<\/p>\n<p class=\"mhm-jue-internal-links\">Tra\u017eite vi\u0161e avantura u okolici? Istra\u017eite na\u0161 potpuni popis <a href=\"\/hr\/odrediste\/antalya-ture\/\">Antalya ture<\/a> ili provjerite <a href=\"\/hr\/ture-2\/antalya-suluada-zalazak-izlet\/\">Izlet brodom na zalazak sunca na otok Suluada iz Antalye s ve\u010derom<\/a> za jo\u0161 jedno nezaboravno iskustvo.<\/p>\n<h3>\ud83e\udded Putopisni plan<\/h3>\n<p><span style=\"color: #ff0000;\"><strong>\u2022<\/strong> <\/span>Pokup na hotelu u Antaliji (pribli\u017eno 04:00\u201305:00)<br \/>\n<span style=\"color: #ff0000;\"><strong>\u2022<\/strong> <\/span>Prijevoz do Pamukkala (cca. 3\u20134 sata)<br \/>\n<span style=\"color: #ff0000;\"><strong>\u2022<\/strong> <\/span>Dolazak na mjesto lansiranja \u2014 brifing i ukrcaj<br \/>\n<span style=\"color: #ff0000;\"><strong>\u2022<\/strong> <\/span>Let balonom na vru\u0107i zrak (pribli\u017eno 1 sat)<br \/>\n<span style=\"color: #ff0000;\"><strong>\u2022<\/strong> <\/span>\u0160ampanjac za nazdravljanje i potvrda o letu po slijetanju<br \/>\n<span style=\"color: #ff0000;\"><strong>\u2022<\/strong> <\/span>Doru\u010dak<br \/>\n<span style=\"color: #ff0000;\"><strong>\u2022<\/strong> <\/span>Posjet drevnom gradu Hierapolis<br \/>\n<span style=\"color: #ff0000;\"><strong>\u2022<\/strong> <\/span>Pro\u0161e\u0107ite pamu\u010dnim terasama<br \/>\n<span style=\"color: #ff0000;\"><strong>\u2022<\/strong> <\/span>Povratni transfer do hotela u Antaliji<\/p>\n<h3>\u2139\ufe0f Korisne informacije<\/h3>\n<p><span style=\"color: #ff0000;\"><strong>\u2022<\/strong> <\/span>Vrlo rani po\u010detak \u2014 preuzimanje otprilike 04:30\u201305:00<br \/>\n<span style=\"color: #ff0000;\"><strong>\u2022<\/strong> <\/span>Cjelodnevni obilazak (pribli\u017eno 14\u201315 sati uklju\u010duju\u0107i prijevoz)<br \/>\n<span style=\"color: #ff0000;\"><strong>\u2022<\/strong> <\/span>Letovi balonom odvijaju se ovisno o vremenskim uvjetima<br \/>\n<span style=\"color: #ff0000;\"><strong>\u2022<\/strong> <\/span>Minimalna dob: 6 godina (djeca moraju biti u pratnji roditelja)<br \/>\n<span style=\"color: #ff0000;\"><strong>\u2022<\/strong> <\/span>Ulaznica za Hijerapolis se kupuje zasebno na licu mjesta<\/p>\n<p class=\"mhm-jue-external-link\">Saznajte vi\u0161e o odredi\u0161tu na <a href=\"https:\/\/en.wikipedia.org\/wiki\/Pamukkale\" target=\"_blank\" rel=\"noopener\">Stranica Pamukkale na Wikipediji<\/a>.<\/p>\n<h3>\ud83c\udf92 \u0160to ponijeti<\/h3>\n<p><span style=\"color: #ff0000;\"><strong>\u2022<\/strong> <\/span>Topli sloj za rano jutro i let balonom (na visini mo\u017ee biti hladno)<br \/>\n<span style=\"color: #ff0000;\"><strong>\u2022<\/strong> <\/span>Udobne cipele za hodanje<br \/>\n<span style=\"color: #ff0000;\"><strong>\u2022<\/strong> <\/span>Fotoaparat ili pametni telefon<br \/>\n<span style=\"color: #ff0000;\"><strong>\u2022<\/strong> <\/span>Novac za ulaz u Hierapolis, Anti\u010dki bazen ili osobne kupnje<\/p>\n<h3>\ud83d\udeab Nije prikladno za<\/h3>\n<p><span style=\"color: #ff0000;\"><strong>\u2022<\/strong> <\/span>Trudnice<br \/>\n<span style=\"color: #ff0000;\"><strong>\u2022<\/strong> <\/span>Gosti s ozbiljnim sr\u010danim problemima<br \/>\n<span style=\"color: #ff0000;\"><strong>\u2022<\/strong> <\/span>Gosti sa strahom od visine<\/p>\n<h3>\ud83d\udcb8 Cijena i rezervacija<\/h3>\n<p><span style=\"color: #ff0000;\"><strong>\u2022<\/strong> <\/span>Cijene mogu varirati ovisno o sezoni \u2014 provjerite trenutne cijene na obrascu za rezervaciju<br \/>\n<span style=\"color: #ff0000;\"><strong>\u2022<\/strong> <\/span>Ograni\u010den broj mjesta - preporu\u010damo ranu rezervaciju<br \/>\n<span style=\"color: #ff0000;\"><strong>\u2022<\/strong> <\/span>Rezervirajte sada i platite na dan obilaska<br \/>\n<span style=\"color: #ff0000;\"><strong>\u2022<\/strong> <\/span>Kontaktirajte nas putem WhatsAppa, Telegr\u00e1ma ili Vibera, ili ispunite obrazac za rezervaciju ispod<\/p>","protected":false},"excerpt":{"rendered":"<p>Pridru\u017eite se turneji Antalya Pamukkale Balonom \u2013 vinite se iznad UNESCO-ovih bijelih sedrenih terasa pri izlasku sunca, istra\u017eite ru\u0161evine Hierapolisa i proslavite uz \u0161ampanjac. Uklju\u010den prijevoz iz hotela i doru\u010dak.<\/p>","protected":false},"featured_media":10740,"comment_status":"open","ping_status":"closed","template":"","meta":{"_acf_changed":false},"product_brand":[],"product_cat":[32],"product_tag":[69],"class_list":{"0":"post-10970","1":"product","2":"type-product","3":"status-publish","4":"has-post-thumbnail","6":"product_cat-antalya","7":"product_tag-antalya","9":"first","10":"instock","11":"featured","12":"shipping-taxable","13":"purchasable","14":"product-type-ovabrw_car_rental"},"acf":[],"aioseo_notices":[],"_links":{"self":[{"href":"https:\/\/joinusexcursions.com\/hr\/wp-json\/wp\/v2\/product\/10970","targetHints":{"allow":["GET"]}}],"collection":[{"href":"https:\/\/joinusexcursions.com\/hr\/wp-json\/wp\/v2\/product"}],"about":[{"href":"https:\/\/joinusexcursions.com\/hr\/wp-json\/wp\/v2\/types\/product"}],"replies":[{"embeddable":true,"href":"https:\/\/joinusexcursions.com\/hr\/wp-json\/wp\/v2\/comments?post=10970"}],"wp:featuredmedia":[{"embeddable":true,"href":"https:\/\/joinusexcursions.com\/hr\/wp-json\/wp\/v2\/media\/10740"}],"wp:attachment":[{"href":"https:\/\/joinusexcursions.com\/hr\/wp-json\/wp\/v2\/media?parent=10970"}],"wp:term":[{"taxonomy":"product_brand","embeddable":true,"href":"https:\/\/joinusexcursions.com\/hr\/wp-json\/wp\/v2\/product_brand?post=10970"},{"taxonomy":"product_cat","embeddable":true,"href":"https:\/\/joinusexcursions.com\/hr\/wp-json\/wp\/v2\/product_cat?post=10970"},{"taxonomy":"product_tag","embeddable":true,"href":"https:\/\/joinusexcursions.com\/hr\/wp-json\/wp\/v2\/product_tag?post=10970"}],"curies":[{"name":"wp","href":"https:\/\/api.w.org\/{rel}","templated":true}]}}