{"id":10971,"date":"2025-04-26T22:28:44","date_gmt":"2025-04-26T19:28:44","guid":{"rendered":"https:\/\/www.joinusexcursions.com\/?post_type=product&#038;p=10971"},"modified":"2026-04-13T23:05:32","modified_gmt":"2026-04-13T20:05:32","slug":"kemer-pamukkale-balon","status":"publish","type":"product","link":"https:\/\/joinusexcursions.com\/hr\/tours\/kemer-pamukkale-balloon\/","title":{"rendered":"Vo\u017enja balonom na vru\u0107i zrak u Pamukkale iz Kemera"},"content":{"rendered":"<p>The <strong>Kemer Pamukkale Balon<\/strong> Obilazak vas vodi na let balonom u zoru iznad bijelih sedrenih terasa i ru\u0161evina Hierapolisa, s uklju\u010denim hotelskim prijevozom. Gledajte izlazak sunca kako osvjetljava bijele sedrene terase iznad, lebdite iznad drevnih ru\u0161evina Hierapolisa i vratite se u svoj hotel u Kemereu sje\u0107anjima koja \u0107e trajati cijeli \u017eivot - sve s uklju\u010denim prijevozom.<\/p>\n<h2>Pregled ture balonom Kemer Pamukkale<\/h2>\n<p>Pamukale je jedno od najve\u0107ih prirodnih \u010duda svijeta, a promatranje ga iz balona na vru\u0107i zrak pri izlasku sunca, do\u017eivljaj je koji ne mo\u017eete prona\u0107i nigdje drugdje. Po\u010dev\u0161i iz Kemera, uz slikovitu 3-satnu vo\u017enju kroz egejsku unutra\u0161njost, ova cjelodnevna tura vodi vas u srce jednog od turskih mjesta UNESCO-ve svjetske ba\u0161tine. Plutajte otprilike sat vremena iznad ikoni\u010dnih bijelih terasa \"Pamukalovog dvorca\" i ra\u0161irenih ru\u0161evina Hierapolisa, sletite na \u0161ampanjski zdravicu i provedite jutro istra\u017euju\u0107i drevni grad. Ovo je vrhunac svakog odmora na Turskoj rivijeri.<\/p>\n<h3>\ud83c\udf1f Istaknuto<\/h3>\n<p><span style=\"color: #ff0000;\"><strong>\u2022<\/strong> <\/span>Pribli\u017eno 1-satni let balonom na vru\u0107i zrak iznad Pamukkalea i Hierapolisa<br \/>\n<span style=\"color: #ff0000;\"><strong>\u2022<\/strong> <\/span>Pogled na bijele travertinske terase iz zraka pri izlasku sunca<br \/>\n<span style=\"color: #ff0000;\"><strong>\u2022<\/strong> <\/span>\u0160ampanjac za nazdravljanje i potvrda o letu po slijetanju<br \/>\n<span style=\"color: #ff0000;\"><strong>\u2022<\/strong> <\/span>Posjet drevnim ru\u0161evinama Hierapolisa<br \/>\n<span style=\"color: #ff0000;\"><strong>\u2022<\/strong> <\/span>Pro\u0161e\u0107ite ikoni\u010dnim bijelim travertinskim terasama<br \/>\n<span style=\"color: #ff0000;\"><strong>\u2022<\/strong> <\/span>Certificirani iskusni pilot \u2014 potpurna sigurnosna uskla\u0111enost<br \/>\n<span style=\"color: #ff0000;\"><strong>\u2022<\/strong> <\/span>Uklju\u010den hotelski prijevoz i povratni transfer iz Kemera<\/p>\n<h2>\u0160to o\u010dekivati na vo\u017enji balonom na vru\u0107i zrak u Kemere<\/h2>\n<p>Va\u0161 dan zapo\u010dinje prije zore \u2014 hotelski pokup u Kemru je obi\u010dno oko <strong>04:30\u201305:00<\/strong>. Vo\u017enja do Pamukkala traje otprilike <strong>3 sata<\/strong>, ne\u0161to kra\u0107e putovanje nego iz Antalye, prolazi kroz unutra\u0161nja brda i pamu\u010dna polja Egejske regije dok se krajolik mijenja od obale do sela.<\/p>\n<p>Nakon dolaska na mjesto lansiranja, vapneni\u010dka visoravan ve\u0107 slaba\u0161no sija u predzorni\u010dkoj svjetlosti. Dok pristi\u017eete, zemaljska ekipa napuhuje balon. Nakon sigurnosnog brifinga, putnici ulaze u ko\u0161aru sa certificiranim pilotom. Grijalice se pale, balon se podi\u017ee, a zvukovi sa zemlje nestaju.<\/p>\n<p>The <strong>jednosatni let<\/strong> vodi vas preko jednog od najfotografiranijih krajolika u Turskoj. <strong>travertinske terase<\/strong> \u2014 izbijeljene stolje\u0107ima kalcijem bogate termalne vode \u2014 hvataju jutarnje svjetlo na na\u010din koji se mijenja svake minute. Gledaju\u0107i dolje, mo\u017eete pratiti stare ulice <strong>Hierapolis<\/strong>kolonada avenija, kazali\u0161te uklesano u padinu, prostrani nekropolj koji se \u0161iri izvan gradskih zidina. Perspektiva iz zraka otkriva puni opseg nekada jednog od najprosperitetnijih gradova drevnog svijeta.<\/p>\n<p>Nakon slijetanja, podigni \u010da\u0161u \u2014 <strong>Poslu\u017euje se \u0161ampanjac<\/strong> kako biste proslavili let. Va\u0161 pilot uru\u010duje vam potvrdu o letu. Zatim slijedi doru\u010dak prije po\u010detka vo\u0111enog dijela dana.<\/p>\n<p>Posjetit \u0107ete <strong>Arheolo\u0161ko nalazi\u0161te Hierapolis<\/strong> \u2014 \u0161etnjom mramornim ulicama, posjetom kazali\u0161tu i, za one koji \u017eele potpuni do\u017eivljaj, kupanjem u <strong>Starinski bazen<\/strong>, gdje se izdi\u017eu stupovi iz rimskog doba, uronjeni u toplu mineralnu vodu (poseban unos vrijedi). Naposljetku, \u0161etnja preko poznatog <strong>Pamukkale terase<\/strong> \u2014 svijetli bijeli bazeni kalcija kojima fotografije jedva da odaju pravu sliku.<\/p>\n<p>Povratni transfer do Kemera traje otprilike 3 sata, s dolaskom u ve\u010dernjim satima. Dugi dan koji vrijedi svake minute.<\/p>\n<p class=\"mhm-jue-internal-links\">Tra\u017eite vi\u0161e avantura u okolici? Istra\u017eite na\u0161 potpuni popis <a href=\"\/hr\/odrediste\/kemer-ture\/\">Kemer ture<\/a> ili provjerite <a href=\"\/hr\/ture-2\/kemer-suluada-zalazak-izlet\/\">Kemer: Izlet brodom na otok Suluada sa zalaskom sunca i ve\u010derom<\/a> za jo\u0161 jedno nezaboravno iskustvo.<\/p>\n<h3>\ud83e\udded Putopisni plan<\/h3>\n<p><span style=\"color: #ff0000;\"><strong>\u2022<\/strong> <\/span>Pokupit \u0107emo vas iz hotela u Kemaru (pribli\u017eno 04:30\u201305:00)<br \/>\n<span style=\"color: #ff0000;\"><strong>\u2022<\/strong> <\/span>Transfer do Pamukkala (pribli\u017eno 3 sata)<br \/>\n<span style=\"color: #ff0000;\"><strong>\u2022<\/strong> <\/span>Dolazak na mjesto lansiranja \u2013 sigurnosne upute<br \/>\n<span style=\"color: #ff0000;\"><strong>\u2022<\/strong> <\/span>Let balonom na vru\u0107i zrak (pribli\u017eno 1 sat)<br \/>\n<span style=\"color: #ff0000;\"><strong>\u2022<\/strong> <\/span>\u0160ampanjska zdravica i certifikat leta<br \/>\n<span style=\"color: #ff0000;\"><strong>\u2022<\/strong> <\/span>Doru\u010dak<br \/>\n<span style=\"color: #ff0000;\"><strong>\u2022<\/strong> <\/span>Posjet drevnom gradu Hierapolis<br \/>\n<span style=\"color: #ff0000;\"><strong>\u2022<\/strong> <\/span>Pro\u0161e\u0107ite pamu\u010dnim terasama<br \/>\n<span style=\"color: #ff0000;\"><strong>\u2022<\/strong> <\/span>Povratni transfer do hotela u Kemera<\/p>\n<h3>\u2139\ufe0f Korisne informacije<\/h3>\n<p><span style=\"color: #ff0000;\"><strong>\u2022<\/strong> <\/span>Vrlo rani po\u010detak \u2014 preuzimanje otprilike 04:30\u201305:00<br \/>\n<span style=\"color: #ff0000;\"><strong>\u2022<\/strong> <\/span>Cjelodnevni izlet (pribli\u017eno 13\u201314 sati iz Kemera)<br \/>\n<span style=\"color: #ff0000;\"><strong>\u2022<\/strong> <\/span>Balon leta\u010dke ture ovise o vremenskim uvjetima<br \/>\n<span style=\"color: #ff0000;\"><strong>\u2022<\/strong> <\/span>Minimalna dob: 6 godina (djeca uz pratnju roditelja)<br \/>\n<span style=\"color: #ff0000;\"><strong>\u2022<\/strong> <\/span>Ulaznica za Hijerapolis se kupuje zasebno na licu mjesta<\/p>\n<p class=\"mhm-jue-external-link\">Saznajte vi\u0161e o odredi\u0161tu na <a href=\"https:\/\/en.wikipedia.org\/wiki\/Pamukkale\" target=\"_blank\" rel=\"noopener\">Stranica Pamukkale na Wikipediji<\/a>.<\/p>\n<h3>\ud83c\udf92 \u0160to ponijeti<\/h3>\n<p><span style=\"color: #ff0000;\"><strong>\u2022<\/strong> <\/span>Topli sloj za rano jutro i let (hladno na visini)<br \/>\n<span style=\"color: #ff0000;\"><strong>\u2022<\/strong> <\/span>Udobne cipele za hodanje<br \/>\n<span style=\"color: #ff0000;\"><strong>\u2022<\/strong> <\/span>Fotoaparat ili pametni telefon<br \/>\n<span style=\"color: #ff0000;\"><strong>\u2022<\/strong> <\/span>Ulaz u Hierapolis, Bazen s izvorima ili kupovina za gotovinu<\/p>\n<h3>\ud83d\udeab Nije prikladno za<\/h3>\n<p><span style=\"color: #ff0000;\"><strong>\u2022<\/strong> <\/span>Trudnice<br \/>\n<span style=\"color: #ff0000;\"><strong>\u2022<\/strong> <\/span>Gosti s ozbiljnim sr\u010danim problemima<br \/>\n<span style=\"color: #ff0000;\"><strong>\u2022<\/strong> <\/span>Gosti sa strahom od visine<\/p>\n<h3>\ud83d\udcb8 Cijena i rezervacija<\/h3>\n<p><span style=\"color: #ff0000;\"><strong>\u2022<\/strong> <\/span>Cijene mogu varirati ovisno o sezoni \u2014 provjerite trenutne cijene na obrascu za rezervaciju<br \/>\n<span style=\"color: #ff0000;\"><strong>\u2022<\/strong> <\/span>Ograni\u010den broj mjesta - preporu\u010damo ranu rezervaciju<br \/>\n<span style=\"color: #ff0000;\"><strong>\u2022<\/strong> <\/span>Rezervirajte sada i platite na dan obilaska<br \/>\n<span style=\"color: #ff0000;\"><strong>\u2022<\/strong> <\/span>Kontaktirajte nas putem WhatsAppa, Telegr\u00e1ma ili Vibera, ili ispunite obrazac za rezervaciju ispod<\/p>","protected":false},"excerpt":{"rendered":"<p>The Kemer Pamukkale Balloon tour takes you on a sunrise hot air flight over the white travertine terraces and Hierapolis ruins, with hotel transfers included. Watch the sunrise illuminate the white travertine terraces from above, float over the ancient ruins of Hierapolis and return to your Kemer hotel with memories that will last a lifetime [&hellip;]<\/p>\n","protected":false},"featured_media":10740,"comment_status":"open","ping_status":"closed","template":"","meta":{"_acf_changed":false},"product_brand":[],"product_cat":[37],"product_tag":[65],"class_list":{"0":"post-10971","1":"product","2":"type-product","3":"status-publish","4":"has-post-thumbnail","6":"product_cat-kemer","7":"product_tag-kemer","9":"first","10":"instock","11":"featured","12":"shipping-taxable","13":"purchasable","14":"product-type-ovabrw_car_rental"},"acf":[],"aioseo_notices":[],"_links":{"self":[{"href":"https:\/\/joinusexcursions.com\/hr\/wp-json\/wp\/v2\/product\/10971","targetHints":{"allow":["GET"]}}],"collection":[{"href":"https:\/\/joinusexcursions.com\/hr\/wp-json\/wp\/v2\/product"}],"about":[{"href":"https:\/\/joinusexcursions.com\/hr\/wp-json\/wp\/v2\/types\/product"}],"replies":[{"embeddable":true,"href":"https:\/\/joinusexcursions.com\/hr\/wp-json\/wp\/v2\/comments?post=10971"}],"wp:featuredmedia":[{"embeddable":true,"href":"https:\/\/joinusexcursions.com\/hr\/wp-json\/wp\/v2\/media\/10740"}],"wp:attachment":[{"href":"https:\/\/joinusexcursions.com\/hr\/wp-json\/wp\/v2\/media?parent=10971"}],"wp:term":[{"taxonomy":"product_brand","embeddable":true,"href":"https:\/\/joinusexcursions.com\/hr\/wp-json\/wp\/v2\/product_brand?post=10971"},{"taxonomy":"product_cat","embeddable":true,"href":"https:\/\/joinusexcursions.com\/hr\/wp-json\/wp\/v2\/product_cat?post=10971"},{"taxonomy":"product_tag","embeddable":true,"href":"https:\/\/joinusexcursions.com\/hr\/wp-json\/wp\/v2\/product_tag?post=10971"}],"curies":[{"name":"wp","href":"https:\/\/api.w.org\/{rel}","templated":true}]}}