{"id":10982,"date":"2025-04-26T23:03:43","date_gmt":"2025-04-26T20:03:43","guid":{"rendered":"https:\/\/www.joinusexcursions.com\/?post_type=product&#038;p=10982"},"modified":"2026-04-13T22:17:32","modified_gmt":"2026-04-13T19:17:32","slug":"antalya-suluada-otok-izlet","status":"publish","type":"product","link":"https:\/\/joinusexcursions.com\/hr\/tours\/antalya-suluada-island-boat\/","title":{"rendered":"Izlet brodom na otok Suluada iz Antalye - Turske Maldivi"},"content":{"rendered":"<h2 data-start=\"189\" data-end=\"249\">Otok Suluada je raj izvan obale Adrasana.<\/h2>\n<p class=\"\" data-start=\"251\" data-end=\"567\">Pobjegnite u raj uz cjelodnevni izlet brodom do <strong data-start=\"301\" data-end=\"319\">Otok Suluada<\/strong>, skriveni dragulj kod obale Adrasana, \u010desto nazivan <em data-start=\"377\" data-end=\"397\">Maldivi Turske<\/em>. S bijelim pje\u0161\u010danim pla\u017eama, tirkiznim vodama i mirnom atmosferom, ova tura savr\u0161ena je za ljubitelje prirode i one koji tra\u017ee jedinstveno mediteransko iskustvo.<\/p>\n<h3 data-start=\"574\" data-end=\"597\">\ud83c\udf1f Sjajne znamenitosti ture<\/h3>\n<div data-start=\"600\" data-end=\"659\">\ud83c\udf0a Zaplivajte u kristalno \u010distim vodama u zaljevu Maldivi na Suluadi<\/div>\n<div data-start=\"662\" data-end=\"711\">Opustite se na skrivenim pla\u017eama i netaknutim obalama<\/div>\n<div data-start=\"714\" data-end=\"754\">\ud83e\udddc\u200d\u2642\ufe0f Istra\u017eite poznato <strong data-start=\"739\" data-end=\"752\">Ljubavna \u0161pilja<\/strong><\/div>\n<div data-start=\"757\" data-end=\"798\">U\u017eivajte u ukusnom ro\u0161tilju za ru\u010dak na brodu<\/div>\n<div data-start=\"801\" data-end=\"869\">Obiteljski: plitka, sigurna voda i mirna atmosfera<\/div>\n<div data-start=\"872\" data-end=\"916\">\ud83d\udcf8 Uhvatite zadivljuju\u0107e poglede vrijedne Instagrama<\/div>\n<div data-start=\"919\" data-end=\"972\">Odaberite izme\u0111u opcija malih grupa ili velikih brodova<\/div>\n<h2>\u0160to o\u010dekivati na izletu brodom na Adalu u Antaliji<\/h2>\n<div data-start=\"1005\" data-end=\"1322\">Va\u0161e putovanje zapo\u010dinje preuzimanjem iz hotela u Kemereu, nakon \u010dega slijedi slikovita vo\u017enja do <strong data-start=\"1087\" data-end=\"1103\">Luka Adrasan<\/strong>, gdje \u0107ete se ukrcati na udobnu jahtu za dan sunca, mora i spokoja. Ruta vas vodi uz prekrasne <strong data-start=\"1220\" data-end=\"1239\">Turska rivijera<\/strong>, nude\u0107i zadivljuju\u0107i pogled na planine Taurus i netaknute obalne krajolike.<\/div>\n<div data-start=\"1324\" data-end=\"1401\">Obilazak uklju\u010duje tri stajali\u0161ta za kupanje na najljep\u0161im lokacijama Sula Ilands:<\/div>\n<div data-start=\"1405\" data-end=\"1532\">\ud83c\udfd6\ufe0f <strong data-start=\"1409\" data-end=\"1425\">Maldivski zaljev<\/strong>Poznata po bijelom mekom pijesku i kristalno \u010distoj tirkiznoj vodi \u2014 savr\u0161ena za plivanje i ronjenje.<\/div>\n<div data-start=\"1535\" data-end=\"1643\">\ud83c\udf3f <strong data-start=\"1538\" data-end=\"1566\">Sakrivene pla\u017ee Suluade<\/strong>Opustite se na mirnim obalama, pro\u0161e\u0107ite uz obalu ili se jednostavno sun\u010dajte u miru.<\/div>\n<div data-start=\"1646\" data-end=\"1764\">Nacionalni park <strong data-start=\"1650\" data-end=\"1678\">Ljubavna \u0160pilja (A\u015fk Ma\u011faras\u0131)<\/strong>: Slikovita prirodna formacija u kojoj se mo\u017eete kupati, roniti ili snimiti nevjerojatne fotografije.<\/div>\n<div data-start=\"1766\" data-end=\"2034\">Oko podneva, svje\u017ee pe\u010deni <strong data-start=\"1799\" data-end=\"1812\">Ro\u0161tilj ru\u010dak<\/strong> poslu\u017euje se na brodu, s opcijama poput ribe, piletine ili vegetarijanskih jela, uz tradicionalne turske meze. Nakon opu\u0161taju\u0107eg predaha uz \u010daj, brod se vra\u0107a u Adrasan, nakon \u010dega slijedi povratak transferom do hotela.<\/div>\n<p class=\"mhm-jue-internal-links\">Tra\u017eite vi\u0161e avantura u okolici? Istra\u017eite na\u0161 potpuni popis <a href=\"\/hr\/odrediste\/antalya-ture\/\">Antalya ture<\/a> ili provjerite <a href=\"\/hr\/ture-2\/antalya-suluada-zalazak-izlet\/\">Izlet brodom na zalazak sunca na otok Suluada iz Antalye s ve\u010derom<\/a> za jo\u0161 jedno nezaboravno iskustvo.<\/p>\n<h3 data-start=\"2041\" data-end=\"2065\">\ud83d\udeab Nije prikladno za<\/h3>\n<div data-start=\"2068\" data-end=\"2105\">Gosti s ozbiljnim pote\u0161ko\u0107ama u kretanju<\/div>\n<div data-start=\"2108\" data-end=\"2144\">Oni s ozbiljnim zdravstvenim stanjima<\/div>\n<p class=\"mhm-jue-external-link\">Saznajte vi\u0161e o odredi\u0161tu na <a href=\"https:\/\/en.wikipedia.org\/wiki\/Suluada\" target=\"_blank\" rel=\"noopener\">Suluada Wikipedia stranica<\/a>.<\/p>\n<h3 data-start=\"2151\" data-end=\"2172\">\ud83c\udf92 \u0160to ponijeti<\/h3>\n<div data-start=\"2175\" data-end=\"2195\">\u0160e\u0161ir i sun\u010dane nao\u010dale<\/div>\n<div data-start=\"2198\" data-end=\"2218\">Kupa\u0107i kostim i ru\u010dnik<\/div>\n<div data-start=\"2221\" data-end=\"2232\">Krema za sun\u010danje<\/div>\n<div data-start=\"2235\" data-end=\"2263\">Vodootporni fotoaparat ili telefon<\/div>\n<h3 data-start=\"2270\" data-end=\"2288\">\u274c Nije dopu\u0161teno<\/h3>\n<div data-start=\"2291\" data-end=\"2318\">Hrana ili pi\u0107e izvana<\/div>\n<div data-start=\"2321\" data-end=\"2327\">Ku\u0107ni ljubimci<\/div>\n<div data-start=\"2330\" data-end=\"2355\">Pu\u0161enje u zatvorenim prostorima<\/div>\n<h3 data-start=\"2362\" data-end=\"2388\">\u2139\ufe0f Informirajte se prije odlaska<\/h3>\n<div data-start=\"2391\" data-end=\"2438\">Trajanje ture: <strong data-start=\"2406\" data-end=\"2436\">Cijeli dan (cca. 8 sati)<\/strong><\/div>\n<div data-start=\"2441\" data-end=\"2496\">Redoslijed izleta mo\u017ee se promijeniti zbog uvjeta na moru ili vremenskih nepogoda.<\/div>\n<div data-start=\"2499\" data-end=\"2555\">Umjerena tjelesna aktivnost (plivanje\/hodanje) uklju\u010dena<\/div>\n<div data-start=\"2558\" data-end=\"2622\">Djeca se pridru\u017euju besplatno, ali se <strong data-start=\"2588\" data-end=\"2620\">nemati odvojeno sjedalo u autobusu<\/strong><\/div>\n<h3 data-start=\"2629\" data-end=\"2654\">\ud83d\udcb3 Cijene i rezervacije<\/h3>\n<p class=\"\" data-start=\"2655\" data-end=\"2775\">Cijene se razlikuju ovisno o sezoni i veli\u010dini grupe.<br data-start=\"2702\" data-end=\"2705\" \/><strong data-start=\"2705\" data-end=\"2775\">Rezervirajte rano kako biste osigurali najbolje cijene \u2014 platite na dan obilaska!<\/strong><\/p>\n<h3 data-start=\"2782\" data-end=\"2800\">\ud83d\udcde Kontaktirajte nas<\/h3>\n<p class=\"\" data-start=\"2801\" data-end=\"2945\">Imate pitanja ili ste spremni za rezervaciju?<br data-start=\"2833\" data-end=\"2836\" \/>Dostupni smo 24\/7 na <strong data-start=\"2860\" data-end=\"2892\">Telegram, Viber ili WhatsApp<\/strong>.<br data-start=\"2893\" data-end=\"2896\" \/>Dopustite nam da vam pomognemo isplanirati nezaboravan dan na moru!<\/p>","protected":false},"excerpt":{"rendered":"<p>\ud83c\udfdd\ufe0f Join our **Antalya Suluada Boat Trip** for a full-day escape to Suluada Island, a hidden gem off the coast of Adrasan Escape into paradise with a full-day boat tour to Suluada Island, a hidden gem off the coast of Adrasan, often called the Maldives of Turkey. With its white sandy beaches, turquoise waters, and [&hellip;]<\/p>\n","protected":false},"featured_media":10643,"comment_status":"open","ping_status":"closed","template":"","meta":{"_acf_changed":false},"product_brand":[],"product_cat":[32,71],"product_tag":[69],"class_list":{"0":"post-10982","1":"product","2":"type-product","3":"status-publish","4":"has-post-thumbnail","6":"product_cat-antalya","7":"product_cat-suluada-maldives","8":"product_tag-antalya","10":"first","11":"instock","12":"featured","13":"shipping-taxable","14":"purchasable","15":"product-type-ovabrw_car_rental"},"acf":[],"aioseo_notices":[],"_links":{"self":[{"href":"https:\/\/joinusexcursions.com\/hr\/wp-json\/wp\/v2\/product\/10982","targetHints":{"allow":["GET"]}}],"collection":[{"href":"https:\/\/joinusexcursions.com\/hr\/wp-json\/wp\/v2\/product"}],"about":[{"href":"https:\/\/joinusexcursions.com\/hr\/wp-json\/wp\/v2\/types\/product"}],"replies":[{"embeddable":true,"href":"https:\/\/joinusexcursions.com\/hr\/wp-json\/wp\/v2\/comments?post=10982"}],"wp:featuredmedia":[{"embeddable":true,"href":"https:\/\/joinusexcursions.com\/hr\/wp-json\/wp\/v2\/media\/10643"}],"wp:attachment":[{"href":"https:\/\/joinusexcursions.com\/hr\/wp-json\/wp\/v2\/media?parent=10982"}],"wp:term":[{"taxonomy":"product_brand","embeddable":true,"href":"https:\/\/joinusexcursions.com\/hr\/wp-json\/wp\/v2\/product_brand?post=10982"},{"taxonomy":"product_cat","embeddable":true,"href":"https:\/\/joinusexcursions.com\/hr\/wp-json\/wp\/v2\/product_cat?post=10982"},{"taxonomy":"product_tag","embeddable":true,"href":"https:\/\/joinusexcursions.com\/hr\/wp-json\/wp\/v2\/product_tag?post=10982"}],"curies":[{"name":"wp","href":"https:\/\/api.w.org\/{rel}","templated":true}]}}