{"id":11017,"date":"2025-12-04T16:11:58","date_gmt":"2025-12-04T13:11:58","guid":{"rendered":"https:\/\/joinusexcursions.com\/?post_type=product&#038;p=11017"},"modified":"2026-04-18T05:00:21","modified_gmt":"2026-04-18T02:00:21","slug":"kemer-land-of-legends-nocni-sou","status":"publish","type":"product","link":"https:\/\/joinusexcursions.com\/hr\/tours\/kemer-land-of-legends-night\/","title":{"rendered":"No\u0107na predstava \"Land of Legends\" iz Kemera"},"content":{"rendered":"<h2>\ud83c\udf0c <strong data-start=\"529\" data-end=\"541\">Pregled no\u0107nog spektakla Land of Legends u Kemera<\/strong><\/h2>\n<p data-start=\"542\" data-end=\"857\">Do\u017eivite o\u010daravaju\u0107u no\u0107 u The Land of Legends uz prakti\u010dan prijevoz iz Kemera. U\u017eivajte u vrhunskom ve\u010dernjem performansu koji uklju\u010duje glazbu, svjetla, lasere i \u010darobnu paradu brodova. Snimite prekrasne no\u0107ne fotografije, istra\u017eite osvijetljenu trgova\u010dku ulicu i u\u017eivajte u 3-4 satnom programu prikladnom za sve uzraste.<\/p>\n<h3>\ud83c\udf86 Kemer Land of Legends No\u0107ni Spektakl \u2013 Najva\u017eniji trenuci<\/h3>\n<p data-start=\"1224\" data-end=\"1467\"><span style=\"color: #ff0000;\">\u2022<\/span> Spektakularna fontana, svjetlosni i laserski show<br data-start=\"1273\" data-end=\"1276\" \/><span style=\"color: #ff0000;\">\u2022<\/span> Ikonokasti\u010dna parada brodova s tematskim kostimima<br data-start=\"1317\" data-end=\"1320\" \/><span style=\"color: #ff0000;\">\u2022<\/span> Trgova\u010dka avenija s vi\u0161e od 180 svjetskih brendova<br data-start=\"1369\" data-end=\"1372\" \/><span style=\"color: #ff0000;\">\u2022<\/span> Bezbolni transferi iz regije Kemer<br data-start=\"1413\" data-end=\"1416\" \/><span style=\"color: #ff0000;\">\u2022<\/span> Savr\u0161eni ambijent za zadivljuju\u0107u no\u0107nu fotografiju<\/p>\n<h2>\u0160to o\u010dekivati na no\u0107nom show programu Land of Legends u Kemereu<\/h2>\n<p data-start=\"1494\" data-end=\"1807\">Va\u0161a ve\u010der zapo\u010dinje udobnim i bezbri\u017enim prijevozom iz Kemera do The Land of Legends Theme Parka \u2013 najpoznatijeg zabavnog centra u regiji. Kako predstava zapo\u010dinje, uronite u zadivljuju\u0107u kombinaciju glazbe, svjetlosnih efekata, lasera i sinkroniziranih fontana koje osvjetljavaju no\u0107no nebo.<\/p>\n<p data-start=\"1809\" data-end=\"2071\">Vrhunac doga\u0111anja je parada brodova, gdje prekrasno ukra\u0161eni brodovi plove kanalima uz pratnju izvo\u0111a\u010da, svjetala i atmosferske glazbe. Ova \u010darobna no\u0107na povorka odu\u0161evljava posjetitelje svih uzrasta i stvara nezaboravne uspomene.<\/p>\n<p data-start=\"2073\" data-end=\"2357\">Nakon predstave, imat \u0107ete slobodno vrijeme za u\u017eivanje u \u017eivopisnom trgova\u010dkom bulevaru ispunjenom s vi\u0161e od 180 butika, kafi\u0107a, restorana i slasti\u010darnica. Bilo da preferirate fotografiranje, razgledavanje trgovina ili u\u017eivanje u \u017eivahnoj atmosferi, bulevar nudi pone\u0161to za svakoga.<\/p>\n<p data-start=\"2359\" data-end=\"2494\">Na kraju no\u0107i, opustite se tijekom povratnog prijevoza i vratite se u svoj hotel s glavom punom nezaboravnih dojmova.<\/p>\n<p class=\"mhm-jue-internal-links\">Tra\u017eite vi\u0161e avantura u okolici? Istra\u017eite na\u0161 potpuni popis <a href=\"\/hr\/odrediste\/kemer-ture\/\">Kemer ture<\/a> ili provjerite <a href=\"\/hr\/ture-2\/kemer-suluada-zalazak-izlet\/\">Kemer: Izlet brodom na otok Suluada sa zalaskom sunca i ve\u010derom<\/a> za jo\u0161 jedno nezaboravno iskustvo.<\/p>\n<h3>\ud83e\udded Putopisni plan<\/h3>\n<p data-start=\"2519\" data-end=\"2767\"><span style=\"color: #ff0000;\">\u2022<\/span> Podizanje iz hotela u Kemereu<br data-start=\"2548\" data-end=\"2551\" \/><span style=\"color: #ff0000;\">\u2022<\/span> Dolazak u Zemlju legendi<br data-start=\"2583\" data-end=\"2586\" \/><span style=\"color: #ff0000;\">\u2022<\/span> U\u017eivajte u predstavi fontane, svjetla i lasera<br data-start=\"2633\" data-end=\"2636\" \/><span style=\"color: #ff0000;\">\u2022<\/span> Gledajte paradu osvijetljenih brodova<br data-start=\"2671\" data-end=\"2674\" \/><span style=\"color: #ff0000;\">\u2022<\/span> Slobodno vrijeme na \u0161oping bulevaru (pribli\u017eno 1\u20132 sata)<br data-start=\"2731\" data-end=\"2734\" \/><span style=\"color: #ff0000;\">\u2022<\/span> Povratni prijevoz do va\u0161eg hotela<\/p>\n<h3>\u2139\ufe0f Korisne informacije<\/h3>\n<p data-start=\"2796\" data-end=\"3125\"><span style=\"color: #ff0000;\">\u2022<\/span> Trajanje: pribli\u017eno 3\u20134 sata<br data-start=\"2825\" data-end=\"2828\" \/><span style=\"color: #ff0000;\">\u2022<\/span> Prikladno za goste osnovne pokretljivosti<br data-start=\"2869\" data-end=\"2872\" \/><span style=\"color: #ff0000;\">\u2022<\/span> Potrebna minimalna tjelesna aktivnost<br data-start=\"2908\" data-end=\"2911\" \/><span style=\"color: #ff0000;\">\u2022<\/span> Budite spremni na glavnom ulazu hotela 10 minuta prije preuzimanja.<br data-start=\"2973\" data-end=\"2976\" \/><span style=\"color: #ff0000;\">\u2022<\/span> Voza\u010d \u010deka najvi\u0161e 5 minuta<br data-start=\"3013\" data-end=\"3016\" \/><span style=\"color: #ff0000;\">\u2022<\/span> Djeca mla\u0111a od 6 godina putuju besplatno i ne dobivaju zasebno sjedalo u autobusu; po potrebi se mo\u017ee rezervirati dodatno sjedalo<\/p>\n<p class=\"mhm-jue-external-link\">Saznajte vi\u0161e o odredi\u0161tu na <a href=\"https:\/\/en.wikipedia.org\/wiki\/The_Land_of_Legends\" target=\"_blank\" rel=\"noopener\">Stranica Wikipedije Zemlja legendi<\/a>.<\/p>\n<h3>\ud83c\udf92 \u0160to ponijeti<\/h3>\n<p data-start=\"3149\" data-end=\"3311\"><span style=\"color: #ff0000;\">\u2022<\/span> Ne\u0161to novca za osobne kupnje<br data-start=\"3183\" data-end=\"3186\" \/><span style=\"color: #ff0000;\">\u2022<\/span> Udobna obu\u0107a za hodanje<br data-start=\"3220\" data-end=\"3223\" \/><span style=\"color: #ff0000;\">\u2022<\/span> Odje\u0107a prikladna za ve\u010dernje vrijeme<br data-start=\"3262\" data-end=\"3265\" \/><span style=\"color: #ff0000;\">\u2022<\/span> Pametni telefon ili fotoaparat za hvatanje trenutaka<\/p>\n<h3>\ud83d\udeab Nije prikladno za<\/h3>\n<p data-start=\"3338\" data-end=\"3398\"><span style=\"color: #ff0000;\">\u2022<\/span> Gosti stariji od 95 godina ili s ograni\u010denom pokretljivo\u0161\u0107u<\/p>\n<h3>\ud83d\udcb8 Cijena i rezervacija<\/h3>\n<p data-start=\"3426\" data-end=\"3556\"><span style=\"color: #ff0000;\">\u2022<\/span> Rezervirajte danas i platite na dan obilaska<br data-start=\"3472\" data-end=\"3475\" \/><span style=\"color: #ff0000;\">\u2022<\/span> Kontaktirajte nas putem WhatsAppa, Telegrama ili Vibera, ili ispunite obrazac za rezervaciju ispod<\/p>","protected":false},"excerpt":{"rendered":"<p>U\u017eivajte u Land of Legends Night Showu iz Kemera s laserima, predstavama s fontanama, pomorskom paradom i kupovinom. \u010carobna ve\u010der s udobnim hotelskim prijevozom.<\/p>","protected":false},"featured_media":11018,"comment_status":"open","ping_status":"closed","template":"","meta":{"_acf_changed":false},"product_brand":[],"product_cat":[37],"product_tag":[65],"class_list":{"0":"post-11017","1":"product","2":"type-product","3":"status-publish","4":"has-post-thumbnail","6":"product_cat-kemer","7":"product_tag-kemer","9":"first","10":"instock","11":"sale","12":"featured","13":"shipping-taxable","14":"purchasable","15":"product-type-ovabrw_car_rental"},"acf":[],"aioseo_notices":[],"_links":{"self":[{"href":"https:\/\/joinusexcursions.com\/hr\/wp-json\/wp\/v2\/product\/11017","targetHints":{"allow":["GET"]}}],"collection":[{"href":"https:\/\/joinusexcursions.com\/hr\/wp-json\/wp\/v2\/product"}],"about":[{"href":"https:\/\/joinusexcursions.com\/hr\/wp-json\/wp\/v2\/types\/product"}],"replies":[{"embeddable":true,"href":"https:\/\/joinusexcursions.com\/hr\/wp-json\/wp\/v2\/comments?post=11017"}],"wp:featuredmedia":[{"embeddable":true,"href":"https:\/\/joinusexcursions.com\/hr\/wp-json\/wp\/v2\/media\/11018"}],"wp:attachment":[{"href":"https:\/\/joinusexcursions.com\/hr\/wp-json\/wp\/v2\/media?parent=11017"}],"wp:term":[{"taxonomy":"product_brand","embeddable":true,"href":"https:\/\/joinusexcursions.com\/hr\/wp-json\/wp\/v2\/product_brand?post=11017"},{"taxonomy":"product_cat","embeddable":true,"href":"https:\/\/joinusexcursions.com\/hr\/wp-json\/wp\/v2\/product_cat?post=11017"},{"taxonomy":"product_tag","embeddable":true,"href":"https:\/\/joinusexcursions.com\/hr\/wp-json\/wp\/v2\/product_tag?post=11017"}],"curies":[{"name":"wp","href":"https:\/\/api.w.org\/{rel}","templated":true}]}}