{"id":11027,"date":"2025-12-04T17:08:26","date_gmt":"2025-12-04T14:08:26","guid":{"rendered":"https:\/\/joinusexcursions.com\/?post_type=product&#038;p=11027"},"modified":"2026-04-18T04:53:24","modified_gmt":"2026-04-18T01:53:24","slug":"antalya-land-of-legends-nocni-sou","status":"publish","type":"product","link":"https:\/\/joinusexcursions.com\/hr\/tours\/antalya-land-of-legends-night\/","title":{"rendered":"Land of Legends No\u0107ni show iz Antalye"},"content":{"rendered":"<h2>\u2728 Pregled no\u0107nog showa Land of Legends u Antalyji<\/h2>\n<p data-start=\"580\" data-end=\"879\">Do\u017eivite \u010darobnu ve\u010der u The Land of Legends uz udobne transfere iz Antalye, Lare i Kundua. U\u017eivajte u prvoklasnom no\u0107nom spektaklu koji uklju\u010duje lasere, glazbu, osvijetljene fontane i poznatu paradu brodova. Istra\u017eite \u017eivopisnu trgova\u010dku ulicu i u\u017eivajte u obiteljskom iskustvu koje traje 3\u20134 sata.<\/p>\n<h3>\ud83c\udf86 Istaknuto<\/h3>\n<p data-start=\"1237\" data-end=\"1493\"><span style=\"color: #ff0000;\">\u2022<\/span> Spektakularna fontana, svjetlosni i laserski show<br data-start=\"1286\" data-end=\"1289\" \/><span style=\"color: #ff0000;\">\u2022<\/span> Brodski defile sa \u0161arenim kostimima i glazbom<br data-start=\"1335\" data-end=\"1338\" \/><span style=\"color: #ff0000;\">\u2022<\/span> Trgova\u010dki bulevar s vi\u0161e od 180 me\u0111unarodnih brendova<br data-start=\"1389\" data-end=\"1392\" \/><span style=\"color: #ff0000;\">\u2022<\/span> Transferi iz podru\u010dja Antalye, Lare i Kundua<br data-start=\"1438\" data-end=\"1441\" \/><span style=\"color: #ff0000;\">\u2022<\/span> Idealna atmosfera za prekrasnu no\u0107nu fotografiju<\/p>\n<h2>\u0160to o\u010dekivati na no\u0107nom showu \"The Land of Legends\" u Antaliji<\/h2>\n<p data-start=\"1520\" data-end=\"1847\">Va\u0161a ve\u010der zapo\u010dinje udobnim prijevozom iz Antalye, Lare ili Kundua do Tematskog parka The Land of Legends \u2013 najimpresivnije zabavne destinacije u regiji. S padom mraka u\u017eivajte u o\u010daravaju\u0107em spektaklu koji kombinira mo\u0107ne laserske projekcije, koordinirane izvedbe fontana i \u017eivahnu glazbu koja osvjetljava cijelo podru\u010dje.<\/p>\n<p data-start=\"1849\" data-end=\"2110\">Vrhunac ve\u010deri je <strong data-start=\"1883\" data-end=\"1898\">paradna parada<\/strong>, gdje sjajno ukra\u0161eni brodovi plove kanalom uz pratnju izvo\u0111a\u010da, likova i glazbe na temu. Ova \u010darobna procesija odu\u0161evljava i odrasle i djecu, stvaraju\u0107i nezaboravne blagdanske uspomene.<\/p>\n<p data-start=\"2112\" data-end=\"2362\">Nakon predstave, slobodno vrijeme provedite istra\u017euju\u0107i u\u017eurbani trgova\u010dki bulevar s preko 180 butika, restorana i slasti\u010darnica. \u017delite li se fotografirati, kupovati ili se jednostavno opustiti u \u017eivopisnoj no\u0107noj atmosferi, ima puno toga za u\u017eivanje.<\/p>\n<p data-start=\"2364\" data-end=\"2481\">Na kraju va\u0161eg posjeta, vratite se u svoj hotel s udobno\u0161\u0107u i trajnim dojmovima ovog spektakularnog ve\u010dernjeg doga\u0111aja.<\/p>\n<p class=\"mhm-jue-internal-links\">Tra\u017eite vi\u0161e avantura u okolici? Istra\u017eite na\u0161 potpuni popis <a href=\"\/hr\/odrediste\/antalya-ture\/\">Antalya ture<\/a> ili provjerite <a href=\"\/hr\/ture-2\/antalya-suluada-zalazak-izlet\/\">Izlet brodom na zalazak sunca na otok Suluada iz Antalye s ve\u010derom<\/a> za jo\u0161 jedno nezaboravno iskustvo.<\/p>\n<h3>\ud83e\udded Putopisni plan<\/h3>\n<p data-start=\"2506\" data-end=\"2784\"><span style=\"color: #ff0000;\">\u2022<\/span> Preuzimanje iz hotela u Antaliji, Lari i Kundu<br data-start=\"2553\" data-end=\"2556\" \/><span style=\"color: #ff0000;\">\u2022<\/span> Dolazak u Tematski park The Land of Legends<br data-start=\"2599\" data-end=\"2602\" \/><span style=\"color: #ff0000;\">\u2022<\/span> U\u017eivajte u vodenim, svjetlosnim i laserskim predstavama<br data-start=\"2650\" data-end=\"2653\" \/><span style=\"color: #ff0000;\">\u2022<\/span> Gledajte paradu osvijetljenih brodova<br data-start=\"2688\" data-end=\"2691\" \/><span style=\"color: #ff0000;\">\u2022<\/span> Slobodno vrijeme na \u0161oping bulevaru (pribli\u017eno 1\u20132 sata)<br data-start=\"2748\" data-end=\"2751\" \/><span style=\"color: #ff0000;\">\u2022<\/span> Povratni prijevoz do va\u0161eg hotela<\/p>\n<h3>\u2139\ufe0f Korisne informacije<\/h3>\n<p data-start=\"2813\" data-end=\"3140\"><span style=\"color: #ff0000;\">\u2022<\/span> Trajanje: pribli\u017eno 3\u20134 sata<br data-start=\"2842\" data-end=\"2845\" \/><span style=\"color: #ff0000;\">\u2022<\/span> Prikladno za goste osnovne pokretljivosti<br data-start=\"2886\" data-end=\"2889\" \/><span style=\"color: #ff0000;\">\u2022<\/span> Minimalan fizi\u010dki napor potreban<br data-start=\"2923\" data-end=\"2926\" \/><span style=\"color: #ff0000;\">\u2022<\/span> Budite spremni na glavnom ulazu hotela 10 minuta prije preuzimanja.<br data-start=\"2988\" data-end=\"2991\" \/><span style=\"color: #ff0000;\">\u2022<\/span> Voza\u010d \u010deka najvi\u0161e 5 minuta<br data-start=\"3028\" data-end=\"3031\" \/><span style=\"color: #ff0000;\">\u2022<\/span> Djeca mla\u0111a od 6 godina putuju besplatno i ne dobivaju zasebno sjedalo u autobusu; po potrebi se mo\u017ee rezervirati dodatno sjedalo<\/p>\n<p class=\"mhm-jue-external-link\">Saznajte vi\u0161e o odredi\u0161tu na <a href=\"https:\/\/en.wikipedia.org\/wiki\/The_Land_of_Legends\" target=\"_blank\" rel=\"noopener\">Stranica Wikipedije Zemlja legendi<\/a>.<\/p>\n<h3>\ud83c\udf92 \u0160to ponijeti<\/h3>\n<p data-start=\"3164\" data-end=\"3299\"><span style=\"color: #ff0000;\">\u2022<\/span> Ne\u0161to novca za osobne kupnje<br data-start=\"3198\" data-end=\"3201\" \/><span style=\"color: #ff0000;\">\u2022<\/span> Udobne cipele za hodanje<br data-start=\"3228\" data-end=\"3231\" \/><span style=\"color: #ff0000;\">\u2022<\/span> Odje\u0107a primjerena vremenu<br data-start=\"3261\" data-end=\"3264\" \/><span style=\"color: #ff0000;\">\u2022<\/span> Pametni telefon ili fotoaparat za fotografije<\/p>\n<h3>\ud83d\udeab Nije prikladno za<\/h3>\n<p data-start=\"3326\" data-end=\"3386\"><span style=\"color: #ff0000;\">\u2022<\/span> Gosti stariji od 95 godina ili s ograni\u010denom pokretljivo\u0161\u0107u<\/p>\n<h3>\ud83d\udcb8 Cijena i rezervacija<\/h3>\n<p data-start=\"3414\" data-end=\"3541\"><span style=\"color: #ff0000;\">\u2022<\/span> Rezervirajte sada i platite na dan obilaska<br data-start=\"3455\" data-end=\"3458\" \/><span style=\"color: #ff0000;\">\u2022<\/span> Kontaktirajte nas putem WhatsAppa, Telegr\u00e1ma ili Vibera, ili ispunite obrazac za rezervaciju ispod<\/p>","protected":false},"excerpt":{"rendered":"<p>Do\u017eivite Land of Legends Night Show iz Antalye s laserima, vodenim predstavama, paradom brodova i kupovinom. Uklju\u010duje hotelski prijevoz.<\/p>","protected":false},"featured_media":11018,"comment_status":"open","ping_status":"closed","template":"","meta":{"_acf_changed":false},"product_brand":[],"product_cat":[32],"product_tag":[69],"class_list":{"0":"post-11027","1":"product","2":"type-product","3":"status-publish","4":"has-post-thumbnail","6":"product_cat-antalya","7":"product_tag-antalya","9":"first","10":"instock","11":"sale","12":"featured","13":"shipping-taxable","14":"purchasable","15":"product-type-ovabrw_car_rental"},"acf":[],"aioseo_notices":[],"_links":{"self":[{"href":"https:\/\/joinusexcursions.com\/hr\/wp-json\/wp\/v2\/product\/11027","targetHints":{"allow":["GET"]}}],"collection":[{"href":"https:\/\/joinusexcursions.com\/hr\/wp-json\/wp\/v2\/product"}],"about":[{"href":"https:\/\/joinusexcursions.com\/hr\/wp-json\/wp\/v2\/types\/product"}],"replies":[{"embeddable":true,"href":"https:\/\/joinusexcursions.com\/hr\/wp-json\/wp\/v2\/comments?post=11027"}],"wp:featuredmedia":[{"embeddable":true,"href":"https:\/\/joinusexcursions.com\/hr\/wp-json\/wp\/v2\/media\/11018"}],"wp:attachment":[{"href":"https:\/\/joinusexcursions.com\/hr\/wp-json\/wp\/v2\/media?parent=11027"}],"wp:term":[{"taxonomy":"product_brand","embeddable":true,"href":"https:\/\/joinusexcursions.com\/hr\/wp-json\/wp\/v2\/product_brand?post=11027"},{"taxonomy":"product_cat","embeddable":true,"href":"https:\/\/joinusexcursions.com\/hr\/wp-json\/wp\/v2\/product_cat?post=11027"},{"taxonomy":"product_tag","embeddable":true,"href":"https:\/\/joinusexcursions.com\/hr\/wp-json\/wp\/v2\/product_tag?post=11027"}],"curies":[{"name":"wp","href":"https:\/\/api.w.org\/{rel}","templated":true}]}}