{"id":11030,"date":"2025-12-04T20:28:14","date_gmt":"2025-12-04T17:28:14","guid":{"rendered":"https:\/\/joinusexcursions.com\/?post_type=product&#038;p=11030"},"modified":"2026-04-18T04:49:07","modified_gmt":"2026-04-18T01:49:07","slug":"side-land-of-legends-nocni-sou","status":"publish","type":"product","link":"https:\/\/joinusexcursions.com\/hr\/tours\/side-land-of-legends-night\/","title":{"rendered":"Legende Zemlje No\u0107na Predstava iz Sidea"},"content":{"rendered":"<h2>\u2728 Pregled no\u0107nog showa Side Land of Legends<\/h2>\n<p data-start=\"540\" data-end=\"819\">U\u017eivajte u spektakularnoj ve\u010deri u Zemlji legendi (The Land of Legends) s transferima iz Sidea, Kumk\u00f6ya, Evrensekija, \u00c7olakl\u0131a i Manavgata. Do\u017eivite izvanrednu kombinaciju fontana, lasera, glazbe i ikoni\u010dne parade brodova. Savr\u0161eno no\u0107no iskustvo od 3\u20134 sata za obitelji i parove.<\/p>\n<h3>\ud83c\udf86 Istaknuto<\/h3>\n<p data-start=\"1155\" data-end=\"1409\"><span style=\"color: #ff0000;\">\u2022<\/span> Spektakularna fontana, svjetlosna i laserska predstava<br data-start=\"1197\" data-end=\"1200\" \/><span style=\"color: #ff0000;\">\u2022<\/span> \u010carobna parada brodova s tematskim likovima<br data-start=\"1244\" data-end=\"1247\" \/><span style=\"color: #ff0000;\">\u2022<\/span> Trgova\u010dki bulevar s vi\u0161e od 180 me\u0111unarodnih brendova<br data-start=\"1298\" data-end=\"1301\" \/><span style=\"color: #ff0000;\">\u2022<\/span> Prijevozi iz Side, Kumk\u00f6y, Evrenseki, \u00c7olakl\u0131 &amp; Manavgat<br data-start=\"1361\" data-end=\"1364\" \/><span style=\"color: #ff0000;\">\u2022<\/span> Lijepa no\u0107na atmosfera za fotografije<\/p>\n<h2>\u0160to o\u010dekivati na no\u0107nom showu Side Land of Legends<\/h2>\n<p data-start=\"1436\" data-end=\"1718\">Va\u0161e putovanje zapo\u010dinje udobnim prijevozom iz Sidea i okolnih regija do tematskog parka The Land of Legends. Kako ve\u010der zapo\u010dinje, u\u017eivajte u zadivljuju\u0107oj multimedijalnoj predstavi koja uklju\u010duje lasere, osvijetljene fontane, glazbu i posebne efekte koji pretvaraju no\u0107 u vizualno \u010dudo.<\/p>\n<p data-start=\"1720\" data-end=\"1929\">Vrhunac ve\u010deri je <strong data-start=\"1756\" data-end=\"1771\">paradna parada<\/strong>, gdje ukra\u0161eni brodovi plove kanalom uz pratnju izvo\u0111a\u010da, glazbe i \u0161arene rasvjete. To je nezaboravan trenutak za posjetitelje svih uzrasta.<\/p>\n<p data-start=\"1931\" data-end=\"2148\">Nakon predstave, u\u017eivajte u slobodnom vremenu na \u017eivopisnom trgova\u010dkom bulevaru, domu za vi\u0161e od 180 butika, kafi\u0107a i restorana. Bilo da preferirate kupovinu, fotografisanje ili jednostavno \u0161etnju, ima puno toga u \u010demu mo\u017eete u\u017eivati.<\/p>\n<p data-start=\"2150\" data-end=\"2269\">Na kraju ve\u010deri, opustite se tijekom povratnog prijevoza i vratite se u svoj hotel s nezaboravnim uspomenama.<\/p>\n<p class=\"mhm-jue-internal-links\">Tra\u017eite vi\u0161e avantura u okolici? Istra\u017eite na\u0161 potpuni popis <a href=\"\/hr\/odrediste\/side-ture\/\">Side ture<\/a> ili provjerite <a href=\"\/hr\/ture-2\/side-land-of-legends-park\/\">Obilazak tematskog parka Land of Legends iz Sidea \u2013 Vodeni park<\/a> za jo\u0161 jedno nezaboravno iskustvo.<\/p>\n<h3>\ud83e\udded Putopisni plan<\/h3>\n<p data-start=\"2294\" data-end=\"2561\"><span style=\"color: #ff0000;\">\u2022<\/span> Preuzimanje iz Side, Kumk\u00f6y, Evrenseki, \u00c7olakl\u0131 i Manavgata<br data-start=\"2351\" data-end=\"2354\" \/><span style=\"color: #ff0000;\">\u2022<\/span> Dolazak u Zemlju legendi<br data-start=\"2386\" data-end=\"2389\" \/><span style=\"color: #ff0000;\">\u2022<\/span> Gledajte predstavu fontana, svjetla i lasera<br data-start=\"2436\" data-end=\"2439\" \/><span style=\"color: #ff0000;\">\u2022<\/span> U\u017eivajte u osvijetljenoj povorci brodova<br data-start=\"2474\" data-end=\"2477\" \/><span style=\"color: #ff0000;\">\u2022<\/span> Slobodno vrijeme na \u0161oping bulevaru (pribli\u017eno 1\u20132 sata)<br data-start=\"2534\" data-end=\"2537\" \/><span style=\"color: #ff0000;\">\u2022<\/span> Vratite se u svoj hotel<\/p>\n<h3>\u2139\ufe0f Korisne informacije<\/h3>\n<p data-start=\"2813\" data-end=\"3140\"><span style=\"color: #ff0000;\">\u2022<\/span> Trajanje: pribli\u017eno 3\u20134 sata<br data-start=\"2842\" data-end=\"2845\" \/><span style=\"color: #ff0000;\">\u2022<\/span> Prikladno za goste osnovne pokretljivosti<br data-start=\"2886\" data-end=\"2889\" \/><span style=\"color: #ff0000;\">\u2022<\/span> Minimalan fizi\u010dki napor potreban<br data-start=\"2923\" data-end=\"2926\" \/><span style=\"color: #ff0000;\">\u2022<\/span> Budite spremni na glavnom ulazu hotela 10 minuta prije preuzimanja.<br data-start=\"2988\" data-end=\"2991\" \/><span style=\"color: #ff0000;\">\u2022<\/span> Voza\u010d \u010deka najvi\u0161e 5 minuta<br data-start=\"3028\" data-end=\"3031\" \/><span style=\"color: #ff0000;\">\u2022<\/span> Djeca mla\u0111a od 6 godina putuju besplatno i ne dobivaju zasebno sjedalo u autobusu; po potrebi se mo\u017ee rezervirati dodatno sjedalo<\/p>\n<p class=\"mhm-jue-external-link\">Saznajte vi\u0161e o odredi\u0161tu na <a href=\"https:\/\/en.wikipedia.org\/wiki\/The_Land_of_Legends\" target=\"_blank\" rel=\"noopener\">Stranica Wikipedije Zemlja legendi<\/a>.<\/p>\n<h3>\ud83c\udf92 \u0160to ponijeti<\/h3>\n<p data-start=\"3164\" data-end=\"3299\"><span style=\"color: #ff0000;\">\u2022<\/span> Ne\u0161to novca za osobne kupnje<br data-start=\"3198\" data-end=\"3201\" \/><span style=\"color: #ff0000;\">\u2022<\/span> Udobne cipele za hodanje<br data-start=\"3228\" data-end=\"3231\" \/><span style=\"color: #ff0000;\">\u2022<\/span> Odje\u0107a primjerena vremenu<br data-start=\"3261\" data-end=\"3264\" \/><span style=\"color: #ff0000;\">\u2022<\/span> Pametni telefon ili fotoaparat za fotografije<\/p>\n<h3>\ud83d\udeab Nije prikladno za<\/h3>\n<p data-start=\"3326\" data-end=\"3386\"><span style=\"color: #ff0000;\">\u2022<\/span> Gosti stariji od 95 godina ili s ograni\u010denom pokretljivo\u0161\u0107u<\/p>\n<h3>\ud83d\udcb8 Cijena i rezervacija<\/h3>\n<p data-start=\"3414\" data-end=\"3541\"><span style=\"color: #ff0000;\">\u2022<\/span> Rezervirajte sada i platite na dan obilaska<br data-start=\"3455\" data-end=\"3458\" \/><span style=\"color: #ff0000;\">\u2022<\/span> Kontaktirajte nas putem WhatsAppa, Telegr\u00e1ma ili Vibera, ili ispunite obrazac za rezervaciju ispod<\/p>","protected":false},"excerpt":{"rendered":"<p>Rezervirajte No\u0107ni spektakl Zemlje legendi iz Sidea! U\u017eivajte u zadivljuju\u0107im predstavama s fontanama, \u017eivopisnim laserskim prikazima, poznatom paradom brodova i \u017eivahnim trgova\u010dkim bulevarom. \u010carobna ve\u010dernja tura uklju\u010duje transfere iz hotela.<\/p>","protected":false},"featured_media":11018,"comment_status":"open","ping_status":"closed","template":"","meta":{"_acf_changed":false},"product_brand":[],"product_cat":[46],"product_tag":[68],"class_list":{"0":"post-11030","1":"product","2":"type-product","3":"status-publish","4":"has-post-thumbnail","6":"product_cat-side","7":"product_tag-side","9":"first","10":"instock","11":"sale","12":"featured","13":"shipping-taxable","14":"purchasable","15":"product-type-ovabrw_car_rental"},"acf":[],"aioseo_notices":[],"_links":{"self":[{"href":"https:\/\/joinusexcursions.com\/hr\/wp-json\/wp\/v2\/product\/11030","targetHints":{"allow":["GET"]}}],"collection":[{"href":"https:\/\/joinusexcursions.com\/hr\/wp-json\/wp\/v2\/product"}],"about":[{"href":"https:\/\/joinusexcursions.com\/hr\/wp-json\/wp\/v2\/types\/product"}],"replies":[{"embeddable":true,"href":"https:\/\/joinusexcursions.com\/hr\/wp-json\/wp\/v2\/comments?post=11030"}],"wp:featuredmedia":[{"embeddable":true,"href":"https:\/\/joinusexcursions.com\/hr\/wp-json\/wp\/v2\/media\/11018"}],"wp:attachment":[{"href":"https:\/\/joinusexcursions.com\/hr\/wp-json\/wp\/v2\/media?parent=11030"}],"wp:term":[{"taxonomy":"product_brand","embeddable":true,"href":"https:\/\/joinusexcursions.com\/hr\/wp-json\/wp\/v2\/product_brand?post=11030"},{"taxonomy":"product_cat","embeddable":true,"href":"https:\/\/joinusexcursions.com\/hr\/wp-json\/wp\/v2\/product_cat?post=11030"},{"taxonomy":"product_tag","embeddable":true,"href":"https:\/\/joinusexcursions.com\/hr\/wp-json\/wp\/v2\/product_tag?post=11030"}],"curies":[{"name":"wp","href":"https:\/\/api.w.org\/{rel}","templated":true}]}}