{"id":11031,"date":"2025-12-04T20:40:41","date_gmt":"2025-12-04T17:40:41","guid":{"rendered":"https:\/\/joinusexcursions.com\/?post_type=product&#038;p=11031"},"modified":"2026-04-18T04:45:27","modified_gmt":"2026-04-18T01:45:27","slug":"kemer-land-of-legends-park","status":"publish","type":"product","link":"https:\/\/joinusexcursions.com\/hr\/tours\/kemer-land-of-legends\/","title":{"rendered":"Obilazak tematskog parka Land of Legends iz Kemera \u2013 vodenog parka"},"content":{"rendered":"<h2>\ud83c\udfa2 Pregled Kemer Land of Legends<\/h2>\n<p data-start=\"493\" data-end=\"801\">Uronite u dan pun uzbu\u0111enja u The Land of Legends u Beleku s transferima iz Kemera i okolnih podru\u010dja. Do\u017eivite tobogane ispunjene adrenalinom, opustite se u prostranim bazenima i upoznajte omiljene likove u Nickelodeon Landu. Idealno za obitelji i ljubitelje avanture, ovaj obilazak traje otprilike 7-8 sati.<\/p>\n<h3>\ud83c\udf0a Istaknuto<\/h3>\n<p data-start=\"1111\" data-end=\"1375\"><span style=\"color: #ff0000;\">\u2022<\/span> Uzbudljivi tobogani uklju\u010duju\u0107i i Hyper Coaster od 62 metra<br data-start=\"1166\" data-end=\"1169\" \/><span style=\"color: #ff0000;\">\u2022<\/span> 43-metarski Typhoon Coaster i 40+ vodenih tobogana<br data-start=\"1216\" data-end=\"1219\" \/><span style=\"color: #ff0000;\">\u2022<\/span> Nickelodeon Land uz Sun\u0111er Boba i Patrolne \u0160ape<br data-start=\"1270\" data-end=\"1273\" \/><span style=\"color: #ff0000;\">\u2022<\/span> Veliki vodeni park s bazenima i prostorima za opu\u0161tanje<br data-start=\"1322\" data-end=\"1325\" \/><span style=\"color: #ff0000;\">\u2022<\/span> Zabavne animacije i atrakcija Space Rocket<\/p>\n<h2>\u0160to o\u010dekivati na Zemlji legendi u Kemere<\/h2>\n<p data-start=\"1402\" data-end=\"1713\">Zapo\u010dnite svoju avanturu prakti\u010dnim prijevozom iz Kemera i okolnih regija do zabavnog parka The Land of Legends u Beleku. Osjetite uzbu\u0111enje na Hyper Coasteru od 62 metra ili se spustite niz Typhoon Coaster od 43 metra. Istra\u017eite vi\u0161e od 40 uzbudljivih vodenih tobogana, u\u017eivajte u osvje\u017eavaju\u0107im bazenima ili se jednostavno opustite na suncu.<\/p>\n<p data-start=\"1715\" data-end=\"1945\">Obitelji \u0107e voljeti <strong data-start=\"1734\" data-end=\"1754\">Nickelodeon Land<\/strong>, dom likova poput Spu\u017eva Boba Skockanog i \u0160ape Patrole. Svojom mje\u0161avinom zabave, tematskih podru\u010dja i sadr\u017eaja prilago\u0111enih djeci, park nudi pone\u0161to za posjetitelje svih uzrasta.<\/p>\n<p data-start=\"1947\" data-end=\"2146\">Kroz cijeli dan u\u017eivajte u vodenim avanturama, uzbudljivim vo\u017enjama, animacijama i nezaboravnim trenucima. Nakon zabavnog posjeta, opustite se u prijevozu natrag do hotela s uspomenama koje \u0107e trajati cijeli \u017eivot.<\/p>\n<p class=\"mhm-jue-internal-links\">Tra\u017eite vi\u0161e avantura u okolici? Istra\u017eite na\u0161 potpuni popis <a href=\"\/hr\/odrediste\/kemer-ture\/\">Kemer ture<\/a> ili provjerite <a href=\"\/hr\/ture-2\/kemer-suluada-zalazak-izlet\/\">Kemer: Izlet brodom na otok Suluada sa zalaskom sunca i ve\u010derom<\/a> za jo\u0161 jedno nezaboravno iskustvo.<\/p>\n<h3>\ud83e\udded Putopisni plan<\/h3>\n<p data-start=\"2171\" data-end=\"2395\"><span style=\"color: #ff0000;\">\u2022<\/span> Pokupiti iz hotela u Kemeru i okolici<br data-start=\"2222\" data-end=\"2225\" \/><span style=\"color: #ff0000;\">\u2022<\/span> Dolazak u The Land of Legends u Beleku<br data-start=\"2266\" data-end=\"2269\" \/><span style=\"color: #ff0000;\">\u2022<\/span> Slobodno vrijeme za atrakcije, aktivnosti u vodenom parku i Nickelodeon Land (cca. 5\u20136 sati)<br data-start=\"2359\" data-end=\"2362\" \/><span style=\"color: #ff0000;\">\u2022<\/span> Povratni prijevoz do va\u0161eg hotela<\/p>\n<h3>\u2139\ufe0f Korisne informacije<\/h3>\n<p data-start=\"2424\" data-end=\"2665\"><span style=\"color: #ff0000;\">\u2022<\/span> Trajanje: pribli\u017eno 7-8 sati (cjelodnevni izlet)<br data-start=\"2469\" data-end=\"2472\" \/><span style=\"color: #ff0000;\">\u2022<\/span> Prikladno za goste osnovne pokretljivosti<br data-start=\"2513\" data-end=\"2516\" \/><span style=\"color: #ff0000;\">\u2022<\/span> Umjerena tjelesna aktivnost potrebna<br data-start=\"2553\" data-end=\"2556\" \/><span style=\"color: #ff0000;\">\u2022<\/span> Voucher je potrebno zamijeniti na \u0161alteru za prodaju karata<br data-start=\"2605\" data-end=\"2608\" \/><span style=\"color: #ff0000;\">\u2022<\/span> Radno vrijeme parka mo\u017ee se mijenjati ovisno o sezoni<\/p>\n<p class=\"mhm-jue-external-link\">Saznajte vi\u0161e o odredi\u0161tu na <a href=\"https:\/\/en.wikipedia.org\/wiki\/The_Land_of_Legends\" target=\"_blank\" rel=\"noopener\">Stranica Wikipedije Zemlja legendi<\/a>.<\/p>\n<h3>\ud83c\udf92 \u0160to ponijeti<\/h3>\n<p data-start=\"2689\" data-end=\"2758\"><span style=\"color: #ff0000;\">\u2022<\/span> Kupa\u0107i kostim i ru\u010dnik<br data-start=\"2709\" data-end=\"2712\" \/><span style=\"color: #ff0000;\">\u2022<\/span> Vodene cipele<br data-start=\"2725\" data-end=\"2728\" \/><span style=\"color: #ff0000;\">\u2022<\/span> Gotovina za osobne potrebe<\/p>\n<h3>\ud83d\udeab Nije prikladno za<\/h3>\n<p data-start=\"2785\" data-end=\"2803\"><span style=\"color: #ff0000;\">\u2022<\/span> Trudnice<\/p>\n<h3>\ud83d\udcb8 Cijena i rezervacija<\/h3>\n<p data-start=\"2831\" data-end=\"2957\"><span style=\"color: #ff0000;\">\u2022<\/span> Rezervirajte sada i platite na dan obilaska<br data-start=\"2872\" data-end=\"2875\" \/><span style=\"color: #ff0000;\">\u2022<\/span> Kontaktirajte nas putem WhatsAppa, Telegr\u00e1ma ili Vibera, ili ispunite obrazac za rezervaciju ispod<\/p>","protected":false},"excerpt":{"rendered":"<p>U\u017eivajte u obilasku zabavnog parka The Land of Legends iz Kemera! Najve\u0107i turski vodeni park nudi uzbudljive tobogane, Nickeloden Land, bazene i obiteljsku zabavu \u2013 sve uz uklju\u010deni hotelski prijevoz.<\/p>","protected":false},"featured_media":11032,"comment_status":"open","ping_status":"closed","template":"","meta":{"_acf_changed":false},"product_brand":[],"product_cat":[37],"product_tag":[65],"class_list":{"0":"post-11031","1":"product","2":"type-product","3":"status-publish","4":"has-post-thumbnail","6":"product_cat-kemer","7":"product_tag-kemer","9":"first","10":"instock","11":"sale","12":"featured","13":"shipping-taxable","14":"purchasable","15":"product-type-ovabrw_car_rental"},"acf":[],"aioseo_notices":[],"_links":{"self":[{"href":"https:\/\/joinusexcursions.com\/hr\/wp-json\/wp\/v2\/product\/11031","targetHints":{"allow":["GET"]}}],"collection":[{"href":"https:\/\/joinusexcursions.com\/hr\/wp-json\/wp\/v2\/product"}],"about":[{"href":"https:\/\/joinusexcursions.com\/hr\/wp-json\/wp\/v2\/types\/product"}],"replies":[{"embeddable":true,"href":"https:\/\/joinusexcursions.com\/hr\/wp-json\/wp\/v2\/comments?post=11031"}],"wp:featuredmedia":[{"embeddable":true,"href":"https:\/\/joinusexcursions.com\/hr\/wp-json\/wp\/v2\/media\/11032"}],"wp:attachment":[{"href":"https:\/\/joinusexcursions.com\/hr\/wp-json\/wp\/v2\/media?parent=11031"}],"wp:term":[{"taxonomy":"product_brand","embeddable":true,"href":"https:\/\/joinusexcursions.com\/hr\/wp-json\/wp\/v2\/product_brand?post=11031"},{"taxonomy":"product_cat","embeddable":true,"href":"https:\/\/joinusexcursions.com\/hr\/wp-json\/wp\/v2\/product_cat?post=11031"},{"taxonomy":"product_tag","embeddable":true,"href":"https:\/\/joinusexcursions.com\/hr\/wp-json\/wp\/v2\/product_tag?post=11031"}],"curies":[{"name":"wp","href":"https:\/\/api.w.org\/{rel}","templated":true}]}}