{"id":11038,"date":"2025-12-04T20:57:10","date_gmt":"2025-12-04T17:57:10","guid":{"rendered":"https:\/\/joinusexcursions.com\/?post_type=product&#038;p=11038"},"modified":"2026-04-18T04:42:54","modified_gmt":"2026-04-18T01:42:54","slug":"antalya-land-of-legends-park","status":"publish","type":"product","link":"https:\/\/joinusexcursions.com\/hr\/tours\/antalya-land-of-legends\/","title":{"rendered":"The Land of Legends Park Avantura Antalya \u2013 Vodeni park"},"content":{"rendered":"<h2>\ud83c\udfa2 Pregled Atrakcija Zemlje Legendi u Antaliji<\/h2>\n<p data-start=\"472\" data-end=\"798\">Pripremite se za dan pun uzbu\u0111enja u The Land of Legends u Beleku uz prikladne transfere iz Antalye, Lare i Kundua. Do\u017eivite tobogane koji \u0107e vam ubrzati puls, opustite se u osvje\u017eavaju\u0107im bazenima i istra\u017eite Nickelodeon Land s omiljenim likovima. Savr\u0161ena za obitelji i ljubitelje adrenalina, ova tura traje otprilike 7-8 sati.<\/p>\n<h3>\ud83c\udf0a Istaknuto<\/h3>\n<p data-start=\"1108\" data-end=\"1374\"><span style=\"color: #ff0000;\">\u2022<\/span> Ekstremni tobogani uklju\u010duju\u0107i Hyper Coaster od 62 metra<br data-start=\"1161\" data-end=\"1164\" \/><span style=\"color: #ff0000;\">\u2022<\/span> 43-metarski Typhoon Coaster i vi\u0161e od 40 vodenih tobogana<br data-start=\"1220\" data-end=\"1223\" \/><span style=\"color: #ff0000;\">\u2022<\/span> Nickelodeon Land sa Spu\u017eva Bobom, \u0160apama u akciji i jo\u0161 mnogo toga<br data-start=\"1277\" data-end=\"1280\" \/><span style=\"color: #ff0000;\">\u2022<\/span> Prostrani vodeni park s vi\u0161e bazena<br data-start=\"1320\" data-end=\"1323\" \/><span style=\"color: #ff0000;\">\u2022<\/span> Zabavne emisije, animacije i vo\u017enja svemirskom raketom<\/p>\n<h2>\u0160to o\u010dekivati u Antalijskom Kopnu Legendi<\/h2>\n<p data-start=\"1401\" data-end=\"1722\">Zapo\u010dnite svoju avanturu udobnim prijevozom iz Antalye, Lare ili Kundua do zabavnog parka The Land of Legends u Belek. Osjetite adrenalin dok se vinete na Hyper Coasteru od 62 metra ili se spu\u0161tate niz dramati\u010dni Typhoon Coaster s visine od 43 metra. S vi\u0161e od 40 tobogana, prona\u0107i \u0107ete uzbu\u0111enje za svaku razinu avanture.<\/p>\n<p data-start=\"1724\" data-end=\"1978\">Obitelji \u0107e u\u017eivati u \u0161arenom svijetu <strong data-start=\"1766\" data-end=\"1786\">Nickelodeon Land<\/strong>, dom popularnih likova poput Spu\u017eve Boba Skockanog i \u0160ape patrole. Bilo da tra\u017eite aktivnosti visoke energije ili atrakcije prilago\u0111ene djeci, park nudi pone\u0161to za svakoga.<\/p>\n<p data-start=\"1980\" data-end=\"2162\">Provedite dan istra\u017euju\u0107i bazene, tobogane, tematske zone i \u017eivopisne animacije u parku. Nakon sati zabave, opustite se tijekom povratnog prijevoza natrag do hotela s nezaboravnim uspomenama.<\/p>\n<p class=\"mhm-jue-internal-links\">Tra\u017eite vi\u0161e avantura u okolici? Istra\u017eite na\u0161 potpuni popis <a href=\"\/hr\/odrediste\/antalya-ture\/\">Antalya ture<\/a> ili provjerite <a href=\"\/hr\/ture-2\/antalya-suluada-zalazak-izlet\/\">Izlet brodom na zalazak sunca na otok Suluada iz Antalye s ve\u010derom<\/a> za jo\u0161 jedno nezaboravno iskustvo.<\/p>\n<h3>\ud83e\udded Putopisni plan<\/h3>\n<p data-start=\"2187\" data-end=\"2406\"><span style=\"color: #ff0000;\">\u2022<\/span> Preuzimanje iz hotela u Antaliji, Lari i Kundu<br data-start=\"2234\" data-end=\"2237\" \/><span style=\"color: #ff0000;\">\u2022<\/span> Dolazak u The Land of Legends u Beleku<br data-start=\"2278\" data-end=\"2281\" \/><span style=\"color: #ff0000;\">\u2022<\/span> Slobodno vrijeme za atrakcije, aktivnosti u vodenom parku i Nickelodeon Land (cca. 5\u20136 sati)<br data-start=\"2371\" data-end=\"2374\" \/><span style=\"color: #ff0000;\">\u2022<\/span> Povratni prijevoz do hotela<\/p>\n<h3>\u2139\ufe0f Korisne informacije<\/h3>\n<p data-start=\"2424\" data-end=\"2665\"><span style=\"color: #ff0000;\">\u2022<\/span> Trajanje: pribli\u017eno 7-8 sati (cjelodnevni izlet)<br data-start=\"2469\" data-end=\"2472\" \/><span style=\"color: #ff0000;\">\u2022<\/span> Prikladno za goste osnovne pokretljivosti<br data-start=\"2513\" data-end=\"2516\" \/><span style=\"color: #ff0000;\">\u2022<\/span> Umjerena tjelesna aktivnost potrebna<br data-start=\"2553\" data-end=\"2556\" \/><span style=\"color: #ff0000;\">\u2022<\/span> Voucher je potrebno zamijeniti na \u0161alteru za prodaju karata<br data-start=\"2605\" data-end=\"2608\" \/><span style=\"color: #ff0000;\">\u2022<\/span> Radno vrijeme parka mo\u017ee se mijenjati ovisno o sezoni<\/p>\n<p class=\"mhm-jue-external-link\">Saznajte vi\u0161e o odredi\u0161tu na <a href=\"https:\/\/en.wikipedia.org\/wiki\/The_Land_of_Legends\" target=\"_blank\" rel=\"noopener\">Stranica Wikipedije Zemlja legendi<\/a>.<\/p>\n<h3>\ud83c\udf92 \u0160to ponijeti<\/h3>\n<p data-start=\"2689\" data-end=\"2758\"><span style=\"color: #ff0000;\">\u2022<\/span> Kupa\u0107i kostim i ru\u010dnik<br data-start=\"2709\" data-end=\"2712\" \/><span style=\"color: #ff0000;\">\u2022<\/span> Vodene cipele<br data-start=\"2725\" data-end=\"2728\" \/><span style=\"color: #ff0000;\">\u2022<\/span> Gotovina za osobne potrebe<\/p>\n<h3>\ud83d\udeab Nije prikladno za<\/h3>\n<p data-start=\"2785\" data-end=\"2803\"><span style=\"color: #ff0000;\">\u2022<\/span> Trudnice<\/p>\n<h3>\ud83d\udcb8 Cijena i rezervacija<\/h3>\n<p data-start=\"2831\" data-end=\"2957\"><span style=\"color: #ff0000;\">\u2022<\/span> Rezervirajte sada i platite na dan obilaska<br data-start=\"2872\" data-end=\"2875\" \/><span style=\"color: #ff0000;\">\u2022<\/span> Kontaktirajte nas putem WhatsAppa, Telegr\u00e1ma ili Vibera, ili ispunite obrazac za rezervaciju ispod<\/p>","protected":false},"excerpt":{"rendered":"<p>U\u017eivajte u obilasku parka tematske zabave The Land of Legends iz Antalye! Najve\u0107i turski vodeni park nudi uzbudljive tobogane, Nickelodeon Land, bazene i zabavu za cijelu obitelj \u2013 sve s uklju\u010denim hotelskim transferom.<\/p>","protected":false},"featured_media":11032,"comment_status":"open","ping_status":"closed","template":"","meta":{"_acf_changed":false},"product_brand":[],"product_cat":[32],"product_tag":[69],"class_list":{"0":"post-11038","1":"product","2":"type-product","3":"status-publish","4":"has-post-thumbnail","6":"product_cat-antalya","7":"product_tag-antalya","9":"first","10":"instock","11":"sale","12":"featured","13":"shipping-taxable","14":"purchasable","15":"product-type-ovabrw_car_rental"},"acf":[],"aioseo_notices":[],"_links":{"self":[{"href":"https:\/\/joinusexcursions.com\/hr\/wp-json\/wp\/v2\/product\/11038","targetHints":{"allow":["GET"]}}],"collection":[{"href":"https:\/\/joinusexcursions.com\/hr\/wp-json\/wp\/v2\/product"}],"about":[{"href":"https:\/\/joinusexcursions.com\/hr\/wp-json\/wp\/v2\/types\/product"}],"replies":[{"embeddable":true,"href":"https:\/\/joinusexcursions.com\/hr\/wp-json\/wp\/v2\/comments?post=11038"}],"wp:featuredmedia":[{"embeddable":true,"href":"https:\/\/joinusexcursions.com\/hr\/wp-json\/wp\/v2\/media\/11032"}],"wp:attachment":[{"href":"https:\/\/joinusexcursions.com\/hr\/wp-json\/wp\/v2\/media?parent=11038"}],"wp:term":[{"taxonomy":"product_brand","embeddable":true,"href":"https:\/\/joinusexcursions.com\/hr\/wp-json\/wp\/v2\/product_brand?post=11038"},{"taxonomy":"product_cat","embeddable":true,"href":"https:\/\/joinusexcursions.com\/hr\/wp-json\/wp\/v2\/product_cat?post=11038"},{"taxonomy":"product_tag","embeddable":true,"href":"https:\/\/joinusexcursions.com\/hr\/wp-json\/wp\/v2\/product_tag?post=11038"}],"curies":[{"name":"wp","href":"https:\/\/api.w.org\/{rel}","templated":true}]}}