{"id":11039,"date":"2025-12-04T21:07:23","date_gmt":"2025-12-04T18:07:23","guid":{"rendered":"https:\/\/joinusexcursions.com\/?post_type=product&#038;p=11039"},"modified":"2026-04-18T04:37:33","modified_gmt":"2026-04-18T01:37:33","slug":"belek-land-of-legends-park","status":"publish","type":"product","link":"https:\/\/joinusexcursions.com\/hr\/tours\/belek-land-of-legends\/","title":{"rendered":"Obilazak tematskog parka Land of Legends iz Beleka \u2013 Vodeni park"},"content":{"rendered":"<h2>\ud83c\udfa2 Pregled Belek Land of Legends<\/h2>\n<p data-start=\"465\" data-end=\"752\">Provedite uzbudljiv cijeli dan u The Land of Legends uz prijevoz iz Beleka, Kadriye i Bo\u011fazkenta. Do\u017eivite uzbudljive tobogane, opustite se u osvje\u017eavaju\u0107im bazenima i istra\u017eite Nickelodeon Land s njegovim poznatim likovima. Idealno za obitelji i \u017eeljne avanture, ovaj izlet traje oko 7\u20138 sati.<\/p>\n<h3>\ud83c\udf0a Istaknuto<\/h3>\n<p data-start=\"1062\" data-end=\"1329\"><span style=\"color: #ff0000;\">\u2022<\/span> Hyper Coaster (62 metara) i drugi ekstremni tobogani<br data-start=\"1114\" data-end=\"1117\" \/><span style=\"color: #ff0000;\">\u2022<\/span> 43-metarski Typhoon Coaster plus 40+ vodenih tobogana<br data-start=\"1165\" data-end=\"1168\" \/><span style=\"color: #ff0000;\">\u2022<\/span> Nickelodeon Land uz Sun\u0111er Boba i Patrolne \u0160ape<br data-start=\"1219\" data-end=\"1222\" \/><span style=\"color: #ff0000;\">\u2022<\/span> Veliki vodeni park s vi\u0161e bazena i zona za zabavu<br data-start=\"1273\" data-end=\"1276\" \/><span style=\"color: #ff0000;\">\u2022<\/span> Animacije, predstave i atrakcija Space Rocket<\/p>\n<h2>\u0160to o\u010dekivati u Belek Land of Legends<\/h2>\n<p data-start=\"1356\" data-end=\"1705\">Zapo\u010dnite dan glatkim prijevozom iz Beleka, Kadriye ili Bogazkenta do parka zabave The Land of Legends u Beleku. Usko\u010dite izravno u avanturu s Hyper Coasterom visokim 62 metra ili u\u017eivajte u uzbudljivom padu Typhoon Coastera od 43 metra. S vi\u0161e od 40 tobogana, svaki posjetitelj \u2013 od djece do ljubitelja adrenalina \u2013 prona\u0107i \u0107e vo\u017enju u kojoj \u0107e u\u017eivati.<\/p>\n<p data-start=\"1707\" data-end=\"1949\">Obitelji mogu istra\u017eiti <strong data-start=\"1728\" data-end=\"1748\">Nickelodeon Land<\/strong>, gdje voljeni likovi poput Spu\u017eva Boba i \u0160ape patrole stvaraju nezaboravne uspomene. Bilo da tra\u017eite atrakcije visoke energije ili opu\u0161taju\u0107e vrijeme u bazenu, park nudi pone\u0161to za svakoga.<\/p>\n<p data-start=\"1951\" data-end=\"2130\">Provedite dan istra\u017euju\u0107i divovske bazene, tematske tobogane, zone aktivnosti i animacijske predstave. Nakon sati uzbu\u0111enja i obiteljske zabave, u\u017eivajte u udobnom prijevozu natrag do svog hotela.<\/p>\n<p class=\"mhm-jue-internal-links\">Tra\u017eite vi\u0161e avantura u okolici? Istra\u017eite na\u0161 potpuni popis <a href=\"\/hr\/odrediste\/belek-ture\/\">Belek ture<\/a> ili provjerite <a href=\"\/hr\/ture-2\/belek-land-of-legends-nocni-sou\/\">Land of Legends No\u0107ni Show iz Beleka<\/a> za jo\u0161 jedno nezaboravno iskustvo.<\/p>\n<h3>\ud83e\udded Putopisni plan<\/h3>\n<p data-start=\"2155\" data-end=\"2367\"><span style=\"color: #ff0000;\">\u2022<\/span> Pokupiti iz hotela u Beleku, Kadriye i Boazkentu<br data-start=\"2205\" data-end=\"2208\" \/><span style=\"color: #ff0000;\">\u2022<\/span> Dolazak u The Land of Legends u Beleku<br data-start=\"2249\" data-end=\"2252\" \/><span style=\"color: #ff0000;\">\u2022<\/span> Slobodno vrijeme za atrakcije, vodeni park i Nickelodeon Land (pribli\u017eno 5\u20136 sati)<br data-start=\"2331\" data-end=\"2334\" \/><span style=\"color: #ff0000;\">\u2022<\/span> Povratni prijevoz do va\u0161eg hotela<\/p>\n<h3>\u2139\ufe0f Korisne informacije<\/h3>\n<p data-start=\"2424\" data-end=\"2665\"><span style=\"color: #ff0000;\">\u2022<\/span> Trajanje: pribli\u017eno 7-8 sati (cjelodnevni izlet)<br data-start=\"2469\" data-end=\"2472\" \/><span style=\"color: #ff0000;\">\u2022<\/span> Prikladno za goste osnovne pokretljivosti<br data-start=\"2513\" data-end=\"2516\" \/><span style=\"color: #ff0000;\">\u2022<\/span> Umjerena tjelesna aktivnost potrebna<br data-start=\"2553\" data-end=\"2556\" \/><span style=\"color: #ff0000;\">\u2022<\/span> Voucher je potrebno zamijeniti na \u0161alteru za prodaju karata<br data-start=\"2605\" data-end=\"2608\" \/><span style=\"color: #ff0000;\">\u2022<\/span> Radno vrijeme parka mo\u017ee se mijenjati ovisno o sezoni<\/p>\n<p class=\"mhm-jue-external-link\">Saznajte vi\u0161e o odredi\u0161tu na <a href=\"https:\/\/en.wikipedia.org\/wiki\/The_Land_of_Legends\" target=\"_blank\" rel=\"noopener\">Stranica Wikipedije Zemlja legendi<\/a>.<\/p>\n<h3>\ud83c\udf92 \u0160to ponijeti<\/h3>\n<p data-start=\"2689\" data-end=\"2758\"><span style=\"color: #ff0000;\">\u2022<\/span> Kupa\u0107i kostim i ru\u010dnik<br data-start=\"2709\" data-end=\"2712\" \/><span style=\"color: #ff0000;\">\u2022<\/span> Vodene cipele<br data-start=\"2725\" data-end=\"2728\" \/><span style=\"color: #ff0000;\">\u2022<\/span> Gotovina za osobne potrebe<\/p>\n<h3>\ud83d\udeab Nije prikladno za<\/h3>\n<p data-start=\"2785\" data-end=\"2803\"><span style=\"color: #ff0000;\">\u2022<\/span> Trudnice<\/p>\n<h3>\ud83d\udcb8 Cijena i rezervacija<\/h3>\n<p data-start=\"2831\" data-end=\"2957\"><span style=\"color: #ff0000;\">\u2022<\/span> Rezervirajte sada i platite na dan obilaska<br data-start=\"2872\" data-end=\"2875\" \/><span style=\"color: #ff0000;\">\u2022<\/span> Kontaktirajte nas putem WhatsAppa, Telegr\u00e1ma ili Vibera, ili ispunite obrazac za rezervaciju ispod<\/p>","protected":false},"excerpt":{"rendered":"<p>U\u017eivajte u razgledavanju tematskog parka The Land of Legends iz Beleka! Najve\u0107i turski vodeni park nudi ekstremne tobogane, Nickelodeon Land, bazene i zabavu za cijelu obitelj \u2013 sve uz uklju\u010dene hotelske transfere.<\/p>","protected":false},"featured_media":11032,"comment_status":"open","ping_status":"closed","template":"","meta":{"_acf_changed":false},"product_brand":[],"product_cat":[43],"product_tag":[66],"class_list":{"0":"post-11039","1":"product","2":"type-product","3":"status-publish","4":"has-post-thumbnail","6":"product_cat-belek","7":"product_tag-belek","9":"first","10":"instock","11":"sale","12":"featured","13":"shipping-taxable","14":"purchasable","15":"product-type-ovabrw_car_rental"},"acf":[],"aioseo_notices":[],"_links":{"self":[{"href":"https:\/\/joinusexcursions.com\/hr\/wp-json\/wp\/v2\/product\/11039","targetHints":{"allow":["GET"]}}],"collection":[{"href":"https:\/\/joinusexcursions.com\/hr\/wp-json\/wp\/v2\/product"}],"about":[{"href":"https:\/\/joinusexcursions.com\/hr\/wp-json\/wp\/v2\/types\/product"}],"replies":[{"embeddable":true,"href":"https:\/\/joinusexcursions.com\/hr\/wp-json\/wp\/v2\/comments?post=11039"}],"wp:featuredmedia":[{"embeddable":true,"href":"https:\/\/joinusexcursions.com\/hr\/wp-json\/wp\/v2\/media\/11032"}],"wp:attachment":[{"href":"https:\/\/joinusexcursions.com\/hr\/wp-json\/wp\/v2\/media?parent=11039"}],"wp:term":[{"taxonomy":"product_brand","embeddable":true,"href":"https:\/\/joinusexcursions.com\/hr\/wp-json\/wp\/v2\/product_brand?post=11039"},{"taxonomy":"product_cat","embeddable":true,"href":"https:\/\/joinusexcursions.com\/hr\/wp-json\/wp\/v2\/product_cat?post=11039"},{"taxonomy":"product_tag","embeddable":true,"href":"https:\/\/joinusexcursions.com\/hr\/wp-json\/wp\/v2\/product_tag?post=11039"}],"curies":[{"name":"wp","href":"https:\/\/api.w.org\/{rel}","templated":true}]}}