{"id":11069,"date":"2025-12-14T16:35:01","date_gmt":"2025-12-14T13:35:01","guid":{"rendered":"https:\/\/joinusexcursions.com\/?post_type=product&#038;p=11069"},"modified":"2026-04-18T04:13:41","modified_gmt":"2026-04-18T01:13:41","slug":"belek-turski-hamam","status":"publish","type":"product","link":"https:\/\/joinusexcursions.com\/hr\/tours\/belek-turkish-bath-hamam\/","title":{"rendered":"Turska kupelj Belek Hamam &amp; Tradicionalno spa iskustvo"},"content":{"rendered":"<h2>Pregled turske kupelji u Beleku (Hamam)<\/h2>\n<p data-start=\"549\" data-end=\"845\">Pobjegnite od svakodnevne rutine i do\u017eivite tradicionalnu tursku kupku s prijevozom iz Beleka, Kadriye i Bo\u011fazkenta. Opustite se u sauni i parnoj sobi, u\u017eivajte u klasi\u010dnim pilingima i tretmanima pjenom te upotpunite svoje iskustvo aromaterapijskom masa\u017eom. Ukupno trajanje je otprilike 2,5\u20133 sata.<\/p>\n<h3>\ud83c\udf86 Istaknuto<\/h3>\n<p data-start=\"1173\" data-end=\"1417\"><strong><span style=\"color: #ff0000;\">\u2022<\/span> <\/strong>Autenti\u010dno tursko iskustvo hamama<br data-start=\"1210\" data-end=\"1213\" \/><strong><span style=\"color: #ff0000;\">\u2022<\/span> <\/strong>Piling za obnovu ko\u017ee i bogata pjenasta masa\u017ea<br data-start=\"1256\" data-end=\"1259\" \/><strong><span style=\"color: #ff0000;\">\u2022<\/span> <\/strong>Opu\u0161taju\u0107a masa\u017ea aromati\u010dnim uljima<br data-start=\"1294\" data-end=\"1297\" \/><strong><span style=\"color: #ff0000;\">\u2022<\/span> <\/strong>Neograni\u010deno vrijeme u sauni i parnoj kupelji<br data-start=\"1334\" data-end=\"1337\" \/><strong><span style=\"color: #ff0000;\">\u2022<\/span> <\/strong>Glinena maska za dubinsko \u010di\u0161\u0107enje lica<br data-start=\"1374\" data-end=\"1377\" \/><strong><span style=\"color: #ff0000;\">\u2022<\/span> <\/strong>Pristup bazenu i turski \u010daj<\/p>\n<h2>\u0160to o\u010dekivati od turske kupelji u Belek Hamamu<\/h2>\n<p data-start=\"1444\" data-end=\"1699\">Va\u0161e iskustvo zapo\u010dinje udobnim preuzimanjem iz va\u0161eg hotela u Beleku ili okolnim podru\u010djima. Po dolasku u tradicionalnu tursku kupelj, zapo\u010det \u0107ete svoje putovanje wellnessom u sauni i parnoj kupelji, poma\u017eu\u0107i va\u0161em tijelu da se opusti i prirodno otvori pore.<\/p>\n<p data-start=\"1701\" data-end=\"1886\">Zatim u\u017eivajte u pilingu tijela kako biste uklonili mrtve stanice ko\u017ee, nakon \u010dega slijedi klasi\u010dna masa\u017ea pjenom koja ostavlja va\u0161u ko\u017eu mekom i osvje\u017eenom. Zatim se nanosi maska od gline za \u010di\u0161\u0107enje i detoksikaciju va\u0161eg lica.<\/p>\n<p data-start=\"1888\" data-end=\"2151\">Nakon opu\u0161taju\u0107eg vremena ili plivanja u bazenu, va\u0161e iskustvo nastavlja se 20-minutnom masa\u017eom eteri\u010dnim uljima dizajniranom za osloba\u0111anje napetosti i vra\u0107anje ravnote\u017ee. Zavr\u0161ite posjet toplim \u0161alicom turskog \u010daja prije povratka u hotel potpuno osvje\u017eeni.<\/p>\n<p class=\"mhm-jue-internal-links\">Tra\u017eite vi\u0161e avantura u okolici? Istra\u017eite na\u0161 potpuni popis <a href=\"\/hr\/odrediste\/belek-ture\/\">Belek ture<\/a> ili provjerite <a href=\"\/hr\/ture-2\/belek-land-of-legends-nocni-sou\/\">Land of Legends No\u0107ni Show iz Beleka<\/a> za jo\u0161 jedno nezaboravno iskustvo.<\/p>\n<h3>\ud83e\udded Putopisni plan<\/h3>\n<p data-start=\"2176\" data-end=\"2416\"><strong><span style=\"color: #ff0000;\">\u2022<\/span> <\/strong>Preuzimanje iz hotela u Belek, Kadriye i Bo\u011fazkent<br data-start=\"2226\" data-end=\"2229\" \/><strong><span style=\"color: #ff0000;\">\u2022<\/span> <\/strong>Dolazak u tursku kupelj<br data-start=\"2258\" data-end=\"2261\" \/><strong><span style=\"color: #ff0000;\">\u2022<\/span> <\/strong>Sauna i parna kupelj<br data-start=\"2291\" data-end=\"2294\" \/><strong><span style=\"color: #ff0000;\">\u2022<\/span> <\/strong>Piling tijela i masa\u017ea pjenom<br data-start=\"2323\" data-end=\"2326\" \/><strong><span style=\"color: #ff0000;\">\u2022<\/span> <\/strong>Glinena maska za lice i odlazak na bazen<br data-start=\"2356\" data-end=\"2359\" \/><strong><span style=\"color: #ff0000;\">\u2022<\/span> <\/strong>Masa\u017ea aromaterapijskim uljima<br data-start=\"2385\" data-end=\"2388\" \/><strong><span style=\"color: #ff0000;\">\u2022<\/span> <\/strong>Povratni transfer do hotela<\/p>\n<h3>\u2139\ufe0f Korisne informacije<\/h3>\n<p data-start=\"2445\" data-end=\"2654\"><strong><span style=\"color: #ff0000;\">\u2022<\/span> <\/strong>Trajanje: pribli\u017eno 2,5\u20133 sata<br data-start=\"2476\" data-end=\"2479\" \/><strong><span style=\"color: #ff0000;\">\u2022<\/span> <\/strong>Nema vremenskog ograni\u010denja za saunu i parnu kupelj<br data-start=\"2519\" data-end=\"2522\" \/><strong><span style=\"color: #ff0000;\">\u2022<\/span> <\/strong>Prikladno za mu\u0161karce i \u017eene<br data-start=\"2550\" data-end=\"2553\" \/><strong><span style=\"color: #ff0000;\">\u2022<\/span> <\/strong>Privatne opcije dostupne na zahtjev<br data-start=\"2593\" data-end=\"2596\" \/><strong><span style=\"color: #ff0000;\">\u2022<\/span> <\/strong>Djeca mla\u0111a od 12 godina mogu prisustvovati uz roditeljski nadzor<\/p>\n<p class=\"mhm-jue-external-link\">Saznajte vi\u0161e o odredi\u0161tu na <a href=\"https:\/\/en.wikipedia.org\/wiki\/Turkish_bath\" target=\"_blank\" rel=\"noopener\">Turska kupelj Wikipedija stranica<\/a>.<\/p>\n<h3>\ud83c\udf92 \u0160to ponijeti<\/h3>\n<p data-start=\"2678\" data-end=\"2756\"><strong><span style=\"color: #ff0000;\">\u2022<\/span> <\/strong>Kupa\u0107i kostim<br data-start=\"2688\" data-end=\"2691\" \/><strong><span style=\"color: #ff0000;\">\u2022<\/span> <\/strong>Ru\u010dnik (mo\u017ee se dobiti u spa centru)<br data-start=\"2727\" data-end=\"2730\" \/><strong><span style=\"color: #ff0000;\">\u2022<\/span> <\/strong>Papuce ili japanke<\/p>\n<h3>\ud83d\udeab Nije prikladno za<\/h3>\n<p data-start=\"2783\" data-end=\"2884\"><strong><span style=\"color: #ff0000;\">\u2022<\/span> <\/strong>Gosti s ozbiljnim ko\u017enim ili sr\u010danim tegobama<br data-start=\"2829\" data-end=\"2832\" \/><strong><span style=\"color: #ff0000;\">\u2022<\/span> <\/strong>Trudnice (preporu\u010da se savjetovanje s lije\u010dnikom)<\/p>\n<h3>\ud83d\udcb8 Cijena i rezervacija<\/h3>\n<p data-start=\"2912\" data-end=\"3086\"><strong><span style=\"color: #ff0000;\">\u2022<\/span> <\/strong>Cijene variraju ovisno o sezoni i odabranim uslugama<br data-start=\"2957\" data-end=\"2960\" \/><strong><span style=\"color: #ff0000;\">\u2022<\/span> <\/strong>Rezervirajte sada i platite na dan obilaska<br data-start=\"3001\" data-end=\"3004\" \/><strong><span style=\"color: #ff0000;\">\u2022<\/span> <\/strong>Kontaktirajte nas putem WhatsAppa, Telegr\u00e1ma ili Vibera, ili ispunite obrazac za rezervaciju ispod<\/p>","protected":false},"excerpt":{"rendered":"<p>Opustite se u tradicionalnoj turskoj kupelji u Belek s turskom kupelji, pilingom, masa\u017eom pjenom i aromaterapijom. Hotelski prijevoz uklju\u010den. Osvje\u017eite tijelo i um.<\/p>","protected":false},"featured_media":11070,"comment_status":"open","ping_status":"closed","template":"","meta":{"_acf_changed":false},"product_brand":[],"product_cat":[43],"product_tag":[66],"class_list":{"0":"post-11069","1":"product","2":"type-product","3":"status-publish","4":"has-post-thumbnail","6":"product_cat-belek","7":"product_tag-belek","9":"first","10":"instock","11":"sale","12":"featured","13":"shipping-taxable","14":"purchasable","15":"product-type-ovabrw_car_rental"},"acf":[],"aioseo_notices":[],"_links":{"self":[{"href":"https:\/\/joinusexcursions.com\/hr\/wp-json\/wp\/v2\/product\/11069","targetHints":{"allow":["GET"]}}],"collection":[{"href":"https:\/\/joinusexcursions.com\/hr\/wp-json\/wp\/v2\/product"}],"about":[{"href":"https:\/\/joinusexcursions.com\/hr\/wp-json\/wp\/v2\/types\/product"}],"replies":[{"embeddable":true,"href":"https:\/\/joinusexcursions.com\/hr\/wp-json\/wp\/v2\/comments?post=11069"}],"wp:featuredmedia":[{"embeddable":true,"href":"https:\/\/joinusexcursions.com\/hr\/wp-json\/wp\/v2\/media\/11070"}],"wp:attachment":[{"href":"https:\/\/joinusexcursions.com\/hr\/wp-json\/wp\/v2\/media?parent=11069"}],"wp:term":[{"taxonomy":"product_brand","embeddable":true,"href":"https:\/\/joinusexcursions.com\/hr\/wp-json\/wp\/v2\/product_brand?post=11069"},{"taxonomy":"product_cat","embeddable":true,"href":"https:\/\/joinusexcursions.com\/hr\/wp-json\/wp\/v2\/product_cat?post=11069"},{"taxonomy":"product_tag","embeddable":true,"href":"https:\/\/joinusexcursions.com\/hr\/wp-json\/wp\/v2\/product_tag?post=11069"}],"curies":[{"name":"wp","href":"https:\/\/api.w.org\/{rel}","templated":true}]}}