{"id":11081,"date":"2025-12-14T17:48:34","date_gmt":"2025-12-14T14:48:34","guid":{"rendered":"https:\/\/joinusexcursions.com\/?post_type=product&#038;p=11081"},"modified":"2026-04-13T22:08:42","modified_gmt":"2026-04-13T19:08:42","slug":"belek-olympos-zicara","status":"publish","type":"product","link":"https:\/\/joinusexcursions.com\/hr\/tours\/belek-olympos-cable-car\/","title":{"rendered":"Olympos Teleferik \u017ei\u010dara do planine Tahtal\u0131 iz Beleka (2365m)"},"content":{"rendered":"<h2>\ud83c\udfd4\ufe0f Pregled \u017ei\u010dare Olympos Teleferik u Beleku<\/h2>\n<p data-start=\"592\" data-end=\"855\">Do\u017eivite nezaboravnu planinsku avanturu s prijevozom iz Belek, Kadriye i Bo\u011fazkent. Vozite se \u017ei\u010darom Olympos do vrha planine Tahtal\u0131, u\u017eivajte u panoramskim pogledima, svje\u017eem planinskom zraku i slobodnom vremenu na vrhu. Ukupno trajanje je pribli\u017eno 4-5 sati.<\/p>\n<h3>\ud83c\udf04 Istaknuto<\/h3>\n<p data-start=\"4142\" data-end=\"4395\"><span style=\"color: #ff0000;\"><strong>\u2022<\/strong> <\/span>Vo\u017enja \u017ei\u010darom do vrha planine Tahtal\u0131<br data-start=\"4192\" data-end=\"4195\" \/><span style=\"color: #ff0000;\"><strong>\u2022<\/strong> <\/span>Zapanjuju\u0107e mediteranske i planinske panorame<br data-start=\"4242\" data-end=\"4245\" \/><span style=\"color: #ff0000;\"><strong>\u2022<\/strong> <\/span>Scenski vo\u017enja kroz Nacionalni park Beyda\u011flar\u0131<br data-start=\"4292\" data-end=\"4295\" \/><span style=\"color: #ff0000;\"><strong>\u2022<\/strong> <\/span>Slobodno vrijeme na vidikovcima i kavi na vrhu<br data-start=\"4342\" data-end=\"4345\" \/><span style=\"color: #ff0000;\"><strong>\u2022<\/strong> <\/span>Savr\u0161en obilazak za ljubitelje prirode i fotografije<\/p>\n<h2>\u0160to o\u010dekivati na \u017ei\u010dari Belek Olympos Teleferik<\/h2>\n<p data-start=\"4422\" data-end=\"4614\">Va\u0161 dan zapo\u010dinje preuzimanjem iz va\u0161eg hotela u Sideu ili okolici. Opustite se tijekom slikovite vo\u017enje kroz Nacionalni park Beyda\u011flar\u0131 prije dolaska do podno\u017eja \u017ei\u010dare Olympos.<\/p>\n<p data-start=\"4616\" data-end=\"4834\">U\u017eivajte u glatkom usponu u modernoj kabini \u017ei\u010dare, penju\u0107i se do 2.365 metara za otprilike 10\u201312 minuta. Dok se penjete, divite se zadivljuju\u0107im pogledima na \u0161ume, planine i mediteransku obalu koja se prote\u017ee ispod.<\/p>\n<p data-start=\"4836\" data-end=\"5057\">Na vrhu u\u017eivajte otprilike jedan sat slobodnog vremena za istra\u017eivanje vidikovaca, fotografiranje, posjet suvenirnicama ili jednostavno opu\u0161tanje i u\u017eivanje u svje\u017eem planinskom zraku. Nakon toga se spustite \u017ei\u010darom i vratite u svoj hotel.<\/p>\n<p class=\"mhm-jue-internal-links\">Tra\u017eite vi\u0161e avantura u okolici? Istra\u017eite na\u0161 potpuni popis <a href=\"\/hr\/odrediste\/belek-ture\/\">Belek ture<\/a> ili provjerite <a href=\"\/hr\/ture-2\/belek-land-of-legends-nocni-sou\/\">Land of Legends No\u0107ni Show iz Beleka<\/a> za jo\u0161 jedno nezaboravno iskustvo.<\/p>\n<h3>\ud83e\udded Putopisni plan<\/h3>\n<p data-start=\"5082\" data-end=\"5343\"><span style=\"color: #ff0000;\"><strong>\u2022<\/strong> <\/span>Pokupiti iz hotela u Sideu i okolici<br data-start=\"5130\" data-end=\"5133\" \/><span style=\"color: #ff0000;\"><strong>\u2022<\/strong> <\/span>Scenski vo\u017enja kroz Nacionalni park Beyda\u011flar\u0131<br data-start=\"5180\" data-end=\"5183\" \/><span style=\"color: #ff0000;\"><strong>\u2022<\/strong> <\/span>Dolazak na stanicu \u017ei\u010dare Olympos<br data-start=\"5221\" data-end=\"5224\" \/><span style=\"color: #ff0000;\"><strong>\u2022<\/strong> <\/span>Vo\u017enja \u017ei\u010darom do vrha planine Tahtali<br data-start=\"5267\" data-end=\"5270\" \/><span style=\"color: #ff0000;\"><strong>\u2022<\/strong> <\/span>Slobodno vrijeme na vrhu (pribli\u017eno 1 sat)<br data-start=\"5312\" data-end=\"5315\" \/><span style=\"color: #ff0000;\"><strong>\u2022<\/strong> <\/span>Povratni transfer do hotela<\/p>\n<h3>\u2139\ufe0f Korisne informacije<\/h3>\n<p data-start=\"5372\" data-end=\"5562\"><span style=\"color: #ff0000;\"><strong>\u2022<\/strong> <\/span>Trajanje ture: pribli\u017eno 4\u20135 sati<br data-start=\"5406\" data-end=\"5409\" \/><span style=\"color: #ff0000;\"><strong>\u2022<\/strong> <\/span>Trajanje vo\u017enje \u017ei\u010darom: 10\u201312 minuta<br data-start=\"5449\" data-end=\"5452\" \/><span style=\"color: #ff0000;\"><strong>\u2022<\/strong> <\/span>Ni\u017ee temperature na vrhu<br data-start=\"5487\" data-end=\"5490\" \/><span style=\"color: #ff0000;\"><strong>\u2022<\/strong> <\/span>Besplatna djeca mo\u017eda ne\u0107e dobiti posebno sjedalo u autobusu ako je autobus pun<\/p>\n<p class=\"mhm-jue-external-link\">Saznajte vi\u0161e o odredi\u0161tu na <a href=\"https:\/\/en.wikipedia.org\/wiki\/Tahtal%C4%B1_Da%C4%9F%C4%B1\" target=\"_blank\" rel=\"noopener\">Stranica Tahtal\u0131 Da\u011f\u0131 na Wikipediji<\/a>.<\/p>\n<h3>\ud83c\udf92 \u0160to ponijeti<\/h3>\n<p data-start=\"5586\" data-end=\"5675\"><span style=\"color: #ff0000;\"><strong>\u2022<\/strong> <\/span>Udobne cipele<br data-start=\"5605\" data-end=\"5608\" \/><span style=\"color: #ff0000;\"><strong>\u2022<\/strong> <\/span>Lagana jakna ili d\u017eemper<br data-start=\"5633\" data-end=\"5636\" \/><span style=\"color: #ff0000;\"><strong>\u2022<\/strong> <\/span>Fotoaparat ili pametni telefon<br data-start=\"5658\" data-end=\"5661\" \/><span style=\"color: #ff0000;\"><strong>\u2022<\/strong> <\/span>Sun\u010dane nao\u010dale<\/p>\n<h3>\ud83d\udeab Nije prikladno za<\/h3>\n<p data-start=\"5702\" data-end=\"5789\"><span style=\"color: #ff0000;\"><strong>\u2022<\/strong> <\/span>Goste s strahom od visine ili jakim vrtoglavicama<br data-start=\"5749\" data-end=\"5752\" \/><span style=\"color: #ff0000;\"><strong>\u2022<\/strong> <\/span>Gosti s pote\u0161ko\u0107ama u kretanju<\/p>\n<h3>\ud83d\udcb8 Cijena i rezervacija<\/h3>\n<p data-start=\"5817\" data-end=\"5973\"><span style=\"color: #ff0000;\"><strong>\u2022<\/strong> <\/span>Cijene mogu varirati ovisno o sezoni<br data-start=\"5844\" data-end=\"5847\" \/><span style=\"color: #ff0000;\"><strong>\u2022<\/strong> <\/span>Rezervirajte sada i platite na dan obilaska<br data-start=\"5888\" data-end=\"5891\" \/><span style=\"color: #ff0000;\"><strong>\u2022<\/strong> <\/span>Kontaktirajte nas putem WhatsAppa, Telegr\u00e1ma ili Vibera, ili ispunite obrazac za rezervaciju ispod<\/p>","protected":false},"excerpt":{"rendered":"<p>U\u017eivajte u vo\u017enji \u017ei\u010darom Olympos do planine Tahtal\u0131 na 2365 m. U\u017eivajte u panoramskim pogledima, svje\u017eem zraku i uklju\u010denim hotelskim transferima.<\/p>","protected":false},"featured_media":10850,"comment_status":"open","ping_status":"closed","template":"","meta":{"_acf_changed":false},"product_brand":[],"product_cat":[43],"product_tag":[66],"class_list":{"0":"post-11081","1":"product","2":"type-product","3":"status-publish","4":"has-post-thumbnail","6":"product_cat-belek","7":"product_tag-belek","9":"first","10":"instock","11":"sale","12":"featured","13":"shipping-taxable","14":"purchasable","15":"product-type-ovabrw_car_rental"},"acf":[],"aioseo_notices":[],"_links":{"self":[{"href":"https:\/\/joinusexcursions.com\/hr\/wp-json\/wp\/v2\/product\/11081","targetHints":{"allow":["GET"]}}],"collection":[{"href":"https:\/\/joinusexcursions.com\/hr\/wp-json\/wp\/v2\/product"}],"about":[{"href":"https:\/\/joinusexcursions.com\/hr\/wp-json\/wp\/v2\/types\/product"}],"replies":[{"embeddable":true,"href":"https:\/\/joinusexcursions.com\/hr\/wp-json\/wp\/v2\/comments?post=11081"}],"wp:featuredmedia":[{"embeddable":true,"href":"https:\/\/joinusexcursions.com\/hr\/wp-json\/wp\/v2\/media\/10850"}],"wp:attachment":[{"href":"https:\/\/joinusexcursions.com\/hr\/wp-json\/wp\/v2\/media?parent=11081"}],"wp:term":[{"taxonomy":"product_brand","embeddable":true,"href":"https:\/\/joinusexcursions.com\/hr\/wp-json\/wp\/v2\/product_brand?post=11081"},{"taxonomy":"product_cat","embeddable":true,"href":"https:\/\/joinusexcursions.com\/hr\/wp-json\/wp\/v2\/product_cat?post=11081"},{"taxonomy":"product_tag","embeddable":true,"href":"https:\/\/joinusexcursions.com\/hr\/wp-json\/wp\/v2\/product_tag?post=11081"}],"curies":[{"name":"wp","href":"https:\/\/api.w.org\/{rel}","templated":true}]}}