{"id":11083,"date":"2025-12-14T18:02:50","date_gmt":"2025-12-14T15:02:50","guid":{"rendered":"https:\/\/joinusexcursions.com\/?post_type=product&#038;p=11083"},"modified":"2026-04-18T04:04:22","modified_gmt":"2026-04-18T01:04:22","slug":"belek-quad-safari","status":"publish","type":"product","link":"https:\/\/joinusexcursions.com\/hr\/tours\/belek-quad-safari\/","title":{"rendered":"Belek Quad Safari Tour, Uzbudljiva Off-Road Avantura"},"content":{"rendered":"<p data-start=\"319\" data-end=\"496\">Do\u017eivite mo\u0107ni \u010detverocikl kroz planine Taurus na adrenalinskoj \u010detverocikl safari vo\u017enji iz Beleka. Istra\u017eite pra\u0161njave staze, \u0161ume i korita rijeka uz uklju\u010dene hotelske transfere.<\/p>\n<h2>Pregled safarija na quadovima u Beleku<\/h2>\n<p data-start=\"515\" data-end=\"783\">Pripremite se za uzbudljivu avanturu na otvorenom s prijevozom iz Beleka, Kadriye i Bo\u011fazkenta. Vozite kroz neravne planinske terene, \u0161umske staze i blatne putove u vo\u0111enom kvad safariju. Nije potrebno iskustvo niti voza\u010dka dozvola. Ukupno trajanje je cca. 2,5\u20133 sata.<\/p>\n<h3>\ud83c\udf86 Istaknuto<\/h3>\n<p data-start=\"1076\" data-end=\"1360\"><strong><span style=\"color: #ff0000;\">\u2022<\/span> <\/strong>Vozi sna\u017eni quad bicikl u planinama Taurus<br data-start=\"1127\" data-end=\"1130\" \/><strong><span style=\"color: #ff0000;\">\u2022<\/span> <\/strong>Istra\u017eite \u0161umske staze, pra\u0161njave ceste i kamene putove<br data-start=\"1182\" data-end=\"1185\" \/><strong><span style=\"color: #ff0000;\">\u2022<\/span> <\/strong>U blatu i neravnom terenu pro\u0111i kroz vodu<br data-start=\"1226\" data-end=\"1229\" \/><strong><span style=\"color: #ff0000;\">\u2022<\/span> <\/strong>Stajali\u0161te za fotografiranje na slikovitom panoramskom vidikovcu<br data-start=\"1273\" data-end=\"1276\" \/><strong><span style=\"color: #ff0000;\">\u2022<\/span> <\/strong>Osvje\u017eavaju\u0107i pliva\u010dki predah u kanjonu<br data-start=\"1311\" data-end=\"1314\" \/><strong><span style=\"color: #ff0000;\">\u2022<\/span> <\/strong>Savr\u0161eno za po\u010detnike i ljubitelje avanture<\/p>\n<h2>\u0160to o\u010dekivati od Belek Quad Safarija<\/h2>\n<p data-start=\"1387\" data-end=\"1631\">Va\u0161a avantura zapo\u010dinje preuzimanjem iz va\u0161eg hotela u Beleku ili obli\u017enjim podru\u010djima. Po dolasku u bazu za quad safari, profesionalni instruktori odr\u017eat \u0107e sigurnosno predavanje i kratku probnu vo\u017enju kako bi se uvjerili da se svi osje\u0107aju sigurno prije vo\u017enje.<\/p>\n<p data-start=\"1633\" data-end=\"1842\">Nakon \u0161to budete spremni, zapo\u010dnite svoj quad safari kroz \u0161umske staze, makadamske puteve i kameniti planinski teren. U\u017eivajte u uzbu\u0111enju vo\u017enje kroz blatne dionice i neravne staze dok ste okru\u017eeni zadivljuju\u0107im prirodnim krajolikom.<\/p>\n<p data-start=\"1844\" data-end=\"2162\">U sredini ture, zastanite na panoramskom vidikovcu kako biste se odmorili, fotografirali i u\u017eivali u planinskim vidicima. Drugi dio safarija postaje uzbudljiviji, s u\u017eim stazama i o\u0161trijim zavojima. Nakon vo\u017enje, osvje\u017eite se kupanjem u kanjonu prije povratka u bazni logor, a zatim natrag u va\u0161 hotel.<\/p>\n<p class=\"mhm-jue-internal-links\">Tra\u017eite vi\u0161e avantura u okolici? Istra\u017eite na\u0161 potpuni popis <a href=\"\/hr\/odrediste\/belek-ture\/\">Belek ture<\/a> ili provjerite <a href=\"\/hr\/ture-2\/belek-land-of-legends-nocni-sou\/\">Land of Legends No\u0107ni Show iz Beleka<\/a> za jo\u0161 jedno nezaboravno iskustvo.<\/p>\n<h3>\ud83e\udded Putopisni plan<\/h3>\n<p data-start=\"2187\" data-end=\"2437\"><strong><span style=\"color: #ff0000;\">\u2022<\/span> <\/strong>Polazak iz hotela u Beleku i okolnim podru\u010djima<br data-start=\"2236\" data-end=\"2239\" \/><strong><span style=\"color: #ff0000;\">\u2022<\/span> <\/strong>Dolazak u bazu za quad safari<br data-start=\"2273\" data-end=\"2276\" \/><strong><span style=\"color: #ff0000;\">\u2022<\/span> <\/strong>Sigurnosni brifing i probna vo\u017enja<br data-start=\"2308\" data-end=\"2311\" \/><strong><span style=\"color: #ff0000;\">\u2022<\/span> <\/strong>Quad safari planinskim stazama<br data-start=\"2348\" data-end=\"2351\" \/><strong><span style=\"color: #ff0000;\">\u2022<\/span> <\/strong>Foto pauza na slikovitom vidikovcu<br data-start=\"2384\" data-end=\"2387\" \/><strong><span style=\"color: #ff0000;\">\u2022<\/span> <\/strong>Pauza za plivanje u kanjonu<br data-start=\"2406\" data-end=\"2409\" \/><strong><span style=\"color: #ff0000;\">\u2022<\/span> <\/strong>Povratni transfer do hotela<\/p>\n<h3>\u2139\ufe0f Korisne informacije<\/h3>\n<p data-start=\"2466\" data-end=\"2653\"><strong><span style=\"color: #ff0000;\">\u2022<\/span> <\/strong>Nije potrebna voza\u010dka dozvola<br data-start=\"2495\" data-end=\"2498\" \/><strong><span style=\"color: #ff0000;\">\u2022<\/span> <\/strong>Pogodno za po\u010detnike i iskusne jaha\u010de<br data-start=\"2545\" data-end=\"2548\" \/><strong><span style=\"color: #ff0000;\">\u2022<\/span> <\/strong>Minimalna dob voza\u010da: 17<br data-start=\"2572\" data-end=\"2575\" \/><strong><span style=\"color: #ff0000;\">\u2022<\/span> <\/strong>Neravan teren \u2013 preporu\u010duje se dobra ravnote\u017ea<br data-start=\"2618\" data-end=\"2621\" \/><strong><span style=\"color: #ff0000;\">\u2022<\/span> <\/strong>Osigurana je za\u0161titna oprema<\/p>\n<p class=\"mhm-jue-external-link\">Saznajte vi\u0161e o odredi\u0161tu na <a href=\"https:\/\/en.wikipedia.org\/wiki\/Belek\" target=\"_blank\" rel=\"noopener\">Belek Wikipedijina stranica<\/a>.<\/p>\n<h3>\ud83c\udf92 \u0160to ponijeti<\/h3>\n<p data-start=\"2677\" data-end=\"2775\"><strong><span style=\"color: #ff0000;\">\u2022<\/span> <\/strong>Udobna odje\u0107a i obu\u0107a<br data-start=\"2708\" data-end=\"2711\" \/><strong><span style=\"color: #ff0000;\">\u2022<\/span> <\/strong>Ru\u010dnik i kupa\u0107i kostim<br data-start=\"2731\" data-end=\"2734\" \/><strong><span style=\"color: #ff0000;\">\u2022<\/span> <\/strong>Krema za sun\u010danje<br data-start=\"2745\" data-end=\"2748\" \/><strong><span style=\"color: #ff0000;\">\u2022<\/span> <\/strong>Novac za dodatne tro\u0161kove<\/p>\n<h3>\ud83d\udeab Nije prikladno za<\/h3>\n<p data-start=\"2802\" data-end=\"2854\"><strong><span style=\"color: #ff0000;\">\u2022<\/span> <\/strong>Trudnice<br data-start=\"2818\" data-end=\"2821\" \/><strong><span style=\"color: #ff0000;\">\u2022<\/span> <\/strong>Gosti s pote\u0161ko\u0107ama u kretanju<\/p>\n<h3>\ud83d\udcb8 Cijena i rezervacija<\/h3>\n<p data-start=\"2882\" data-end=\"3059\"><strong><span style=\"color: #ff0000;\">\u2022<\/span> <\/strong>Cijene variraju ovisno o sezoni i veli\u010dini grupe<br data-start=\"2930\" data-end=\"2933\" \/><strong><span style=\"color: #ff0000;\">\u2022<\/span> <\/strong>Rezervirajte sada i platite na dan obilaska<br data-start=\"2974\" data-end=\"2977\" \/><strong><span style=\"color: #ff0000;\">\u2022<\/span> <\/strong>Kontaktirajte nas putem WhatsAppa, Telegr\u00e1ma ili Vibera, ili ispunite obrazac za rezervaciju ispod<\/p>","protected":false},"excerpt":{"rendered":"<p>Pridru\u017eite se uzbudljivom safariju na quadovima iz Beleka u planinama Taurus. Vozite se izvan ceste, u\u017eivajte u plivanju u kanjonu i uklju\u010deni su transferi iz hotela.<\/p>","protected":false},"featured_media":11085,"comment_status":"open","ping_status":"closed","template":"","meta":{"_acf_changed":false},"product_brand":[],"product_cat":[43],"product_tag":[66],"class_list":{"0":"post-11083","1":"product","2":"type-product","3":"status-publish","4":"has-post-thumbnail","6":"product_cat-belek","7":"product_tag-belek","9":"first","10":"instock","11":"sale","12":"featured","13":"shipping-taxable","14":"purchasable","15":"product-type-ovabrw_car_rental"},"acf":[],"aioseo_notices":[],"_links":{"self":[{"href":"https:\/\/joinusexcursions.com\/hr\/wp-json\/wp\/v2\/product\/11083","targetHints":{"allow":["GET"]}}],"collection":[{"href":"https:\/\/joinusexcursions.com\/hr\/wp-json\/wp\/v2\/product"}],"about":[{"href":"https:\/\/joinusexcursions.com\/hr\/wp-json\/wp\/v2\/types\/product"}],"replies":[{"embeddable":true,"href":"https:\/\/joinusexcursions.com\/hr\/wp-json\/wp\/v2\/comments?post=11083"}],"wp:featuredmedia":[{"embeddable":true,"href":"https:\/\/joinusexcursions.com\/hr\/wp-json\/wp\/v2\/media\/11085"}],"wp:attachment":[{"href":"https:\/\/joinusexcursions.com\/hr\/wp-json\/wp\/v2\/media?parent=11083"}],"wp:term":[{"taxonomy":"product_brand","embeddable":true,"href":"https:\/\/joinusexcursions.com\/hr\/wp-json\/wp\/v2\/product_brand?post=11083"},{"taxonomy":"product_cat","embeddable":true,"href":"https:\/\/joinusexcursions.com\/hr\/wp-json\/wp\/v2\/product_cat?post=11083"},{"taxonomy":"product_tag","embeddable":true,"href":"https:\/\/joinusexcursions.com\/hr\/wp-json\/wp\/v2\/product_tag?post=11083"}],"curies":[{"name":"wp","href":"https:\/\/api.w.org\/{rel}","templated":true}]}}