{"id":11087,"date":"2025-12-14T18:18:44","date_gmt":"2025-12-14T15:18:44","guid":{"rendered":"https:\/\/joinusexcursions.com\/?post_type=product&#038;p=11087"},"modified":"2026-04-13T19:36:11","modified_gmt":"2026-04-13T16:36:11","slug":"belek-jeep-safari","status":"publish","type":"product","link":"https:\/\/joinusexcursions.com\/hr\/tours\/belek-jeep-safari\/","title":{"rendered":"Belek Jeep Safari Tour \u2013 Istra\u017eite planine Taurus"},"content":{"rendered":"<p data-start=\"293\" data-end=\"490\">Pridru\u017eite se Safari Jeep Turama i istra\u017eite planine Taurus u mo\u0107nim 4x4 d\u017eipovima. Posjetite planinska sela, plivajte u rijekama, u\u017eivajte u ro\u0161tilju za ru\u010dak i do\u017eivite pun dan avanture u prirodi.<\/p>\n<h2>Pregled Belek Jeep Safarija<\/h2>\n<p data-start=\"509\" data-end=\"796\">Do\u017eivite akciju prepunu d\u017eip safarija iz Beleka kroz divlje krajolike planine Taurus. Vozite off-road stazama, posjetite tradicionalna sela, u\u017eivajte u slikovitim vidikovcima, plivajte u planinskoj rijeci i ku\u0161ajte ukusan BBQ ru\u010dak. Dan ispunjen zabavom koji traje otprilike 6-7 sati.<\/p>\n<h3>\ud83c\udf1f Istaknuto<\/h3>\n<p data-start=\"1043\" data-end=\"1324\"><span style=\"color: #ff0000;\"><strong>\u2022<\/strong> <\/span>Vo\u017enja izvan ceste kroz \u0161ume, makadamske puteve i rijeke<br data-start=\"1100\" data-end=\"1103\" \/><span style=\"color: #ff0000;\"><strong>\u2022<\/strong> <\/span>Posjet tradicionalnom turskom planinskom selu<br data-start=\"1152\" data-end=\"1155\" \/><span style=\"color: #ff0000;\"><strong>\u2022<\/strong> <\/span>Fotografske to\u010dke s panoramskim pogledom<br data-start=\"1196\" data-end=\"1199\" \/><span style=\"color: #ff0000;\"><strong>\u2022<\/strong> <\/span>BBQ ru\u010dak okru\u017een prirodom<br data-start=\"1231\" data-end=\"1234\" \/><span style=\"color: #ff0000;\"><strong>\u2022<\/strong> <\/span>Osvje\u017eavaju\u0107e kupanje u planinskoj rijeci<br data-start=\"1277\" data-end=\"1280\" \/><span style=\"color: #ff0000;\"><strong>\u2022<\/strong> <\/span>Zabavna borba vodenim pi\u0161toljima izme\u0111u d\u017eipova (opcionalno)<\/p>\n<h2>\u0160to o\u010dekivati od Belek Jeep Safarija<\/h2>\n<div data-start=\"1351\" data-end=\"1616\">Va\u0161a avantura zapo\u010dinje pokupiv\u0161i vas iz va\u0161eg hotela u Beleku. Nakon susreta s va\u0161im voza\u010dima, krenite u d\u017eipovima 4x4 s otvorenim krovom prema planinama Taurus. U\u017eivajte u svje\u017eem planinskom zraku, zadivljuju\u0107im krajolicima i uzbudljivim off-road stazama kroz \u0161ume i neravni teren.<\/div>\n<div data-start=\"1618\" data-end=\"1817\">Na ruti, posjetit \u0107ete lokalno selo kako biste vidjeli tradicionalan seoski \u017eivot i zaustaviti se na slikovitim vidikovcima za fotografiranje. Sredinom dana u\u017eivajte u ukusnom ro\u0161tilju u seoskom restoranu okru\u017eenom prirodom.<\/div>\n<div data-start=\"1819\" data-end=\"2112\">Nakon ru\u010dka, osvje\u017eite se kupanjem u prirodnoj planinskoj rijeci ili se opustite pokraj vode. Na povratku se pridru\u017eite neobaveznom vodenom okr\u0161aju izme\u0111u d\u017eipova \u2014 zabavnom i nezaboravnom vrhuncu ture. Na kraju, vratite se u svoj hotel s nezaboravnim uspomenama na avanturu i prirodu.<\/div>\n<p class=\"mhm-jue-internal-links\">Tra\u017eite vi\u0161e avantura u okolici? Istra\u017eite na\u0161 potpuni popis <a href=\"\/hr\/odrediste\/belek-ture\/\">Belek ture<\/a> ili provjerite <a href=\"\/hr\/ture-2\/belek-land-of-legends-nocni-sou\/\">Land of Legends No\u0107ni Show iz Beleka<\/a> za jo\u0161 jedno nezaboravno iskustvo.<\/p>\n<h3>\ud83e\udded Putopisni plan<\/h3>\n<p data-start=\"2137\" data-end=\"2397\"><span style=\"color: #ff0000;\"><strong>\u2022<\/strong> <\/span>Pokupiti iz hotela u Beleku<br data-start=\"2166\" data-end=\"2169\" \/><span style=\"color: #ff0000;\"><strong>\u2022<\/strong> <\/span>Terenska vo\u017enja u planine Taurus<br data-start=\"2211\" data-end=\"2214\" \/><span style=\"color: #ff0000;\"><strong>\u2022<\/strong> <\/span>Posjet tradicionalnom planinskom selu<br data-start=\"2255\" data-end=\"2258\" \/><span style=\"color: #ff0000;\"><strong>\u2022<\/strong> <\/span>Fotografske to\u010dke s prekrasnim pogledom<br data-start=\"2278\" data-end=\"2281\" \/><span style=\"color: #ff0000;\"><strong>\u2022<\/strong> <\/span>BBQ ru\u010dak u prirodi<br data-start=\"2302\" data-end=\"2305\" \/><span style=\"color: #ff0000;\"><strong>\u2022<\/strong> <\/span>Kupanje u planinskoj rijeci<br data-start=\"2341\" data-end=\"2344\" \/><span style=\"color: #ff0000;\"><strong>\u2022<\/strong> <\/span>Neobavezna borba s vodom<br data-start=\"2366\" data-end=\"2369\" \/><span style=\"color: #ff0000;\"><strong>\u2022<\/strong> <\/span>Povratni transfer do hotela<\/p>\n<h3>\u2139\ufe0f Korisne informacije<\/h3>\n<p data-start=\"2426\" data-end=\"2644\"><span style=\"color: #ff0000;\"><strong>\u2022<\/strong> <\/span>Trajanje: pribli\u017eno 6\u20137 sati<br data-start=\"2455\" data-end=\"2458\" \/><span style=\"color: #ff0000;\"><strong>\u2022<\/strong> <\/span>Vo\u017enja otvorenim safari d\u017eipovima<br data-start=\"2499\" data-end=\"2502\" \/><span style=\"color: #ff0000;\"><strong>\u2022<\/strong> <\/span>Prikladno za obitelji i ljubitelje avanture<br data-start=\"2546\" data-end=\"2549\" \/><span style=\"color: #ff0000;\"><strong>\u2022<\/strong> <\/span>Umjerena tjelesna aktivnost<br data-start=\"2577\" data-end=\"2580\" \/><span style=\"color: #ff0000;\"><strong>\u2022<\/strong> <\/span>Budite spremni na glavnom ulazu hotela 10 minuta prije preuzimanja.<\/p>\n<p class=\"mhm-jue-external-link\">Saznajte vi\u0161e o odredi\u0161tu na <a href=\"https:\/\/en.wikipedia.org\/wiki\/Belek\" target=\"_blank\" rel=\"noopener\">Belek Wikipedijina stranica<\/a>.<\/p>\n<h3>\ud83c\udf92 \u0160to ponijeti<\/h3>\n<p data-start=\"2668\" data-end=\"2780\"><span style=\"color: #ff0000;\"><strong>\u2022<\/strong> <\/span>Udobna odje\u0107a i obu\u0107a<br data-start=\"2699\" data-end=\"2702\" \/><span style=\"color: #ff0000;\"><strong>\u2022<\/strong> <\/span>Kupa\u0107i kostim i ru\u010dnik<br data-start=\"2722\" data-end=\"2725\" \/><span style=\"color: #ff0000;\"><strong>\u2022<\/strong> <\/span>Krema za sun\u010danje<br data-start=\"2736\" data-end=\"2739\" \/><span style=\"color: #ff0000;\"><strong>\u2022<\/strong> <\/span>Novac za pi\u0107e i osobne tro\u0161kove<\/p>\n<h3>\ud83d\udeab Nije prikladno za<\/h3>\n<p data-start=\"2807\" data-end=\"2875\"><span style=\"color: #ff0000;\"><strong>\u2022<\/strong> <\/span>Trudnice<br data-start=\"2823\" data-end=\"2826\" \/><span style=\"color: #ff0000;\"><strong>\u2022<\/strong> <\/span>Gosti s ozbiljnim problemima s le\u0111ima ili pokretljivo\u0161\u0107u<\/p>\n<h3>\ud83d\udcb8 Cijena i rezervacija<\/h3>\n<p data-start=\"2903\" data-end=\"3086\"><span style=\"color: #ff0000;\"><strong>\u2022<\/strong> <\/span>Cijene mogu varirati ovisno o sezoni i dostupnosti<br data-start=\"2957\" data-end=\"2960\" \/><span style=\"color: #ff0000;\"><strong>\u2022<\/strong> <\/span>Rezervirajte sada i platite na dan obilaska<br data-start=\"3001\" data-end=\"3004\" \/><span style=\"color: #ff0000;\"><strong>\u2022<\/strong> <\/span>Kontaktirajte nas putem WhatsAppa, Telegr\u00e1ma ili Vibera, ili ispunite obrazac za rezervaciju ispod<\/p>","protected":false},"excerpt":{"rendered":"<p>Pridru\u017eite se Jeep safariju iz Sidea u planinama Taurus. Vozite 4x4 d\u017eipove, posjetite sela, plivajte u rijekama, u\u017eivajte u ro\u0161tilju za ru\u010dak i prijevozu iz hotela.<\/p>","protected":false},"featured_media":11092,"comment_status":"open","ping_status":"closed","template":"","meta":{"_acf_changed":false},"product_brand":[],"product_cat":[43],"product_tag":[66],"class_list":{"0":"post-11087","1":"product","2":"type-product","3":"status-publish","4":"has-post-thumbnail","6":"product_cat-belek","7":"product_tag-belek","9":"first","10":"instock","11":"sale","12":"featured","13":"shipping-taxable","14":"purchasable","15":"product-type-ovabrw_car_rental"},"acf":[],"aioseo_notices":[],"_links":{"self":[{"href":"https:\/\/joinusexcursions.com\/hr\/wp-json\/wp\/v2\/product\/11087","targetHints":{"allow":["GET"]}}],"collection":[{"href":"https:\/\/joinusexcursions.com\/hr\/wp-json\/wp\/v2\/product"}],"about":[{"href":"https:\/\/joinusexcursions.com\/hr\/wp-json\/wp\/v2\/types\/product"}],"replies":[{"embeddable":true,"href":"https:\/\/joinusexcursions.com\/hr\/wp-json\/wp\/v2\/comments?post=11087"}],"wp:featuredmedia":[{"embeddable":true,"href":"https:\/\/joinusexcursions.com\/hr\/wp-json\/wp\/v2\/media\/11092"}],"wp:attachment":[{"href":"https:\/\/joinusexcursions.com\/hr\/wp-json\/wp\/v2\/media?parent=11087"}],"wp:term":[{"taxonomy":"product_brand","embeddable":true,"href":"https:\/\/joinusexcursions.com\/hr\/wp-json\/wp\/v2\/product_brand?post=11087"},{"taxonomy":"product_cat","embeddable":true,"href":"https:\/\/joinusexcursions.com\/hr\/wp-json\/wp\/v2\/product_cat?post=11087"},{"taxonomy":"product_tag","embeddable":true,"href":"https:\/\/joinusexcursions.com\/hr\/wp-json\/wp\/v2\/product_tag?post=11087"}],"curies":[{"name":"wp","href":"https:\/\/api.w.org\/{rel}","templated":true}]}}