{"id":11094,"date":"2025-12-14T18:51:23","date_gmt":"2025-12-14T15:51:23","guid":{"rendered":"https:\/\/joinusexcursions.com\/?post_type=product&#038;p=11094"},"modified":"2026-04-13T19:36:11","modified_gmt":"2026-04-13T16:36:11","slug":"kemer-morski-ribolov","status":"publish","type":"product","link":"https:\/\/joinusexcursions.com\/hr\/tours\/kemer-sea-fishing\/","title":{"rendered":"Ribolovni izlet na moru u Kemereu \u2013 doru\u010dak i ru\u010dak uklju\u010deni"},"content":{"rendered":"<p data-start=\"306\" data-end=\"510\">Pridru\u017eite se opu\u0161taju\u0107oj turneji ribarenja iz Kemera i u\u017eivajte u mirnom izletu brodom na Mediteranu. Uklju\u010duje doru\u010dak, pribor za pecanje, stajanja za kupanje, ru\u010dak s va\u0161im ulovom, hotelski prijevoz i osiguranje.<\/p>\n<h2>Pregled ture ribolova na moru u Kemereu<\/h2>\n<p data-start=\"529\" data-end=\"791\">Krenite u mirnu ribolovnu avanturu iz Kemera i okolnih podru\u010dja. Pecajte u kristalno \u010distim mediteranskim vodama, plivajte u skrivenim uvalama i u\u017eivajte u doru\u010dku i ru\u010dku na brodu. Idealna za po\u010detnike i ljubitelje prirode, ova poludnevna tura traje pribli\u017eno 4-6 sati.<\/p>\n<h3>\ud83c\udf0a Istaknuto<\/h3>\n<p data-start=\"1102\" data-end=\"1294\"><strong><span style=\"color: #ff0000;\">\u2022<\/span> <\/strong>Ribolov u bistrim mediteranskim vodama<br data-start=\"1141\" data-end=\"1144\" \/><strong><span style=\"color: #ff0000;\">\u2022<\/span> <\/strong>Pogledi na slikovitu obalu s broda<br data-start=\"1182\" data-end=\"1185\" \/><strong><span style=\"color: #ff0000;\">\u2022<\/span> <\/strong>Kupali\u0161ni predasi u mirnim uvalama<br data-start=\"1216\" data-end=\"1219\" \/><strong><span style=\"color: #ff0000;\">\u2022<\/span> <\/strong>Profesionalna ribolovna oprema i savjeti<br data-start=\"1259\" data-end=\"1262\" \/><strong><span style=\"color: #ff0000;\">\u2022<\/span> <\/strong>Svje\u017ei ulov pripremljen na brodu<\/p>\n<h2>\u0160to o\u010dekivati na turu ribarenja na moru u Kem\u00e8ru<\/h2>\n<div data-start=\"1321\" data-end=\"1559\">Va\u0161 dan zapo\u010dinje ugodnim preuzimanjem iz va\u0161eg hotela u Kemereu ili okolnim podru\u010djima, nakon \u010dega slijedi prijevoz do marine. Ukrcajte se na potpuno opremljenu ribarsku brodicu i u\u017eivajte u ukusnom doru\u010dku dok plovite mirnim Sredozemnim morem.<\/div>\n<div data-start=\"1561\" data-end=\"1815\">Bilo da ste novi u ribolovu ili iskusni, ljubazna posada pru\u017ea svu potrebnu opremu i upute kako biste u\u017eivali u aktivnosti. Dok se brod usidri na izvrsnim mjestima za ribolov, oku\u0161ajte sre\u0107u dok upijate mirnu morsku atmosferu.<\/div>\n<div data-start=\"1817\" data-end=\"2119\">Tijekom ture, zastanite u skrovitim uvalama za osvje\u017eavaju\u0107a kupanja u tirkiznom moru. Za ru\u010dak, u\u017eivajte u svje\u017ee pripremljenom obroku na brodu, uklju\u010duju\u0107i i va\u0161 ulov dana ako \u017eelite. Nakon opu\u0161taju\u0107eg i ugodnog iskustva na moru, vratite se u marinu i presjednite natrag u va\u0161 hotel s prekrasnim uspomenama.<\/div>\n<p class=\"mhm-jue-internal-links\">Tra\u017eite vi\u0161e avantura u okolici? Istra\u017eite na\u0161 potpuni popis <a href=\"\/hr\/odrediste\/kemer-ture\/\">Kemer ture<\/a> ili provjerite <a href=\"\/hr\/ture-2\/kemer-suluada-zalazak-izlet\/\">Kemer: Izlet brodom na otok Suluada sa zalaskom sunca i ve\u010derom<\/a> za jo\u0161 jedno nezaboravno iskustvo.<\/p>\n<h3>\ud83e\udded Putopisni plan<\/h3>\n<p data-start=\"2144\" data-end=\"2409\"><strong><span style=\"color: #ff0000;\">\u2022<\/span> <\/strong>Pokupiti iz hotela u Kemeru i okolici<br data-start=\"2195\" data-end=\"2198\" \/><strong><span style=\"color: #ff0000;\">\u2022<\/span> <\/strong>Dolazak u marinu Kemer i ukrcaj<br data-start=\"2236\" data-end=\"2239\" \/><strong><span style=\"color: #ff0000;\">\u2022<\/span> <\/strong>Doru\u010dak na brodu<br data-start=\"2258\" data-end=\"2261\" \/><strong><span style=\"color: #ff0000;\">\u2022<\/span> <\/strong>Ribolov s opremom i uputama<br data-start=\"2301\" data-end=\"2304\" \/><strong><span style=\"color: #ff0000;\">\u2022<\/span> <\/strong>Plivanje u slikovitim uvalama<br data-start=\"2335\" data-end=\"2338\" \/><strong><span style=\"color: #ff0000;\">\u2022<\/span> <\/strong>Ru\u010dak na brodu (svje\u017ei ulov po \u017eelji)<br data-start=\"2376\" data-end=\"2379\" \/><strong><span style=\"color: #ff0000;\">\u2022<\/span> <\/strong>Vratite se u marinu i hotel<\/p>\n<h3>\u2139\ufe0f Korisne informacije<\/h3>\n<p data-start=\"2438\" data-end=\"2649\"><strong><span style=\"color: #ff0000;\">\u2022<\/span> <\/strong>Trajanje: pribli\u017eno 4\u20136 sati (poludnevni obilazak)<br data-start=\"2483\" data-end=\"2486\" \/><strong><span style=\"color: #ff0000;\">\u2022<\/span> <\/strong>Niska do umjerena tjelesna aktivnost<br data-start=\"2521\" data-end=\"2524\" \/><strong><span style=\"color: #ff0000;\">\u2022<\/span> <\/strong>Djeca mla\u0111a od 5 godina putuju besplatno (bez posebnog sjedala)<br data-start=\"2573\" data-end=\"2576\" \/><strong><span style=\"color: #ff0000;\">\u2022<\/span> <\/strong>Vegetarijanski obroci dostupni na zahtjev<br data-start=\"2617\" data-end=\"2620\" \/><strong><span style=\"color: #ff0000;\">\u2022<\/span> <\/strong>Turneja ovisi o vremenskim prilikama<\/p>\n<p class=\"mhm-jue-external-link\">Saznajte vi\u0161e o odredi\u0161tu na <a href=\"https:\/\/en.wikipedia.org\/wiki\/Kemer\" target=\"_blank\" rel=\"noopener\">Stranica Kemera na Wikipediji<\/a>.<\/p>\n<h3>\ud83c\udf92 \u0160to ponijeti<\/h3>\n<p data-start=\"2673\" data-end=\"2797\"><strong><span style=\"color: #ff0000;\">\u2022<\/span> <\/strong>Udobna odje\u0107a<br data-start=\"2694\" data-end=\"2697\" \/><strong><span style=\"color: #ff0000;\">\u2022<\/span> <\/strong>Kupa\u0107i kostim i ru\u010dnik<br data-start=\"2717\" data-end=\"2720\" \/><strong><span style=\"color: #ff0000;\">\u2022<\/span> <\/strong>Krema za sun\u010danje i \u0161e\u0161ir<br data-start=\"2739\" data-end=\"2742\" \/><strong><span style=\"color: #ff0000;\">\u2022<\/span> <\/strong>Fotoaparat ili pametni telefon<br data-start=\"2764\" data-end=\"2767\" \/><strong><span style=\"color: #ff0000;\">\u2022<\/span> <\/strong>Gotovina za osobne potrebe<\/p>\n<h3>\ud83d\udeab Nije prikladno za<\/h3>\n<p data-start=\"2824\" data-end=\"2862\"><strong><span style=\"color: #ff0000;\">\u2022<\/span> <\/strong>Gosti s jakim morskom bole\u0161\u0107u<\/p>\n<h3>\ud83d\udcb8 Cijena i rezervacija<\/h3>\n<p data-start=\"2890\" data-end=\"3073\"><strong><span style=\"color: #ff0000;\">\u2022<\/span> <\/strong>Cijene mogu varirati ovisno o sezoni i dostupnosti<br data-start=\"2944\" data-end=\"2947\" \/><strong><span style=\"color: #ff0000;\">\u2022<\/span> <\/strong>Rezervirajte sada i platite na dan obilaska<br data-start=\"2988\" data-end=\"2991\" \/><strong><span style=\"color: #ff0000;\">\u2022<\/span> <\/strong>Kontaktirajte nas putem WhatsAppa, Telegr\u00e1ma ili Vibera, ili ispunite obrazac za rezervaciju ispod<\/p>","protected":false},"excerpt":{"rendered":"<p>U\u017eivajte u izletu morskim ribolovom iz Kemera s doru\u010dkom, ru\u010dkom, stajanjima za kupanje i opremom za ribolov. Opustite se na Mediteranu uz uklju\u010den hotelski prijevoz.<\/p>","protected":false},"featured_media":11095,"comment_status":"open","ping_status":"closed","template":"","meta":{"_acf_changed":false},"product_brand":[],"product_cat":[37],"product_tag":[65],"class_list":{"0":"post-11094","1":"product","2":"type-product","3":"status-publish","4":"has-post-thumbnail","6":"product_cat-kemer","7":"product_tag-kemer","9":"first","10":"instock","11":"sale","12":"featured","13":"shipping-taxable","14":"purchasable","15":"product-type-ovabrw_car_rental"},"acf":[],"aioseo_notices":[],"_links":{"self":[{"href":"https:\/\/joinusexcursions.com\/hr\/wp-json\/wp\/v2\/product\/11094","targetHints":{"allow":["GET"]}}],"collection":[{"href":"https:\/\/joinusexcursions.com\/hr\/wp-json\/wp\/v2\/product"}],"about":[{"href":"https:\/\/joinusexcursions.com\/hr\/wp-json\/wp\/v2\/types\/product"}],"replies":[{"embeddable":true,"href":"https:\/\/joinusexcursions.com\/hr\/wp-json\/wp\/v2\/comments?post=11094"}],"wp:featuredmedia":[{"embeddable":true,"href":"https:\/\/joinusexcursions.com\/hr\/wp-json\/wp\/v2\/media\/11095"}],"wp:attachment":[{"href":"https:\/\/joinusexcursions.com\/hr\/wp-json\/wp\/v2\/media?parent=11094"}],"wp:term":[{"taxonomy":"product_brand","embeddable":true,"href":"https:\/\/joinusexcursions.com\/hr\/wp-json\/wp\/v2\/product_brand?post=11094"},{"taxonomy":"product_cat","embeddable":true,"href":"https:\/\/joinusexcursions.com\/hr\/wp-json\/wp\/v2\/product_cat?post=11094"},{"taxonomy":"product_tag","embeddable":true,"href":"https:\/\/joinusexcursions.com\/hr\/wp-json\/wp\/v2\/product_tag?post=11094"}],"curies":[{"name":"wp","href":"https:\/\/api.w.org\/{rel}","templated":true}]}}