{"id":11103,"date":"2025-12-14T19:06:28","date_gmt":"2025-12-14T16:06:28","guid":{"rendered":"https:\/\/joinusexcursions.com\/?post_type=product&#038;p=11103"},"modified":"2026-04-13T19:36:11","modified_gmt":"2026-04-13T16:36:11","slug":"antalya-morski-ribolov","status":"publish","type":"product","link":"https:\/\/joinusexcursions.com\/hr\/tours\/antalya-sea-fishing\/","title":{"rendered":"Antalijski ribolovni izlet na moru \u2013 sve uklju\u010deno"},"content":{"rendered":"<p data-start=\"283\" data-end=\"486\">Rezervirajte Antalya Fishing Tour i u\u017eivajte u opu\u0161taju\u0107em ribolovu na dubokom moru na Mediteranu. Uhvatite vlastitu ribu, ispecite je za ru\u010dak i u\u017eivajte u poludnevnom izletu brodom s uklju\u010denim hotelskim prijevozom.<\/p>\n<h2>Pregled ture morskog ribolova u Antaliji<\/h2>\n<p data-start=\"505\" data-end=\"786\">Pridru\u017eite se poludnevnoj avanturi pecanja na pu\u010dini iz Antalye i do\u017eivite mirnu ljepotu Sredozemnog mora. Ova tura, pogodna za po\u010detnike i iskusne ribi\u010de, kombinira ribolov, slikovite poglede i ukusan ru\u010dak s ro\u0161tilja na brodu. Ukupno trajanje je pribli\u017eno 5\u20135,5 sati.<\/p>\n<h3>\ud83c\udf1f Istaknuto<\/h3>\n<p data-start=\"1071\" data-end=\"1299\"><span style=\"color: #ff0000;\"><strong>\u2022<\/strong> <\/span>Upecajte i ispecite vlastitu ribu za ru\u010dak<br data-start=\"1112\" data-end=\"1115\" \/><span style=\"color: #ff0000;\"><strong>\u2022<\/strong> <\/span>Stru\u010dno vo\u0111enje uz modernu ribolovnu opremu<br data-start=\"1162\" data-end=\"1165\" \/><span style=\"color: #ff0000;\"><strong>\u2022<\/strong> <\/span>Dubinski ribolov do 60 metara<br data-start=\"1199\" data-end=\"1202\" \/><span style=\"color: #ff0000;\"><strong>\u2022<\/strong> <\/span>Pogled na obalu Antalije i planine Taurus<br data-start=\"1258\" data-end=\"1261\" \/><span style=\"color: #ff0000;\"><strong>\u2022<\/strong> <\/span>Malo grupno iskustvo za udobnost<\/p>\n<h2>\u0160to o\u010dekivati na Antalijskom izletu morskim ribolovom<\/h2>\n<p data-start=\"1326\" data-end=\"1545\">Va\u0161 dan zapo\u010dinje udobnim preuzimanjem iz va\u0161eg hotela u Antaliji, a zatim slijedi transfer do marine. Nakon kratkog brifinga o sigurnosti i ribolovu od va\u0161eg ljubaznog kapetana, isplovite na otvoreno Sredozemno more.<\/p>\n<p data-start=\"1547\" data-end=\"1794\">Ribolov na dubokim lokacijama do 60 metara uz kori\u0161tenje moderne opreme i sonar sustava. Bilo da ste po\u010detnik ili iskusan ribi\u010d, va\u0161 \u0107e vam vodi\u010d pomo\u0107i tijekom cijelog iskustva, osiguravaju\u0107i zabavno i opu\u0161taju\u0107e vrijeme na vodi.<\/p>\n<p data-start=\"1796\" data-end=\"2081\">Nakon zavr\u0161etka ribolova, u\u017eivajte u svje\u017ee ulovljenoj ribi s ro\u0161tilja na brodu, poslu\u017eenoj kao ukusan ru\u010dak tijekom plovidbe uz prekrasnu obalu. Nakon vremena za opu\u0161tanje i u\u017eivanje u morskom povjetarcu, vratite se u luku i transferirajte natrag u hotel s nezaboravnim uspomenama.<\/p>\n<p class=\"mhm-jue-internal-links\">Tra\u017eite vi\u0161e avantura u okolici? Istra\u017eite na\u0161 potpuni popis <a href=\"\/hr\/odrediste\/antalya-ture\/\">Antalya ture<\/a> ili provjerite <a href=\"\/hr\/ture-2\/antalya-suluada-zalazak-izlet\/\">Izlet brodom na zalazak sunca na otok Suluada iz Antalye s ve\u010derom<\/a> za jo\u0161 jedno nezaboravno iskustvo.<\/p>\n<h3>\ud83e\udded Putopisni plan<\/h3>\n<p data-start=\"2106\" data-end=\"2309\"><span style=\"color: #ff0000;\"><strong>\u2022<\/strong> <\/span>Pokupiti iz hotela u Antalyi (oko 07:30)<br data-start=\"2149\" data-end=\"2152\" \/><span style=\"color: #ff0000;\"><strong>\u2022<\/strong> <\/span>Dobrodo\u0161li na briefing u marini<br data-start=\"2184\" data-end=\"2187\" \/><span style=\"color: #ff0000;\"><strong>\u2022<\/strong> <\/span>3\u20134 sata ribolova na pu\u010dini<br data-start=\"2218\" data-end=\"2221\" \/><span style=\"color: #ff0000;\"><strong>\u2022<\/strong> <\/span>Ro\u0161tiljajte i u\u017eivajte u svom ulovu za ru\u010dak<br data-start=\"2259\" data-end=\"2262\" \/><span style=\"color: #ff0000;\"><strong>\u2022<\/strong> <\/span>Povratak kruzera u luku<br data-start=\"2288\" data-end=\"2291\" \/><span style=\"color: #ff0000;\"><strong>\u2022<\/strong> <\/span>Dolazak u hotel<\/p>\n<h3>\u2139\ufe0f Korisne informacije<\/h3>\n<p data-start=\"2438\" data-end=\"2649\"><strong><span style=\"color: #ff0000;\">\u2022<\/span> <\/strong>Trajanje: pribli\u017eno 4\u20136 sati (poludnevni obilazak)<br data-start=\"2483\" data-end=\"2486\" \/><strong><span style=\"color: #ff0000;\">\u2022<\/span> <\/strong>Niska do umjerena tjelesna aktivnost<br data-start=\"2521\" data-end=\"2524\" \/><strong><span style=\"color: #ff0000;\">\u2022<\/span> <\/strong>Djeca mla\u0111a od 5 godina putuju besplatno (bez posebnog sjedala)<br data-start=\"2573\" data-end=\"2576\" \/><strong><span style=\"color: #ff0000;\">\u2022<\/span> <\/strong>Vegetarijanski obroci dostupni na zahtjev<br data-start=\"2617\" data-end=\"2620\" \/><strong><span style=\"color: #ff0000;\">\u2022<\/span> <\/strong>Turneja ovisi o vremenskim prilikama<\/p>\n<p class=\"mhm-jue-external-link\">Saznajte vi\u0161e o odredi\u0161tu na <a href=\"https:\/\/en.wikipedia.org\/wiki\/Antalya\" target=\"_blank\" rel=\"noopener\">Antalya Wikipedija stranica<\/a>.<\/p>\n<h3>\ud83c\udf92 \u0160to ponijeti<\/h3>\n<p data-start=\"2673\" data-end=\"2797\"><strong><span style=\"color: #ff0000;\">\u2022<\/span> <\/strong>Udobna odje\u0107a<br data-start=\"2694\" data-end=\"2697\" \/><strong><span style=\"color: #ff0000;\">\u2022<\/span> <\/strong>Kupa\u0107i kostim i ru\u010dnik<br data-start=\"2717\" data-end=\"2720\" \/><strong><span style=\"color: #ff0000;\">\u2022<\/span> <\/strong>Krema za sun\u010danje i \u0161e\u0161ir<br data-start=\"2739\" data-end=\"2742\" \/><strong><span style=\"color: #ff0000;\">\u2022<\/span> <\/strong>Fotoaparat ili pametni telefon<br data-start=\"2764\" data-end=\"2767\" \/><strong><span style=\"color: #ff0000;\">\u2022<\/span> <\/strong>Gotovina za osobne potrebe<\/p>\n<h3>\ud83d\udeab Nije prikladno za<\/h3>\n<p data-start=\"2824\" data-end=\"2862\"><strong><span style=\"color: #ff0000;\">\u2022<\/span> <\/strong>Gosti s jakim morskom bole\u0161\u0107u<\/p>\n<h3>\ud83d\udcb8 Cijena i rezervacija<\/h3>\n<p data-start=\"2890\" data-end=\"3073\"><strong><span style=\"color: #ff0000;\">\u2022<\/span> <\/strong>Cijene mogu varirati ovisno o sezoni i dostupnosti<br data-start=\"2944\" data-end=\"2947\" \/><strong><span style=\"color: #ff0000;\">\u2022<\/span> <\/strong>Rezervirajte sada i platite na dan obilaska<br data-start=\"2988\" data-end=\"2991\" \/><strong><span style=\"color: #ff0000;\">\u2022<\/span> <\/strong>Kontaktirajte nas putem WhatsAppa, Telegr\u00e1ma ili Vibera, ili ispunite obrazac za rezervaciju ispod<\/p>","protected":false},"excerpt":{"rendered":"<p>Pridru\u017eite se izletu dubokomorskog ribolova iz Antalye. Uhvatite i ispecite vlastitu ribu, u\u017eivajte u doru\u010dku i ru\u010dku na brodu uz uklju\u010dene hotelske transfere.<\/p>","protected":false},"featured_media":11095,"comment_status":"open","ping_status":"closed","template":"","meta":{"_acf_changed":false},"product_brand":[],"product_cat":[32],"product_tag":[69],"class_list":{"0":"post-11103","1":"product","2":"type-product","3":"status-publish","4":"has-post-thumbnail","6":"product_cat-antalya","7":"product_tag-antalya","9":"first","10":"instock","11":"sale","12":"featured","13":"shipping-taxable","14":"purchasable","15":"product-type-ovabrw_car_rental"},"acf":[],"aioseo_notices":[],"_links":{"self":[{"href":"https:\/\/joinusexcursions.com\/hr\/wp-json\/wp\/v2\/product\/11103","targetHints":{"allow":["GET"]}}],"collection":[{"href":"https:\/\/joinusexcursions.com\/hr\/wp-json\/wp\/v2\/product"}],"about":[{"href":"https:\/\/joinusexcursions.com\/hr\/wp-json\/wp\/v2\/types\/product"}],"replies":[{"embeddable":true,"href":"https:\/\/joinusexcursions.com\/hr\/wp-json\/wp\/v2\/comments?post=11103"}],"wp:featuredmedia":[{"embeddable":true,"href":"https:\/\/joinusexcursions.com\/hr\/wp-json\/wp\/v2\/media\/11095"}],"wp:attachment":[{"href":"https:\/\/joinusexcursions.com\/hr\/wp-json\/wp\/v2\/media?parent=11103"}],"wp:term":[{"taxonomy":"product_brand","embeddable":true,"href":"https:\/\/joinusexcursions.com\/hr\/wp-json\/wp\/v2\/product_brand?post=11103"},{"taxonomy":"product_cat","embeddable":true,"href":"https:\/\/joinusexcursions.com\/hr\/wp-json\/wp\/v2\/product_cat?post=11103"},{"taxonomy":"product_tag","embeddable":true,"href":"https:\/\/joinusexcursions.com\/hr\/wp-json\/wp\/v2\/product_tag?post=11103"}],"curies":[{"name":"wp","href":"https:\/\/api.w.org\/{rel}","templated":true}]}}