{"id":11104,"date":"2025-12-14T19:31:52","date_gmt":"2025-12-14T16:31:52","guid":{"rendered":"https:\/\/joinusexcursions.com\/?post_type=product&#038;p=11104"},"modified":"2026-04-13T19:36:11","modified_gmt":"2026-04-13T16:36:11","slug":"belek-morski-ribolov","status":"publish","type":"product","link":"https:\/\/joinusexcursions.com\/hr\/tours\/belek-sea-fishing\/","title":{"rendered":"Jednodnevni ribolov na moru u Beleku - sve uklju\u010deno"},"content":{"rendered":"<p data-start=\"263\" data-end=\"423\">Rezervirajte Belek Fishing Tour i u\u017eivajte u mirnom ribolovu na pu\u010dini Mediterana. Doru\u010dak, ru\u010dak, oprema za ribolov i hotelski prijevoz uklju\u010deni.<\/p>\n<h2>Pregled ribolovne ture na moru u Beleku<\/h2>\n<p data-start=\"442\" data-end=\"738\">Pobjegnite od u\u017eurbane hotelske atmosfere i u\u017eivajte u mirnoj ribolovnoj avanturi uz Belek Fishing Tour. Pogodna za po\u010detnike i iskusne ribolovce, ova tura kombinira opu\u0161tanje, prirodu i sport. Provedite osvje\u017eavaju\u0107i dan na moru s iskusnim kapetanom koji \u0107e vas voditi do najboljih mjesta za ribolov.<\/p>\n<h3>\ud83c\udf1f<\/h3>\n<h3>Istaknute to\u010dke ture<\/h3>\n<p data-start=\"1074\" data-end=\"1370\"><strong><span style=\"color: #ff0000;\">\u2022<\/span> <\/strong>Stru\u010dno vodstvo profesionalnog kapetana ribolovaca<br data-start=\"1127\" data-end=\"1130\" \/><strong><span style=\"color: #ff0000;\">\u2022<\/span> <\/strong>Dubinski ribolov na dubinama od 30\u201360 metara<br data-start=\"1174\" data-end=\"1177\" \/><strong><span style=\"color: #ff0000;\">\u2022<\/span> <\/strong>Lovite razne vrste poput brancina, tune, lignji i hobotnica<br data-start=\"1240\" data-end=\"1243\" \/><strong><span style=\"color: #ff0000;\">\u2022<\/span> <\/strong>Plivajte i opustite se u kristalno \u010distom mediteranskom moru<br data-start=\"1297\" data-end=\"1300\" \/><strong><span style=\"color: #ff0000;\">\u2022<\/span> <\/strong>Osobno iskustvo u maloj grupi na tradicionalnom ribarskom brodu<\/p>\n<h2>\u0160to o\u010dekivati na izletu morskim ribolovom u Beleku<\/h2>\n<div data-start=\"1397\" data-end=\"1583\">Va\u0161 dan zapo\u010dinje preuzimanjem iz hotela u Beleku, nakon \u010dega slijedi prijevoz do marine. Upoznajte svog ljubaznog kapetana i posadu, a zatim krenite na more na tradicionalnom ribarskom brodu.<\/div>\n<div data-start=\"1585\" data-end=\"1849\">Iskusni kapetan \u0107e vas odvesti do najboljih ribolovnih mjesta, gdje \u0107ete loviti na dubinama od 30 do 60 metara koriste\u0107i visokokvalitetnu opremu. Bez obzira jeste li novi u ribolovu ili iskusni ribi\u010d, posada \u0107e osigurati uspje\u0161no i ugodno iskustvo.<\/div>\n<div data-start=\"1851\" data-end=\"2003\">Dok ste na moru, u\u017eivajte u ukusnom doru\u010dku i ru\u010dku poslu\u017eenim na brodu. Tako\u0111er \u0107ete imati priliku plivati i opustiti se u zadivljuju\u0107im mediteranskim vodama.<\/div>\n<div data-start=\"2005\" data-end=\"2145\">Nakon jutra provedenog u ribolovu, vratite se u marinu i u svoj hotel s nezaboravnim uspomenama i zadovoljstvom ulova.<\/div>\n<p class=\"mhm-jue-internal-links\">Tra\u017eite vi\u0161e avantura u okolici? Istra\u017eite na\u0161 potpuni popis <a href=\"\/hr\/odrediste\/belek-ture\/\">Belek ture<\/a> ili provjerite <a href=\"\/hr\/ture-2\/belek-land-of-legends-nocni-sou\/\">Land of Legends No\u0107ni Show iz Beleka<\/a> za jo\u0161 jedno nezaboravno iskustvo.<\/p>\n<h3>\ud83e\udded Putopisni plan<\/h3>\n<p data-start=\"2170\" data-end=\"2443\"><strong><span style=\"color: #ff0000;\">\u2022<\/span> <\/strong>06:45 \u2013 Pokupiti iz hotela u Beleku<br data-start=\"2207\" data-end=\"2210\" \/><strong><span style=\"color: #ff0000;\">\u2022<\/span> <\/strong>Upoznajte svog kapetana i posadu u marini<br data-start=\"2252\" data-end=\"2255\" \/><strong><span style=\"color: #ff0000;\">\u2022<\/span> <\/strong>Krenite na najbolja mjesta za ribolov u dubokom moru<br data-start=\"2308\" data-end=\"2311\" \/><strong><span style=\"color: #ff0000;\">\u2022<\/span> <\/strong>Doru\u010dak i ru\u010dak poslu\u017euju se na brodu<br data-start=\"2347\" data-end=\"2350\" \/><strong><span style=\"color: #ff0000;\">\u2022<\/span> <\/strong>Opcionalna kupanja i predasi za odmor<br data-start=\"2391\" data-end=\"2394\" \/><strong><span style=\"color: #ff0000;\">\u2022<\/span> <\/strong>Vratite se u luku i do hotela do podneva<\/p>\n<h3>\u2139\ufe0f Korisne informacije<\/h3>\n<p data-start=\"2472\" data-end=\"2611\"><strong><span style=\"color: #ff0000;\">\u2022<\/span> <\/strong>Trajanje: cca. 5\u20135,5 sati<br data-start=\"2503\" data-end=\"2506\" \/><strong><span style=\"color: #ff0000;\">\u2022<\/span> <\/strong>Jutarnja polijetanja svaki dan<br data-start=\"2532\" data-end=\"2535\" \/><strong><span style=\"color: #ff0000;\">\u2022<\/span> <\/strong>Nije potrebno iskustvo<br data-start=\"2559\" data-end=\"2562\" \/><strong><span style=\"color: #ff0000;\">\u2022<\/span> <\/strong>Mala grupna tura za ugodno iskustvo<\/p>\n<p class=\"mhm-jue-external-link\">Saznajte vi\u0161e o odredi\u0161tu na <a href=\"https:\/\/en.wikipedia.org\/wiki\/Belek\" target=\"_blank\" rel=\"noopener\">Belek Wikipedijina stranica<\/a>.<\/p>\n<h3>\ud83c\udf92 \u0160to ponijeti<\/h3>\n<p data-start=\"2635\" data-end=\"2752\"><strong><span style=\"color: #ff0000;\">\u2022<\/span> <\/strong>Udobna odje\u0107a<br data-start=\"2657\" data-end=\"2660\" \/><strong><span style=\"color: #ff0000;\">\u2022<\/span> <\/strong>Krema za sun\u010danje<br data-start=\"2671\" data-end=\"2674\" \/><strong><span style=\"color: #ff0000;\">\u2022<\/span> <\/strong>Fotoaparat ili pametni telefon<br data-start=\"2696\" data-end=\"2699\" \/><strong><span style=\"color: #ff0000;\">\u2022<\/span> <\/strong>Ru\u010dnik i kupa\u0107i kostim<br data-start=\"2719\" data-end=\"2722\" \/><strong><span style=\"color: #ff0000;\">\u2022<\/span> <\/strong>Gotovina za osobne potrebe<\/p>\n<h3>\ud83d\udeab Nije prikladno za<\/h3>\n<p data-start=\"2779\" data-end=\"2836\"><strong><span style=\"color: #ff0000;\">\u2022<\/span> <\/strong>Trudnice<br data-start=\"2795\" data-end=\"2798\" \/><strong><span style=\"color: #ff0000;\">\u2022<\/span> <\/strong>Gosti s jakim morskom bole\u0161\u0107u<\/p>\n<h3>\ud83d\udcb8 Cijena i rezervacija<\/h3>\n<p data-start=\"2864\" data-end=\"3045\"><strong><span style=\"color: #ff0000;\">\u2022<\/span> <\/strong>Cijene mogu varirati ovisno o sezoni i veli\u010dini grupe<br data-start=\"2916\" data-end=\"2919\" \/><strong><span style=\"color: #ff0000;\">\u2022<\/span> <\/strong>Rezervirajte sada i platite na dan obilaska<br data-start=\"2960\" data-end=\"2963\" \/><strong><span style=\"color: #ff0000;\">\u2022<\/span> <\/strong>Kontaktirajte nas putem WhatsAppa, Telegr\u00e1ma ili Vibera, ili ispunite obrazac za rezervaciju ispod<\/p>","protected":false},"excerpt":{"rendered":"<p>Pridru\u017eite se izletu na dubokomorski ribolov iz Belek. U\u017eivajte u ribolovu, plivanju u Sredozemnom moru i ukusnom doru\u010dku i ru\u010dku na brodu s uklju\u010denim hotelskim prijevozom.<\/p>","protected":false},"featured_media":11095,"comment_status":"open","ping_status":"closed","template":"","meta":{"_acf_changed":false},"product_brand":[],"product_cat":[43],"product_tag":[66],"class_list":{"0":"post-11104","1":"product","2":"type-product","3":"status-publish","4":"has-post-thumbnail","6":"product_cat-belek","7":"product_tag-belek","9":"first","10":"instock","11":"sale","12":"featured","13":"shipping-taxable","14":"purchasable","15":"product-type-ovabrw_car_rental"},"acf":[],"aioseo_notices":[],"_links":{"self":[{"href":"https:\/\/joinusexcursions.com\/hr\/wp-json\/wp\/v2\/product\/11104","targetHints":{"allow":["GET"]}}],"collection":[{"href":"https:\/\/joinusexcursions.com\/hr\/wp-json\/wp\/v2\/product"}],"about":[{"href":"https:\/\/joinusexcursions.com\/hr\/wp-json\/wp\/v2\/types\/product"}],"replies":[{"embeddable":true,"href":"https:\/\/joinusexcursions.com\/hr\/wp-json\/wp\/v2\/comments?post=11104"}],"wp:featuredmedia":[{"embeddable":true,"href":"https:\/\/joinusexcursions.com\/hr\/wp-json\/wp\/v2\/media\/11095"}],"wp:attachment":[{"href":"https:\/\/joinusexcursions.com\/hr\/wp-json\/wp\/v2\/media?parent=11104"}],"wp:term":[{"taxonomy":"product_brand","embeddable":true,"href":"https:\/\/joinusexcursions.com\/hr\/wp-json\/wp\/v2\/product_brand?post=11104"},{"taxonomy":"product_cat","embeddable":true,"href":"https:\/\/joinusexcursions.com\/hr\/wp-json\/wp\/v2\/product_cat?post=11104"},{"taxonomy":"product_tag","embeddable":true,"href":"https:\/\/joinusexcursions.com\/hr\/wp-json\/wp\/v2\/product_tag?post=11104"}],"curies":[{"name":"wp","href":"https:\/\/api.w.org\/{rel}","templated":true}]}}