{"id":11106,"date":"2025-12-14T19:44:44","date_gmt":"2025-12-14T16:44:44","guid":{"rendered":"https:\/\/joinusexcursions.com\/?post_type=product&#038;p=11106"},"modified":"2026-04-18T03:36:54","modified_gmt":"2026-04-18T00:36:54","slug":"side-morski-ribolov","status":"publish","type":"product","link":"https:\/\/joinusexcursions.com\/hr\/tours\/side-sea-fishing\/","title":{"rendered":"Izlet ribolovom na moru \u2013 sve uklju\u010deno"},"content":{"rendered":"<p data-start=\"312\" data-end=\"478\">Rezervirajte ribolovni izlet na stranu i u\u017eivajte u opu\u0161taju\u0107em poludnevnom mediteranskom izletu s ribolovom, kupanjem i vodstvom stru\u010dnog kapetana. Uklju\u010dena oprema i hotelski prijevoz.<\/p>\n<h2>Pregled turneje ribolova u bo\u010dnom moru<\/h2>\n<p data-start=\"497\" data-end=\"868\">Do\u017eivite u\u017eitak ribolova u pjenu\u0161avom plavetnilu Sredozemnog mora uz \"Side Fishing Trip\". Ova poludnevna avantura kombinira ribolov, opu\u0161tanje i slikovitu vo\u017enju brodicom za ribolov od 10 metara. Idealno za po\u010detnike, iskusne ribolovce ili goste koji jednostavno \u017eele u\u017eivati u opu\u0161tanju, sun\u010danju i kupanju. Ukupno trajanje je pribli\u017eno 5 sati, uklju\u010duju\u0107i transfere.<\/p>\n<h3>\ud83c\udf1f Istaknuto<\/h3>\n<p data-start=\"1263\" data-end=\"1538\"><span style=\"color: #ff0000;\"><strong>\u2022<\/strong> <\/span>Autenti\u010dno ribolovno iskustvo na malom brodu (maks. 12 gostiju)<br data-start=\"1326\" data-end=\"1329\" \/><span style=\"color: #ff0000;\"><strong>\u2022<\/strong> <\/span>Vo\u0111eni od strane profesionalnog lokalnog ribara<br data-start=\"1371\" data-end=\"1374\" \/><span style=\"color: #ff0000;\"><strong>\u2022<\/strong> <\/span>Ribolov na 30\u201360 metara pomo\u0107u sonarne tehnologije<br data-start=\"1422\" data-end=\"1425\" \/><span style=\"color: #ff0000;\"><strong>\u2022<\/strong> <\/span>Opu\u0161tena atmosfera s pauzama za kupanje i sun\u010danje<br data-start=\"1481\" data-end=\"1484\" \/><span style=\"color: #ff0000;\"><strong>\u2022<\/strong> <\/span>Jutarnja i poslijepodnevna opcija ture dostupne svakodnevno<\/p>\n<h2>\u0160to o\u010dekivati na izletu ribolova na moru<\/h2>\n<p data-start=\"1565\" data-end=\"1812\">Va\u0161a ribolovna avantura zapo\u010dinje udobnim prijevozom iz va\u0161eg hotela u regiji Side do luke. Po dolasku \u0107e vas do\u010dekati ljubazni kapetan i dobiti \u0107ete kratko uputstvo o ribolovnoj opremi, ruti i sigurnosnim pravilima.<\/p>\n<p data-start=\"1814\" data-end=\"2031\">Brod zatim kre\u0107e prema bogatim ribolovnim podru\u010djima u blizini Karalaja ili Otoka dupina. Provedite 3-4 ugodna sata pecaju\u0107i u mirnim mediteranskim vodama, bez obzira jeste li prvi put zabacili udicu ili ste ve\u0107 iskusni.<\/p>\n<p data-start=\"2033\" data-end=\"2268\">Tijekom jutarnje ture, na brodu se poslu\u017euje lagani doru\u010dak. Svi gosti mogu u\u017eivati u osvje\u017eavaju\u0107em kupanju u kristalno \u010distom moru. Nakon opu\u0161taju\u0107eg i ugodnog vremena provedenog na moru, povratak je u luku Side i prijevoz natrag do va\u0161eg hotela.<\/p>\n<p class=\"mhm-jue-internal-links\">Tra\u017eite vi\u0161e avantura u okolici? Istra\u017eite na\u0161 potpuni popis <a href=\"\/hr\/odrediste\/side-ture\/\">Side ture<\/a> ili provjerite <a href=\"\/hr\/ture-2\/side-land-of-legends-nocni-sou\/\">Legende Zemlje No\u0107na Predstava iz Sidea<\/a> za jo\u0161 jedno nezaboravno iskustvo.<\/p>\n<h3>\ud83e\udded Putopisni plan<\/h3>\n<p data-start=\"2293\" data-end=\"2583\"><span style=\"color: #ff0000;\"><strong>\u2022<\/strong> <\/span>Preuzimanje iz hotela u regiji Side<br data-start=\"2332\" data-end=\"2335\" \/><span style=\"color: #ff0000;\"><strong>\u2022<\/strong> <\/span>Dolazak u luku Side i dobrodo\u0161lica kapetana<br data-start=\"2387\" data-end=\"2390\" \/><span style=\"color: #ff0000;\"><strong>\u2022<\/strong> <\/span>Kratki osvrt na ribolovna podru\u010dja i opremu<br data-start=\"2437\" data-end=\"2440\" \/><span style=\"color: #ff0000;\"><strong>\u2022<\/strong> <\/span>3\u20134 sata ribolova i razonode na moru<br data-start=\"2481\" data-end=\"2484\" \/><span style=\"color: #ff0000;\"><strong>\u2022<\/strong> <\/span>Lagani doru\u010dak (jutarnji obilazak) i pauza za kupanje<br data-start=\"2535\" data-end=\"2538\" \/><span style=\"color: #ff0000;\"><strong>\u2022<\/strong> <\/span>Vratite se na Sporednu luku<br data-start=\"2562\" data-end=\"2565\" \/><span style=\"color: #ff0000;\"><strong>\u2022<\/strong> <\/span>Dolazak u hotel<\/p>\n<h3>\u2139\ufe0f Korisne informacije<\/h3>\n<p data-start=\"2612\" data-end=\"2838\"><span style=\"color: #ff0000;\"><strong>\u2022<\/strong> <\/span>Trajanje: pribli\u017eno 5 sati (uklju\u010duju\u0107i prijevoz)<br data-start=\"2661\" data-end=\"2664\" \/><span style=\"color: #ff0000;\"><strong>\u2022<\/strong> <\/span>Kapacitet broda: do 12 gostiju<br data-start=\"2696\" data-end=\"2699\" \/><span style=\"color: #ff0000;\"><strong>\u2022<\/strong> <\/span>Nije potrebno prethodno ribolovno iskustvo<br data-start=\"2731\" data-end=\"2734\" \/><span style=\"color: #ff0000;\"><strong>\u2022<\/strong> <\/span>Dodatna usluga \u010di\u0161\u0107enja i pripreme ribe za jelo (5 \u20ac po osobi)<br data-start=\"2794\" data-end=\"2797\" \/><span style=\"color: #ff0000;\"><strong>\u2022<\/strong> <\/span>Dva dnevna polaska: 08:00 i 15:00<\/p>\n<p class=\"mhm-jue-external-link\">Saznajte vi\u0161e o odredi\u0161tu na <a href=\"https:\/\/en.wikipedia.org\/wiki\/Side,_Turkey\" target=\"_blank\" rel=\"noopener\">Side, Turska stranica na Wikipediji<\/a>.<\/p>\n<h3>\ud83c\udf92 \u0160to ponijeti<\/h3>\n<p data-start=\"2635\" data-end=\"2752\"><strong><span style=\"color: #ff0000;\">\u2022<\/span> <\/strong>Udobna odje\u0107a<br data-start=\"2657\" data-end=\"2660\" \/><strong><span style=\"color: #ff0000;\">\u2022<\/span> <\/strong>Krema za sun\u010danje<br data-start=\"2671\" data-end=\"2674\" \/><strong><span style=\"color: #ff0000;\">\u2022<\/span> <\/strong>Fotoaparat ili pametni telefon<br data-start=\"2696\" data-end=\"2699\" \/><strong><span style=\"color: #ff0000;\">\u2022<\/span> <\/strong>Ru\u010dnik i kupa\u0107i kostim<br data-start=\"2719\" data-end=\"2722\" \/><strong><span style=\"color: #ff0000;\">\u2022<\/span> <\/strong>Gotovina za osobne potrebe<\/p>\n<h3>\ud83d\udeab Nije prikladno za<\/h3>\n<p data-start=\"2779\" data-end=\"2836\"><strong><span style=\"color: #ff0000;\">\u2022<\/span> <\/strong>Trudnice<br data-start=\"2795\" data-end=\"2798\" \/><strong><span style=\"color: #ff0000;\">\u2022<\/span> <\/strong>Gosti s jakim morskom bole\u0161\u0107u<\/p>\n<h3>\ud83d\udcb8 Cijena i rezervacija<\/h3>\n<p data-start=\"2864\" data-end=\"3045\"><strong><span style=\"color: #ff0000;\">\u2022<\/span> <\/strong>Cijene mogu varirati ovisno o sezoni i veli\u010dini grupe<br data-start=\"2916\" data-end=\"2919\" \/><strong><span style=\"color: #ff0000;\">\u2022<\/span> <\/strong>Rezervirajte sada i platite na dan obilaska<br data-start=\"2960\" data-end=\"2963\" \/><strong><span style=\"color: #ff0000;\">\u2022<\/span> <\/strong>Kontaktirajte nas putem WhatsAppa, Telegr\u00e1ma ili Vibera, ili ispunite obrazac za rezervaciju ispod<\/p>","protected":false},"excerpt":{"rendered":"<p>U\u017eivajte u Side ribolovnom izletu na Mediteranu s kupanjem, vo\u0111enjem iskusnog kapetana i uklju\u010denom opremom. Opu\u0161taju\u0107a poludnevna tura s hotelskim prijevozom.<\/p>","protected":false},"featured_media":11095,"comment_status":"open","ping_status":"closed","template":"","meta":{"_acf_changed":false},"product_brand":[],"product_cat":[46],"product_tag":[66],"class_list":{"0":"post-11106","1":"product","2":"type-product","3":"status-publish","4":"has-post-thumbnail","6":"product_cat-side","7":"product_tag-belek","9":"first","10":"instock","11":"sale","12":"featured","13":"shipping-taxable","14":"purchasable","15":"product-type-ovabrw_car_rental"},"acf":[],"aioseo_notices":[],"_links":{"self":[{"href":"https:\/\/joinusexcursions.com\/hr\/wp-json\/wp\/v2\/product\/11106","targetHints":{"allow":["GET"]}}],"collection":[{"href":"https:\/\/joinusexcursions.com\/hr\/wp-json\/wp\/v2\/product"}],"about":[{"href":"https:\/\/joinusexcursions.com\/hr\/wp-json\/wp\/v2\/types\/product"}],"replies":[{"embeddable":true,"href":"https:\/\/joinusexcursions.com\/hr\/wp-json\/wp\/v2\/comments?post=11106"}],"wp:featuredmedia":[{"embeddable":true,"href":"https:\/\/joinusexcursions.com\/hr\/wp-json\/wp\/v2\/media\/11095"}],"wp:attachment":[{"href":"https:\/\/joinusexcursions.com\/hr\/wp-json\/wp\/v2\/media?parent=11106"}],"wp:term":[{"taxonomy":"product_brand","embeddable":true,"href":"https:\/\/joinusexcursions.com\/hr\/wp-json\/wp\/v2\/product_brand?post=11106"},{"taxonomy":"product_cat","embeddable":true,"href":"https:\/\/joinusexcursions.com\/hr\/wp-json\/wp\/v2\/product_cat?post=11106"},{"taxonomy":"product_tag","embeddable":true,"href":"https:\/\/joinusexcursions.com\/hr\/wp-json\/wp\/v2\/product_tag?post=11106"}],"curies":[{"name":"wp","href":"https:\/\/api.w.org\/{rel}","templated":true}]}}