{"id":11120,"date":"2025-12-15T13:41:16","date_gmt":"2025-12-15T10:41:16","guid":{"rendered":"https:\/\/joinusexcursions.com\/?post_type=product&#038;p=11120"},"modified":"2026-04-13T19:27:11","modified_gmt":"2026-04-13T16:27:11","slug":"side-rafting-kanjon-koprulu","status":"publish","type":"product","link":"https:\/\/joinusexcursions.com\/hr\/tours\/side-rafting-koprulu-canyon\/","title":{"rendered":"Rafting tura u kanjonu K\u00f6pr\u00fcl\u00fc iz Sidea \u2014 s ru\u010dkom"},"content":{"rendered":"<p data-start=\"3607\" data-end=\"3767\">Do\u017eivite nezaboravnu rafting avanturu iz Sidea u kanjonu K\u00f6pr\u00fcl\u00fc. U\u017eivajte u uzbudljivim brzacima, stankama za kupanje i zadivljuju\u0107oj prirodi na cjelodnevnoj rije\u010dnoj turi.<\/p>\n<h2>Pregled splavarenja kanjonom K\u00f6pr\u00fcl\u00fc<\/h2>\n<p data-start=\"3786\" data-end=\"4042\">Pobjegnite u prirodu na izlet raftinga na divljim vodama iz Sidea, Kumk\u00f6ya, Evrensekija, \u00c7olakl\u0131a i Manavgata. U\u017eivajte u 14 km dugoj rafting ruti s uzbudljivim brzacima, mjestima za plivanje, opcionalnim aktivnostima i ru\u010dkom uz rijeku \u2014 savr\u0161eno za po\u010detnike i ljubitelje avanture.<\/p>\n<h3>\ud83c\udf1f Istaknuto<\/h3>\n<p data-start=\"1189\" data-end=\"1465\"><span style=\"color: #ff0000;\"><strong>\u2022<\/strong> <\/span>Rafting ruta od 14 km s 10 uzbudljivih brzaca<br data-start=\"1234\" data-end=\"1237\" \/><span style=\"color: #ff0000;\"><strong>\u2022<\/strong> <\/span>Plivajte u mirnim rije\u010dnim dijelovima okru\u017eeni prirodom<br data-start=\"1287\" data-end=\"1290\" \/><span style=\"color: #ff0000;\"><strong>\u2022<\/strong> <\/span>Profesionalni vodi\u010di i puna sigurnosna oprema<br data-start=\"1337\" data-end=\"1340\" \/><span style=\"color: #ff0000;\"><strong>\u2022<\/strong> <\/span>Pogledi blizu starih rimskih mostova<br data-start=\"1374\" data-end=\"1377\" \/><span style=\"color: #ff0000;\"><strong>\u2022<\/strong> <\/span>Neobvezni zipline i avanturisti\u010dki zastanci<br data-start=\"1415\" data-end=\"1418\" \/><span style=\"color: #ff0000;\"><strong>\u2022<\/strong> <\/span>Zabavan i siguran rafting, pogodan za po\u010detnike<\/p>\n<h2>\u0160to o\u010dekivati na raftingu na K\u00f6pr\u00fcl\u00fc kanjonu<\/h2>\n<div data-start=\"4653\" data-end=\"4877\">Va\u0161 dan raftinga po\u010dinje preuzimanjem iz va\u0161eg hotela u Sideu ili obli\u017enjim podru\u010djima, nakon \u010dega slijedi prijevoz do kanjona K\u00f6pr\u00fcl\u00fc. U baznom kampu, profesionalni vodi\u010di odr\u017eavaju sigurnosni brifing i dijele svu potrebnu opremu.<\/div>\n<div data-start=\"4879\" data-end=\"5099\">U\u017eivajte u uzbudljivom raftingu na 14 km dugoj rijeci s 10 brzaca, uravnote\u017eenih mirnim dijelovima za plivanje i opu\u0161tanje. Okolne kanjonske scene i svje\u017ei zrak \u010dine avanturu jo\u0161 nezaboravnijom.<\/div>\n<div data-start=\"5101\" data-end=\"5304\">Tijekom ture, zaustavite se na pi\u0107u i grickalicama (opcionalno) te u\u017eivajte u avanturisti\u010dkom zaustavljanju sa zip-lineom i mogu\u0107no\u0161\u0107u ronjenja (uz nadoplatu). Nakon ukusnog ru\u010dka uz rijeku, nastavite s raftingom do ciljne to\u010dke.<\/div>\n<div data-start=\"5306\" data-end=\"5403\">Na kraju ture, pogledajte svoj video rafting ili pregledajte fotografije prije povratka u hotel.<\/div>\n<p class=\"mhm-jue-internal-links\">Tra\u017eite vi\u0161e avantura u okolici? Istra\u017eite na\u0161 potpuni popis <a href=\"\/hr\/odrediste\/side-ture\/\">Side ture<\/a> ili provjerite <a href=\"\/hr\/ture-2\/side-tazi-kanjon-rafting\/\">Rafting i \u0111ip safari tura kanjonom Side Taz\u0131<\/a> za jo\u0161 jedno nezaboravno iskustvo.<\/p>\n<h3>\ud83e\udded Putopisni plan<\/h3>\n<p data-start=\"2348\" data-end=\"2661\"><span style=\"color: #ff0000;\"><strong>\u2022<\/strong> <\/span>Pokupiti iz hotela u Sideu i okolici<br data-start=\"2397\" data-end=\"2400\" \/><span style=\"color: #ff0000;\"><strong>\u2022<\/strong> <\/span>Dolazak u bazni kamp kanjona K\u00f6pr\u00fcl\u00fc<br data-start=\"2437\" data-end=\"2440\" \/><span style=\"color: #ff0000;\"><strong>\u2022<\/strong> <\/span>Sigurnosni brifing i podjela opreme<br data-start=\"2484\" data-end=\"2487\" \/><span style=\"color: #ff0000;\"><strong>\u2022<\/strong> <\/span>Rafting na 14 km dugoj ruti s pauzama za kupanje<br data-start=\"2534\" data-end=\"2537\" \/><span style=\"color: #ff0000;\"><strong>\u2022<\/strong> <\/span>Opcionalni zaustavni punkt za zip line i aktivnosti<br data-start=\"2573\" data-end=\"2576\" \/><span style=\"color: #ff0000;\"><strong>\u2022<\/strong> <\/span>Ru\u010dak kraj rijeke<br data-start=\"2593\" data-end=\"2596\" \/><span style=\"color: #ff0000;\"><strong>\u2022<\/strong> <\/span>Nastavi raftom do cilja<br data-start=\"2630\" data-end=\"2633\" \/><span style=\"color: #ff0000;\"><strong>\u2022<\/strong> <\/span>Povratni transfer do hotela<\/p>\n<h3>\u2139\ufe0f Korisne informacije<\/h3>\n<p data-start=\"2690\" data-end=\"2913\"><span style=\"color: #ff0000;\"><strong>\u2022<\/strong> <\/span>Kapacitet splavi: uklju\u010dene splavi za 10 osoba<br data-start=\"2731\" data-end=\"2734\" \/><span style=\"color: #ff0000;\"><strong>\u2022<\/strong> <\/span>Dvosjedni splav dostupan uz dodatnu naknadu<br data-start=\"2776\" data-end=\"2779\" \/><span style=\"color: #ff0000;\"><strong>\u2022<\/strong> <\/span>Nije potrebno iskustvo u raftingu<br data-start=\"2811\" data-end=\"2814\" \/><span style=\"color: #ff0000;\"><strong>\u2022<\/strong> <\/span>Prikladno za obitelji i ljubitelje avantura<br data-start=\"2859\" data-end=\"2862\" \/><span style=\"color: #ff0000;\"><strong>\u2022<\/strong> <\/span>Program putovanja mo\u017ee se mijenjati ovisno o vremenskim uvjetima<\/p>\n<p class=\"mhm-jue-external-link\">Saznajte vi\u0161e o odredi\u0161tu na <a href=\"https:\/\/en.wikipedia.org\/wiki\/K%C3%B6pr%C3%BCl%C3%BC_Canyon_National_Park\" target=\"_blank\" rel=\"noopener\">Nacionalni park kanjon K\u00f6pr\u00fcl\u00fc Wikipedia stranica<\/a>.<\/p>\n<h3>\ud83c\udf92 \u0160to ponijeti<\/h3>\n<p data-start=\"2937\" data-end=\"3060\"><span style=\"color: #ff0000;\"><strong>\u2022<\/strong> <\/span>Kupa\u0107i kostim i ru\u010dnik<br data-start=\"2957\" data-end=\"2960\" \/><span style=\"color: #ff0000;\"><strong>\u2022<\/strong> <\/span>Udobne cipele (mogu se smo\u010diti)<br data-start=\"2993\" data-end=\"2996\" \/><span style=\"color: #ff0000;\"><strong>\u2022<\/strong> <\/span>Krema za sun\u010danje<br data-start=\"3007\" data-end=\"3010\" \/><span style=\"color: #ff0000;\"><strong>\u2022<\/strong> <\/span>Dodatna odje\u0107a<br data-start=\"3025\" data-end=\"3028\" \/><span style=\"color: #ff0000;\"><strong>\u2022<\/strong> <\/span>Novac za neobavezne aktivnosti<\/p>\n<h3>\ud83d\udeab Nije prikladno za<\/h3>\n<p data-start=\"3087\" data-end=\"3147\"><span style=\"color: #ff0000;\"><strong>\u2022<\/strong> <\/span>Trudnice<br data-start=\"3103\" data-end=\"3106\" \/><span style=\"color: #ff0000;\"><strong>\u2022<\/strong> <\/span>Gosti s ozbiljnim problemima s pokretljivo\u0161\u0107u<\/p>\n<h3>\ud83d\udcb8 Cijena i rezervacija<\/h3>\n<p data-start=\"3175\" data-end=\"3349\"><span style=\"color: #ff0000;\"><strong>\u2022<\/strong> <\/span>Cijene variraju ovisno o sezoni i opcijama<br data-start=\"3220\" data-end=\"3223\" \/><span style=\"color: #ff0000;\"><strong>\u2022<\/strong> <\/span>Rezervirajte sada i platite na dan obilaska<br data-start=\"3264\" data-end=\"3267\" \/><span style=\"color: #ff0000;\"><strong>\u2022<\/strong> <\/span>Kontaktirajte nas putem WhatsAppa, Telegr\u00e1ma ili Vibera, ili ispunite obrazac za rezervaciju ispod<\/p>","protected":false},"excerpt":{"rendered":"<p>U\u017eivajte u raftingu iz Sidea u kanjonu K\u00f6pr\u00fcl\u00fc. Veslajte kroz 10 brzaca na ruti dugoj 14 km, plivajte, u\u017eivajte u ru\u010dku i hotelskom prijevozu uklju\u010denom u cijenu.<\/p>","protected":false},"featured_media":11122,"comment_status":"open","ping_status":"closed","template":"","meta":{"_acf_changed":false},"product_brand":[],"product_cat":[46],"product_tag":[68],"class_list":{"0":"post-11120","1":"product","2":"type-product","3":"status-publish","4":"has-post-thumbnail","6":"product_cat-side","7":"product_tag-side","9":"first","10":"instock","11":"sale","12":"featured","13":"shipping-taxable","14":"purchasable","15":"product-type-ovabrw_car_rental"},"acf":[],"aioseo_notices":[],"_links":{"self":[{"href":"https:\/\/joinusexcursions.com\/hr\/wp-json\/wp\/v2\/product\/11120","targetHints":{"allow":["GET"]}}],"collection":[{"href":"https:\/\/joinusexcursions.com\/hr\/wp-json\/wp\/v2\/product"}],"about":[{"href":"https:\/\/joinusexcursions.com\/hr\/wp-json\/wp\/v2\/types\/product"}],"replies":[{"embeddable":true,"href":"https:\/\/joinusexcursions.com\/hr\/wp-json\/wp\/v2\/comments?post=11120"}],"wp:featuredmedia":[{"embeddable":true,"href":"https:\/\/joinusexcursions.com\/hr\/wp-json\/wp\/v2\/media\/11122"}],"wp:attachment":[{"href":"https:\/\/joinusexcursions.com\/hr\/wp-json\/wp\/v2\/media?parent=11120"}],"wp:term":[{"taxonomy":"product_brand","embeddable":true,"href":"https:\/\/joinusexcursions.com\/hr\/wp-json\/wp\/v2\/product_brand?post=11120"},{"taxonomy":"product_cat","embeddable":true,"href":"https:\/\/joinusexcursions.com\/hr\/wp-json\/wp\/v2\/product_cat?post=11120"},{"taxonomy":"product_tag","embeddable":true,"href":"https:\/\/joinusexcursions.com\/hr\/wp-json\/wp\/v2\/product_tag?post=11120"}],"curies":[{"name":"wp","href":"https:\/\/api.w.org\/{rel}","templated":true}]}}