{"id":11123,"date":"2025-12-15T15:00:22","date_gmt":"2025-12-15T12:00:22","guid":{"rendered":"https:\/\/joinusexcursions.com\/?post_type=product&#038;p=11123"},"modified":"2026-04-18T04:02:51","modified_gmt":"2026-04-18T01:02:51","slug":"belek-demre-myra-kekova","status":"publish","type":"product","link":"https:\/\/joinusexcursions.com\/hr\/tours\/belek-demre-myra-kekova\/","title":{"rendered":"Demre Myra, Kekova tura iz Beleka"},"content":{"rendered":"<p data-start=\"347\" data-end=\"505\">Istra\u017eite drevna \u010duda Likije na cjelodnevnom izletu iz Beleka. Krstarite potopljenim gradom Kekove, posjetite ru\u0161evine Mire i otkrijte Crkvu sv. Nikole.<\/p>\n<h2>\ud83c\udf0d Pregled Belek Demre Myra Kekova<\/h2>\n<p data-start=\"524\" data-end=\"822\">Krenite na putovanje kroz vrijeme na cjelodnevno kulturno putovanje iz Beleka, Kadriye i Bo\u011fazkenta u srce drevne Likije. Posjetite kamene grobnice i rimsko kazali\u0161te Mire, istra\u017eite Crkvu sv. Nikole u Demreu i u\u017eivajte u krstarenju brodom sa staklenim dnom do potopljenog grada Kekove s pauzom za kupanje.<\/p>\n<h3>\ud83c\udf1f Istaknuto<\/h3>\n<p data-start=\"1234\" data-end=\"1519\"><span style=\"color: #ff0000;\"><strong>\u2022<\/strong> <\/span>Otkrijte drevnu Likijsku regiju<br data-start=\"1270\" data-end=\"1273\" \/><span style=\"color: #ff0000;\"><strong>\u2022<\/strong> <\/span>Krstarenje jahtom sa staklenim dnom do potopljenog grada Kekova<br data-start=\"1322\" data-end=\"1325\" \/><span style=\"color: #ff0000;\"><strong>\u2022<\/strong> <\/span>Posjetite Crkvu sv. Nikole (Djeda Mraza)<br data-start=\"1373\" data-end=\"1376\" \/><span style=\"color: #ff0000;\"><strong>\u2022<\/strong> <\/span>Istra\u017eite stijenske grobnice i rimsko kazali\u0161te u Myri<br data-start=\"1419\" data-end=\"1422\" \/><span style=\"color: #ff0000;\"><strong>\u2022<\/strong> <\/span>Plivajte u kristalno \u010distim mediteranskim vodama<br data-start=\"1466\" data-end=\"1469\" \/><span style=\"color: #ff0000;\"><strong>\u2022<\/strong> <\/span>Scenski vo\u017enja obalom i bezbri\u017eni transferi<\/p>\n<h2>\u0160to o\u010dekivati na Belek Demre Myra Kekova<\/h2>\n<div data-start=\"1546\" data-end=\"1705\">Va\u0161 dan zapo\u010dinje udobnim preuzimanjem iz va\u0161eg hotela u Beleku ili okolnim podru\u010djima. U\u017eivajte u slikovitoj vo\u017enji du\u017e obale prema drevnim zemljama Likije.<\/div>\n<div data-start=\"1707\" data-end=\"1882\">Prva stanica je <strong data-start=\"1725\" data-end=\"1733\">Mira<\/strong>, jedan od najva\u017enijih likijskih gradova. Ovdje istra\u017eite impresivne grobnice uklesane u stijene i ostatke velikog gr\u010dko-rimskog kazali\u0161ta.<\/div>\n<div data-start=\"1884\" data-end=\"2088\">Nastavi <strong data-start=\"1896\" data-end=\"1905\">Demre<\/strong> za posjetiti <strong data-start=\"1919\" data-end=\"1945\">Crkva sv. Nikole<\/strong>, izgra\u0111eno nad grobom sveca iz 4. stolje\u0107a koji je nadahnuo legendu o Djedu Bo\u017ei\u0107njaku. Saznajte o njegovom \u017eivotu i povijesnom zna\u010daju.<\/div>\n<div data-start=\"2090\" data-end=\"2452\">Nakon ukusnog lokalnog ru\u010dka, uputite se prema <strong data-start=\"2129\" data-end=\"2147\">Luka \u00c7aya\u011fz\u0131<\/strong> i ukrcaj se na privatnu jahtu sa staklenim dnom u stilu akvarija. Zaplovite prema <strong data-start=\"2217\" data-end=\"2234\">Otok Kek<\/strong> i diviti se misterioznim ru\u0161evinama <strong data-start=\"2274\" data-end=\"2289\">potopljeni grad<\/strong>, djelomi\u010dno potonuli nakon drevnog potresa. Promatrajte podvodne ostatke kroz staklene panele jahte i u\u017eivajte u pogledu na <strong data-start=\"2419\" data-end=\"2436\">Dvorac Simena<\/strong> na vrhu brda.<\/div>\n<div data-start=\"2454\" data-end=\"2631\">Prije povratka, osvje\u017eite se kupanjem u tirkiznom mediteranskom moru. Na kraju, opustite se na putu natrag do svog hotela s nezaboravnim uspomenama na povijest i prirodu.<\/div>\n<p class=\"mhm-jue-internal-links\">Tra\u017eite vi\u0161e avantura u okolici? Istra\u017eite na\u0161 potpuni popis <a href=\"\/hr\/odrediste\/belek-ture\/\">Belek ture<\/a> ili provjerite <a href=\"\/hr\/ture-2\/belek-land-of-legends-nocni-sou\/\">Land of Legends No\u0107ni Show iz Beleka<\/a> za jo\u0161 jedno nezaboravno iskustvo.<\/p>\n<h3>\ud83e\udded Putopisni plan<\/h3>\n<p data-start=\"2656\" data-end=\"2969\"><span style=\"color: #ff0000;\"><strong>\u2022<\/strong> <\/span>Polazak iz hotela u Beleku i okolnim podru\u010djima<br data-start=\"2705\" data-end=\"2708\" \/><span style=\"color: #ff0000;\"><strong>\u2022<\/strong> <\/span>Slikovita vo\u017enja do Myre<br data-start=\"2730\" data-end=\"2733\" \/><span style=\"color: #ff0000;\"><strong>\u2022<\/strong> <\/span>Posjetite grobnice kralja Midas u \u010darobnoj dolini Frigije<br data-start=\"2774\" data-end=\"2777\" \/><span style=\"color: #ff0000;\"><strong>\u2022<\/strong> <\/span>Demre \u2013 Crkva sv. Nikole<br data-start=\"2809\" data-end=\"2812\" \/><span style=\"color: #ff0000;\"><strong>\u2022<\/strong> <\/span>Ru\u010dak u lokalnom restoranu<br data-start=\"2841\" data-end=\"2844\" \/><span style=\"color: #ff0000;\"><strong>\u2022<\/strong> <\/span>Vo\u017enja jahtom s podom od stakla iz \u00c7aya\u011fz\u0131ja<br data-start=\"2884\" data-end=\"2887\" \/><span style=\"color: #ff0000;\"><strong>\u2022<\/strong> <\/span>Razgledavanje Kekove potonule metropole<br data-start=\"2919\" data-end=\"2922\" \/><span style=\"color: #ff0000;\"><strong>\u2022<\/strong> <\/span>Pauza za plivanje<br data-start=\"2938\" data-end=\"2941\" \/><span style=\"color: #ff0000;\"><strong>\u2022<\/strong> <\/span>Povratni transfer do hotela<\/p>\n<h3>\u2139\ufe0f Korisne informacije<\/h3>\n<p data-start=\"2998\" data-end=\"3153\"><span style=\"color: #ff0000;\"><strong>\u2022<\/strong> <\/span>Cjelodnevni obilazak<br data-start=\"3013\" data-end=\"3016\" \/><span style=\"color: #ff0000;\"><strong>\u2022<\/strong> <\/span>Trajanje krstarenja jahtom: cca 2,5 sata<br data-start=\"3058\" data-end=\"3061\" \/><span style=\"color: #ff0000;\"><strong>\u2022<\/strong> <\/span>Plivanje ovisi o vremenskim uvjetima<br data-start=\"3101\" data-end=\"3104\" \/><span style=\"color: #ff0000;\"><strong>\u2022<\/strong> <\/span>Umjereno hodanje uklju\u010deno na povijesnim lokalitetima<\/p>\n<p class=\"mhm-jue-external-link\">Saznajte vi\u0161e o odredi\u0161tu na <a href=\"https:\/\/en.wikipedia.org\/wiki\/Myra\" target=\"_blank\" rel=\"noopener\">stari grad Mira Wikipedia stranica<\/a>.<\/p>\n<h3>\ud83c\udf92 \u0160to ponijeti<\/h3>\n<p data-start=\"3177\" data-end=\"3314\"><span style=\"color: #ff0000;\"><strong>\u2022<\/strong> <\/span>Udobne cipele za hodanje<br data-start=\"3204\" data-end=\"3207\" \/><span style=\"color: #ff0000;\"><strong>\u2022<\/strong> <\/span>Kupa\u0107i kostim i ru\u010dnik<br data-start=\"3227\" data-end=\"3230\" \/><span style=\"color: #ff0000;\"><strong>\u2022<\/strong> <\/span>Krema za sun\u010danje i \u0161e\u0161ir<br data-start=\"3249\" data-end=\"3252\" \/><span style=\"color: #ff0000;\"><strong>\u2022<\/strong> <\/span>Fotoaparat ili pametni telefon<br data-start=\"3274\" data-end=\"3277\" \/><span style=\"color: #ff0000;\"><strong>\u2022<\/strong> <\/span>Gotovina za ulaznice i pi\u0107a<\/p>\n<h3>\ud83d\udeab Nije prikladno za<\/h3>\n<p data-start=\"3341\" data-end=\"3385\"><span style=\"color: #ff0000;\"><strong>\u2022<\/strong> <\/span>Gosti s ozbiljnim ograni\u010denjima pokretljivosti<\/p>\n<h3>\ud83d\udcb8 Cijena i rezervacija<\/h3>\n<p data-start=\"3413\" data-end=\"3579\"><span style=\"color: #ff0000;\"><strong>\u2022<\/strong> <\/span>Cijene mogu varirati ovisno o sezoni<br data-start=\"3450\" data-end=\"3453\" \/><span style=\"color: #ff0000;\"><strong>\u2022<\/strong> <\/span>Rezervirajte sada i platite na dan obilaska<br data-start=\"3494\" data-end=\"3497\" \/><span style=\"color: #ff0000;\"><strong>\u2022<\/strong> <\/span>Kontaktirajte nas putem WhatsAppa, Telegr\u00e1ma ili Vibera, ili ispunite obrazac za rezervaciju ispod<\/p>","protected":false},"excerpt":{"rendered":"<p>Istra\u017eite potopljeni grad Kekova, ru\u0161evine Mire i crkvu Svetog Nikole na jednodnevnom izletu iz Beleka. U\u017eivajte u krstarenju jahtom s prozirnim dnom, plivanju i ru\u010dku.<\/p>","protected":false},"featured_media":10750,"comment_status":"open","ping_status":"closed","template":"","meta":{"_acf_changed":false},"product_brand":[],"product_cat":[43],"product_tag":[66],"class_list":{"0":"post-11123","1":"product","2":"type-product","3":"status-publish","4":"has-post-thumbnail","6":"product_cat-belek","7":"product_tag-belek","9":"first","10":"instock","11":"sale","12":"featured","13":"shipping-taxable","14":"purchasable","15":"product-type-ovabrw_car_rental"},"acf":[],"aioseo_notices":[],"_links":{"self":[{"href":"https:\/\/joinusexcursions.com\/hr\/wp-json\/wp\/v2\/product\/11123","targetHints":{"allow":["GET"]}}],"collection":[{"href":"https:\/\/joinusexcursions.com\/hr\/wp-json\/wp\/v2\/product"}],"about":[{"href":"https:\/\/joinusexcursions.com\/hr\/wp-json\/wp\/v2\/types\/product"}],"replies":[{"embeddable":true,"href":"https:\/\/joinusexcursions.com\/hr\/wp-json\/wp\/v2\/comments?post=11123"}],"wp:featuredmedia":[{"embeddable":true,"href":"https:\/\/joinusexcursions.com\/hr\/wp-json\/wp\/v2\/media\/10750"}],"wp:attachment":[{"href":"https:\/\/joinusexcursions.com\/hr\/wp-json\/wp\/v2\/media?parent=11123"}],"wp:term":[{"taxonomy":"product_brand","embeddable":true,"href":"https:\/\/joinusexcursions.com\/hr\/wp-json\/wp\/v2\/product_brand?post=11123"},{"taxonomy":"product_cat","embeddable":true,"href":"https:\/\/joinusexcursions.com\/hr\/wp-json\/wp\/v2\/product_cat?post=11123"},{"taxonomy":"product_tag","embeddable":true,"href":"https:\/\/joinusexcursions.com\/hr\/wp-json\/wp\/v2\/product_tag?post=11123"}],"curies":[{"name":"wp","href":"https:\/\/api.w.org\/{rel}","templated":true}]}}