{"id":11124,"date":"2025-12-15T15:12:51","date_gmt":"2025-12-15T12:12:51","guid":{"rendered":"https:\/\/joinusexcursions.com\/?post_type=product&#038;p=11124"},"modified":"2026-04-13T19:36:12","modified_gmt":"2026-04-13T16:36:12","slug":"belek-pamukkale-hierapolis","status":"publish","type":"product","link":"https:\/\/joinusexcursions.com\/hr\/tours\/belek-pamukkale-hierapolis\/","title":{"rendered":"Pamukkale &amp; Hierapolis izlet iz Beleka"},"content":{"rendered":"<p data-start=\"378\" data-end=\"546\">Otkrijte prirodne ljepote Pamukkalea i drevni grad Hierapolis na cjelodnevnom vo\u0111enom izletu iz Beleka. Kupajte se u termalnim vodama, istra\u017eite ru\u0161evine i u\u017eivajte u ru\u010dku.<\/p>\n<h2>\u2728 Pregled ture Belek Pamukkale Hierapolis<\/h2>\n<p data-start=\"564\" data-end=\"857\">Pridru\u017eite se cjelodnevnom kulturnom i prirodnom do\u017eivljaju od Beleka, Kadriyea i Bo\u011fazkenta do Pamukkalea, poznatog \u201cPamu\u010dnog dvorca\u201d. Hodajte po snje\u017enobijelim (!) travertineima, istra\u017eite drevni grad Hierapolis i u\u017eivajte u slobodnom vremenu za opu\u0161tanje u termalnim vodama. Savr\u0161en spoj povijesti, prirode i opu\u0161tanja.<\/p>\n<h3>\ud83c\udf1f Istaknuto<\/h3>\n<p data-start=\"1175\" data-end=\"1447\"><strong><span style=\"color: #ff0000;\">\u2022<\/span> <\/strong>Pro\u0161e\u0107ite bijelim terasama od travertina u Pamukkaleu<br data-start=\"1227\" data-end=\"1230\" \/><strong><span style=\"color: #ff0000;\">\u2022<\/span> <\/strong>Istra\u017eite drevne ru\u0161evine Hierapolisa<br data-start=\"1271\" data-end=\"1274\" \/><strong><span style=\"color: #ff0000;\">\u2022<\/span> <\/strong>Posjetite rimsko kazali\u0161te, terme i drevne ulice<br data-start=\"1322\" data-end=\"1325\" \/><strong><span style=\"color: #ff0000;\">\u2022<\/span> <\/strong>Plivati u prirodnim termalnim bazenima<br data-start=\"1356\" data-end=\"1359\" \/><strong><span style=\"color: #ff0000;\">\u2022<\/span> <\/strong>Neobvezno plivanje u Kleopatrinu bazenu<br data-start=\"1394\" data-end=\"1397\" \/><strong><span style=\"color: #ff0000;\">\u2022<\/span> <\/strong>Slikovito putovanje kroz tursku unutra\u0161njost<\/p>\n<h2>\u0160to o\u010dekivati na izletu iz Beleka u Pamukkale i Hierapolis<\/h2>\n<div data-start=\"1474\" data-end=\"1647\">Va\u0161e putovanje zapo\u010dinje rano udobnim preuzimanjem iz va\u0161eg hotela u Beleku ili okolnim podru\u010djima. U\u017eivajte u slikovitoj vo\u017enji kroz prekrasne krajolike dok se upu\u0107ujete prema Pamukkaleu.<\/div>\n<div data-start=\"1649\" data-end=\"1874\">Prije posjete lokaciji, svratite na ukusan buffet ru\u010dak kako biste se napunili energijom. Zatim do\u0111ite na <strong data-start=\"1742\" data-end=\"1755\">Pamukkale<\/strong>, poznate po zadivljuju\u0107im bijelim travertinskim terasama stvorenim od mineralima bogatih termalnih voda koje se sljevaju nizbrdo.<\/div>\n<div data-start=\"1876\" data-end=\"2208\">Nastavi istra\u017eivati <strong data-start=\"1896\" data-end=\"1910\">Hierapolis<\/strong>, drevni grad osnovan kao termalno lje\u010dili\u0161te u 2. stolje\u0107u prije Krista. Pro\u0161e\u0107ite me\u0111u izvanredno o\u010duvanim ru\u0161evinama, uklju\u010duju\u0107i rimsko kazali\u0161te, Apolonov hram, rimske terme, fontane i staru agoru. Va\u0161 profesionalni vodi\u010d podijelit \u0107e fascinantne uvide u povijest i kulturni zna\u010daj grada.<\/div>\n<div data-start=\"2210\" data-end=\"2495\">Nakon vo\u0111enog razgleda, u\u017eivajte u slobodnom vremenu za opu\u0161tanje ili kupanje u prirodnim termalnim bazenima. Uz doplatu se mo\u017eete kupati i u legendarnom <strong data-start=\"2349\" data-end=\"2369\">Kleopatrina kupelj<\/strong>, za koju se vjeruje da ju je posjetila i sama kraljica. Na kraju dana, vratite se u svoj hotel s nezaboravnim uspomenama.<\/div>\n<p class=\"mhm-jue-internal-links\">Tra\u017eite vi\u0161e avantura u okolici? Istra\u017eite na\u0161 potpuni popis <a href=\"\/hr\/odrediste\/belek-ture\/\">Belek ture<\/a> ili provjerite <a href=\"\/hr\/ture-2\/belek-land-of-legends-nocni-sou\/\">Land of Legends No\u0107ni Show iz Beleka<\/a> za jo\u0161 jedno nezaboravno iskustvo.<\/p>\n<h3>\ud83e\udded Putopisni plan<\/h3>\n<p data-start=\"2520\" data-end=\"2800\"><strong><span style=\"color: #ff0000;\">\u2022<\/span> <\/strong>Polazak iz hotela u Beleku i okolnim podru\u010djima<br data-start=\"2569\" data-end=\"2572\" \/><strong><span style=\"color: #ff0000;\">\u2022<\/span> <\/strong>Scenski vo\u017enja do Pamukkale<br data-start=\"2599\" data-end=\"2602\" \/><strong><span style=\"color: #ff0000;\">\u2022<\/span> <\/strong>Pauza za ru\u010dak (otvoreni bife)<br data-start=\"2629\" data-end=\"2632\" \/><strong><span style=\"color: #ff0000;\">\u2022<\/span> <\/strong>Posjetite pamukaleanske travertinske terase<br data-start=\"2661\" data-end=\"2664\" \/><strong><span style=\"color: #ff0000;\">\u2022<\/span> <\/strong>Vodi\u010d kroz Hijerapolis<br data-start=\"2691\" data-end=\"2694\" \/><strong><span style=\"color: #ff0000;\">\u2022<\/span> <\/strong>Slobodno vrijeme za plivanje i opu\u0161tanje<br data-start=\"2733\" data-end=\"2736\" \/><strong><span style=\"color: #ff0000;\">\u2022<\/span> <\/strong>Neobavezni posjet Kleopatrinoj kupelji<br data-start=\"2769\" data-end=\"2772\" \/><strong><span style=\"color: #ff0000;\">\u2022<\/span> <\/strong>Povratni transfer do hotela<\/p>\n<h3>\u2139\ufe0f Korisne informacije<\/h3>\n<p data-start=\"2829\" data-end=\"2953\"><strong><span style=\"color: #ff0000;\">\u2022<\/span> <\/strong>Cjelodnevni obilazak<br data-start=\"2844\" data-end=\"2847\" \/><strong><span style=\"color: #ff0000;\">\u2022<\/span> <\/strong>Umjereno hodanje uklju\u010deno<br data-start=\"2874\" data-end=\"2877\" \/><strong><span style=\"color: #ff0000;\">\u2022<\/span> <\/strong>Preporu\u010dene udobne cipele<br data-start=\"2908\" data-end=\"2911\" \/><strong><span style=\"color: #ff0000;\">\u2022<\/span> <\/strong>Plivanje ovisi o vremenskim uvjetima<\/p>\n<p class=\"mhm-jue-external-link\">Saznajte vi\u0161e o odredi\u0161tu na <a href=\"https:\/\/en.wikipedia.org\/wiki\/Pamukkale\" target=\"_blank\" rel=\"noopener\">Stranica Pamukkale na Wikipediji<\/a>.<\/p>\n<h3>\ud83c\udf92 \u0160to ponijeti<\/h3>\n<p data-start=\"2977\" data-end=\"3114\"><strong><span style=\"color: #ff0000;\">\u2022<\/span> <\/strong>Udobne cipele za hodanje<br data-start=\"3004\" data-end=\"3007\" \/><strong><span style=\"color: #ff0000;\">\u2022<\/span> <\/strong>Kupa\u0107i kostim i ru\u010dnik<br data-start=\"3027\" data-end=\"3030\" \/><strong><span style=\"color: #ff0000;\">\u2022<\/span> <\/strong>Krema za sun\u010danje i \u0161e\u0161ir<br data-start=\"3049\" data-end=\"3052\" \/><strong><span style=\"color: #ff0000;\">\u2022<\/span> <\/strong>Fotoaparat ili pametni telefon<br data-start=\"3074\" data-end=\"3077\" \/><strong><span style=\"color: #ff0000;\">\u2022<\/span> <\/strong>Gotovina za ulaznice i dodatne tro\u0161kove<\/p>\n<h3>\ud83d\udeab Nije prikladno za<\/h3>\n<p data-start=\"3141\" data-end=\"3186\"><strong><span style=\"color: #ff0000;\">\u2022<\/span> <\/strong>Gosti s ozbiljnim pote\u0161ko\u0107ama u kretanju<\/p>\n<h3>\ud83d\udcb8 Cijena i rezervacija<\/h3>\n<p data-start=\"3214\" data-end=\"3380\"><strong><span style=\"color: #ff0000;\">\u2022<\/span> <\/strong>Cijene mogu varirati ovisno o sezoni<br data-start=\"3251\" data-end=\"3254\" \/><strong><span style=\"color: #ff0000;\">\u2022<\/span> <\/strong>Rezervirajte sada i platite na dan obilaska<br data-start=\"3295\" data-end=\"3298\" \/><strong><span style=\"color: #ff0000;\">\u2022<\/span> <\/strong>Kontaktirajte nas putem WhatsAppa, Telegr\u00e1ma ili Vibera, ili ispunite obrazac za rezervaciju ispod<\/p>","protected":false},"excerpt":{"rendered":"<p>Posjetite Pamukkale i Hierapolis na cjelodnevnom izletu iz Beleka. Pro\u0161e\u0107ite bijelim travertinama, istra\u017eite drevne ru\u0161evine, plivajte u termalnim bazenima i u\u017eivajte u ru\u010dku<\/p>","protected":false},"featured_media":10711,"comment_status":"open","ping_status":"closed","template":"","meta":{"_acf_changed":false},"product_brand":[],"product_cat":[43],"product_tag":[66],"class_list":{"0":"post-11124","1":"product","2":"type-product","3":"status-publish","4":"has-post-thumbnail","6":"product_cat-belek","7":"product_tag-belek","9":"first","10":"instock","11":"sale","12":"featured","13":"shipping-taxable","14":"purchasable","15":"product-type-ovabrw_car_rental"},"acf":[],"aioseo_notices":[],"_links":{"self":[{"href":"https:\/\/joinusexcursions.com\/hr\/wp-json\/wp\/v2\/product\/11124","targetHints":{"allow":["GET"]}}],"collection":[{"href":"https:\/\/joinusexcursions.com\/hr\/wp-json\/wp\/v2\/product"}],"about":[{"href":"https:\/\/joinusexcursions.com\/hr\/wp-json\/wp\/v2\/types\/product"}],"replies":[{"embeddable":true,"href":"https:\/\/joinusexcursions.com\/hr\/wp-json\/wp\/v2\/comments?post=11124"}],"wp:featuredmedia":[{"embeddable":true,"href":"https:\/\/joinusexcursions.com\/hr\/wp-json\/wp\/v2\/media\/10711"}],"wp:attachment":[{"href":"https:\/\/joinusexcursions.com\/hr\/wp-json\/wp\/v2\/media?parent=11124"}],"wp:term":[{"taxonomy":"product_brand","embeddable":true,"href":"https:\/\/joinusexcursions.com\/hr\/wp-json\/wp\/v2\/product_brand?post=11124"},{"taxonomy":"product_cat","embeddable":true,"href":"https:\/\/joinusexcursions.com\/hr\/wp-json\/wp\/v2\/product_cat?post=11124"},{"taxonomy":"product_tag","embeddable":true,"href":"https:\/\/joinusexcursions.com\/hr\/wp-json\/wp\/v2\/product_tag?post=11124"}],"curies":[{"name":"wp","href":"https:\/\/api.w.org\/{rel}","templated":true}]}}