{"id":11127,"date":"2025-12-15T15:45:29","date_gmt":"2025-12-15T12:45:29","guid":{"rendered":"https:\/\/joinusexcursions.com\/?post_type=product&#038;p=11127"},"modified":"2026-04-13T19:36:12","modified_gmt":"2026-04-13T16:36:12","slug":"side-pamukkale-hierapolis","status":"publish","type":"product","link":"https:\/\/joinusexcursions.com\/hr\/tours\/side-pamukkale-hierapolis\/","title":{"rendered":"Pamukkale i Hierapolis izlet iz Beleka Side"},"content":{"rendered":"<p data-start=\"3658\" data-end=\"3805\">Istra\u017eite Pamukkaleove bijele terase i drevni grad Hierapolis na cjelodnevnom izletu s vodi\u010dem iz Sidea. Uklju\u010deni su termalni bazeni, ru\u0161evine i ru\u010dak.<\/p>\n<h2>\u2728 Pregled izleta Pamukkale Hierapolis sa strane<\/h2>\n<p data-start=\"3823\" data-end=\"4065\">Do\u017eivite jednu od najslikovitijih destinacija Turske na cjelodnevnom izletu iz Sidea, Kumk\u00f6ya, Evrensekija, \u00c7olakl\u0131a i Manavgata. Otkrijte pamukalske travertinske terase, istra\u017eite drevni grad Hierapolis i u\u017eivajte u slobodnom vremenu za kupanje u termalnim vodama.<\/p>\n<h3>\ud83c\udf1f Istaknuto<\/h3>\n<p data-start=\"1175\" data-end=\"1447\"><strong><span style=\"color: #ff0000;\">\u2022<\/span> <\/strong>Pro\u0161e\u0107ite bijelim terasama od travertina u Pamukkaleu<br data-start=\"1227\" data-end=\"1230\" \/><strong><span style=\"color: #ff0000;\">\u2022<\/span> <\/strong>Istra\u017eite drevne ru\u0161evine Hierapolisa<br data-start=\"1271\" data-end=\"1274\" \/><strong><span style=\"color: #ff0000;\">\u2022<\/span> <\/strong>Posjetite rimsko kazali\u0161te, terme i drevne ulice<br data-start=\"1322\" data-end=\"1325\" \/><strong><span style=\"color: #ff0000;\">\u2022<\/span> <\/strong>Plivati u prirodnim termalnim bazenima<br data-start=\"1356\" data-end=\"1359\" \/><strong><span style=\"color: #ff0000;\">\u2022<\/span> <\/strong>Neobvezno plivanje u Kleopatrinu bazenu<br data-start=\"1394\" data-end=\"1397\" \/><strong><span style=\"color: #ff0000;\">\u2022<\/span> <\/strong>Slikovito putovanje kroz tursku unutra\u0161njost<\/p>\n<h2>\u0160to o\u010dekivati na izletu Pamukkale Hierapolis<\/h2>\n<div data-start=\"4679\" data-end=\"4853\">Zapo\u010dnite svoj dan ranim preuzimanjem iz va\u0161eg hotela u Sideu ili okolnim regijama. Opustite se tijekom slikovite vo\u017enje do Pamukkala, prolaze\u0107i kroz slikovite krajolike seoskih predjela.<\/div>\n<div data-start=\"4855\" data-end=\"5065\">Nakon u\u017eivanja u samoposlu\u017enom ru\u010dku, do\u0111ite na <strong data-start=\"4902\" data-end=\"4915\">Pamukkale<\/strong> i istra\u017eite njegove poznate bijele travertinske terase nastale teku\u0107om termalnom vodom. Hodajte bosi po bazenima bogatim mineralima i napravite nezaboravna fotografije.<\/div>\n<div data-start=\"5067\" data-end=\"5273\">Nastavite do drevnog grada <strong data-start=\"5099\" data-end=\"5113\">Hierapolis<\/strong>, neko\u0107 poznati termalni banjski grad. Posjetite njegovo impresivno rimsko kazali\u0161te, starorimske kupelji, hramove i agoru dok vam vodi\u010d pri\u010da pri\u010de o njegovoj bogatoj povijesti.<\/div>\n<div data-start=\"5275\" data-end=\"5468\">U\u017eivajte u slobodnom vremenu za odmor ili kupanje u termalnim bazenima. Ako \u017eelite, mo\u017eete posjetiti i <strong data-start=\"5362\" data-end=\"5382\">Kleopatrina kupelj<\/strong> uz dodatnu naknadu. Zavr\u0161ite dan udobnim povratnim prijevozom do va\u0161eg hotela.<\/div>\n<p class=\"mhm-jue-internal-links\">Tra\u017eite vi\u0161e avantura u okolici? Istra\u017eite na\u0161 potpuni popis <a href=\"\/hr\/odrediste\/side-ture\/\">Side ture<\/a> ili provjerite <a href=\"\/hr\/ture-2\/side-land-of-legends-nocni-sou\/\">Legende Zemlje No\u0107na Predstava iz Sidea<\/a> za jo\u0161 jedno nezaboravno iskustvo.<\/p>\n<h3>\ud83e\udded Putopisni plan<\/h3>\n<p data-start=\"2520\" data-end=\"2800\"><strong><span style=\"color: #ff0000;\">\u2022<\/span> <\/strong>Pokupiti iz hotela u Sideu i okolici<br data-start=\"2569\" data-end=\"2572\" \/><strong><span style=\"color: #ff0000;\">\u2022<\/span> <\/strong>Scenski vo\u017enja do Pamukkale<br data-start=\"2599\" data-end=\"2602\" \/><strong><span style=\"color: #ff0000;\">\u2022<\/span> <\/strong>Pauza za ru\u010dak (otvoreni bife)<br data-start=\"2629\" data-end=\"2632\" \/><strong><span style=\"color: #ff0000;\">\u2022<\/span> <\/strong>Posjetite pamukaleanske travertinske terase<br data-start=\"2661\" data-end=\"2664\" \/><strong><span style=\"color: #ff0000;\">\u2022<\/span> <\/strong>Vodi\u010d kroz Hijerapolis<br data-start=\"2691\" data-end=\"2694\" \/><strong><span style=\"color: #ff0000;\">\u2022<\/span> <\/strong>Slobodno vrijeme za plivanje i opu\u0161tanje<br data-start=\"2733\" data-end=\"2736\" \/><strong><span style=\"color: #ff0000;\">\u2022<\/span> <\/strong>Neobavezni posjet Kleopatrinoj kupelji<br data-start=\"2769\" data-end=\"2772\" \/><strong><span style=\"color: #ff0000;\">\u2022<\/span> <\/strong>Povratni transfer do hotela<\/p>\n<h3>\u2139\ufe0f Korisne informacije<\/h3>\n<p data-start=\"2829\" data-end=\"2953\"><strong><span style=\"color: #ff0000;\">\u2022<\/span> <\/strong>Cjelodnevni obilazak<br data-start=\"2844\" data-end=\"2847\" \/><strong><span style=\"color: #ff0000;\">\u2022<\/span> <\/strong>Umjereno hodanje uklju\u010deno<br data-start=\"2874\" data-end=\"2877\" \/><strong><span style=\"color: #ff0000;\">\u2022<\/span> <\/strong>Preporu\u010dene udobne cipele<br data-start=\"2908\" data-end=\"2911\" \/><strong><span style=\"color: #ff0000;\">\u2022<\/span> <\/strong>Plivanje ovisi o vremenskim uvjetima<\/p>\n<p class=\"mhm-jue-external-link\">Saznajte vi\u0161e o odredi\u0161tu na <a href=\"https:\/\/en.wikipedia.org\/wiki\/Pamukkale\" target=\"_blank\" rel=\"noopener\">Stranica Pamukkale na Wikipediji<\/a>.<\/p>\n<h3>\ud83c\udf92 \u0160to ponijeti<\/h3>\n<p data-start=\"2977\" data-end=\"3114\"><strong><span style=\"color: #ff0000;\">\u2022<\/span> <\/strong>Udobne cipele za hodanje<br data-start=\"3004\" data-end=\"3007\" \/><strong><span style=\"color: #ff0000;\">\u2022<\/span> <\/strong>Kupa\u0107i kostim i ru\u010dnik<br data-start=\"3027\" data-end=\"3030\" \/><strong><span style=\"color: #ff0000;\">\u2022<\/span> <\/strong>Krema za sun\u010danje i \u0161e\u0161ir<br data-start=\"3049\" data-end=\"3052\" \/><strong><span style=\"color: #ff0000;\">\u2022<\/span> <\/strong>Fotoaparat ili pametni telefon<br data-start=\"3074\" data-end=\"3077\" \/><strong><span style=\"color: #ff0000;\">\u2022<\/span> <\/strong>Gotovina za ulaznice i dodatne tro\u0161kove<\/p>\n<h3>\ud83d\udeab Nije prikladno za<\/h3>\n<p data-start=\"3141\" data-end=\"3186\"><strong><span style=\"color: #ff0000;\">\u2022<\/span> <\/strong>Gosti s ozbiljnim pote\u0161ko\u0107ama u kretanju<\/p>\n<h3>\ud83d\udcb8 Cijena i rezervacija<\/h3>\n<p data-start=\"3214\" data-end=\"3380\"><strong><span style=\"color: #ff0000;\">\u2022<\/span> <\/strong>Cijene mogu varirati ovisno o sezoni<br data-start=\"3251\" data-end=\"3254\" \/><strong><span style=\"color: #ff0000;\">\u2022<\/span> <\/strong>Rezervirajte sada i platite na dan obilaska<br data-start=\"3295\" data-end=\"3298\" \/><strong><span style=\"color: #ff0000;\">\u2022<\/span> <\/strong>Kontaktirajte nas putem WhatsAppa, Telegr\u00e1ma ili Vibera, ili ispunite obrazac za rezervaciju ispod<\/p>","protected":false},"excerpt":{"rendered":"<p data-start=\"6308\" data-end=\"6461\">Otkrijte Pamukkale i Hierapolis na cjelodnevnom izletu iz Sidea. Pro\u0161e\u0107ite bijelim travertinama, istra\u017eite drevne ru\u0161evine, plivajte u termalnim bazenima i u\u017eivajte u ru\u010dku.<\/p>","protected":false},"featured_media":10711,"comment_status":"open","ping_status":"closed","template":"","meta":{"_acf_changed":false},"product_brand":[],"product_cat":[46],"product_tag":[68],"class_list":{"0":"post-11127","1":"product","2":"type-product","3":"status-publish","4":"has-post-thumbnail","6":"product_cat-side","7":"product_tag-side","9":"first","10":"instock","11":"sale","12":"featured","13":"shipping-taxable","14":"purchasable","15":"product-type-ovabrw_car_rental"},"acf":[],"aioseo_notices":[],"_links":{"self":[{"href":"https:\/\/joinusexcursions.com\/hr\/wp-json\/wp\/v2\/product\/11127","targetHints":{"allow":["GET"]}}],"collection":[{"href":"https:\/\/joinusexcursions.com\/hr\/wp-json\/wp\/v2\/product"}],"about":[{"href":"https:\/\/joinusexcursions.com\/hr\/wp-json\/wp\/v2\/types\/product"}],"replies":[{"embeddable":true,"href":"https:\/\/joinusexcursions.com\/hr\/wp-json\/wp\/v2\/comments?post=11127"}],"wp:featuredmedia":[{"embeddable":true,"href":"https:\/\/joinusexcursions.com\/hr\/wp-json\/wp\/v2\/media\/10711"}],"wp:attachment":[{"href":"https:\/\/joinusexcursions.com\/hr\/wp-json\/wp\/v2\/media?parent=11127"}],"wp:term":[{"taxonomy":"product_brand","embeddable":true,"href":"https:\/\/joinusexcursions.com\/hr\/wp-json\/wp\/v2\/product_brand?post=11127"},{"taxonomy":"product_cat","embeddable":true,"href":"https:\/\/joinusexcursions.com\/hr\/wp-json\/wp\/v2\/product_cat?post=11127"},{"taxonomy":"product_tag","embeddable":true,"href":"https:\/\/joinusexcursions.com\/hr\/wp-json\/wp\/v2\/product_tag?post=11127"}],"curies":[{"name":"wp","href":"https:\/\/api.w.org\/{rel}","templated":true}]}}