{"id":11131,"date":"2025-12-15T17:47:13","date_gmt":"2025-12-15T14:47:13","guid":{"rendered":"https:\/\/joinusexcursions.com\/?post_type=product&#038;p=11131"},"modified":"2026-04-18T04:00:37","modified_gmt":"2026-04-18T01:00:37","slug":"belek-relaks-jahta-vip","status":"publish","type":"product","link":"https:\/\/joinusexcursions.com\/hr\/tours\/belek-relax-yacht\/","title":{"rendered":"Relax VIP Yacht Tour iz Beleka \u2013 Mala grupa"},"content":{"rendered":"<p data-start=\"365\" data-end=\"524\">Pobjegnite od gu\u017eve i u\u017eivajte u mirnom, luksuznom do\u017eivljaju jahtom u Kemereu. Plivajte u skrivenim uvalama, opustite se na svom privatnom le\u017ealjci i u\u017eivajte u gurmanskom ru\u010dku na brodu.<\/p>\n<h2>Pregled ture jahtom Belek Relax<\/h2>\n<p data-start=\"544\" data-end=\"866\">Pridru\u017eite se luksuznoj Relax VIP jaht tours u Kemereu s prijevozom iz Beleka, Kadrije i Boazkenta. Dizajnirana za udobnost i mir, ova jahta s ograni\u010denim kapacitetom nudi kristalno \u010diste uvale za kupanje, mirno sun\u010danje i ukusnu mediteransku kuhinju. Idealno za parove, obitelji i putnike \u017eeljne opu\u0161tanja.<\/p>\n<h3>\ud83c\udf1f Istaknuto<\/h3>\n<p data-start=\"1182\" data-end=\"1427\"><span style=\"color: #ff0000;\"><strong>\u2022<\/strong> <\/span>Luksuzna VIP jahta ograni\u010denog kapaciteta<br data-start=\"1222\" data-end=\"1225\" \/><span style=\"color: #ff0000;\"><strong>\u2022<\/strong> <\/span>Mirna atmosfera bez glasne glazbe<br data-start=\"1261\" data-end=\"1264\" \/><span style=\"color: #ff0000;\"><strong>\u2022<\/strong> <\/span>Plivanje u skrivenim, kristalno \u010distim uvalama<br data-start=\"1304\" data-end=\"1307\" \/><span style=\"color: #ff0000;\"><strong>\u2022<\/strong> <\/span>Privatni le\u017eaj za svakog gosta<br data-start=\"1339\" data-end=\"1342\" \/><span style=\"color: #ff0000;\"><strong>\u2022<\/strong> <\/span>Ukusan mediteranski ru\u010dak na brodu<br data-start=\"1381\" data-end=\"1384\" \/><span style=\"color: #ff0000;\"><strong>\u2022<\/strong> <\/span>Savr\u0161eno za opu\u0161tanje i slikovite poglede<\/p>\n<h3>\ud83c\udf7d\ufe0f Ru\u010dak na brodu<\/h3>\n<p data-start=\"1453\" data-end=\"1582\"><span style=\"color: #ff0000;\"><strong>\u2022<\/strong> <\/span>\u0160karpina pe\u010dena na \u017earu<br data-start=\"1471\" data-end=\"1474\" \/><span style=\"color: #ff0000;\"><strong>\u2022<\/strong> <\/span>Svje\u017ee sezonske salate<br data-start=\"1497\" data-end=\"1500\" \/><span style=\"color: #ff0000;\"><strong>\u2022<\/strong> <\/span>Ri\u017ea ili tjestenina<br data-start=\"1515\" data-end=\"1518\" \/><span style=\"color: #ff0000;\"><strong>\u2022<\/strong> <\/span>Sezonsko vo\u0107e<br data-start=\"1535\" data-end=\"1538\" \/><span style=\"color: #ff0000;\"><strong>\u2022<\/strong> <\/span>Vegetarijanska opcija dostupna na zahtjev<\/p>\n<h2>\u0160to o\u010dekivati na luksuznom izletu jahtom u Beleku<\/h2>\n<div data-start=\"1609\" data-end=\"1828\">Va\u0161 opu\u0161taju\u0107i dan zapo\u010dinje udobnim preuzimanjem iz va\u0161eg hotela u Beleku ili obli\u017enjim podru\u010djima, nakon \u010dega slijedi transfer do marine Kemer. Ukrcajte se na <strong data-start=\"1758\" data-end=\"1777\">Opustite se VIP jahta<\/strong>, posebno dizajniran za mir, udobnost i luksuz.<\/div>\n<div data-start=\"1830\" data-end=\"2128\">Bez gu\u017eve na palubi ili bu\u010dne zabave, mo\u017eete se istinski opustiti. Svaki gost ima svoju le\u017ealjku, \u0161to vam omogu\u0107uje da se odmorite u\u017eivaju\u0107i u panoramskom pogledu na tirkiznu obalu Kemera. Jahta se usidri u mirnim uvalama gdje se mo\u017eete kupati u kristalno \u010distoj vodi ili jednostavno u\u017eivati u blagom morskom povjetarcu.<\/div>\n<div data-start=\"2130\" data-end=\"2353\">Tijekom krstarenja u\u017eivajte u svje\u017ee pripremljenom ru\u010dku koji priprema brodski kuhar koriste\u0107i visokokvalitetne namirnice. Lagana pozadinska glazba i mirna atmosfera stvaraju savr\u0161eno okru\u017eenje za oporavak i bijeg od svakodnevnog stresa.<\/div>\n<div data-start=\"2355\" data-end=\"2487\">Nakon dana plivanja, sun\u010danja i potpunog opu\u0161tanja, vratite se u marinu Kemer i u\u017eivajte u udobnom prijevozu natrag do svog hotela.<\/div>\n<p class=\"mhm-jue-internal-links\">Tra\u017eite vi\u0161e avantura u okolici? Istra\u017eite na\u0161 potpuni popis <a href=\"\/hr\/odrediste\/belek-ture\/\">Belek ture<\/a> ili provjerite <a href=\"\/hr\/ture-2\/belek-land-of-legends-nocni-sou\/\">Land of Legends No\u0107ni Show iz Beleka<\/a> za jo\u0161 jedno nezaboravno iskustvo.<\/p>\n<h3>\ud83e\udded Putopisni plan<\/h3>\n<p data-start=\"2512\" data-end=\"2765\"><span style=\"color: #ff0000;\"><strong>\u2022<\/strong> <\/span>Polazak iz hotela u Beleku i okolnim podru\u010djima<br data-start=\"2561\" data-end=\"2564\" \/><span style=\"color: #ff0000;\"><strong>\u2022<\/strong> <\/span>Transfer do marine Kemer<br data-start=\"2590\" data-end=\"2593\" \/><span style=\"color: #ff0000;\"><strong>\u2022<\/strong> <\/span>Opustite se, krstarenje superjahtom VIP po\u010dinje<br data-start=\"2624\" data-end=\"2627\" \/><span style=\"color: #ff0000;\"><strong>\u2022<\/strong> <\/span>Plivanje staje u skrivenim uvalama<br data-start=\"2660\" data-end=\"2663\" \/><span style=\"color: #ff0000;\"><strong>\u2022<\/strong> <\/span>Ru\u010dak poslu\u017een na brodu<br data-start=\"2685\" data-end=\"2688\" \/><span style=\"color: #ff0000;\"><strong>\u2022<\/strong> <\/span>Slobodno vrijeme za sun\u010danje i opu\u0161tanje<br data-start=\"2732\" data-end=\"2735\" \/><span style=\"color: #ff0000;\"><strong>\u2022<\/strong> <\/span>Vratite se u marinu i hotel<\/p>\n<h3>\u2139\ufe0f Korisne informacije<\/h3>\n<p data-start=\"2794\" data-end=\"2980\"><span style=\"color: #ff0000;\"><strong>\u2022<\/strong> <\/span>Ograni\u010den kapacitet: najvi\u0161e 25 gostiju<br data-start=\"2831\" data-end=\"2834\" \/><span style=\"color: #ff0000;\"><strong>\u2022<\/strong> <\/span>Svaki gost ima privatni le\u017eaj za sun\u010danje<br data-start=\"2867\" data-end=\"2870\" \/><span style=\"color: #ff0000;\"><strong>\u2022<\/strong> <\/span>Nema glasne glazbe ni zabavne atmosfere<br data-start=\"2905\" data-end=\"2908\" \/><span style=\"color: #ff0000;\"><strong>\u2022<\/strong> <\/span>Bebe sjede u krilu (bez odvojenog sjedala)<br data-start=\"2948\" data-end=\"2951\" \/><span style=\"color: #ff0000;\"><strong>\u2022<\/strong> <\/span>Nije dostupno za invalidska kolica<\/p>\n<p class=\"mhm-jue-external-link\">Saznajte vi\u0161e o odredi\u0161tu na <a href=\"https:\/\/en.wikipedia.org\/wiki\/Belek\" target=\"_blank\" rel=\"noopener\">Belek Wikipedijina stranica<\/a>.<\/p>\n<h3>\ud83c\udf92 \u0160to ponijeti<\/h3>\n<p data-start=\"3004\" data-end=\"3091\"><span style=\"color: #ff0000;\"><strong>\u2022<\/strong> <\/span>Sun\u010dane nao\u010dale<br data-start=\"3016\" data-end=\"3019\" \/><span style=\"color: #ff0000;\"><strong>\u2022<\/strong> <\/span>Kupa\u0107i kostim i ru\u010dnik<br data-start=\"3039\" data-end=\"3042\" \/><span style=\"color: #ff0000;\"><strong>\u2022<\/strong> <\/span>Krema za sun\u010danje<br data-start=\"3053\" data-end=\"3056\" \/><span style=\"color: #ff0000;\"><strong>\u2022<\/strong> <\/span>Ne\u0161to novca za osobne tro\u0161kove<\/p>\n<h3>\ud83d\udeab Nije prikladno za<\/h3>\n<p data-start=\"3118\" data-end=\"3181\"><span style=\"color: #ff0000;\"><strong>\u2022<\/strong> <\/span>Gosti s ozbiljnim medicinskim stanjima<br data-start=\"3158\" data-end=\"3161\" \/><span style=\"color: #ff0000;\"><strong>\u2022<\/strong> <\/span>Korisnici invalidskih kolica<\/p>\n<h3>\ud83d\udcb8 Cijena i rezervacija<\/h3>\n<p data-start=\"3209\" data-end=\"3424\"><span style=\"color: #ff0000;\"><strong>\u2022<\/strong> <\/span>Cijene mogu varirati ovisno o sezoni<br data-start=\"3246\" data-end=\"3249\" \/><span style=\"color: #ff0000;\"><strong>\u2022<\/strong> <\/span>Ograni\u010den kapacitet - preporu\u010duje se rani dolazak<br data-start=\"3295\" data-end=\"3298\" \/><span style=\"color: #ff0000;\"><strong>\u2022<\/strong> <\/span>Rezervirajte sada i platite na dan obilaska<br data-start=\"3339\" data-end=\"3342\" \/><span style=\"color: #ff0000;\"><strong>\u2022<\/strong> <\/span>Kontaktirajte nas putem WhatsAppa, Telegr\u00e1ma ili Vibera, ili ispunite obrazac za rezervaciju ispod<\/p>","protected":false},"excerpt":{"rendered":"<p>U\u017eivajte u luksuznoj VIP turneji jahtom iz Beleka u Kemere. Kupajte se u skrivenim uvalama, opustite se na privatnim le\u017ealjkama i u\u017eivajte u luksuznom ru\u010dku s hotelskim transferom.<\/p>","protected":false},"featured_media":10691,"comment_status":"open","ping_status":"closed","template":"","meta":{"_acf_changed":false},"product_brand":[],"product_cat":[43],"product_tag":[66],"class_list":{"0":"post-11131","1":"product","2":"type-product","3":"status-publish","4":"has-post-thumbnail","6":"product_cat-belek","7":"product_tag-belek","9":"first","10":"instock","11":"sale","12":"featured","13":"shipping-taxable","14":"purchasable","15":"product-type-ovabrw_car_rental"},"acf":[],"aioseo_notices":[],"_links":{"self":[{"href":"https:\/\/joinusexcursions.com\/hr\/wp-json\/wp\/v2\/product\/11131","targetHints":{"allow":["GET"]}}],"collection":[{"href":"https:\/\/joinusexcursions.com\/hr\/wp-json\/wp\/v2\/product"}],"about":[{"href":"https:\/\/joinusexcursions.com\/hr\/wp-json\/wp\/v2\/types\/product"}],"replies":[{"embeddable":true,"href":"https:\/\/joinusexcursions.com\/hr\/wp-json\/wp\/v2\/comments?post=11131"}],"wp:featuredmedia":[{"embeddable":true,"href":"https:\/\/joinusexcursions.com\/hr\/wp-json\/wp\/v2\/media\/10691"}],"wp:attachment":[{"href":"https:\/\/joinusexcursions.com\/hr\/wp-json\/wp\/v2\/media?parent=11131"}],"wp:term":[{"taxonomy":"product_brand","embeddable":true,"href":"https:\/\/joinusexcursions.com\/hr\/wp-json\/wp\/v2\/product_brand?post=11131"},{"taxonomy":"product_cat","embeddable":true,"href":"https:\/\/joinusexcursions.com\/hr\/wp-json\/wp\/v2\/product_cat?post=11131"},{"taxonomy":"product_tag","embeddable":true,"href":"https:\/\/joinusexcursions.com\/hr\/wp-json\/wp\/v2\/product_tag?post=11131"}],"curies":[{"name":"wp","href":"https:\/\/api.w.org\/{rel}","templated":true}]}}