{"id":11133,"date":"2025-12-15T18:19:34","date_gmt":"2025-12-15T15:19:34","guid":{"rendered":"https:\/\/joinusexcursions.com\/?post_type=product&#038;p=11133"},"modified":"2026-04-18T03:59:12","modified_gmt":"2026-04-18T00:59:12","slug":"belek-porto-genoese-blue-lagoon","status":"publish","type":"product","link":"https:\/\/joinusexcursions.com\/hr\/tours\/belek-porto-genoese-blue-lagoon\/","title":{"rendered":"Brodski izlet Porto Genoese s izleta iz Beleka i Plava laguna"},"content":{"rendered":"<p data-start=\"404\" data-end=\"563\">Krenite na nezaboravno mediteransko dnevno krstarenje iz Beleka. Plivajte u tirkiznim uvalama, u\u017eivajte u blatu, istra\u017eite skrivene \u0161pilje i ku\u0161ajte svje\u017ei ru\u010dak na brodu.<\/p>\n<h2>Pregled izleta brodom Belek Porto Genoese<\/h2>\n<p data-start=\"582\" data-end=\"840\">U\u017eivajte u boutique krstarenju jahtom iz Beleka, Kadriye i Bo\u011fazkenta do nekih od najljep\u0161ih zaljeva Sredozemnog mora. Posjetite zaljev Akseki, Porto Ceneviz, Korsan zaljev i Fosforlu pe\u0107inu, plivajte u kristalno \u010distim vodama i opustite se na \u0161armantnoj jahti s uklju\u010denim ru\u010dkom.<\/p>\n<h3>\ud83c\udf1f Istaknuto<\/h3>\n<p data-start=\"1143\" data-end=\"1404\"><span style=\"color: #ff0000;\"><strong>\u2022<\/strong> <\/span>Plivajte u tirkiznim vodama zaljeva Porto Ceneviz<br data-start=\"1190\" data-end=\"1193\" \/><span style=\"color: #ff0000;\"><strong>\u2022<\/strong> <\/span>Posjetite zaljev Akseki, zaljev Korsan i \u0161pilju Fosforlu<br data-start=\"1241\" data-end=\"1244\" \/><span style=\"color: #ff0000;\"><strong>\u2022<\/strong> <\/span>U\u017eivajte u prirodnoj kupki od blata<br data-start=\"1281\" data-end=\"1284\" \/><span style=\"color: #ff0000;\"><strong>\u2022<\/strong> <\/span>Opustite se na boutique jahti s prekrasnim pogledom<br data-start=\"1329\" data-end=\"1332\" \/><span style=\"color: #ff0000;\"><strong>\u2022<\/strong> <\/span>Svje\u017ee pripremljen ru\u010dak u zrakoplovu<br data-start=\"1364\" data-end=\"1367\" \/><span style=\"color: #ff0000;\"><strong>\u2022<\/strong> <\/span>Mirna mediteranska atmosfera<\/p>\n<h2>\u0160to o\u010dekivati na izletu brodom Porto Galati u Beleku<\/h2>\n<div data-start=\"1431\" data-end=\"1596\">Va\u0161 dan zapo\u010dinje udobnim preuzimanjem iz hotela u Beleku ili okolici, nakon \u010dega slijedi slikovita vo\u017enja do <strong data-start=\"1545\" data-end=\"1561\">Luka Adrasan<\/strong>, gdje vas \u010deka va\u0161a ekskluzivna jahta.<\/div>\n<div data-start=\"1598\" data-end=\"1814\">Prvo kupali\u0161te je <strong data-start=\"1625\" data-end=\"1639\">Akseki zaljev<\/strong>, gdje \u0107ete u\u017eivati otprilike 30 minuta za plivanje i ronjenje s maskom u bistrim vodama bogatim morskim \u017eivotom. Morsko dno mo\u017ee sadr\u017eavati morske je\u017eeve, stoga se preporu\u010duju obu\u0107a za ronjenje.<\/div>\n<div data-start=\"1816\" data-end=\"2030\">Zatim, plovite do zadivljuju\u0107eg <strong data-start=\"1845\" data-end=\"1866\">Porto Ceneviz Uvala<\/strong> za du\u017ee zaustavljanje od oko 60 minuta. Plivajte u \u017eivopisnim tirkiznim vodama, u\u017eivajte u zabavnom i osvje\u017eavaju\u0107em blatnom kupanju i opustite se na brodu dok se poslu\u017euje ukusan ru\u010dak.<\/div>\n<div data-start=\"2032\" data-end=\"2294\">Nakon kratke vo\u017enje brodom, stignite do <strong data-start=\"2064\" data-end=\"2078\">Korsan Bay<\/strong> oko 40 minuta plivanja i opu\u0161tanja u ovom mirnom, skrovitom zaljevu. Ako vremenske i pomorske prilike dopuste, jahta \u0107e tako\u0111er posjetiti \u010darobni <strong data-start=\"2235\" data-end=\"2252\">Fosforna \u0161pilja<\/strong>, poznatom po jedinstvenoj sjajnoj atmosferi.<\/div>\n<div data-start=\"2296\" data-end=\"2420\">Na kraju ovog opu\u0161taju\u0107eg i slikovitog putovanja vratite se na pla\u017eu Adrasan i u\u017eivajte u udobnom transferu natrag do svog hotela.<\/div>\n<p class=\"mhm-jue-internal-links\">Tra\u017eite vi\u0161e avantura u okolici? Istra\u017eite na\u0161 potpuni popis <a href=\"\/hr\/odrediste\/belek-ture\/\">Belek ture<\/a> ili provjerite <a href=\"\/hr\/ture-2\/belek-land-of-legends-nocni-sou\/\">Land of Legends No\u0107ni Show iz Beleka<\/a> za jo\u0161 jedno nezaboravno iskustvo.<\/p>\n<h3>\ud83e\udded Putopisni plan<\/h3>\n<p data-start=\"2445\" data-end=\"2721\"><span style=\"color: #ff0000;\"><strong>\u2022<\/strong> <\/span>Polazak iz hotela u Beleku i okolnim podru\u010djima<br data-start=\"2494\" data-end=\"2497\" \/><span style=\"color: #ff0000;\"><strong>\u2022<\/strong> <\/span>Transfer do luke Adrasan<br data-start=\"2523\" data-end=\"2526\" \/><span style=\"color: #ff0000;\"><strong>\u2022<\/strong> <\/span>Akseki uvala stajali\u0161te za kupanje<br data-start=\"2552\" data-end=\"2555\" \/><span style=\"color: #ff0000;\"><strong>\u2022<\/strong> <\/span>Kupanje, blato i ru\u010dak u uvali Porto Ceneviz<br data-start=\"2601\" data-end=\"2604\" \/><span style=\"color: #ff0000;\"><strong>\u2022<\/strong> <\/span>Usidrenje u uvali Korsan<br data-start=\"2630\" data-end=\"2633\" \/><span style=\"color: #ff0000;\"><strong>\u2022<\/strong> <\/span>Posjet \u0161pilji Fosforlu (ako vrijeme dopusti)<br data-start=\"2675\" data-end=\"2678\" \/><span style=\"color: #ff0000;\"><strong>\u2022<\/strong> <\/span>Vratite se u Adrasan i transferirajte se do hotela<\/p>\n<h3>\u2139\ufe0f Korisne informacije<\/h3>\n<p data-start=\"2750\" data-end=\"2896\"><span style=\"color: #ff0000;\"><strong>\u2022<\/strong> <\/span>Cjelodnevni izlet brodom<br data-start=\"2770\" data-end=\"2773\" \/><span style=\"color: #ff0000;\"><strong>\u2022<\/strong> <\/span>Posjet \u0161pilji Fosfor depends on sea conditions<br data-start=\"2820\" data-end=\"2823\" \/><span style=\"color: #ff0000;\"><strong>\u2022<\/strong> <\/span>Preporu\u010dene cipele za snorkeling<br data-start=\"2853\" data-end=\"2856\" \/><span style=\"color: #ff0000;\"><strong>\u2022<\/strong> <\/span>Ruta obilaska mo\u017ee se promijeniti zbog vremenskih uvjeta<\/p>\n<p class=\"mhm-jue-external-link\">Saznajte vi\u0161e o odredi\u0161tu na <a href=\"https:\/\/en.wikipedia.org\/wiki\/Phaselis\" target=\"_blank\" rel=\"noopener\">Starohrvatski grad Fazelis stranica Wikipedije<\/a>.<\/p>\n<h3>\ud83c\udf92 \u0160to ponijeti<\/h3>\n<p data-start=\"2920\" data-end=\"3026\"><span style=\"color: #ff0000;\"><strong>\u2022<\/strong> <\/span>Kupa\u0107i kostim i ru\u010dnik<br data-start=\"2940\" data-end=\"2943\" \/><span style=\"color: #ff0000;\"><strong>\u2022<\/strong> <\/span>Krema za sun\u010danje i \u0161e\u0161ir<br data-start=\"2962\" data-end=\"2965\" \/><span style=\"color: #ff0000;\"><strong>\u2022<\/strong> <\/span>Oprema za ronjenje (opcionalno)<br data-start=\"2993\" data-end=\"2996\" \/><span style=\"color: #ff0000;\"><strong>\u2022<\/strong> <\/span>Gotovina za pi\u0107a i dodatke<\/p>\n<h3>\ud83d\udeab Nije prikladno za<\/h3>\n<p data-start=\"3053\" data-end=\"3097\"><span style=\"color: #ff0000;\"><strong>\u2022<\/strong> <\/span>Gosti s te\u0161kim pote\u0161ko\u0107ama u kretanju<\/p>\n<h3>\ud83d\udcb8 Cijena i rezervacija<\/h3>\n<p data-start=\"3125\" data-end=\"3287\"><span style=\"color: #ff0000;\"><strong>\u2022<\/strong> <\/span>Cijene variraju ovisno o sezoni<br data-start=\"3158\" data-end=\"3161\" \/><span style=\"color: #ff0000;\"><strong>\u2022<\/strong> <\/span>Rezervirajte sada i platite na dan obilaska<br data-start=\"3202\" data-end=\"3205\" \/><span style=\"color: #ff0000;\"><strong>\u2022<\/strong> <\/span>Kontaktirajte nas putem WhatsAppa, Telegr\u00e1ma ili Vibera, ili ispunite obrazac za rezervaciju ispod<\/p>","protected":false},"excerpt":{"rendered":"<p>U\u017eivajte u jahtnom izletu iz Beleka do zaljeva Porto Ceneviz, Akseki i Korsan. Uklju\u010deno plivanje, u\u017eivanje u kupki od blata, ru\u010dak na brodu i hotelski prijevoz.<\/p>","protected":false},"featured_media":10662,"comment_status":"open","ping_status":"closed","template":"","meta":{"_acf_changed":false},"product_brand":[],"product_cat":[43,72],"product_tag":[66],"class_list":{"0":"post-11133","1":"product","2":"type-product","3":"status-publish","4":"has-post-thumbnail","6":"product_cat-belek","7":"product_cat-porto-genoese-bay","8":"product_tag-belek","10":"first","11":"instock","12":"featured","13":"shipping-taxable","14":"purchasable","15":"product-type-ovabrw_car_rental"},"acf":[],"aioseo_notices":[],"_links":{"self":[{"href":"https:\/\/joinusexcursions.com\/hr\/wp-json\/wp\/v2\/product\/11133","targetHints":{"allow":["GET"]}}],"collection":[{"href":"https:\/\/joinusexcursions.com\/hr\/wp-json\/wp\/v2\/product"}],"about":[{"href":"https:\/\/joinusexcursions.com\/hr\/wp-json\/wp\/v2\/types\/product"}],"replies":[{"embeddable":true,"href":"https:\/\/joinusexcursions.com\/hr\/wp-json\/wp\/v2\/comments?post=11133"}],"wp:featuredmedia":[{"embeddable":true,"href":"https:\/\/joinusexcursions.com\/hr\/wp-json\/wp\/v2\/media\/10662"}],"wp:attachment":[{"href":"https:\/\/joinusexcursions.com\/hr\/wp-json\/wp\/v2\/media?parent=11133"}],"wp:term":[{"taxonomy":"product_brand","embeddable":true,"href":"https:\/\/joinusexcursions.com\/hr\/wp-json\/wp\/v2\/product_brand?post=11133"},{"taxonomy":"product_cat","embeddable":true,"href":"https:\/\/joinusexcursions.com\/hr\/wp-json\/wp\/v2\/product_cat?post=11133"},{"taxonomy":"product_tag","embeddable":true,"href":"https:\/\/joinusexcursions.com\/hr\/wp-json\/wp\/v2\/product_tag?post=11133"}],"curies":[{"name":"wp","href":"https:\/\/api.w.org\/{rel}","templated":true}]}}