{"id":11135,"date":"2025-12-15T18:34:10","date_gmt":"2025-12-15T15:34:10","guid":{"rendered":"https:\/\/joinusexcursions.com\/?post_type=product&#038;p=11135"},"modified":"2026-04-13T19:36:12","modified_gmt":"2026-04-13T16:36:12","slug":"belek-suluada-otok-izlet","status":"publish","type":"product","link":"https:\/\/joinusexcursions.com\/hr\/tours\/belek-suluada-island-boat\/","title":{"rendered":"Izlet brodom na otok Suluada iz Beleka - Turske Maldivi"},"content":{"rendered":"<p data-start=\"317\" data-end=\"479\">Pobjegnite u raj na cjelodnevnoj izletu brodom na Suluadu iz Beleka. Plivajte u tirkiznim vodama, opustite se na bijelim pje\u0161\u010danim pla\u017eama i istra\u017eite \u0160pilju ljubavi uz uklju\u010den ru\u010dak.<\/p>\n<h2>Otok Suluada u Beleku: Pregled izleta brodom<\/h2>\n<p data-start=\"499\" data-end=\"786\">U\u017eivajte u cjelodnevnom izletu brodom iz Beleka, Kadriye i Bo\u011fazkenta do <strong data-start=\"563\" data-end=\"581\">Otok Suluada<\/strong>, \u010desto nazivan Maldivima Turske. Krstarite iz luke Adrasan do kristalno \u010distih uvala, plivajte u tirkiznim vodama i opustite se na netaknutim pla\u017eama. Savr\u0161en mediteranski bijeg za ljubitelje prirode i obitelji.<\/p>\n<h3>\ud83c\udf1f Istaknuto<\/h3>\n<p data-start=\"1070\" data-end=\"1327\"><span style=\"color: #ff0000;\"><strong>\u2022<\/strong> <\/span>Plivajte u kristalno \u010distim vodama u zaljevu Suluada Maldives<br data-start=\"1124\" data-end=\"1127\" \/><span style=\"color: #ff0000;\"><strong>\u2022<\/strong> <\/span>Opustite se na skrivenim pla\u017eama s bijelim pijeskom<br data-start=\"1164\" data-end=\"1167\" \/><span style=\"color: #ff0000;\"><strong>\u2022<\/strong> <\/span>Istra\u017eite poznatu \u0160pilju ljubavi<br data-start=\"1197\" data-end=\"1200\" \/><span style=\"color: #ff0000;\"><strong>\u2022<\/strong> <\/span>U\u017eivajte u svje\u017ee pripremljenom ro\u0161tilju za ru\u010dak na brodu<br data-start=\"1244\" data-end=\"1247\" \/><span style=\"color: #ff0000;\"><strong>\u2022<\/strong> <\/span>Mirna, obiteljska atmosfera<br data-start=\"1281\" data-end=\"1284\" \/><span style=\"color: #ff0000;\"><strong>\u2022<\/strong> <\/span>Zapanjuju\u0107i mediteranski i oto\u010dni vidici<\/p>\n<h2>\u0160to o\u010dekivati na izletu brodom na otok Suluada iz Beleka<\/h2>\n<p data-start=\"1354\" data-end=\"1583\">Va\u0161 dan zapo\u010dinje udobnim preuzimanjem iz hotela u Beleku ili okolici, nakon \u010dega slijedi slikovita vo\u017enja do <strong data-start=\"1468\" data-end=\"1484\">Luka Adrasan<\/strong>. Ukrcajte se u prostran i udoban brod i zaplovite prema tirkiznim vodama otoka Suluada.<\/p>\n<p data-start=\"1585\" data-end=\"1896\">\u0110irada uklju\u010duje tri mjesta za plivanje na najljep\u0161im mjestima Suluade. Prvo, posjetite <strong data-start=\"1672\" data-end=\"1688\">Maldivski zaljev<\/strong>, poznata po bijelom pijesku i kristalno \u010distoj vodi, idealnoj za plivanje i ronjenje. Nastavite do <strong data-start=\"1789\" data-end=\"1817\">Skrivene pla\u017ee Suluade<\/strong>, gdje se mo\u017eete opustiti na mirnim obalama, \u0161etati uz obalu ili se jednostavno sun\u010dati.<\/p>\n<p data-start=\"1898\" data-end=\"2163\">Jo\u0161 jedna zanimljivost je <strong data-start=\"1923\" data-end=\"1936\">Ljubavna \u0161pilja<\/strong>, prirodna formacija koja nudi jedinstvenu priliku za plivanje i fotografiranje. Oko podneva, u\u017eivajte u svje\u017ee pe\u010denom ro\u0161tilju na brodu, s opcijama poput ribe, piletine ili vegetarijanskih jela, uz tradicionalne turske meze.<\/p>\n<p data-start=\"2165\" data-end=\"2356\">Nakon opu\u0161taju\u0107e pauze za \u010daj, brod se vra\u0107a u luku Adrasan. Kona\u010dno, u\u017eivajte u udobnom prijevozu natrag do va\u0161eg hotela u Beleku s nezaboravnim uspomenama na turski mediteranski raj.<\/p>\n<p class=\"mhm-jue-internal-links\">Tra\u017eite vi\u0161e avantura u okolici? Istra\u017eite na\u0161 potpuni popis <a href=\"\/hr\/odrediste\/belek-ture\/\">Belek ture<\/a> ili provjerite <a href=\"\/hr\/ture-2\/belek-land-of-legends-nocni-sou\/\">Land of Legends No\u0107ni Show iz Beleka<\/a> za jo\u0161 jedno nezaboravno iskustvo.<\/p>\n<h3>\ud83e\udded Putopisni plan<\/h3>\n<p data-start=\"2381\" data-end=\"2663\"><span style=\"color: #ff0000;\"><strong>\u2022<\/strong> <\/span>Polazak iz hotela u Beleku i okolnim podru\u010djima<br data-start=\"2430\" data-end=\"2433\" \/><span style=\"color: #ff0000;\"><strong>\u2022<\/strong> <\/span>Transfer do luke Adrasan<br data-start=\"2459\" data-end=\"2462\" \/><span style=\"color: #ff0000;\"><strong>\u2022<\/strong> <\/span>Polazak broda za otok Suluada<br data-start=\"2496\" data-end=\"2499\" \/><span style=\"color: #ff0000;\"><strong>\u2022<\/strong> <\/span>Maldivska uvala stajali\u0161te za kupanje<br data-start=\"2527\" data-end=\"2530\" \/><span style=\"color: #ff0000;\"><strong>\u2022<\/strong> <\/span>Skrivene pla\u017ee zaustavljanje za kupanje<br data-start=\"2560\" data-end=\"2563\" \/><span style=\"color: #ff0000;\"><strong>\u2022<\/strong> <\/span>Posjet \u0161pilji ljubavi<br data-start=\"2580\" data-end=\"2583\" \/><span style=\"color: #ff0000;\"><strong>\u2022<\/strong> <\/span>BBQ ru\u010dak na brodu<br data-start=\"2602\" data-end=\"2605\" \/><span style=\"color: #ff0000;\"><strong>\u2022<\/strong> <\/span>Pauza za \u010daj i povratak kruzom<br data-start=\"2634\" data-end=\"2637\" \/><span style=\"color: #ff0000;\"><strong>\u2022<\/strong> <\/span>Povratak u hotel<\/p>\n<h3>\u2139\ufe0f Korisne informacije<\/h3>\n<p data-start=\"2692\" data-end=\"2865\"><span style=\"color: #ff0000;\"><strong>\u2022<\/strong> <\/span>Cjelodnevni izlet brodom<br data-start=\"2712\" data-end=\"2715\" \/><span style=\"color: #ff0000;\"><strong>\u2022<\/strong> <\/span>Mirna i plitka voda pogodna za obitelji<br data-start=\"2762\" data-end=\"2765\" \/><span style=\"color: #ff0000;\"><strong>\u2022<\/strong> <\/span>Ruta turneje se mo\u017ee promijeniti zbog vremenskih uvjeta<br data-start=\"2814\" data-end=\"2817\" \/><span style=\"color: #ff0000;\"><strong>\u2022<\/strong> <\/span>Dostupne su opcije za male grupe i velike brodove<\/p>\n<p class=\"mhm-jue-external-link\">Saznajte vi\u0161e o odredi\u0161tu na <a href=\"https:\/\/en.wikipedia.org\/wiki\/Suluada\" target=\"_blank\" rel=\"noopener\">Suluada Wikipedia stranica<\/a>.<\/p>\n<h3>\ud83c\udf92 \u0160to ponijeti<\/h3>\n<p data-start=\"2889\" data-end=\"3004\"><span style=\"color: #ff0000;\"><strong>\u2022<\/strong> <\/span>Kupa\u0107i kostim i ru\u010dnik<br data-start=\"2909\" data-end=\"2912\" \/><span style=\"color: #ff0000;\"><strong>\u2022<\/strong> <\/span>Krema za sun\u010danje i \u0161e\u0161ir<br data-start=\"2931\" data-end=\"2934\" \/><span style=\"color: #ff0000;\"><strong>\u2022<\/strong> <\/span>Sun\u010dane nao\u010dale<br data-start=\"2946\" data-end=\"2949\" \/><span style=\"color: #ff0000;\"><strong>\u2022<\/strong> <\/span>Fotoaparat ili pametni telefon<br data-start=\"2971\" data-end=\"2974\" \/><span style=\"color: #ff0000;\"><strong>\u2022<\/strong> <\/span>Gotovina za pi\u0107a i dodatke<\/p>\n<h3>\ud83d\udeab Nije prikladno za<\/h3>\n<p data-start=\"3031\" data-end=\"3074\"><span style=\"color: #ff0000;\"><strong>\u2022<\/strong> <\/span>Gosti s ote\u017eanim tjelesnim kretanjem<\/p>\n<h3>\ud83d\udcb8 Cijena i rezervacija<\/h3>\n<p data-start=\"3102\" data-end=\"3278\"><span style=\"color: #ff0000;\"><strong>\u2022<\/strong> <\/span>Cijene variraju ovisno o sezoni i vrsti broda<br data-start=\"3149\" data-end=\"3152\" \/><span style=\"color: #ff0000;\"><strong>\u2022<\/strong> <\/span>Rezervirajte sada i platite na dan obilaska<br data-start=\"3193\" data-end=\"3196\" \/><span style=\"color: #ff0000;\"><strong>\u2022<\/strong> <\/span>Kontaktirajte nas putem WhatsAppa, Telegr\u00e1ma ili Vibera, ili ispunite obrazac za rezervaciju ispod<\/p>","protected":false},"excerpt":{"rendered":"<p>Pridru\u017eite se obilasku brodom na Suluadu iz Beleka. Plivajte u tirkiznim vodama, istra\u017eite \u0160pilju ljubavi, opustite se na bijelim pla\u017eama i u\u017eivajte u ro\u0161tilju za ru\u010dak uz prijevoz.<\/p>","protected":false},"featured_media":10643,"comment_status":"open","ping_status":"closed","template":"","meta":{"_acf_changed":false},"product_brand":[],"product_cat":[43,71],"product_tag":[66],"class_list":{"0":"post-11135","1":"product","2":"type-product","3":"status-publish","4":"has-post-thumbnail","6":"product_cat-belek","7":"product_cat-suluada-maldives","8":"product_tag-belek","10":"first","11":"instock","12":"sale","13":"featured","14":"shipping-taxable","15":"purchasable","16":"product-type-ovabrw_car_rental"},"acf":[],"aioseo_notices":[],"_links":{"self":[{"href":"https:\/\/joinusexcursions.com\/hr\/wp-json\/wp\/v2\/product\/11135","targetHints":{"allow":["GET"]}}],"collection":[{"href":"https:\/\/joinusexcursions.com\/hr\/wp-json\/wp\/v2\/product"}],"about":[{"href":"https:\/\/joinusexcursions.com\/hr\/wp-json\/wp\/v2\/types\/product"}],"replies":[{"embeddable":true,"href":"https:\/\/joinusexcursions.com\/hr\/wp-json\/wp\/v2\/comments?post=11135"}],"wp:featuredmedia":[{"embeddable":true,"href":"https:\/\/joinusexcursions.com\/hr\/wp-json\/wp\/v2\/media\/10643"}],"wp:attachment":[{"href":"https:\/\/joinusexcursions.com\/hr\/wp-json\/wp\/v2\/media?parent=11135"}],"wp:term":[{"taxonomy":"product_brand","embeddable":true,"href":"https:\/\/joinusexcursions.com\/hr\/wp-json\/wp\/v2\/product_brand?post=11135"},{"taxonomy":"product_cat","embeddable":true,"href":"https:\/\/joinusexcursions.com\/hr\/wp-json\/wp\/v2\/product_cat?post=11135"},{"taxonomy":"product_tag","embeddable":true,"href":"https:\/\/joinusexcursions.com\/hr\/wp-json\/wp\/v2\/product_tag?post=11135"}],"curies":[{"name":"wp","href":"https:\/\/api.w.org\/{rel}","templated":true}]}}