{"id":11137,"date":"2025-12-15T22:24:11","date_gmt":"2025-12-15T19:24:11","guid":{"rendered":"https:\/\/joinusexcursions.com\/?post_type=product&#038;p=11137"},"modified":"2026-04-18T03:58:10","modified_gmt":"2026-04-18T00:58:10","slug":"belek-gusarski-brod-gonster","status":"publish","type":"product","link":"https:\/\/joinusexcursions.com\/hr\/tours\/belek-pirate-boat-gonster\/","title":{"rendered":"Piratski brodski izlet Gonster iz Beleka \u2013 All Inclusive"},"content":{"rendered":"<p data-start=\"317\" data-end=\"472\">Pridru\u017eite se legendarnom izletu brodom \"Gonster Pirate\" iz Beleka i u\u017eivajte u danu punom zabave na moru uz gusarske predstave, stajanja za kupanje te uklju\u010dene ru\u010dak i bezalkoholna pi\u0107a.<\/p>\n<h2>Pregled izleta brodom gusara u Belek<\/h2>\n<p data-start=\"490\" data-end=\"762\">Isplovite na nezaboravnu gusarsku brodsku turu iz Beleka, Kadriye i Bo\u011fazkenta do tirkiznih zaljeva Kemera. U\u017eivajte u \u017eivim zabavama, pauzama za kupanje, slikovitim pogledima i ukusnom ru\u010dku na brodu. Savr\u0161ena obiteljska morska avantura puna zabave i iznena\u0111enja.<\/p>\n<h3>\ud83c\udf1f Istaknuto<\/h3>\n<p data-start=\"1099\" data-end=\"1367\"><span style=\"color: #ff0000;\"><strong>\u2022<\/strong> <\/span>Brod gusarske tematike s \u017eivahnom atmosferom<br data-start=\"1142\" data-end=\"1145\" \/><span style=\"color: #ff0000;\"><strong>\u2022<\/strong> <\/span>Plivajte u kristalno \u010distim uvalama Kemera<br data-start=\"1182\" data-end=\"1185\" \/><span style=\"color: #ff0000;\"><strong>\u2022<\/strong> <\/span>Posjetite Phaselis Bay, Heaven Bay i Moonlight Bay<br data-start=\"1235\" data-end=\"1238\" \/><span style=\"color: #ff0000;\"><strong>\u2022<\/strong> <\/span>Krstarite pored misteriozne Piratske \u0161pilje<br data-start=\"1278\" data-end=\"1281\" \/><span style=\"color: #ff0000;\"><strong>\u2022<\/strong> <\/span>Ru\u010dak i bezalkoholna pi\u0107a uklju\u010deni<br data-start=\"1313\" data-end=\"1316\" \/><span style=\"color: #ff0000;\"><strong>\u2022<\/strong> <\/span>Zabavne emisije, glazba i zabava za sve uzraste<\/p>\n<h2>\u0160to o\u010dekivati na piratskom izletu brodom u Beleku<\/h2>\n<div data-start=\"1394\" data-end=\"1642\">Va\u0161a avantura zapo\u010dinje udobnim preuzimanjem iz va\u0161eg hotela u Beleku ili okolnim podru\u010djima, nakon \u010dega slijedi transfer do <strong data-start=\"1510\" data-end=\"1526\">Marina Kemer<\/strong>. Ukrcajte se na <strong data-start=\"1544\" data-end=\"1567\">Gusarski brod Gonster<\/strong>, jedinstvenog dizajna gusarskog plovila punog karaktera i uzbu\u0111enja.<\/div>\n<div data-start=\"1644\" data-end=\"1916\">Dok brod plovi du\u017e zadivljuju\u0107e obale Kemera, posada stvara zabavnu i energi\u010dnu atmosferu uz glazbu, ples i zabavu na temu gusara. Izlet uklju\u010duje nekoliko stajali\u0161ta za kupanje u prekrasnim uvalama gdje se mo\u017eete osvje\u017eiti u tirkiznim vodama ili se opustiti na palubi.<\/div>\n<div data-start=\"1918\" data-end=\"2211\">Plivajte blizu drevnih ru\u0161evina na <strong data-start=\"1949\" data-end=\"1965\">Uvala Phaselis<\/strong>, u\u017eivajte u mirnom ljepotom <strong data-start=\"1996\" data-end=\"2010\">Nebeski zaljev<\/strong>, i opustite se na <strong data-start=\"2025\" data-end=\"2042\">Mjese\u010deva uvala<\/strong>, jednom od najpopularnijih obalnih mjesta Kemera. Tako\u0111er \u0107ete pro\u0107i pored legendarnog <strong data-start=\"2125\" data-end=\"2140\">Piratska \u0161pilja<\/strong>, nude\u0107i fantasti\u010dne fotografske mogu\u0107nosti s dramati\u010dnim stjenovitim formacijama.<\/div>\n<div data-start=\"2213\" data-end=\"2450\">Na brodu se poslu\u017euje ukusan ru\u010dak, a bezalkoholna pi\u0107a dostupna su tijekom cijelog dana. S prostranim palubama za sun\u010danje, mno\u0161tvom aktivnosti i ljubaznom posadom, ova tura obe\u0107ava dan pun zabave, opu\u0161tanja i nezaboravnih uspomena.<\/div>\n<p class=\"mhm-jue-internal-links\">Tra\u017eite vi\u0161e avantura u okolici? Istra\u017eite na\u0161 potpuni popis <a href=\"\/hr\/odrediste\/belek-ture\/\">Belek ture<\/a> ili provjerite <a href=\"\/hr\/ture-2\/belek-land-of-legends-nocni-sou\/\">Land of Legends No\u0107ni Show iz Beleka<\/a> za jo\u0161 jedno nezaboravno iskustvo.<\/p>\n<h3>\ud83e\udded Putopisni plan<\/h3>\n<p data-start=\"2475\" data-end=\"2788\"><span style=\"color: #ff0000;\"><strong>\u2022<\/strong> <\/span>Polazak iz hotela u Beleku i okolnim podru\u010djima<br data-start=\"2524\" data-end=\"2527\" \/><span style=\"color: #ff0000;\"><strong>\u2022<\/strong> <\/span>Transfer do marine Kemer<br data-start=\"2553\" data-end=\"2556\" \/><span style=\"color: #ff0000;\"><strong>\u2022<\/strong> <\/span>Ukrcaj na gusarski brod Gonster<br data-start=\"2590\" data-end=\"2593\" \/><span style=\"color: #ff0000;\"><strong>\u2022<\/strong> <\/span>Pliva\u010dki zastoj u zaljevu Phaselis<br data-start=\"2621\" data-end=\"2624\" \/><span style=\"color: #ff0000;\"><strong>\u2022<\/strong> <\/span>Rajska uvala kupali\u0161te<br data-start=\"2650\" data-end=\"2653\" \/><span style=\"color: #ff0000;\"><strong>\u2022<\/strong> <\/span>Pla\u017ea Moonlight Bay<br data-start=\"2682\" data-end=\"2685\" \/><span style=\"color: #ff0000;\"><strong>\u2022<\/strong> <\/span>Razgledavanje Gusarske \u0161pilje<br data-start=\"2710\" data-end=\"2713\" \/><span style=\"color: #ff0000;\"><strong>\u2022<\/strong> <\/span>Ru\u010dak i zabava na brodu<br data-start=\"2746\" data-end=\"2749\" \/><span style=\"color: #ff0000;\"><strong>\u2022<\/strong> <\/span>Povratak u marinu i hotelski transfer<\/p>\n<h3>\u2139\ufe0f Korisne informacije<\/h3>\n<p data-start=\"2817\" data-end=\"2977\"><span style=\"color: #ff0000;\"><strong>\u2022<\/strong> <\/span>Cjelodnevni izlet brodom<br data-start=\"2837\" data-end=\"2840\" \/><span style=\"color: #ff0000;\"><strong>\u2022<\/strong> <\/span>Pogodno za obitelj i djecu<br data-start=\"2883\" data-end=\"2886\" \/><span style=\"color: #ff0000;\"><strong>\u2022<\/strong> <\/span>Bezalkoholna pi\u0107a uklju\u010dena tijekom obilaska<br data-start=\"2924\" data-end=\"2927\" \/><span style=\"color: #ff0000;\"><strong>\u2022<\/strong> <\/span>Ruta mo\u017ee varirati ovisno o vremenskim uvjetima<\/p>\n<p class=\"mhm-jue-external-link\">Saznajte vi\u0161e o odredi\u0161tu na <a href=\"https:\/\/en.wikipedia.org\/wiki\/Phaselis\" target=\"_blank\" rel=\"noopener\">Starohrvatski grad Fazelis stranica Wikipedije<\/a>.<\/p>\n<h3>\ud83c\udf92 \u0160to ponijeti<\/h3>\n<p data-start=\"3001\" data-end=\"3116\"><span style=\"color: #ff0000;\"><strong>\u2022<\/strong> <\/span>Kupa\u0107i kostim i ru\u010dnik<br data-start=\"3021\" data-end=\"3024\" \/><span style=\"color: #ff0000;\"><strong>\u2022<\/strong> <\/span>Krema za sun\u010danje i \u0161e\u0161ir<br data-start=\"3043\" data-end=\"3046\" \/><span style=\"color: #ff0000;\"><strong>\u2022<\/strong> <\/span>Sun\u010dane nao\u010dale<br data-start=\"3058\" data-end=\"3061\" \/><span style=\"color: #ff0000;\"><strong>\u2022<\/strong> <\/span>Fotoaparat ili pametni telefon<br data-start=\"3083\" data-end=\"3086\" \/><span style=\"color: #ff0000;\"><strong>\u2022<\/strong> <\/span>Gotovina za osobne potrebe<\/p>\n<h3>\ud83d\udeab Nije prikladno za<\/h3>\n<p data-start=\"3143\" data-end=\"3186\"><span style=\"color: #ff0000;\"><strong>\u2022<\/strong> <\/span>Gosti s ote\u017eanim tjelesnim kretanjem<\/p>\n<h3>\ud83d\udcb8 Cijena i rezervacija<\/h3>\n<p data-start=\"3214\" data-end=\"3380\"><span style=\"color: #ff0000;\"><strong>\u2022<\/strong> <\/span>Cijene mogu varirati ovisno o sezoni<br data-start=\"3251\" data-end=\"3254\" \/><span style=\"color: #ff0000;\"><strong>\u2022<\/strong> <\/span>Rezervirajte sada i platite na dan obilaska<br data-start=\"3295\" data-end=\"3298\" \/><span style=\"color: #ff0000;\"><strong>\u2022<\/strong> <\/span>Kontaktirajte nas putem WhatsAppa, Telegr\u00e1ma ili Vibera, ili ispunite obrazac za rezervaciju ispod<\/p>","protected":false},"excerpt":{"rendered":"<p>U\u017eivajte u izletu gusarskim brodom Gonster iz Beleka. Kupajte se u zaljevima Kemera, u\u017eivajte u gusarskim predstavama, ru\u010dku, bezalkoholnim pi\u0107ima i zabavnoj animaciji s uklju\u010denim prijevozom.<\/p>","protected":false},"featured_media":10574,"comment_status":"open","ping_status":"closed","template":"","meta":{"_acf_changed":false},"product_brand":[],"product_cat":[43,70],"product_tag":[66],"class_list":{"0":"post-11137","1":"product","2":"type-product","3":"status-publish","4":"has-post-thumbnail","6":"product_cat-belek","7":"product_cat-pirates-boat-tours","8":"product_tag-belek","10":"first","11":"instock","12":"sale","13":"featured","14":"shipping-taxable","15":"purchasable","16":"product-type-ovabrw_car_rental"},"acf":[],"aioseo_notices":[],"_links":{"self":[{"href":"https:\/\/joinusexcursions.com\/hr\/wp-json\/wp\/v2\/product\/11137","targetHints":{"allow":["GET"]}}],"collection":[{"href":"https:\/\/joinusexcursions.com\/hr\/wp-json\/wp\/v2\/product"}],"about":[{"href":"https:\/\/joinusexcursions.com\/hr\/wp-json\/wp\/v2\/types\/product"}],"replies":[{"embeddable":true,"href":"https:\/\/joinusexcursions.com\/hr\/wp-json\/wp\/v2\/comments?post=11137"}],"wp:featuredmedia":[{"embeddable":true,"href":"https:\/\/joinusexcursions.com\/hr\/wp-json\/wp\/v2\/media\/10574"}],"wp:attachment":[{"href":"https:\/\/joinusexcursions.com\/hr\/wp-json\/wp\/v2\/media?parent=11137"}],"wp:term":[{"taxonomy":"product_brand","embeddable":true,"href":"https:\/\/joinusexcursions.com\/hr\/wp-json\/wp\/v2\/product_brand?post=11137"},{"taxonomy":"product_cat","embeddable":true,"href":"https:\/\/joinusexcursions.com\/hr\/wp-json\/wp\/v2\/product_cat?post=11137"},{"taxonomy":"product_tag","embeddable":true,"href":"https:\/\/joinusexcursions.com\/hr\/wp-json\/wp\/v2\/product_tag?post=11137"}],"curies":[{"name":"wp","href":"https:\/\/api.w.org\/{rel}","templated":true}]}}