{"id":11140,"date":"2025-12-15T22:49:59","date_gmt":"2025-12-15T19:49:59","guid":{"rendered":"https:\/\/joinusexcursions.com\/?post_type=product&#038;p=11140"},"modified":"2026-04-20T17:08:40","modified_gmt":"2026-04-20T14:08:40","slug":"antalya-gusarski-brod-red-dragon","status":"publish","type":"product","link":"https:\/\/joinusexcursions.com\/hr\/tours\/antalya-pirate-boat-red-dragon\/","title":{"rendered":"Putovanje gusarskim brodom Crveni Zmaj iz Antalye s ru\u010dkom"},"content":{"rendered":"<h2>\u26f5 Kemer Katamaran Izlet Brod: Luksuz, Zabava &amp; Vibra Mora<\/h2>\n<div>\n<p class=\"\" data-start=\"221\" data-end=\"455\">U\u017eivajte u elegantnom krstarenju uz tirkiznu obalu s <strong data-start=\"279\" data-end=\"308\">Kemer Katamaran Izlet Brod<\/strong> \u2014 savr\u0161ena mje\u0161avina opu\u0161tanja, zabave i prirodnih ljepota. Zaplovite modernim katamaranom i do\u017eivite Mediteran kao nikada prije!<\/p>\n<h3 data-start=\"462\" data-end=\"485\">\ud83c\udf1f Sjajne znamenitosti ture<\/h3>\n<p><span style=\"color: #ff0000;\"><strong>\u2022 <\/strong><\/span>Krstarenje luksuznim, modernim katamaranom<\/p>\n<\/div>\n<div><span style=\"color: #ff0000;\"><strong>\u2022 <\/strong><\/span>Plivajte u kristalno \u010distim uvalama Kemera<\/div>\n<div><span style=\"color: #ff0000;\"><strong>\u2022 <\/strong><\/span>Glazba u\u017eivo i zabava na brodu<\/div>\n<div><span style=\"color: #ff0000;\"><strong>\u2022 <\/strong><\/span>Ukusna hrana i pi\u0107e (dostupni na brodu)<\/div>\n<div><span style=\"color: #ff0000;\"><strong>\u2022 <\/strong><\/span>Sun\u010dajte se i opustite se na prostranim palubama<\/div>\n<div><span style=\"color: #ff0000;\"><strong>\u2022 <\/strong><\/span>Slike savr\u0161enih pogleda i sjajne prilike za fotografije<\/div>\n<div>\n<p><strong><span style=\"color: #ff0000;\">\u2022<\/span> <\/strong>Pristupa\u010dno i kvalitetno iskustvo<\/p>\n<h2>\u0160to o\u010dekivati na Antalijskoj gusarskoj brodskoj turi<\/h2>\n<p class=\"\" data-start=\"259\" data-end=\"526\">Isplovite u savr\u0161en dan uz <strong data-start=\"292\" data-end=\"321\">Kemer Katamaran Izlet Brod<\/strong>, gdje se pjenu\u0161avo plavo more susre\u0107e s opu\u0161tanjem, zabavom i prirodnim \u010dudima. Bilo da se sun\u010date na prostranoj palubi, plivate u kristalno \u010distim vodama ili istra\u017eujete skrivene uvale, ova tura ima sve.<\/p>\n<p class=\"\" data-start=\"528\" data-end=\"757\">Va\u0161e putovanje zapo\u010dinje na <strong data-start=\"551\" data-end=\"567\">Marina Kemer<\/strong>, gdje \u0107ete se ukrcati na moderan katamaran opremljen za udobnost i stil. Brod \u0107e ploviti slikovitom obalom, zaustavljaju\u0107i se na <strong data-start=\"700\" data-end=\"727\">tri zapanjuju\u0107a zaljeva<\/strong> za plivanje i istra\u017eivanje:<\/p>\n<p class=\"\" data-start=\"761\" data-end=\"943\">Hram <strong data-start=\"765\" data-end=\"781\">Uvala Phaselis<\/strong>Plivajte blizu drevnih ru\u0161evina likijskog grada Faselisa. Ova jedinstvena lokacija spaja povijest i prirodu, okru\u017eena borovom \u0161umom te mirnim, bistrim vodama.<\/p>\n<p class=\"\" data-start=\"946\" data-end=\"1081\"><strong>Rajski zaljev<\/strong>: Skroviti raj poznat po svom tamnoplavom moru i netaknutoj ljepoti \u2014 savr\u0161en za mirno plivanje.<\/p>\n<p class=\"\" data-start=\"1084\" data-end=\"1229\">\ud83c\udf0a <strong data-start=\"1087\" data-end=\"1119\">Mjese\u010deva uvala<\/strong>Omiljeno mjesto u blizini Kemera s opu\u0161tenom atmosferom, odli\u010dno za kupanje, sun\u010danje i fotografiranje prekrasnih fotografija.<\/p>\n<p class=\"\" data-start=\"1232\" data-end=\"1420\">\ud83c\udff4\u200d\u2620\ufe0f <strong data-start=\"1238\" data-end=\"1271\">Piratska \u0161pilja<\/strong>Zaplovite pokraj ove tajanstvene morske \u0161pilje, gdje legende o piratima jo\u0161 odjekuju. Izvrna prilika za fotografiranje s dramati\u010dnim stjenovitim formacijama i duboko plavom vodom.<\/p>\n<p class=\"\" data-start=\"1422\" data-end=\"1692\">Dok u\u017eivate u krajoliku, posada \u0107e podizati raspolo\u017eenje glazbom i laganom zabavom. Bit \u0107e vremena za u\u017eivanje <strong data-start=\"1564\" data-end=\"1581\">ru\u010dak u avionu<\/strong> (ovisno o va\u0161em paketu), kao i obilje prilika za opu\u0161tanje, sun\u010danje ili jednostavno u\u017eivanje u pogledu.<\/p>\n<p class=\"\" data-start=\"1694\" data-end=\"1818\">Savr\u0161en za parove, grupe, obitelji ili samostalne putnike \u2014 ovaj izlet katamaranom jedna je od najugodnijih jednodnevnih tura u Kemereu.<\/p>\n<p class=\"mhm-jue-internal-links\">Tra\u017eite vi\u0161e avantura u okolici? Istra\u017eite na\u0161 potpuni popis <a href=\"\/hr\/odrediste\/antalya-ture\/\">Antalya ture<\/a> ili provjerite <a href=\"\/hr\/ture-2\/antalya-suluada-zalazak-izlet\/\">Izlet brodom na zalazak sunca na otok Suluada iz Antalye s ve\u010derom<\/a> za jo\u0161 jedno nezaboravno iskustvo.<\/p>\n<h3 data-start=\"1551\" data-end=\"1575\">\ud83d\udeab Nije prikladno za<\/h3>\n<ul data-start=\"1576\" data-end=\"1650\">\n<li class=\"\" data-start=\"1576\" data-end=\"1614\">Gosti s jakim morskom bole\u0161\u0107u<\/li>\n<li class=\"\" data-start=\"1615\" data-end=\"1650\">Osobe s ograni\u010denjima pokretljivosti<\/li>\n<\/ul>\n<p class=\"mhm-jue-external-link\">Saznajte vi\u0161e o odredi\u0161tu na <a href=\"https:\/\/en.wikipedia.org\/wiki\/Phaselis\" target=\"_blank\" rel=\"noopener\">Starohrvatski grad Fazelis stranica Wikipedije<\/a>.<\/p>\n<h3 data-start=\"1657\" data-end=\"1678\">\ud83c\udf92 \u0160to ponijeti<\/h3>\n<ul data-start=\"1679\" data-end=\"1812\">\n<li class=\"\" data-start=\"1679\" data-end=\"1701\">Kupa\u0107i kostim i ru\u010dnik<\/li>\n<li class=\"\" data-start=\"1702\" data-end=\"1728\">Krema za sun\u010danje i sun\u010dane nao\u010dale<\/li>\n<li class=\"\" data-start=\"1729\" data-end=\"1743\">\u0160e\u0161ir ili kapa<\/li>\n<li class=\"\" data-start=\"1744\" data-end=\"1779\">Vodootporna futrola za telefon ili kameru<\/li>\n<li class=\"\" data-start=\"1780\" data-end=\"1812\">Nekoliko novca za dodatke na brodu<\/li>\n<\/ul>\n<h3 data-start=\"1819\" data-end=\"1837\">\u274c Nije dopu\u0161teno<\/h3>\n<ul data-start=\"1838\" data-end=\"1904\">\n<li class=\"\" data-start=\"1838\" data-end=\"1865\">Hrana i pi\u0107e izvana<\/li>\n<li class=\"\" data-start=\"1866\" data-end=\"1874\">Ku\u0107ni ljubimci<\/li>\n<li class=\"\" data-start=\"1875\" data-end=\"1904\">Pu\u0161enje u zatvorenim prostorima<\/li>\n<\/ul>\n<h3 data-start=\"1911\" data-end=\"1937\">\u2139\ufe0f Informirajte se prije odlaska<\/h3>\n<ul data-start=\"1938\" data-end=\"2098\">\n<li class=\"\" data-start=\"1938\" data-end=\"1970\">Trajanje ture: <strong data-start=\"1955\" data-end=\"1968\">5\u20136 sati<\/strong><\/li>\n<li data-start=\"1938\" data-end=\"1970\">Katamaran ima i sjenovita i sun\u010dali\u0161na podru\u010dja<\/li>\n<li class=\"\" data-start=\"2048\" data-end=\"2098\">Djeca koja putuju besplatno ne\u0107e imati zasebno sjedalo u autobusu. Ako je autobus pun, morat \u0107e sjediti u krilu skrbnika ili kupljeno zasebno sjedalo prilikom rezervacije.<\/li>\n<\/ul>\n<p><strong>\ud83d\udcb8 Cijene i rezervacije<\/strong><\/p>\n<p><span style=\"color: #ff0000;\"><strong>\u2022 <\/strong><\/span>Cijene mogu varirati ovisno o sezoni i broju sudionika.<\/p>\n<p><strong><span style=\"color: #ff0000;\">\u2022 <\/span>Rezervirajte sada, platite na dan ture <\/strong>\u2013 preporu\u010dujemo ranu rezervaciju za najbolje cijene.<\/p>\n<p><strong>\ud83d\udcde Kontaktirajte nas na WhatsApp, Telegram ili Viber<\/strong> za rezervacije i vi\u0161e informacija.<\/p>\n<\/div>","protected":false},"excerpt":{"rendered":"<p>\u26f5 Kemer Catamaran Boat Tour: Luxury, Fun &amp; Sea Vibes Enjoy a stylish cruise along the turquoise coast with the Kemer Catamaran Boat Tour \u2014 a perfect blend of relaxation, entertainment, and natural beauty. Sail on a modern catamaran and experience the Mediterranean like never before! \ud83c\udf1f Tour Highlights \u2022 Cruise on a luxurious, modern [&hellip;]<\/p>\n","protected":false},"featured_media":10861,"comment_status":"open","ping_status":"closed","template":"","meta":{"_acf_changed":false},"product_brand":[],"product_cat":[32,70],"product_tag":[69],"class_list":{"0":"post-11140","1":"product","2":"type-product","3":"status-publish","4":"has-post-thumbnail","6":"product_cat-antalya","7":"product_cat-pirates-boat-tours","8":"product_tag-antalya","10":"first","11":"instock","12":"featured","13":"shipping-taxable","14":"purchasable","15":"product-type-ovabrw_car_rental"},"acf":[],"aioseo_notices":[],"_links":{"self":[{"href":"https:\/\/joinusexcursions.com\/hr\/wp-json\/wp\/v2\/product\/11140","targetHints":{"allow":["GET"]}}],"collection":[{"href":"https:\/\/joinusexcursions.com\/hr\/wp-json\/wp\/v2\/product"}],"about":[{"href":"https:\/\/joinusexcursions.com\/hr\/wp-json\/wp\/v2\/types\/product"}],"replies":[{"embeddable":true,"href":"https:\/\/joinusexcursions.com\/hr\/wp-json\/wp\/v2\/comments?post=11140"}],"wp:featuredmedia":[{"embeddable":true,"href":"https:\/\/joinusexcursions.com\/hr\/wp-json\/wp\/v2\/media\/10861"}],"wp:attachment":[{"href":"https:\/\/joinusexcursions.com\/hr\/wp-json\/wp\/v2\/media?parent=11140"}],"wp:term":[{"taxonomy":"product_brand","embeddable":true,"href":"https:\/\/joinusexcursions.com\/hr\/wp-json\/wp\/v2\/product_brand?post=11140"},{"taxonomy":"product_cat","embeddable":true,"href":"https:\/\/joinusexcursions.com\/hr\/wp-json\/wp\/v2\/product_cat?post=11140"},{"taxonomy":"product_tag","embeddable":true,"href":"https:\/\/joinusexcursions.com\/hr\/wp-json\/wp\/v2\/product_tag?post=11140"}],"curies":[{"name":"wp","href":"https:\/\/api.w.org\/{rel}","templated":true}]}}