{"id":11141,"date":"2025-12-15T22:52:28","date_gmt":"2025-12-15T19:52:28","guid":{"rendered":"https:\/\/joinusexcursions.com\/?post_type=product&#038;p=11141"},"modified":"2026-04-13T21:58:28","modified_gmt":"2026-04-13T18:58:28","slug":"kemer-gusarski-brod-gonster","status":"publish","type":"product","link":"https:\/\/joinusexcursions.com\/hr\/tours\/kemer-pirate-boat-gonster\/","title":{"rendered":"Kemer Pirate Boat Trip Gonster \u2013 Sve uklju\u010deno"},"content":{"rendered":"<h2>\u0160to o\u010dekivati na gusarskom brodu Gonster u Kemereu<\/h2>\n<p class=\"mhm-jue-internal-links\">Tra\u017eite vi\u0161e avantura u okolici? Istra\u017eite na\u0161 potpuni popis <a href=\"\/hr\/odrediste\/kemer-ture\/\">Kemer ture<\/a> ili provjerite <a href=\"\/hr\/ture-2\/kemer-suluada-otok-izlet\/\">Izlet brodom na otok Suluada u Kemere<\/a> za jo\u0161 jedno nezaboravno iskustvo.<\/p>\n<p class=\"mhm-jue-external-link\">Saznajte vi\u0161e o odredi\u0161tu na <a href=\"https:\/\/en.wikipedia.org\/wiki\/Phaselis\" target=\"_blank\" rel=\"noopener\">Starohrvatski grad Fazelis stranica Wikipedije<\/a>.<\/p>\n<p class=\"\" data-start=\"882\" data-end=\"1040\">Pripremite se za nezaboravan dan na moru uz <strong data-start=\"937\" data-end=\"965\">Gonster<\/strong> <strong data-start=\"937\" data-end=\"965\">Gusarski brodski obilazak<\/strong> \u2014 savr\u0161en spoj uzbu\u0111enja, prirode i opu\u0161taju\u0107eg mediteranskog ugo\u0111aja.<\/p>\n<p class=\"\" data-start=\"1042\" data-end=\"1335\">Va\u0161e putovanje zapo\u010dinje u marini Kemer, gdje \u0107ete se ukrcati na Gonster, brod gusarskog stila pun karaktera. Dok budete plovili lijepom obalom, posada \u0107e odr\u017eavati \u017eivahnu atmosferu glazbom, plesom i tematskom zabavom \u2014 savr\u0161eno za obitelji, prijatelje i tra\u017eitelje avanture!<\/p>\n<p class=\"\" data-start=\"1337\" data-end=\"1408\">Posjetit \u0107ete tri spektakularne uvale, savr\u0161ene za plivanje i opu\u0161tanje:<\/p>\n<p class=\"\" data-start=\"1410\" data-end=\"1559\">Hram <strong data-start=\"1414\" data-end=\"1430\">Uvala Phaselis<\/strong> \u2013 Plivajte u blizini drevnih ru\u0161evina likijskog grada Faselisa. Mjesto gdje se povijest susre\u0107e s prirodom u mirnom i tihom okru\u017eenju.<\/p>\n<p class=\"\" data-start=\"1561\" data-end=\"1673\">Otok <strong data-start=\"1565\" data-end=\"1579\">Nebeski zaljev<\/strong> \u2013 Skriveni dragulj okru\u017een bujnom prirodom i kristalnim vodama \u2014 idealno za mirno, slikovito kupanje.<\/p>\n<p class=\"\" data-start=\"1675\" data-end=\"1791\">\ud83c\udf0a <strong data-start=\"1678\" data-end=\"1695\">Mjese\u010deva uvala<\/strong> \u2013 Popularno i slikovito odredi\u0161te u blizini Kemera gdje se mo\u017eete opustiti, fotografirati ili u\u017eivati u moru.<\/p>\n<p class=\"\" data-start=\"1793\" data-end=\"1936\">\ud83e\udd9c <strong data-start=\"1796\" data-end=\"1811\">Piratska \u0161pilja<\/strong> \u2013 Pro\u0111ite pored ove misteriozne morske \u0161pilje ispunjene gusarskim legendama i nevjerojatnim stjenovitim formacijama \u2014 ne zaboravite fotoaparat!<\/p>\n<p class=\"\" data-start=\"1938\" data-end=\"2123\">Tijekom krstarenja u\u017eivat \u0107ete u ukusnom ru\u010dku poslu\u017eenom na brodu, uz <strong data-start=\"2009\" data-end=\"2033\">bezalkoholna pi\u0107a uklju\u010dena<\/strong> tijekom dana. Ima dovoljno prostora za sun\u010danje, plesanje ili jednostavno u\u017eivanje u pogledu.<\/p>\n<p class=\"\" data-start=\"2125\" data-end=\"2273\">Savr\u0161en za obitelji s djecom, parove ili bilo koga tko voli zabavu na vodi \u2014 Gusarski brod Gonster nudi dan pun nezaboravnih uspomena!<\/p>\n<p class=\"\" data-start=\"2275\" data-end=\"2375\">\ud83d\udeab <strong data-start=\"2278\" data-end=\"2298\">Nije prikladno za<\/strong><br data-start=\"2298\" data-end=\"2301\" \/><span style=\"color: #ff0000;\">\u2022<\/span> Gosti s jakim morskom bole\u0161\u0107u<br data-start=\"2337\" data-end=\"2340\" \/><span style=\"color: #ff0000;\">\u2022<\/span> Osobe s ograni\u010denjima pokretljivosti<\/p>\n<p class=\"\" data-start=\"2377\" data-end=\"2538\">\ud83c\udf92 <strong data-start=\"2380\" data-end=\"2397\">\u0160to ponijeti<\/strong><br data-start=\"2397\" data-end=\"2400\" \/><span style=\"color: #ff0000;\">\u2022<\/span> Kupa\u0107i kostim i ru\u010dnik<br data-start=\"2420\" data-end=\"2423\" \/><span style=\"color: #ff0000;\">\u2022<\/span> Krema za sun\u010danje i sun\u010dane nao\u010dale<br data-start=\"2447\" data-end=\"2450\" \/><span style=\"color: #ff0000;\">\u2022<\/span> \u0160e\u0161ir ili kapa<br data-start=\"2462\" data-end=\"2465\" \/><span style=\"color: #ff0000;\">\u2022<\/span> Vodootporna futrola za telefon ili kameru<br data-start=\"2498\" data-end=\"2501\" \/><span style=\"color: #ff0000;\">\u2022<\/span> Nekoliko novaca za suvenire ili dodatke<\/p>\n<p class=\"\" data-start=\"2540\" data-end=\"2626\">\u274c <strong data-start=\"2542\" data-end=\"2557\">Zabranjeno<\/strong><br data-start=\"2557\" data-end=\"2560\" \/><span style=\"color: #ff0000;\">\u2022<\/span> Hrana i pi\u0107e izvana<br data-start=\"2585\" data-end=\"2588\" \/><span style=\"color: #ff0000;\">\u2022<\/span> Ku\u0107ni ljubimci<br data-start=\"2594\" data-end=\"2597\" \/><span style=\"color: #ff0000;\">\u2022<\/span> Pu\u0161enje u zatvorenim prostorima<\/p>\n<p class=\"\" data-start=\"2628\" data-end=\"2916\">\u2139\ufe0f <strong data-start=\"2631\" data-end=\"2653\">Znajte prije nego \u0161to krenete<\/strong><br data-start=\"2653\" data-end=\"2656\" \/><span style=\"color: #ff0000;\">\u2022<\/span> Trajanje ture: 5\u20136 sati<br data-start=\"2682\" data-end=\"2685\" \/><span style=\"color: #ff0000;\">\u2022<\/span> Brod ima i zasjenjena i sun\u010dali\u0161na podru\u010dja<br data-start=\"2732\" data-end=\"2735\" \/><span style=\"color: #ff0000;\">\u2022<\/span> Djeca koja putuju besplatno ne\u0107e imati zasebno sjedalo u autobusu. Ako je autobus pun, morat \u0107e sjediti u krilu skrbnika ili kupljeno zasebno sjedalo prilikom rezervacije.<\/p>\n<p class=\"\" data-start=\"2918\" data-end=\"3107\">\ud83d\udcb8 <strong data-start=\"2921\" data-end=\"2941\">Cijene i rezervacije<\/strong><br data-start=\"2941\" data-end=\"2944\" \/><span style=\"color: #ff0000;\">\u2022<\/span> Cijene mogu varirati ovisno o sezoni i broju sudionika.<br data-start=\"3013\" data-end=\"3016\" \/><span style=\"color: #ff0000;\">\u2022<\/span> Rezervirajte sada, platite na dan obilaska \u2013 preporu\u010duje se rano rezerviranje za najbolje cijene.<\/p>\n<p class=\"\" data-start=\"3109\" data-end=\"3186\">\ud83d\udcde Kontaktirajte nas na WhatsApp, Telegram ili Viber za rezervacije i vi\u0161e informacija.<\/p>","protected":false},"excerpt":{"rendered":"<p>What to Expect on the Kemer Pirate Boat Gonster Looking for more adventures in the area? Explore our full list of Kemer tours or check out the Kemer Suluada Island Boat Trip for another unforgettable experience. Learn more about the destination on the Phaselis ancient city Wikipedia page. Get ready for an unforgettable day on [&hellip;]<\/p>\n","protected":false},"featured_media":10574,"comment_status":"open","ping_status":"closed","template":"","meta":{"_acf_changed":false},"product_brand":[],"product_cat":[37,70],"product_tag":[65],"class_list":{"0":"post-11141","1":"product","2":"type-product","3":"status-publish","4":"has-post-thumbnail","6":"product_cat-kemer","7":"product_cat-pirates-boat-tours","8":"product_tag-kemer","10":"first","11":"instock","12":"featured","13":"shipping-taxable","14":"purchasable","15":"product-type-ovabrw_car_rental"},"acf":[],"aioseo_notices":[],"_links":{"self":[{"href":"https:\/\/joinusexcursions.com\/hr\/wp-json\/wp\/v2\/product\/11141","targetHints":{"allow":["GET"]}}],"collection":[{"href":"https:\/\/joinusexcursions.com\/hr\/wp-json\/wp\/v2\/product"}],"about":[{"href":"https:\/\/joinusexcursions.com\/hr\/wp-json\/wp\/v2\/types\/product"}],"replies":[{"embeddable":true,"href":"https:\/\/joinusexcursions.com\/hr\/wp-json\/wp\/v2\/comments?post=11141"}],"wp:featuredmedia":[{"embeddable":true,"href":"https:\/\/joinusexcursions.com\/hr\/wp-json\/wp\/v2\/media\/10574"}],"wp:attachment":[{"href":"https:\/\/joinusexcursions.com\/hr\/wp-json\/wp\/v2\/media?parent=11141"}],"wp:term":[{"taxonomy":"product_brand","embeddable":true,"href":"https:\/\/joinusexcursions.com\/hr\/wp-json\/wp\/v2\/product_brand?post=11141"},{"taxonomy":"product_cat","embeddable":true,"href":"https:\/\/joinusexcursions.com\/hr\/wp-json\/wp\/v2\/product_cat?post=11141"},{"taxonomy":"product_tag","embeddable":true,"href":"https:\/\/joinusexcursions.com\/hr\/wp-json\/wp\/v2\/product_tag?post=11141"}],"curies":[{"name":"wp","href":"https:\/\/api.w.org\/{rel}","templated":true}]}}