{"id":11142,"date":"2025-12-15T22:53:32","date_gmt":"2025-12-15T19:53:32","guid":{"rendered":"https:\/\/joinusexcursions.com\/?post_type=product&#038;p=11142"},"modified":"2026-04-13T21:32:31","modified_gmt":"2026-04-13T18:32:31","slug":"kemer-gusarski-brod-red-dragon","status":"publish","type":"product","link":"https:\/\/joinusexcursions.com\/hr\/tours\/kemer-pirate-boat-red-dragon\/","title":{"rendered":"Kemer Pirate Boat Trip Red Dragon \u2014 S ru\u010dkom"},"content":{"rendered":"<p data-start=\"277\" data-end=\"416\">Krenite na gusarski brodolom iz Belek-a do tirkiznih uvala Kemer-a. Plivajte, ple\u0161ite, opustite se i u\u017eivajte u danu ispunjenom zabavom na moru.<\/p>\n<h2>Pregled ture brodom gusara u Kemru<\/h2>\n<p data-start=\"434\" data-end=\"718\">Sudjelujte u cjelodnevnoj gusarskoj brodskoj turi iz Beleka, Kadriye i Bo\u011fazkenta do prekrasne obale Kemera. Jedrite velikim brodom u gusarskom stilu, u\u017eivajte u pauzama za kupanje u slikovitim uvalama, glazbi u\u017eivo, zabavi i \u017eivahnom ozra\u010dju. Savr\u0161ena morska avantura za obitelji, parove i grupe.<\/p>\n<h3>\ud83c\udf1f Istaknuto<\/h3>\n<p data-start=\"1040\" data-end=\"1320\"><span style=\"color: #ff0000;\"><strong>\u2022<\/strong> <\/span>Brod gusarskog stila s zabavnom i energi\u010dnom atmosferom<br data-start=\"1093\" data-end=\"1096\" \/><span style=\"color: #ff0000;\"><strong>\u2022<\/strong> <\/span>Plivajte u kristalno \u010distim uvalama Kemera<br data-start=\"1133\" data-end=\"1136\" \/><span style=\"color: #ff0000;\"><strong>\u2022<\/strong> <\/span>Posjetite Phaselis Bay, Heaven Bay i Moonlight Bay<br data-start=\"1186\" data-end=\"1189\" \/><span style=\"color: #ff0000;\"><strong>\u2022<\/strong> <\/span>Pro\u0111ite pored legendarnog Gusarskog \u0161pilje<br data-start=\"1228\" data-end=\"1231\" \/><span style=\"color: #ff0000;\"><strong>\u2022<\/strong> <\/span>Prostrane palube za sun\u010danje i ples<br data-start=\"1274\" data-end=\"1277\" \/><span style=\"color: #ff0000;\"><strong>\u2022<\/strong> <\/span>Izvanredne mogu\u0107nosti za fotografiranje i pogled na more<\/p>\n<h2>\u0160to o\u010dekivati od gusarskog izleta brodom iz Kemera<\/h2>\n<div data-start=\"1347\" data-end=\"1579\">Va\u0161a avantura zapo\u010dinje udobnim preuzimanjem iz va\u0161eg hotela u Beleku ili okolnim podru\u010djima, nakon \u010dega slijedi transfer do <strong data-start=\"1463\" data-end=\"1479\">Marina Kemer<\/strong>. Ukrcajte se na veliki <strong data-start=\"1501\" data-end=\"1523\">piratski brod<\/strong>, dizajniran za zabavu, glazbu i nezaboravne morske trenutke.<\/div>\n<div data-start=\"1581\" data-end=\"1821\">Dok brod plovi du\u017e zadivljuju\u0107e obale Kemera, posada odr\u017eava energiju visokom uz glazbu, ples i zabavu u piratskom stilu. Tura uklju\u010duje nekoliko zaustavljanja za plivanje gdje se mo\u017eete osvje\u017eiti u tirkiznim vodama ili se opustiti na palubi.<\/div>\n<div data-start=\"1823\" data-end=\"2094\">Plivajte blizu drevnih ru\u0161evina na <strong data-start=\"1854\" data-end=\"1870\">Uvala Phaselis<\/strong>, u\u017eivajte u mirnoj atmosferi <strong data-start=\"1905\" data-end=\"1919\">Nebeski zaljev<\/strong>, i opustiti se ili fotografirati na <strong data-start=\"1949\" data-end=\"1966\">Mjese\u010deva uvala<\/strong>. Tako\u0111er \u0107ete pro\u0107i pored tajanstvenog <strong data-start=\"2009\" data-end=\"2024\">Piratska \u0161pilja<\/strong>, nude\u0107i dramati\u010dne stijenske formacije i izvrsne mogu\u0107nosti za fotografiranje.<\/div>\n<div data-start=\"2096\" data-end=\"2325\">Tijekom ture, hrana i pi\u0107e dostupni su na brodu ovisno o odabranom paketu. Uz \u017eivahnu zabavu, prekrasan krajolik i dovoljno vremena za kupanje, ova gusarska brodska tura obe\u0107ava dan pun zabave i nezaboravnih uspomena.<\/div>\n<p class=\"mhm-jue-internal-links\">Tra\u017eite vi\u0161e avantura u okolici? Istra\u017eite na\u0161 potpuni popis <a href=\"\/hr\/odrediste\/kemer-ture\/\">Kemer ture<\/a> ili provjerite <a href=\"\/hr\/ture-2\/kemer-suluada-otok-izlet\/\">Izlet brodom na otok Suluada u Kemere<\/a> za jo\u0161 jedno nezaboravno iskustvo.<\/p>\n<h3>\ud83e\udded Putopisni plan<\/h3>\n<p data-start=\"2350\" data-end=\"2669\"><span style=\"color: #ff0000;\"><strong>\u2022<\/strong> <\/span>Polazak iz hotela u Beleku i okolnim podru\u010djima<br data-start=\"2399\" data-end=\"2402\" \/><span style=\"color: #ff0000;\"><strong>\u2022<\/strong> <\/span>Transfer do marine Kemer<br data-start=\"2428\" data-end=\"2431\" \/><span style=\"color: #ff0000;\"><strong>\u2022<\/strong> <\/span>Ukrcaj na gusarski brod<br data-start=\"2457\" data-end=\"2460\" \/><span style=\"color: #ff0000;\"><strong>\u2022<\/strong> <\/span>Pliva\u010dki zastoj u zaljevu Phaselis<br data-start=\"2488\" data-end=\"2491\" \/><span style=\"color: #ff0000;\"><strong>\u2022<\/strong> <\/span>Rajska uvala kupali\u0161te<br data-start=\"2517\" data-end=\"2520\" \/><span style=\"color: #ff0000;\"><strong>\u2022<\/strong> <\/span>Pla\u017ea Moonlight Bay<br data-start=\"2549\" data-end=\"2552\" \/><span style=\"color: #ff0000;\"><strong>\u2022<\/strong> <\/span>Razgledavanje Gusarske \u0161pilje<br data-start=\"2577\" data-end=\"2580\" \/><span style=\"color: #ff0000;\"><strong>\u2022<\/strong> <\/span>Zabava, plivanje i slobodno vrijeme na brodu<br data-start=\"2627\" data-end=\"2630\" \/><span style=\"color: #ff0000;\"><strong>\u2022<\/strong> <\/span>Povratak u marinu i hotelski transfer<\/p>\n<h3>\u2139\ufe0f Korisne informacije<\/h3>\n<p data-start=\"2698\" data-end=\"2865\"><span style=\"color: #ff0000;\"><strong>\u2022<\/strong> <\/span>Cjelodnevni gusarski izlet brodom<br data-start=\"2725\" data-end=\"2728\" \/><span style=\"color: #ff0000;\"><strong>\u2022<\/strong> <\/span>Pogodno za obitelj i djecu<br data-start=\"2771\" data-end=\"2774\" \/><span style=\"color: #ff0000;\"><strong>\u2022<\/strong> <\/span>Glazba u\u017eivo i zabava na brodu<br data-start=\"2812\" data-end=\"2815\" \/><span style=\"color: #ff0000;\"><strong>\u2022<\/strong> <\/span>Ruta mo\u017ee varirati ovisno o vremenskim uvjetima<\/p>\n<p class=\"mhm-jue-external-link\">Saznajte vi\u0161e o odredi\u0161tu na <a href=\"https:\/\/en.wikipedia.org\/wiki\/Phaselis\" target=\"_blank\" rel=\"noopener\">Starohrvatski grad Fazelis stranica Wikipedije<\/a>.<\/p>\n<h3>\ud83c\udf92 \u0160to ponijeti<\/h3>\n<p data-start=\"2889\" data-end=\"3004\"><span style=\"color: #ff0000;\"><strong>\u2022<\/strong> <\/span>Kupa\u0107i kostim i ru\u010dnik<br data-start=\"2909\" data-end=\"2912\" \/><span style=\"color: #ff0000;\"><strong>\u2022<\/strong> <\/span>Krema za sun\u010danje i \u0161e\u0161ir<br data-start=\"2931\" data-end=\"2934\" \/><span style=\"color: #ff0000;\"><strong>\u2022<\/strong> <\/span>Sun\u010dane nao\u010dale<br data-start=\"2946\" data-end=\"2949\" \/><span style=\"color: #ff0000;\"><strong>\u2022<\/strong> <\/span>Fotoaparat ili pametni telefon<br data-start=\"2971\" data-end=\"2974\" \/><span style=\"color: #ff0000;\"><strong>\u2022<\/strong> <\/span>Gotovina za kupnju na brodu<\/p>\n<h3>\ud83d\udeab Nije prikladno za<\/h3>\n<p data-start=\"3031\" data-end=\"3074\"><span style=\"color: #ff0000;\"><strong>\u2022<\/strong> <\/span>Gosti s ote\u017eanim tjelesnim kretanjem<\/p>\n<h3>\ud83d\udcb8 Cijena i rezervacija<\/h3>\n<p data-start=\"3102\" data-end=\"3268\"><span style=\"color: #ff0000;\"><strong>\u2022<\/strong> <\/span>Cijene mogu varirati ovisno o sezoni<br data-start=\"3139\" data-end=\"3142\" \/><span style=\"color: #ff0000;\"><strong>\u2022<\/strong> <\/span>Rezervirajte sada i platite na dan obilaska<br data-start=\"3183\" data-end=\"3186\" \/><span style=\"color: #ff0000;\"><strong>\u2022<\/strong> <\/span>Kontaktirajte nas putem WhatsAppa, Telegr\u00e1ma ili Vibera, ili ispunite obrazac za rezervaciju ispod<\/p>","protected":false},"excerpt":{"rendered":"<p>Pridru\u017eite se gusarskoj brodskoj turi od Beleka do Kemera. Plivajte u kristalno \u010distim uvalama, u\u017eivajte u glazbi, zabavi i zabavnoj morskoj avanturi s hotelskim prijevozom.<\/p>","protected":false},"featured_media":10878,"comment_status":"open","ping_status":"closed","template":"","meta":{"_acf_changed":false},"product_brand":[],"product_cat":[37,70],"product_tag":[65],"class_list":{"0":"post-11142","1":"product","2":"type-product","3":"status-publish","4":"has-post-thumbnail","6":"product_cat-kemer","7":"product_cat-pirates-boat-tours","8":"product_tag-kemer","10":"first","11":"instock","12":"featured","13":"shipping-taxable","14":"purchasable","15":"product-type-ovabrw_car_rental"},"acf":[],"aioseo_notices":[],"_links":{"self":[{"href":"https:\/\/joinusexcursions.com\/hr\/wp-json\/wp\/v2\/product\/11142","targetHints":{"allow":["GET"]}}],"collection":[{"href":"https:\/\/joinusexcursions.com\/hr\/wp-json\/wp\/v2\/product"}],"about":[{"href":"https:\/\/joinusexcursions.com\/hr\/wp-json\/wp\/v2\/types\/product"}],"replies":[{"embeddable":true,"href":"https:\/\/joinusexcursions.com\/hr\/wp-json\/wp\/v2\/comments?post=11142"}],"wp:featuredmedia":[{"embeddable":true,"href":"https:\/\/joinusexcursions.com\/hr\/wp-json\/wp\/v2\/media\/10878"}],"wp:attachment":[{"href":"https:\/\/joinusexcursions.com\/hr\/wp-json\/wp\/v2\/media?parent=11142"}],"wp:term":[{"taxonomy":"product_brand","embeddable":true,"href":"https:\/\/joinusexcursions.com\/hr\/wp-json\/wp\/v2\/product_brand?post=11142"},{"taxonomy":"product_cat","embeddable":true,"href":"https:\/\/joinusexcursions.com\/hr\/wp-json\/wp\/v2\/product_cat?post=11142"},{"taxonomy":"product_tag","embeddable":true,"href":"https:\/\/joinusexcursions.com\/hr\/wp-json\/wp\/v2\/product_tag?post=11142"}],"curies":[{"name":"wp","href":"https:\/\/api.w.org\/{rel}","templated":true}]}}