{"id":11144,"date":"2025-12-16T09:47:24","date_gmt":"2025-12-16T06:47:24","guid":{"rendered":"https:\/\/joinusexcursions.com\/?post_type=product&#038;p=11144"},"modified":"2026-04-13T20:43:46","modified_gmt":"2026-04-13T17:43:46","slug":"kemer-green-canyon-izlet","status":"publish","type":"product","link":"https:\/\/joinusexcursions.com\/hr\/tours\/kemer-green-canyon-boat\/","title":{"rendered":"Brodski izlet brodom kroz Zeleni kanjon iz Kemera \u2013 Priroda, opu\u0161tanje"},"content":{"rendered":"<p class=\"mhm-jue-internal-links\">Tra\u017eite vi\u0161e avantura u okolici? Istra\u017eite na\u0161 potpuni popis <a href=\"\/hr\/odrediste\/kemer-ture\/\">Kemer ture<\/a> ili provjerite <a href=\"\/hr\/ture-2\/kemer-suluada-otok-izlet\/\">Izlet brodom na otok Suluada u Kemere<\/a> za jo\u0161 jedno nezaboravno iskustvo.<\/p>\n<p class=\"mhm-jue-external-link\">Saznajte vi\u0161e o odredi\u0161tu na <a href=\"https:\/\/en.wikipedia.org\/wiki\/Oymap%C4%B1nar_Dam\" target=\"_blank\" rel=\"noopener\">Stranica Oymap\u0131nar Dam na Wikipediji<\/a>.<\/p>\n<p data-start=\"327\" data-end=\"466\">Pobjegnite u prirodu na mirnom obilasku Zelenog kanjona iz Sidea. U\u017eivajte u krstarenju brodom po smaragdnim vodama, pauzama za kupanje i ru\u010dku uz jezero.<\/p>\n<h2>Pregled izleta brodom na Kemer Green Canyon<\/h2>\n<p data-start=\"486\" data-end=\"776\">Pridru\u017eite se opu\u0161taju\u0107oj cjelodnevnoj turi po Zelenom kanjonu iz Sidea, Manavgata, Kumk\u00f6ya i okolnih regija. Krstarite tirkiznim vodama okru\u017eenim planinama Taurus, u\u017eivajte u stajanjima za kupanje i ukusnom ru\u010dku uz jezero. Savr\u0161eno iskustvo za obitelji i ljubitelje prirode. Trajanje ture je otprilike 9-10 sati.<\/p>\n<h2>\u0160to o\u010dekivati na izletu brodom Kemer Green Canyon<\/h2>\n<p data-start=\"2787\" data-end=\"2953\"><span style=\"color: #ff0000;\"><strong>\u2022<\/strong> <\/span>Cijene mogu varirati ovisno o sezoni<br data-start=\"2824\" data-end=\"2827\" \/><span style=\"color: #ff0000;\"><strong>\u2022<\/strong> <\/span>Rezervirajte sada i platite na dan obilaska<br data-start=\"2868\" data-end=\"2871\" \/><span style=\"color: #ff0000;\"><strong>\u2022<\/strong> <\/span>Kontaktirajte nas putem WhatsAppa, Telegr\u00e1ma ili Vibera, ili ispunite obrazac za rezervaciju ispod<\/p>","protected":false},"excerpt":{"rendered":"<p>U\u017eivajte u izletu brodom kroz Zeleni kanjon iz Kemera uz stajanja za kupanje, slikovite planinske poglede i ru\u010dak uz jezero. Opu\u0161taju\u0107e cjelodnevno bijeg u prirodu.<\/p>","protected":false},"featured_media":11150,"comment_status":"open","ping_status":"closed","template":"","meta":{"_acf_changed":false},"product_brand":[],"product_cat":[37],"product_tag":[65],"class_list":{"0":"post-11144","1":"product","2":"type-product","3":"status-publish","4":"has-post-thumbnail","6":"product_cat-kemer","7":"product_tag-kemer","9":"first","10":"instock","11":"sale","12":"featured","13":"shipping-taxable","14":"purchasable","15":"product-type-ovabrw_car_rental"},"acf":[],"aioseo_notices":[],"_links":{"self":[{"href":"https:\/\/joinusexcursions.com\/hr\/wp-json\/wp\/v2\/product\/11144","targetHints":{"allow":["GET"]}}],"collection":[{"href":"https:\/\/joinusexcursions.com\/hr\/wp-json\/wp\/v2\/product"}],"about":[{"href":"https:\/\/joinusexcursions.com\/hr\/wp-json\/wp\/v2\/types\/product"}],"replies":[{"embeddable":true,"href":"https:\/\/joinusexcursions.com\/hr\/wp-json\/wp\/v2\/comments?post=11144"}],"wp:featuredmedia":[{"embeddable":true,"href":"https:\/\/joinusexcursions.com\/hr\/wp-json\/wp\/v2\/media\/11150"}],"wp:attachment":[{"href":"https:\/\/joinusexcursions.com\/hr\/wp-json\/wp\/v2\/media?parent=11144"}],"wp:term":[{"taxonomy":"product_brand","embeddable":true,"href":"https:\/\/joinusexcursions.com\/hr\/wp-json\/wp\/v2\/product_brand?post=11144"},{"taxonomy":"product_cat","embeddable":true,"href":"https:\/\/joinusexcursions.com\/hr\/wp-json\/wp\/v2\/product_cat?post=11144"},{"taxonomy":"product_tag","embeddable":true,"href":"https:\/\/joinusexcursions.com\/hr\/wp-json\/wp\/v2\/product_tag?post=11144"}],"curies":[{"name":"wp","href":"https:\/\/api.w.org\/{rel}","templated":true}]}}