{"id":11151,"date":"2025-12-16T10:21:54","date_gmt":"2025-12-16T07:21:54","guid":{"rendered":"https:\/\/joinusexcursions.com\/?post_type=product&#038;p=11151"},"modified":"2026-04-13T20:36:38","modified_gmt":"2026-04-13T17:36:38","slug":"antalya-green-canyon-izlet","status":"publish","type":"product","link":"https:\/\/joinusexcursions.com\/hr\/tours\/antalya-green-canyon-boat\/","title":{"rendered":"Brodski izlet po Zelenom kanjonu iz Antalye \u2013 Priroda, opu\u0161tanje"},"content":{"rendered":"<p data-start=\"307\" data-end=\"448\">Pobjegnite u prirodu na mirnom obilasku Zelenog kanjona iz Sidea. U\u017eivajte u krstarenju brodom po smaragdnim vodama, pauzama za kupanje i ru\u010dku uz jezero.<\/p>\n<h2>Pregled ture brodom po zelenom kanjonu Antalije<\/h2>\n<p data-start=\"468\" data-end=\"774\">Pridru\u017eite se opu\u0161taju\u0107oj cjelodnevnoj turi po Zelenom kanjonu iz Antalye, Lare, Kundua i okolnih regija. Krstarite tirkiznim vodama okru\u017eeni planinama Taurus, u\u017eivajte u stajanjima za kupanje i ukusnom ru\u010dku uz jezero. Savr\u0161eno iskustvo za obitelji i ljubitelje prirode. Trajanje ture je pribli\u017eno 9-10 sati.<\/p>\n<h3 data-start=\"998\" data-end=\"1015\">\ud83c\udf1f Istaknuto<\/h3>\n<p data-start=\"1017\" data-end=\"1222\"><span style=\"color: #ff0000;\"><strong>\u2022<\/strong> <\/span>Scenski obilazak brodom kroz Zeleni kanjon<br data-start=\"1058\" data-end=\"1061\" \/><span style=\"color: #ff0000;\"><strong>\u2022<\/strong> <\/span>Zapanjuju\u0107i pogled na planine Taurus<br data-start=\"1101\" data-end=\"1104\" \/><span style=\"color: #ff0000;\"><strong>\u2022<\/strong> <\/span>Plivanje u osvje\u017eavaju\u0107im kanjon vodama<br data-start=\"1142\" data-end=\"1145\" \/><span style=\"color: #ff0000;\"><strong>\u2022<\/strong> <\/span>Ukusan ru\u010dak pored jezera<br data-start=\"1174\" data-end=\"1177\" \/><span style=\"color: #ff0000;\"><strong>\u2022<\/strong> <\/span>Mirna atmosfera daleko od gradske vreve<\/p>\n<h2>\u0160to o\u010dekivati na izletu brodom po Zelenom kanjonu u Antaliji<\/h2>\n<p data-start=\"1027\" data-end=\"1189\">Va\u0161 dan zapo\u010dinje ugodnim preuzimanjem iz va\u0161eg hotela u Sideu ili okolnim podru\u010djima, nakon \u010dega slijedi slikovita vo\u017enja kroz planine Taurus prema Zelenom kanjonu.<\/p>\n<p data-start=\"1191\" data-end=\"1441\">Po dolasku, ukrcajte se u udoban brod i zapo\u010dnite opu\u0161taju\u0107u plovidbu uz smaragdno zelene vode, okru\u017eeni liticama i bujnim \u0161umskim krajolicima. Ruta prolazi kroz Mali i Veliki kanjon, s pauzama za kupanje u mirnim, kristalno \u010distim vodama.<\/p>\n<p data-start=\"1443\" data-end=\"1682\">Kasnije u\u017eivajte u ukusnom ru\u010dku u restoranu na obali jezera, gdje se mo\u017eete potpuno opustiti i u\u017eivati \u200b\u200bu ti\u0161ini prirode. Ova tura nudi savr\u0161enu ravnote\u017eu opu\u0161tanja i krajolika, prije povratka u va\u0161 hotel osvje\u017eeni i podmla\u0111eni.<\/p>\n<p class=\"mhm-jue-internal-links\">Tra\u017eite vi\u0161e avantura u okolici? Istra\u017eite na\u0161 potpuni popis <a href=\"\/hr\/odrediste\/antalya-ture\/\">Antalya ture<\/a> ili provjerite <a href=\"\/hr\/ture-2\/antalya-suluada-zalazak-izlet\/\">Izlet brodom na zalazak sunca na otok Suluada iz Antalye s ve\u010derom<\/a> za jo\u0161 jedno nezaboravno iskustvo.<\/p>\n<h3 data-start=\"1904\" data-end=\"1925\">\ud83e\udded Putopisni plan<\/h3>\n<p data-start=\"1927\" data-end=\"2155\"><span style=\"color: #ff0000;\"><strong>\u2022<\/strong> <\/span>Prijevoz iz hotela u Antaliji i okolici<br data-start=\"1976\" data-end=\"1979\" \/><span style=\"color: #ff0000;\"><strong>\u2022<\/strong> <\/span>Scenski vo\u017enja kroz planine Taurus<br data-start=\"2022\" data-end=\"2025\" \/><span style=\"color: #ff0000;\"><strong>\u2022<\/strong> <\/span>Brodski izlet na Zeleni kanjon<br data-start=\"2054\" data-end=\"2057\" \/><span style=\"color: #ff0000;\"><strong>\u2022<\/strong> <\/span>Plivanje prestaje<br data-start=\"2073\" data-end=\"2076\" \/><span style=\"color: #ff0000;\"><strong>\u2022<\/strong> <\/span> Ru\u010dak u restoranu uz jezero<br data-start=\"2108\" data-end=\"2111\" \/><span style=\"color: #ff0000;\"><strong>\u2022<\/strong> <\/span>Povratak krstarenjem<br data-start=\"2126\" data-end=\"2129\" \/><span style=\"color: #ff0000;\"><strong>\u2022<\/strong> <\/span>Povratak u hotel<\/p>\n<h3 data-start=\"2157\" data-end=\"2182\">\u2139\ufe0f Korisne informacije<\/h3>\n<p data-start=\"2184\" data-end=\"2550\"><span style=\"color: #ff0000;\"><strong>\u2022<\/strong> <\/span>Cjelodnevni izlet brodom (cca. 9\u201310 sati)<br data-start=\"2224\" data-end=\"2227\" \/><span style=\"color: #ff0000;\"><strong>\u2022<\/strong> <\/span>Niska tjelesna aktivnost (krstarenje brodom i opcionalno plivanje)<br data-start=\"2286\" data-end=\"2289\" \/><span style=\"color: #ff0000;\"><strong>\u2022<\/strong> <\/span>Dnevni polasci iz Kemera<br data-start=\"2318\" data-end=\"2321\" \/><span style=\"color: #ff0000;\"><strong>\u2022<\/strong> <\/span>Sjenovita sjedala i toaleti dostupni na brodu<br data-start=\"2371\" data-end=\"2374\" \/><span style=\"color: #ff0000;\"><strong>\u2022<\/strong> <\/span>Osigurani prsluci za spa\u0161avanje<br data-start=\"2397\" data-end=\"2400\" \/><span style=\"color: #ff0000;\"><strong>\u2022<\/strong> <\/span>Djeca mla\u0111a od 5 godina putuju besplatno i nemaju zasebno sjedi\u0161te u autobusu; ako je autobus pun, sjede u krilu odrasle osobe ili se sjedi\u0161te mo\u017ee rezervirati odvojeno<\/p>\n<p class=\"mhm-jue-external-link\">Saznajte vi\u0161e o odredi\u0161tu na <a href=\"https:\/\/en.wikipedia.org\/wiki\/Oymap%C4%B1nar_Dam\" target=\"_blank\" rel=\"noopener\">Stranica Oymap\u0131nar Dam na Wikipediji<\/a>.<\/p>\n<h3 data-start=\"2552\" data-end=\"2572\">\ud83c\udf92 \u0160to ponijeti<\/h3>\n<p data-start=\"2574\" data-end=\"2689\"><span style=\"color: #ff0000;\"><strong>\u2022<\/strong> <\/span>Kupa\u0107i kostim i ru\u010dnik<br data-start=\"2594\" data-end=\"2597\" \/><span style=\"color: #ff0000;\"><strong>\u2022<\/strong> <\/span>Krema za sun\u010danje i \u0161e\u0161ir<br data-start=\"2616\" data-end=\"2619\" \/><span style=\"color: #ff0000;\"><strong>\u2022<\/strong> <\/span>Sun\u010dane nao\u010dale<br data-start=\"2631\" data-end=\"2634\" \/><span style=\"color: #ff0000;\"><strong>\u2022<\/strong> <\/span>Fotoaparat ili pametni telefon<br data-start=\"2656\" data-end=\"2659\" \/><span style=\"color: #ff0000;\"><strong>\u2022<\/strong> <\/span>Gotovina za osobne potrebe<\/p>\n<h3 data-start=\"2691\" data-end=\"2714\">\ud83d\udeab Nije prikladno za<\/h3>\n<p data-start=\"2716\" data-end=\"2759\"><span style=\"color: #ff0000;\"><strong>\u2022<\/strong> <\/span>Gosti s ote\u017eanim tjelesnim kretanjem<\/p>\n<h3 data-start=\"2761\" data-end=\"2785\">\ud83d\udcb8 Cijena i rezervacija<\/h3>\n<p data-start=\"2787\" data-end=\"2953\"><span style=\"color: #ff0000;\"><strong>\u2022<\/strong> <\/span>Cijene mogu varirati ovisno o sezoni<br data-start=\"2824\" data-end=\"2827\" \/><span style=\"color: #ff0000;\"><strong>\u2022<\/strong> <\/span>Rezervirajte sada i platite na dan obilaska<br data-start=\"2868\" data-end=\"2871\" \/><span style=\"color: #ff0000;\"><strong>\u2022<\/strong> <\/span>Kontaktirajte nas putem WhatsAppa, Telegr\u00e1ma ili Vibera, ili ispunite obrazac za rezervaciju ispod<\/p>","protected":false},"excerpt":{"rendered":"<p>U\u017eivajte u izletu brodom po Green Canyonu iz Antalye s pauzama za kupanje, slikovitim planinskim pogledima i ru\u010dkom uz jezero. Opu\u0161taju\u0107i cjelodnevni bijeg u prirodu.<\/p>","protected":false},"featured_media":11150,"comment_status":"open","ping_status":"closed","template":"","meta":{"_acf_changed":false},"product_brand":[],"product_cat":[32],"product_tag":[69],"class_list":{"0":"post-11151","1":"product","2":"type-product","3":"status-publish","4":"has-post-thumbnail","6":"product_cat-antalya","7":"product_tag-antalya","9":"first","10":"instock","11":"sale","12":"featured","13":"shipping-taxable","14":"purchasable","15":"product-type-ovabrw_car_rental"},"acf":[],"aioseo_notices":[],"_links":{"self":[{"href":"https:\/\/joinusexcursions.com\/hr\/wp-json\/wp\/v2\/product\/11151","targetHints":{"allow":["GET"]}}],"collection":[{"href":"https:\/\/joinusexcursions.com\/hr\/wp-json\/wp\/v2\/product"}],"about":[{"href":"https:\/\/joinusexcursions.com\/hr\/wp-json\/wp\/v2\/types\/product"}],"replies":[{"embeddable":true,"href":"https:\/\/joinusexcursions.com\/hr\/wp-json\/wp\/v2\/comments?post=11151"}],"wp:featuredmedia":[{"embeddable":true,"href":"https:\/\/joinusexcursions.com\/hr\/wp-json\/wp\/v2\/media\/11150"}],"wp:attachment":[{"href":"https:\/\/joinusexcursions.com\/hr\/wp-json\/wp\/v2\/media?parent=11151"}],"wp:term":[{"taxonomy":"product_brand","embeddable":true,"href":"https:\/\/joinusexcursions.com\/hr\/wp-json\/wp\/v2\/product_brand?post=11151"},{"taxonomy":"product_cat","embeddable":true,"href":"https:\/\/joinusexcursions.com\/hr\/wp-json\/wp\/v2\/product_cat?post=11151"},{"taxonomy":"product_tag","embeddable":true,"href":"https:\/\/joinusexcursions.com\/hr\/wp-json\/wp\/v2\/product_tag?post=11151"}],"curies":[{"name":"wp","href":"https:\/\/api.w.org\/{rel}","templated":true}]}}