{"id":10969,"date":"2025-04-26T22:26:10","date_gmt":"2025-04-26T19:26:10","guid":{"rendered":"https:\/\/www.joinusexcursions.com\/?post_type=product&#038;p=10969"},"modified":"2026-04-13T23:10:12","modified_gmt":"2026-04-13T20:10:12","slug":"kemer-raften-koprulu-canyon","status":"publish","type":"product","link":"https:\/\/joinusexcursions.com\/nl\/tours\/kemer-rafting-koprulu-canyon\/","title":{"rendered":"Raftingtour vanuit Kemer in de K\u00f6pr\u00fcl\u00fc Canyon met Lunch"},"content":{"rendered":"<p>Word lid van een <strong>Kemer Rafting Koprulu Canyon<\/strong> tour: peddel een 14 km lange wildwaterroute door een UNESCO-genomineerde kloof, zwem in turquoise poelen, geniet van een lunch aan de rivier en keer in de vroege avond terug naar je hotel in Kemer.<\/p>\n<h2>\ud83d\udef6 Overzicht van de Kemer Rafting Koprulu Canyon Tour<\/h2>\n<p>De locatie van Kemer maakt het een van de beste startpunten voor een raftingdag in de K\u00f6pr\u00fcl\u00fc Canyon. De kloof ligt op ongeveer 45 minuten afstand \u2013 dichtbij genoeg om meer tijd op het water door te brengen en minder tijd in de bus. Doe mee aan een dagvullende raftingtour vanuit Kemer, Beldibi of Tekirova en neem een 14 km lange wildwaterroute door de dramatische kloven van het Taurusgebergte. Er is geen ervaring vereist, professionele gidsen begeleiden je de hele tijd, en de hele ervaring \u2013 van stroomversnellingen tot zwemmen in de rivier tot een uitgebreide lunch \u2013 is ontworpen om het hoogtepunt van je vakantie te zijn.<\/p>\n<h3>\ud83c\udf1f Hoogtepunten<\/h3>\n<p><span style=\"color: #ff0000;\"><strong>\u2022<\/strong> <\/span>Korte transfer van 45 minuten van Kemer naar de K\u00f6pr\u00fcl\u00fc Canyon<br \/>\n<span style=\"color: #ff0000;\"><strong>\u2022<\/strong> <\/span>14 km raftingroute met 10 stroomversnellingen in een adembenemende kloof<br \/>\n<span style=\"color: #ff0000;\"><strong>\u2022<\/strong> <\/span>Zwem in rustige turkooizen poelen tussen de stroomversnellingen<br \/>\n<span style=\"color: #ff0000;\"><strong>\u2022<\/strong> <\/span>Uitzichten op oude Romeinse bruggen gebouwd over de kloof<br \/>\n<span style=\"color: #ff0000;\"><strong>\u2022<\/strong> <\/span>Optionele zipline en klifduiken stop<br \/>\n<span style=\"color: #ff0000;\"><strong>\u2022<\/strong> <\/span>Lunch aan de rivieroever bij een lokaal restaurant<br \/>\n<span style=\"color: #ff0000;\"><strong>\u2022<\/strong> <\/span>Professionele gidsen en volledige veiligheidsuitrusting<br \/>\n<span style=\"color: #ff0000;\"><strong>\u2022<\/strong> <\/span>Hotel ophalen en wegbrengen in Kemer inbegrepen<\/p>\n<h2>Wat te verwachten tijdens de Kemer Rafting Tour<\/h2>\n<p>Je ochtend begint met een ophaalservice bij je hotel in Kemer, Beldibi of Tekirova. De rit naar <strong>K\u00f6pr\u00fcl\u00fc Canyon<\/strong> duurt ongeveer 45 minuten \u2014 een snelle en mooie reis door kustdennenbossen en omhoog de Taurusgebergte in. Deze nabijheid is een van de voordelen van vertrek vanuit Kemer: er wordt meer van de dag doorgebracht in de kloof, minder onderweg.<\/p>\n<p>Aan de <strong>basiskamp<\/strong>, uw gidsen heten de groep welkom en geven een volledige veiligheidsinstructie. Iedereen wordt uitgerust met een helm, reddingsvest en peddel. De instructeurs leggen de peddeltechnieken en de commando's uit die worden gebruikt om de stroomversnellingen te bevaren. Groepen van alle leeftijden en niveaus doen deze route \u2014 er is geen ervaring vereist.<\/p>\n<p>De <strong>14 km raftingroute<\/strong> gaat door <strong>10 versnellingen<\/strong>. Sommige zijn rustige stukken met tijd om de 200 meter hoge kloofwanden te bewonderen; andere zijn snelle, kolkende afdalingen waarbij het hele vlot omhoog zweeft en met gejuich neerstort. Tussen de opwinding door opent de rivier zich in diepe <strong>turkooisen poelen<\/strong> \u2014 duik in het kristalheldere bergwater. De kloof is hier ook de thuisbasis van eeuwenoude <strong>Romeinse bruggen<\/strong>, sommigen nog intact, met hun stenen bogen die de rivier perfect omlijsten.<\/p>\n<p>Halverwege de route, een stop bij de <strong>avontuurgebied<\/strong> biedt zipline, klifduiken en andere extra's (tegen meerprijs). Drankjes en pannenkoeken zijn hier verkrijgbaar. Als de adrenaline is gezakt, gaat u met de raft verder naar het restaurant aan de rivier voor een volledig <strong>Turkse lunch<\/strong>.<\/p>\n<p>Na de lunch brengt het laatste deel van de rivier u naar het eindpunt. Optioneel <strong>raftingvideo's en -foto's<\/strong> kan aan het einde worden gekocht. De retourtransfer naar Kemer duurt ongeveer 45 minuten, waardoor je nog genoeg middag over hebt als je terug bent in je hotel.<\/p>\n<p class=\"mhm-jue-internal-links\">Op zoek naar meer avonturen in de omgeving? Bekijk onze volledige lijst met <a href=\"\/nl\/bestemmingen\/kemer-tours\/\">Kemer tours<\/a> of bekijk de <a href=\"\/nl\/excursies-2\/kemer-suluada-zonsondergang-boottocht\/\">Kemer: Boottocht met diner naar Suluada Eiland bij zonsondergang<\/a> voor een andere onvergetelijke ervaring.<\/p>\n<h3>\ud83d\uddfa\ufe0f Reisroute<\/h3>\n<p><span style=\"color: #ff0000;\"><strong>\u2022<\/strong> <\/span>Ophalen bij hotels in Kemer en omliggende gebieden (Beldibi, Tekirova)<br \/>\n<span style=\"color: #ff0000;\"><strong>\u2022<\/strong> <\/span>Mooie rit naar K\u00f6pr\u00fcl\u00fc Canyon (ongeveer 45 minuten)<br \/>\n<span style=\"color: #ff0000;\"><strong>\u2022<\/strong> <\/span>Aankomst bij het basiskamp \u2014 veiligheidsbriefing en uitrusting<br \/>\n<span style=\"color: #ff0000;\"><strong>\u2022<\/strong> <\/span>14 km raftingroute met 10 stroomversnellingen en zwempauzes<br \/>\n<span style=\"color: #ff0000;\"><strong>\u2022<\/strong> <\/span>Optionele zipline en avontuurstop<br \/>\n<span style=\"color: #ff0000;\"><strong>\u2022<\/strong> <\/span>Lunch aan de rivier bij een lokaal restaurant<br \/>\n<span style=\"color: #ff0000;\"><strong>\u2022<\/strong> <\/span>Ga door met raften tot het eindpunt<br \/>\n<span style=\"color: #ff0000;\"><strong>\u2022<\/strong> <\/span>Retourtransfer naar hotels in Kemer<\/p>\n<h3>\u2139\ufe0f Nuttige informatie<\/h3>\n<p><span style=\"color: #ff0000;\"><strong>\u2022<\/strong> <\/span>Geen raftingervaring vereist \u2014 beginnersvriendelijk<br \/>\n<span style=\"color: #ff0000;\"><strong>\u2022<\/strong> <\/span>Standaard 10-persoons groepsrafts gebruikt<br \/>\n<span style=\"color: #ff0000;\"><strong>\u2022<\/strong> <\/span>2-persoons priv\u00e9vlot beschikbaar tegen meerprijs<br \/>\n<span style=\"color: #ff0000;\"><strong>\u2022<\/strong> <\/span>Geschikt voor gezinnen, koppels en avontuurlijke groepen<br \/>\n<span style=\"color: #ff0000;\"><strong>\u2022<\/strong> <\/span>Dagvullende tour (ongeveer 8-9 uur inclusief transfers vanaf Kemer)<br \/>\n<span style=\"color: #ff0000;\"><strong>\u2022<\/strong> <\/span>Programma kan vari\u00ebren afhankelijk van het weer of de riviercondities<\/p>\n<p class=\"mhm-jue-external-link\">Meer informatie over de bestemming op de <a href=\"https:\/\/en.wikipedia.org\/wiki\/K%C3%B6pr%C3%BCl%C3%BC_Canyon_National_Park\" target=\"_blank\" rel=\"noopener\">Wikipedia-pagina van Nationaal Park K\u00f6pr\u00fcl\u00fc Canyon<\/a>.<\/p>\n<h3>\ud83c\udf92 Wat mee te nemen<\/h3>\n<p><span style=\"color: #ff0000;\"><strong>\u2022<\/strong> <\/span>Zwemkleding en een handdoek<br \/>\n<span style=\"color: #ff0000;\"><strong>\u2022<\/strong> <\/span>Schoenen die nat mogen worden (trainingsschoenen of waterschoenen)<br \/>\n<span style=\"color: #ff0000;\"><strong>\u2022<\/strong> <\/span>Zonnebrandcr\u00e8me en een hoed<br \/>\n<span style=\"color: #ff0000;\"><strong>\u2022<\/strong> <\/span>Droog setje kleding voor de terugreis<br \/>\n<span style=\"color: #ff0000;\"><strong>\u2022<\/strong> <\/span>Contant geld voor optionele activiteiten of fotopakket<\/p>\n<h3>\ud83d\udeab Niet geschikt voor<\/h3>\n<p><span style=\"color: #ff0000;\"><strong>\u2022<\/strong> <\/span>Zwangere vrouwen<br \/>\n<span style=\"color: #ff0000;\"><strong>\u2022<\/strong> <\/span>Gasten met ernstige hartaandoeningen of mobiliteitsproblemen<br \/>\n<span style=\"color: #ff0000;\"><strong>\u2022<\/strong> <\/span>Kinderen onder de 7 jaar<\/p>\n<h3>\ud83d\udcb8 Prijs en Boeking<\/h3>\n<p><span style=\"color: #ff0000;\"><strong>\u2022<\/strong> <\/span>Prijzen kunnen per seizoen vari\u00ebren \u2014 controleer de actuele tarieven op het boekingsformulier<br \/>\n<span style=\"color: #ff0000;\"><strong>\u2022<\/strong> <\/span>Boek nu en betaal op de dag van de tour<br \/>\n<span style=\"color: #ff0000;\"><strong>\u2022<\/strong> <\/span>Neem contact met ons op via WhatsApp, Telegram of Viber, of vul onderstaand boekingsformulier in<\/p>","protected":false},"excerpt":{"rendered":"<p>Join a Kemer Rafting Koprulu Canyon tour: paddle a 14 km whitewater route through a UNESCO-listed gorge, swim in turquoise pools, enjoy a riverside lunch and return to your Kemer hotel by early evening. \ud83d\udef6 Overview of the Kemer Rafting Koprulu Canyon Tour Kemer&#8217;s location makes it one of the best starting points for a [&hellip;]<\/p>\n","protected":false},"featured_media":10776,"comment_status":"open","ping_status":"closed","template":"","meta":{"_acf_changed":false},"product_brand":[],"product_cat":[37],"product_tag":[65],"class_list":{"0":"post-10969","1":"product","2":"type-product","3":"status-publish","4":"has-post-thumbnail","6":"product_cat-kemer","7":"product_tag-kemer","9":"first","10":"instock","11":"featured","12":"shipping-taxable","13":"purchasable","14":"product-type-ovabrw_car_rental"},"acf":[],"aioseo_notices":[],"_links":{"self":[{"href":"https:\/\/joinusexcursions.com\/nl\/wp-json\/wp\/v2\/product\/10969","targetHints":{"allow":["GET"]}}],"collection":[{"href":"https:\/\/joinusexcursions.com\/nl\/wp-json\/wp\/v2\/product"}],"about":[{"href":"https:\/\/joinusexcursions.com\/nl\/wp-json\/wp\/v2\/types\/product"}],"replies":[{"embeddable":true,"href":"https:\/\/joinusexcursions.com\/nl\/wp-json\/wp\/v2\/comments?post=10969"}],"wp:featuredmedia":[{"embeddable":true,"href":"https:\/\/joinusexcursions.com\/nl\/wp-json\/wp\/v2\/media\/10776"}],"wp:attachment":[{"href":"https:\/\/joinusexcursions.com\/nl\/wp-json\/wp\/v2\/media?parent=10969"}],"wp:term":[{"taxonomy":"product_brand","embeddable":true,"href":"https:\/\/joinusexcursions.com\/nl\/wp-json\/wp\/v2\/product_brand?post=10969"},{"taxonomy":"product_cat","embeddable":true,"href":"https:\/\/joinusexcursions.com\/nl\/wp-json\/wp\/v2\/product_cat?post=10969"},{"taxonomy":"product_tag","embeddable":true,"href":"https:\/\/joinusexcursions.com\/nl\/wp-json\/wp\/v2\/product_tag?post=10969"}],"curies":[{"name":"wp","href":"https:\/\/api.w.org\/{rel}","templated":true}]}}