{"id":10982,"date":"2025-04-26T23:03:43","date_gmt":"2025-04-26T20:03:43","guid":{"rendered":"https:\/\/www.joinusexcursions.com\/?post_type=product&#038;p=10982"},"modified":"2026-04-13T22:17:32","modified_gmt":"2026-04-13T19:17:32","slug":"antalya-suluada-eiland-boottocht","status":"publish","type":"product","link":"https:\/\/joinusexcursions.com\/nl\/tours\/antalya-suluada-island-boat\/","title":{"rendered":"Suluada Eiland Boottocht Van Antalya - Turkse Malediven"},"content":{"rendered":"<h2 data-start=\"189\" data-end=\"249\">\ud83c\udfdd\ufe0f Ga mee op onze **Antalya Suluada Boottocht** voor een dagje ontsnappen naar het eiland Suluada, een verborgen parel voor de kust van Adrasan<\/h2>\n<p class=\"\" data-start=\"251\" data-end=\"567\">Ontsnap naar het paradijs met een boottocht van een hele dag naar <strong data-start=\"301\" data-end=\"319\">Suluada Eiland<\/strong>, een verborgen parel voor de kust van Adrasan, vaak de <em data-start=\"377\" data-end=\"397\">Malediven van Turkije<\/em>. Met zijn witte zandstranden, turquoise wateren en vredige sfeer is deze tour perfect voor natuurliefhebbers en iedereen die op zoek is naar een unieke mediterrane ervaring.<\/p>\n<h3 data-start=\"574\" data-end=\"597\">\ud83c\udf1f Hoogtepunten van de tour<\/h3>\n<div data-start=\"600\" data-end=\"659\">\ud83c\udf0a Zwem in kristalhelder water bij de Maldivenbaai van Suluada<\/div>\n<div data-start=\"662\" data-end=\"711\">\ud83c\udfdd\ufe0f Ontspan op verborgen stranden en ongerepte kusten<\/div>\n<div data-start=\"714\" data-end=\"754\">\ud83e\udddc\u200d\u2642\ufe0f Ontdek de beroemde <strong data-start=\"739\" data-end=\"752\">Liefdesgrot<\/strong><\/div>\n<div data-start=\"757\" data-end=\"798\">\ud83c\udf7d\ufe0f Geniet van een heerlijke BBQ lunch aan boord<\/div>\n<div data-start=\"801\" data-end=\"869\">Gezinsvriendelijk: ondiep, veilig water en rustige sfeer<\/div>\n<div data-start=\"872\" data-end=\"916\">\ud83d\udcf8 Leg adembenemende uitzichten vast die perfect zijn voor Instagram<\/div>\n<div data-start=\"919\" data-end=\"972\">Kies tussen opties voor kleine groepen of grote boten<\/div>\n<h2>Wat te verwachten van de Antalya Suluada boottocht<\/h2>\n<div data-start=\"1005\" data-end=\"1322\">Uw reis begint met een hotelafhaling in Kemer, gevolgd door een schilderachtige rit naar <strong data-start=\"1087\" data-end=\"1103\">Adrasan Haven<\/strong>, waar u aan boord gaat van een comfortabele jacht voor een dag vol zon, zee en rust. De route voert u langs de prachtige <strong data-start=\"1220\" data-end=\"1239\">Turkse Rivi\u00e8ra<\/strong>, met een prachtig uitzicht op het Taurusgebergte en ongerepte kustlandschappen.<\/div>\n<div data-start=\"1324\" data-end=\"1401\">De tour bevat drie zwempauzes op de mooiste locaties van Suluada:<\/div>\n<div data-start=\"1405\" data-end=\"1532\">strand <strong data-start=\"1409\" data-end=\"1425\">Maldivenbaai<\/strong>Beroemd om zijn zachte witte zand en kristalheldere turquoise water \u2014 perfect om te zwemmen en snorkelen.<\/div>\n<div data-start=\"1535\" data-end=\"1643\">\ud83c\udf3f <strong data-start=\"1538\" data-end=\"1566\">Verborgen stranden van Suluada<\/strong>Ontspan op rustige oevers, wandel langs de kust of koester je in alle rust in de zon.<\/div>\n<div data-start=\"1646\" data-end=\"1764\">Natuurlandschap <strong data-start=\"1650\" data-end=\"1678\">Liefdesgrot (A\u015fk Ma\u011faras\u0131)<\/strong>Een pittoreske natuurlijke formatie waar je kunt zwemmen, snorkelen of geweldige foto's kunt maken.<\/div>\n<div data-start=\"1766\" data-end=\"2034\">Rond het middaguur, een vers gegrilde <strong data-start=\"1799\" data-end=\"1812\">BBQ-lunch<\/strong> wordt geserveerd op de boot, met opties als vis, kip of vegetarische gerechten, samen met traditionele Turkse meze. Na een ontspannende theepauze vaart de boot terug naar Adrasan, gevolgd door uw transfer terug naar het hotel.<\/div>\n<p class=\"mhm-jue-internal-links\">Op zoek naar meer avonturen in de omgeving? Bekijk onze volledige lijst met <a href=\"\/nl\/bestemmingen\/antalya-tours\/\">Antalya tours<\/a> of bekijk de <a href=\"\/nl\/excursies-2\/antalya-suluada-zonsondergang-boottocht\/\">Suluada Eiland Zonsondergang Boottocht vanuit Antalya met Diner<\/a> voor een andere onvergetelijke ervaring.<\/p>\n<h3 data-start=\"2041\" data-end=\"2065\">\ud83d\udeab Niet geschikt voor<\/h3>\n<div data-start=\"2068\" data-end=\"2105\">Gasten met serieuze mobiliteitsproblemen<\/div>\n<div data-start=\"2108\" data-end=\"2144\">Degenen met ernstige gezondheidsproblemen<\/div>\n<p class=\"mhm-jue-external-link\">Meer informatie over de bestemming op de <a href=\"https:\/\/en.wikipedia.org\/wiki\/Suluada\" target=\"_blank\" rel=\"noopener\">Suluada Wikipedia-pagina<\/a>.<\/p>\n<h3 data-start=\"2151\" data-end=\"2172\">\ud83c\udf92 Wat mee te nemen<\/h3>\n<div data-start=\"2175\" data-end=\"2195\">Hoed en zonnebril<\/div>\n<div data-start=\"2198\" data-end=\"2218\">Zwemkleding en handdoek<\/div>\n<div data-start=\"2221\" data-end=\"2232\">Zonnebrandcr\u00e8me<\/div>\n<div data-start=\"2235\" data-end=\"2263\">Waterdichte camera of telefoon<\/div>\n<h3 data-start=\"2270\" data-end=\"2288\">\u274c Niet toegestaan<\/h3>\n<div data-start=\"2291\" data-end=\"2318\">Buiten eten of drinken<\/div>\n<div data-start=\"2321\" data-end=\"2327\">Huisdieren<\/div>\n<div data-start=\"2330\" data-end=\"2355\">Roken in binnenruimtes<\/div>\n<h3 data-start=\"2362\" data-end=\"2388\">\u2139\ufe0f Weten voor je gaat<\/h3>\n<div data-start=\"2391\" data-end=\"2438\">Tourduur: <strong data-start=\"2406\" data-end=\"2436\">Volledige dag (ongeveer 8 uur)<\/strong><\/div>\n<div data-start=\"2441\" data-end=\"2496\">Het reisschema kan wijzigen door zee- of weersomstandigheden<\/div>\n<div data-start=\"2499\" data-end=\"2555\">Matige fysieke activiteit (zwemmen\/wandelen) betrokken<\/div>\n<div data-start=\"2558\" data-end=\"2622\">Kinderen doen gratis mee, maar doe <strong data-start=\"2588\" data-end=\"2620\">geen aparte busstoel hebben<\/strong><\/div>\n<h3 data-start=\"2629\" data-end=\"2654\">\ud83d\udcb3 Prijzen &amp; Boeken<\/h3>\n<p class=\"\" data-start=\"2655\" data-end=\"2775\">Prijzen vari\u00ebren afhankelijk van het seizoen en de groepsgrootte.<br data-start=\"2702\" data-end=\"2705\" \/><strong data-start=\"2705\" data-end=\"2775\">Boek vroeg om de beste tarieven te garanderen \u2013 betaal op de dag van de tour!<\/strong><\/p>\n<h3 data-start=\"2782\" data-end=\"2800\">\ud83d\udcde Neem Contact Op<\/h3>\n<p class=\"\" data-start=\"2801\" data-end=\"2945\">Heeft u vragen of wilt u boeken?<br data-start=\"2833\" data-end=\"2836\" \/>Wij zijn 24\/7 bereikbaar op <strong data-start=\"2860\" data-end=\"2892\">Telegram, Viber, of WhatsApp<\/strong>.<br data-start=\"2893\" data-end=\"2896\" \/>Laat ons u helpen een onvergetelijke dag op zee te plannen!<\/p>","protected":false},"excerpt":{"rendered":"<p>\ud83c\udfdd\ufe0f Join our **Antalya Suluada Boat Trip** for a full-day escape to Suluada Island, a hidden gem off the coast of Adrasan Escape into paradise with a full-day boat tour to Suluada Island, a hidden gem off the coast of Adrasan, often called the Maldives of Turkey. With its white sandy beaches, turquoise waters, and [&hellip;]<\/p>\n","protected":false},"featured_media":10643,"comment_status":"open","ping_status":"closed","template":"","meta":{"_acf_changed":false},"product_brand":[],"product_cat":[32,71],"product_tag":[69],"class_list":{"0":"post-10982","1":"product","2":"type-product","3":"status-publish","4":"has-post-thumbnail","6":"product_cat-antalya","7":"product_cat-suluada-maldives","8":"product_tag-antalya","10":"first","11":"instock","12":"featured","13":"shipping-taxable","14":"purchasable","15":"product-type-ovabrw_car_rental"},"acf":[],"aioseo_notices":[],"_links":{"self":[{"href":"https:\/\/joinusexcursions.com\/nl\/wp-json\/wp\/v2\/product\/10982","targetHints":{"allow":["GET"]}}],"collection":[{"href":"https:\/\/joinusexcursions.com\/nl\/wp-json\/wp\/v2\/product"}],"about":[{"href":"https:\/\/joinusexcursions.com\/nl\/wp-json\/wp\/v2\/types\/product"}],"replies":[{"embeddable":true,"href":"https:\/\/joinusexcursions.com\/nl\/wp-json\/wp\/v2\/comments?post=10982"}],"wp:featuredmedia":[{"embeddable":true,"href":"https:\/\/joinusexcursions.com\/nl\/wp-json\/wp\/v2\/media\/10643"}],"wp:attachment":[{"href":"https:\/\/joinusexcursions.com\/nl\/wp-json\/wp\/v2\/media?parent=10982"}],"wp:term":[{"taxonomy":"product_brand","embeddable":true,"href":"https:\/\/joinusexcursions.com\/nl\/wp-json\/wp\/v2\/product_brand?post=10982"},{"taxonomy":"product_cat","embeddable":true,"href":"https:\/\/joinusexcursions.com\/nl\/wp-json\/wp\/v2\/product_cat?post=10982"},{"taxonomy":"product_tag","embeddable":true,"href":"https:\/\/joinusexcursions.com\/nl\/wp-json\/wp\/v2\/product_tag?post=10982"}],"curies":[{"name":"wp","href":"https:\/\/api.w.org\/{rel}","templated":true}]}}