{"id":11077,"date":"2025-12-14T17:03:29","date_gmt":"2025-12-14T14:03:29","guid":{"rendered":"https:\/\/joinusexcursions.com\/?post_type=product&#038;p=11077"},"modified":"2026-04-18T04:06:58","modified_gmt":"2026-04-18T01:06:58","slug":"side-turks-bad-hamam","status":"publish","type":"product","link":"https:\/\/joinusexcursions.com\/nl\/tours\/side-turkish-bath-hamam\/","title":{"rendered":"Turks Bad Hamam &amp; Traditionele Spa Ervaring"},"content":{"rendered":"<h2>\ud83c\udf0c Overzicht van het Turkse bad Hamam<\/h2>\n<p data-start=\"549\" data-end=\"845\">Geniet van een traditionele Turkse badervaring met transfers vanuit Side, Kumk\u00f6y, Evrenseki, \u00c7olakl\u0131 en Manavgat. Ontspan in de sauna en het stoombad, verfris uw huid met klassieke behandelingen en kom tot rust met een aromatherapiemassage. Het programma duurt ongeveer 2,5\u20133 uur.<\/p>\n<h3>\ud83c\udf86 Hoogtepunten<\/h3>\n<p data-start=\"1173\" data-end=\"1417\"><strong><span style=\"color: #ff0000;\">\u2022<\/span> <\/strong>Authentieke Turkse hamamervaring<br data-start=\"1210\" data-end=\"1213\" \/><strong><span style=\"color: #ff0000;\">\u2022<\/span> <\/strong>Huidvernieuwende scrub en rijke schuimmassage<br data-start=\"1256\" data-end=\"1259\" \/><strong><span style=\"color: #ff0000;\">\u2022<\/span> <\/strong>Ontspannende aromatherapie-oliemassage<br data-start=\"1294\" data-end=\"1297\" \/><strong><span style=\"color: #ff0000;\">\u2022<\/span> <\/strong>Onbeperkte sauna- en stoombadtijd<br data-start=\"1334\" data-end=\"1337\" \/><strong><span style=\"color: #ff0000;\">\u2022<\/span> <\/strong>Kleimasker voor diepe gezichtsreiniging<br data-start=\"1374\" data-end=\"1377\" \/><strong><span style=\"color: #ff0000;\">\u2022<\/span> <\/strong>Toegang tot het zwembad en Turkse thee<\/p>\n<h2>Wat te verwachten in de Turkse badhuis Hamam<\/h2>\n<p data-start=\"4269\" data-end=\"4473\">Uw ontspannen dag begint met een ophaalservice van uw hotel in Side of omgeving. Bij aankomst in het Turkse bad kunt u uw ervaring beginnen in de sauna en het stoombad om uw lichaam voor te bereiden op de behandeling.<\/p>\n<p data-start=\"4475\" data-end=\"4659\">Geniet van een full body scrub om uw huid te exfoli\u00ebren, gevolgd door een rijke schuimmassage \u2014 een van de meest geliefde hammam-tradities. Vervolgens wordt er een kleimasker aangebracht om uw gezicht te reinigen en te verfrissen.<\/p>\n<p data-start=\"4661\" data-end=\"4859\">Na het ontspannen of zwemmen, rond uw bezoek af met een aromatherapie-oliemassage van 20 minuten die uw lichaam volledig ontspannen achterlaat. Geniet van een kop traditionele Turkse thee voordat u terugkeert naar uw hotel.<\/p>\n<p class=\"mhm-jue-internal-links\">Op zoek naar meer avonturen in de omgeving? Bekijk onze volledige lijst met <a href=\"\/nl\/bestemmingen\/side-tours\/\">Excursies<\/a> of bekijk de <a href=\"\/nl\/excursies-2\/side-land-of-legends-nachtshow\/\">Land of Legends Nachtshow vanuit Side<\/a> voor een andere onvergetelijke ervaring.<\/p>\n<h3>\ud83d\uddfa\ufe0f Reisroute<\/h3>\n<div data-start=\"4884\" data-end=\"5117\"><strong><span style=\"color: #ff0000;\">\u2022<\/span> <\/strong>Ophalen bij hotels in Side en omgeving<\/div>\n<div data-start=\"2176\" data-end=\"2416\"><strong><span style=\"color: #ff0000;\">\u2022<\/span> <\/strong>Aankomst bij het Turkse bad<br data-start=\"2258\" data-end=\"2261\" \/><strong><span style=\"color: #ff0000;\">\u2022<\/span> <\/strong>Sauna en stoombadsessie<br data-start=\"2291\" data-end=\"2294\" \/><strong><span style=\"color: #ff0000;\">\u2022<\/span> <\/strong>Bodyscrub en foammassage<br data-start=\"2323\" data-end=\"2326\" \/><strong><span style=\"color: #ff0000;\">\u2022<\/span> <\/strong>Klei gezichtsmasker en zwembadtijd<br data-start=\"2356\" data-end=\"2359\" \/><strong><span style=\"color: #ff0000;\">\u2022<\/span> <\/strong>Aromatherapiemassage<br data-start=\"2385\" data-end=\"2388\" \/><strong><span style=\"color: #ff0000;\">\u2022<\/span> <\/strong>Retourtransfer naar hotel<\/div>\n<h3>\u2139\ufe0f Nuttige informatie<\/h3>\n<p data-start=\"2445\" data-end=\"2654\"><strong><span style=\"color: #ff0000;\">\u2022<\/span> <\/strong>Duur: circa 2,5\u20133 uur<br data-start=\"2476\" data-end=\"2479\" \/><strong><span style=\"color: #ff0000;\">\u2022<\/span> <\/strong>Geen tijdslimiet voor sauna en stoombad<br data-start=\"2519\" data-end=\"2522\" \/><strong><span style=\"color: #ff0000;\">\u2022<\/span> <\/strong>Geschikt voor mannen en vrouwen<br data-start=\"2550\" data-end=\"2553\" \/><strong><span style=\"color: #ff0000;\">\u2022<\/span> <\/strong>Priv\u00e9opties beschikbaar op aanvraag<br data-start=\"2593\" data-end=\"2596\" \/><strong><span style=\"color: #ff0000;\">\u2022<\/span> <\/strong>Kinderen onder de 12 jaar mogen onder toezicht van ouders aanwezig zijn<\/p>\n<p class=\"mhm-jue-external-link\">Meer informatie over de bestemming op de <a href=\"https:\/\/en.wikipedia.org\/wiki\/Turkish_bath\" target=\"_blank\" rel=\"noopener\">Turks bad Wikipedia-pagina<\/a>.<\/p>\n<h3>\ud83c\udf92 Wat mee te nemen<\/h3>\n<p data-start=\"2678\" data-end=\"2756\"><strong><span style=\"color: #ff0000;\">\u2022<\/span> <\/strong>Zwemkleding<br data-start=\"2688\" data-end=\"2691\" \/><strong><span style=\"color: #ff0000;\">\u2022<\/span> <\/strong>Handdoek (kan worden verstrekt in de spa)<br data-start=\"2727\" data-end=\"2730\" \/><strong><span style=\"color: #ff0000;\">\u2022<\/span> <\/strong>Slippers of teenslippers<\/p>\n<h3>\ud83d\udeab Niet geschikt voor<\/h3>\n<p data-start=\"2783\" data-end=\"2884\"><strong><span style=\"color: #ff0000;\">\u2022<\/span> <\/strong>Gasten met ernstige huid- of hartaandoeningen<br data-start=\"2829\" data-end=\"2832\" \/><strong><span style=\"color: #ff0000;\">\u2022<\/span> <\/strong>Zwangere vrouwen (medisch advies aanbevolen)<\/p>\n<h3>\ud83d\udcb8 Prijs en Boeking<\/h3>\n<p data-start=\"2912\" data-end=\"3086\"><strong><span style=\"color: #ff0000;\">\u2022<\/span> <\/strong>Prijzen vari\u00ebren per seizoen en geselecteerde diensten<br data-start=\"2957\" data-end=\"2960\" \/><strong><span style=\"color: #ff0000;\">\u2022<\/span> <\/strong>Boek nu en betaal op de dag van de tour<br data-start=\"3001\" data-end=\"3004\" \/><strong><span style=\"color: #ff0000;\">\u2022<\/span> <\/strong>Neem contact met ons op via WhatsApp, Telegram of Viber, of vul onderstaand boekingsformulier in<\/p>","protected":false},"excerpt":{"rendered":"<p>Geniet van een traditioneel Turks bad in Side met sauna, scrub, schuimmassage en aromatherapie. Een ontspannende spa-ervaring met hoteltransfer.<\/p>","protected":false},"featured_media":11070,"comment_status":"open","ping_status":"closed","template":"","meta":{"_acf_changed":false},"product_brand":[],"product_cat":[46],"product_tag":[68],"class_list":{"0":"post-11077","1":"product","2":"type-product","3":"status-publish","4":"has-post-thumbnail","6":"product_cat-side","7":"product_tag-side","9":"first","10":"instock","11":"sale","12":"featured","13":"shipping-taxable","14":"purchasable","15":"product-type-ovabrw_car_rental"},"acf":[],"aioseo_notices":[],"_links":{"self":[{"href":"https:\/\/joinusexcursions.com\/nl\/wp-json\/wp\/v2\/product\/11077","targetHints":{"allow":["GET"]}}],"collection":[{"href":"https:\/\/joinusexcursions.com\/nl\/wp-json\/wp\/v2\/product"}],"about":[{"href":"https:\/\/joinusexcursions.com\/nl\/wp-json\/wp\/v2\/types\/product"}],"replies":[{"embeddable":true,"href":"https:\/\/joinusexcursions.com\/nl\/wp-json\/wp\/v2\/comments?post=11077"}],"wp:featuredmedia":[{"embeddable":true,"href":"https:\/\/joinusexcursions.com\/nl\/wp-json\/wp\/v2\/media\/11070"}],"wp:attachment":[{"href":"https:\/\/joinusexcursions.com\/nl\/wp-json\/wp\/v2\/media?parent=11077"}],"wp:term":[{"taxonomy":"product_brand","embeddable":true,"href":"https:\/\/joinusexcursions.com\/nl\/wp-json\/wp\/v2\/product_brand?post=11077"},{"taxonomy":"product_cat","embeddable":true,"href":"https:\/\/joinusexcursions.com\/nl\/wp-json\/wp\/v2\/product_cat?post=11077"},{"taxonomy":"product_tag","embeddable":true,"href":"https:\/\/joinusexcursions.com\/nl\/wp-json\/wp\/v2\/product_tag?post=11077"}],"curies":[{"name":"wp","href":"https:\/\/api.w.org\/{rel}","templated":true}]}}