{"id":11081,"date":"2025-12-14T17:48:34","date_gmt":"2025-12-14T14:48:34","guid":{"rendered":"https:\/\/joinusexcursions.com\/?post_type=product&#038;p=11081"},"modified":"2026-04-13T22:08:42","modified_gmt":"2026-04-13T19:08:42","slug":"belek-olympos-kabelbaan","status":"publish","type":"product","link":"https:\/\/joinusexcursions.com\/nl\/tours\/belek-olympos-cable-car\/","title":{"rendered":"Olympos Teleferik Kabelbaan naar de Tahtal\u0131berg Vanuit Belek (2365m)"},"content":{"rendered":"<h2>\ud83c\udfd4\ufe0f Overzicht van de Belek Olympos Teleferik Kabelbaan<\/h2>\n<p data-start=\"592\" data-end=\"855\">Beleef een onvergetelijk bergavontuur met transfers vanuit Belek, Kadriye en Bo\u011fazkent. Neem de Olympos-kabelbaan naar de top van de berg Tahtal\u0131, geniet van panoramische uitzichten, frisse berglucht en vrije tijd op de top. Totale duur is ongeveer 4-5 uur.<\/p>\n<h3>\ud83c\udf04 Hoogtepunten<\/h3>\n<p data-start=\"4142\" data-end=\"4395\"><span style=\"color: #ff0000;\"><strong>\u2022<\/strong> <\/span>Kabelbaanrit naar de top van de Tahtal\u0131berg<br data-start=\"4192\" data-end=\"4195\" \/><span style=\"color: #ff0000;\"><strong>\u2022<\/strong> <\/span>Prachtige panorama's van de Middellandse Zee en de bergen<br data-start=\"4242\" data-end=\"4245\" \/><span style=\"color: #ff0000;\"><strong>\u2022<\/strong> <\/span>Mooie rit door Nationaal Park Beyda\u011flar\u0131<br data-start=\"4292\" data-end=\"4295\" \/><span style=\"color: #ff0000;\"><strong>\u2022<\/strong> <\/span>Vrije tijd op de uitzichtterrassen en in het caf\u00e9 op de top<br data-start=\"4342\" data-end=\"4345\" \/><span style=\"color: #ff0000;\"><strong>\u2022<\/strong> <\/span>Perfecte tour voor natuurliefhebbers en fotografen<\/p>\n<h2>Wat te verwachten in de Belek Olympos Teleferik kabelbaan<\/h2>\n<p data-start=\"4422\" data-end=\"4614\">Uw dag begint met een ophaalservice bij uw hotel in Side of de omliggende gebieden. Ontspan tijdens een schilderachtige rit door het Beyda\u011flar\u0131 Nationaal Park voordat u het onderste station van de Olympos kabelbaan bereikt.<\/p>\n<p data-start=\"4616\" data-end=\"4834\">Geniet van een rustige klim in een moderne gondel, die in ongeveer 10-12 minuten naar 2.365 meter hoogte stijgt. Terwijl u omhoog gaat, kunt u genieten van een adembenemend uitzicht op bossen, bergen en de Middellandse Zeekust die zich beneden uitstrekt.<\/p>\n<p data-start=\"4836\" data-end=\"5057\">Op de top geniet je van ongeveer een uur vrije tijd om de uitkijkplatforms te verkennen, foto's te maken, souvenirwinkels te bezoeken of gewoon te ontspannen en te genieten van de frisse berglucht. Daarna daal je af met de kabelbaan en keer je terug naar je hotel.<\/p>\n<p class=\"mhm-jue-internal-links\">Op zoek naar meer avonturen in de omgeving? Bekijk onze volledige lijst met <a href=\"\/nl\/bestemmingen\/belek-tours\/\">Belek tours<\/a> of bekijk de <a href=\"\/nl\/excursies-2\/belek-land-of-legends-nachtshow\/\">Land of Legends Night Show vanuit Belek<\/a> voor een andere onvergetelijke ervaring.<\/p>\n<h3>\ud83d\uddfa\ufe0f Reisroute<\/h3>\n<p data-start=\"5082\" data-end=\"5343\"><span style=\"color: #ff0000;\"><strong>\u2022<\/strong> <\/span>Ophalen bij hotels in Side en omgeving<br data-start=\"5130\" data-end=\"5133\" \/><span style=\"color: #ff0000;\"><strong>\u2022<\/strong> <\/span>Mooie rit door Nationaal Park Beyda\u011flar\u0131<br data-start=\"5180\" data-end=\"5183\" \/><span style=\"color: #ff0000;\"><strong>\u2022<\/strong> <\/span>Aankomst bij het Olympos Kabelbaanstation<br data-start=\"5221\" data-end=\"5224\" \/><span style=\"color: #ff0000;\"><strong>\u2022<\/strong> <\/span>Kabelbaanrit naar de top van de Tahtal\u0131berg<br data-start=\"5267\" data-end=\"5270\" \/><span style=\"color: #ff0000;\"><strong>\u2022<\/strong> <\/span>Vrije tijd op de top (ongeveer 1 uur)<br data-start=\"5312\" data-end=\"5315\" \/><span style=\"color: #ff0000;\"><strong>\u2022<\/strong> <\/span>Retourtransfer naar hotel<\/p>\n<h3>\u2139\ufe0f Nuttige informatie<\/h3>\n<p data-start=\"5372\" data-end=\"5562\"><span style=\"color: #ff0000;\"><strong>\u2022<\/strong> <\/span>Tourduur: ca. 4\u20135 uur<br data-start=\"5406\" data-end=\"5409\" \/><span style=\"color: #ff0000;\"><strong>\u2022<\/strong> <\/span>Duur kabelbaanrit: 10\u201312 minuten<br data-start=\"5449\" data-end=\"5452\" \/><span style=\"color: #ff0000;\"><strong>\u2022<\/strong> <\/span>Koelere temperaturen op de top<br data-start=\"5487\" data-end=\"5490\" \/><span style=\"color: #ff0000;\"><strong>\u2022<\/strong> <\/span>Gratis kinderen krijgen mogelijk geen aparte busstoel als de bus vol is<\/p>\n<p class=\"mhm-jue-external-link\">Meer informatie over de bestemming op de <a href=\"https:\/\/en.wikipedia.org\/wiki\/Tahtal%C4%B1_Da%C4%9F%C4%B1\" target=\"_blank\" rel=\"noopener\">Tahtal\u0131 Da\u011f\u0131 Wikipedia pagina<\/a>.<\/p>\n<h3>\ud83c\udf92 Wat mee te nemen<\/h3>\n<p data-start=\"5586\" data-end=\"5675\"><span style=\"color: #ff0000;\"><strong>\u2022<\/strong> <\/span>Comfortabele schoenen<br data-start=\"5605\" data-end=\"5608\" \/><span style=\"color: #ff0000;\"><strong>\u2022<\/strong> <\/span>Lichte jas of trui<br data-start=\"5633\" data-end=\"5636\" \/><span style=\"color: #ff0000;\"><strong>\u2022<\/strong> <\/span>Camera of smartphone<br data-start=\"5658\" data-end=\"5661\" \/><span style=\"color: #ff0000;\"><strong>\u2022<\/strong> <\/span>Zonnebril<\/p>\n<h3>\ud83d\udeab Niet geschikt voor<\/h3>\n<p data-start=\"5702\" data-end=\"5789\"><span style=\"color: #ff0000;\"><strong>\u2022<\/strong> <\/span>Gasten met hoogtevrees of ernstige duizeligheid<br data-start=\"5749\" data-end=\"5752\" \/><span style=\"color: #ff0000;\"><strong>\u2022<\/strong> <\/span>Gasten met mobiliteitsproblemen<\/p>\n<h3>\ud83d\udcb8 Prijs en Boeking<\/h3>\n<p data-start=\"5817\" data-end=\"5973\"><span style=\"color: #ff0000;\"><strong>\u2022<\/strong> <\/span>Prijzen kunnen per seizoen vari\u00ebren<br data-start=\"5844\" data-end=\"5847\" \/><span style=\"color: #ff0000;\"><strong>\u2022<\/strong> <\/span>Boek nu en betaal op de dag van de tour<br data-start=\"5888\" data-end=\"5891\" \/><span style=\"color: #ff0000;\"><strong>\u2022<\/strong> <\/span>Neem contact met ons op via WhatsApp, Telegram of Viber, of vul onderstaand boekingsformulier in<\/p>","protected":false},"excerpt":{"rendered":"<p>Neem de Olympos Kabelbaan van Belek naar de Tahtal\u0131 Berg op 2365m. Geniet van panoramisch uitzicht, frisse lucht en hoteltransfers inbegrepen.<\/p>","protected":false},"featured_media":10850,"comment_status":"open","ping_status":"closed","template":"","meta":{"_acf_changed":false},"product_brand":[],"product_cat":[43],"product_tag":[66],"class_list":{"0":"post-11081","1":"product","2":"type-product","3":"status-publish","4":"has-post-thumbnail","6":"product_cat-belek","7":"product_tag-belek","9":"first","10":"instock","11":"sale","12":"featured","13":"shipping-taxable","14":"purchasable","15":"product-type-ovabrw_car_rental"},"acf":[],"aioseo_notices":[],"_links":{"self":[{"href":"https:\/\/joinusexcursions.com\/nl\/wp-json\/wp\/v2\/product\/11081","targetHints":{"allow":["GET"]}}],"collection":[{"href":"https:\/\/joinusexcursions.com\/nl\/wp-json\/wp\/v2\/product"}],"about":[{"href":"https:\/\/joinusexcursions.com\/nl\/wp-json\/wp\/v2\/types\/product"}],"replies":[{"embeddable":true,"href":"https:\/\/joinusexcursions.com\/nl\/wp-json\/wp\/v2\/comments?post=11081"}],"wp:featuredmedia":[{"embeddable":true,"href":"https:\/\/joinusexcursions.com\/nl\/wp-json\/wp\/v2\/media\/10850"}],"wp:attachment":[{"href":"https:\/\/joinusexcursions.com\/nl\/wp-json\/wp\/v2\/media?parent=11081"}],"wp:term":[{"taxonomy":"product_brand","embeddable":true,"href":"https:\/\/joinusexcursions.com\/nl\/wp-json\/wp\/v2\/product_brand?post=11081"},{"taxonomy":"product_cat","embeddable":true,"href":"https:\/\/joinusexcursions.com\/nl\/wp-json\/wp\/v2\/product_cat?post=11081"},{"taxonomy":"product_tag","embeddable":true,"href":"https:\/\/joinusexcursions.com\/nl\/wp-json\/wp\/v2\/product_tag?post=11081"}],"curies":[{"name":"wp","href":"https:\/\/api.w.org\/{rel}","templated":true}]}}