{"id":11116,"date":"2025-12-15T12:48:34","date_gmt":"2025-12-15T09:48:34","guid":{"rendered":"https:\/\/joinusexcursions.com\/?post_type=product&#038;p=11116"},"modified":"2026-04-13T19:36:11","modified_gmt":"2026-04-13T16:36:11","slug":"belek-tazi-canyon-raften","status":"publish","type":"product","link":"https:\/\/joinusexcursions.com\/nl\/tours\/belek-tazi-canyon-rafting\/","title":{"rendered":"Taz\u0131 Canyon, Rafting &amp; Jeep Safari Tour vanuit Belek"},"content":{"rendered":"<p data-start=\"412\" data-end=\"577\">Bereid je voor op een avontuur van een hele dag vanuit Belek, waarbij je kunt genieten van uitzichten op de Taz\u0131 Canyon, een spannende Jeep Safari en optioneel raften in de K\u00f6pr\u00fcl\u00fc Canyon. Hoteltransfers inbegrepen.<\/p>\n<h2>\ud83c\udf04 Overzicht van de Belek Taz\u0131 Canyon Rafting Tour<\/h2>\n<p data-start=\"596\" data-end=\"892\">Ervaar een onvergetelijke natuur- en avontuurtocht vanuit Belek, Kadriye en Bo\u011fazkent. Reis door het Taurusgebergte met een 4x4 Jeep, bezoek de adembenemende Taz\u0131 Canyon en geniet van optioneel wildwatervaren in de K\u00f6pr\u00fcl\u00fc Canyon. Een perfecte mix van landschap, adrenaline en plezier die een hele dag duurt.<\/p>\n<h3>\ud83c\udf1f Hoogtepunten<\/h3>\n<p data-start=\"1240\" data-end=\"1520\"><span style=\"color: #ff0000;\"><strong>\u2022<\/strong> <\/span>Bezoek de spectaculaire Taz\u0131 Canyon (uitzichtpunt Adelaarsnest)<br data-start=\"1300\" data-end=\"1303\" \/><span style=\"color: #ff0000;\"><strong>\u2022<\/strong> <\/span>Off-road Jeep Safari door het Taurusgebergte<br data-start=\"1354\" data-end=\"1357\" \/><span style=\"color: #ff0000;\"><strong>\u2022<\/strong> <\/span>Optioneel raften in de K\u00f6pr\u00fcl\u00fc-kloof met professionele instructeurs<br data-start=\"1423\" data-end=\"1426\" \/><span style=\"color: #ff0000;\"><strong>\u2022<\/strong> <\/span>Panoramische uitzichtpunten voor geweldige foto's<br data-start=\"1467\" data-end=\"1470\" \/><span style=\"color: #ff0000;\"><strong>\u2022<\/strong> <\/span>Schilderachtige rivierlandschappen en frisse berglucht<\/p>\n<h2>Wat te verwachten tijdens de Belek Taz\u0131 Canyon Rafting Tour<\/h2>\n<div data-start=\"1547\" data-end=\"1795\">Je avontuur begint met een comfortabele ophaalservice bij je hotel in Belek of nabije omgeving, gevolgd door een spannende Jeep Safari-rit door het Taurusgebergte. Geniet onderweg van off-road paden, berglandschappen en prachtige natuurlijke vergezichten.<\/div>\n<div data-start=\"1797\" data-end=\"2064\">De tour bereikt eerst een basis aan de rivieroever in de K\u00f6pr\u00fcl\u00fc-kloof. Hier kunt u kiezen voor een optionele raftingervaring of ontspannen aan de rivier. Als u deelneemt, zorgen ervaren instructeurs voor veiligheidsuitrusting en basisinstructie - er is geen eerdere ervaring vereist.<\/div>\n<div data-start=\"2066\" data-end=\"2390\">Vervolgens reist u met een open safarrije naar <strong data-start=\"2106\" data-end=\"2121\">Taz\u0131 Canyon<\/strong>, een van de meest indrukwekkende natuurlijke uitzichtpunten in de regio. Bekend als het Adelaarsnest, biedt deze dramatische kloof adembenemende panoramische uitzichten. Geniet van vrije tijd op het uitzichtpunt voor foto's en ontspanning. Om veiligheidsredenen is toegang tot de kloof niet toegestaan.<\/div>\n<div data-start=\"2392\" data-end=\"2667\">Daarna, terug naar de K\u00f6pr\u00fcl\u00fc Canyon voor de hoofdroute van de wildwatertocht indien geselecteerd. Peddel door verfrissende stroomversnellingen, geniet van zwempauzes en bewonder de omringende natuur. De dag eindigt met een heerlijke lunch aan de rivier voordat u met onvergetelijke herinneringen terugkeert naar uw hotel.<\/div>\n<p class=\"mhm-jue-internal-links\">Op zoek naar meer avonturen in de omgeving? Bekijk onze volledige lijst met <a href=\"\/nl\/bestemmingen\/belek-tours\/\">Belek tours<\/a> of bekijk de <a href=\"\/nl\/excursies-2\/belek-land-of-legends-nachtshow\/\">Land of Legends Night Show vanuit Belek<\/a> voor een andere onvergetelijke ervaring.<\/p>\n<h3>\ud83d\uddfa\ufe0f Reisroute<\/h3>\n<p data-start=\"2692\" data-end=\"3064\"><span style=\"color: #ff0000;\"><strong>\u2022<\/strong> <\/span>Ophalen bij hotels in Belek en omliggende gebieden<br data-start=\"2741\" data-end=\"2744\" \/><span style=\"color: #ff0000;\"><strong>\u2022<\/strong> <\/span>Jeep Safari door het Taurusgebergte<br data-start=\"2786\" data-end=\"2789\" \/><span style=\"color: #ff0000;\"><strong>\u2022<\/strong> <\/span>Aankomst bij de rivierbasis van de K\u00f6pr\u00fcl\u00fc Canyon<br data-start=\"2831\" data-end=\"2834\" \/><span style=\"color: #ff0000;\"><strong>\u2022<\/strong> <\/span>Optioneel raften of vrije tijd bij de rivier<br data-start=\"2878\" data-end=\"2881\" \/><span style=\"color: #ff0000;\"><strong>\u2022<\/strong> <\/span> Jeeprit naar het uitkijkpunt van de Taz\u0131-kloof<br data-start=\"2917\" data-end=\"2920\" \/><span style=\"color: #ff0000;\"><strong>\u2022<\/strong> <\/span>Vrije tijd voor foto's en bezienswaardigheden<br data-start=\"2958\" data-end=\"2961\" \/><span style=\"color: #ff0000;\"><strong>\u2022<\/strong> <\/span>Raftingervaring in de K\u00f6pr\u00fcl\u00fc Canyon (indien geselecteerd)<br data-start=\"3013\" data-end=\"3016\" \/><span style=\"color: #ff0000;\"><strong>\u2022<\/strong> <\/span>Lunch aan de rivier<br data-start=\"3033\" data-end=\"3036\" \/><span style=\"color: #ff0000;\"><strong>\u2022<\/strong> <\/span>Retourtransfer naar hotel<\/p>\n<h3>\u2139\ufe0f Nuttige informatie<\/h3>\n<p data-start=\"3093\" data-end=\"3296\"><span style=\"color: #ff0000;\"><strong>\u2022<\/strong> <\/span>Dagtocht<br data-start=\"3108\" data-end=\"3111\" \/><span style=\"color: #ff0000;\"><strong>\u2022<\/strong> <\/span>Geen raftingervaring vereist<br data-start=\"3143\" data-end=\"3146\" \/><span style=\"color: #ff0000;\"><strong>\u2022<\/strong> <\/span>Geschikt voor avontuur- en natuurliefhebbers<br data-start=\"3188\" data-end=\"3191\" \/><span style=\"color: #ff0000;\"><strong>\u2022<\/strong> <\/span>Toegang tot de kloof is beperkt tot uitzichtpunten.<br data-start=\"3236\" data-end=\"3239\" \/><span style=\"color: #ff0000;\"><strong>\u2022<\/strong> <\/span>Het tourprogramma kan vari\u00ebren afhankelijk van de weersomstandigheden<\/p>\n<p class=\"mhm-jue-external-link\">Meer informatie over de bestemming op de <a href=\"https:\/\/en.wikipedia.org\/wiki\/K%C3%B6pr%C3%BCl%C3%BC_Canyon_National_Park\" target=\"_blank\" rel=\"noopener\">Wikipedia-pagina van Nationaal Park K\u00f6pr\u00fcl\u00fc Canyon<\/a>.<\/p>\n<h3>\ud83c\udf92 Wat mee te nemen<\/h3>\n<p data-start=\"3320\" data-end=\"3435\"><span style=\"color: #ff0000;\"><strong>\u2022<\/strong> <\/span>Comfortabele kleding en schoenen<br data-start=\"3351\" data-end=\"3354\" \/><span style=\"color: #ff0000;\"><strong>\u2022<\/strong> <\/span>Zwemkleding en handdoek<br data-start=\"3374\" data-end=\"3377\" \/><span style=\"color: #ff0000;\"><strong>\u2022<\/strong> <\/span>Zonnebrandcr\u00e8me<br data-start=\"3388\" data-end=\"3391\" \/><span style=\"color: #ff0000;\"><strong>\u2022<\/strong> <\/span>Camera of smartphone<br data-start=\"3413\" data-end=\"3416\" \/><span style=\"color: #ff0000;\"><strong>\u2022<\/strong> <\/span>Cash voor extra's<\/p>\n<h3>\ud83d\udeab Niet geschikt voor<\/h3>\n<p data-start=\"3462\" data-end=\"3522\"><span style=\"color: #ff0000;\"><strong>\u2022<\/strong> <\/span>Zwangere vrouwen<br data-start=\"3478\" data-end=\"3481\" \/><span style=\"color: #ff0000;\"><strong>\u2022<\/strong> <\/span>Gasten met ernstige mobiliteitsproblemen<\/p>\n<h3>\ud83d\udcb8 Prijs en Boeking<\/h3>\n<p data-start=\"3550\" data-end=\"3736\"><span style=\"color: #ff0000;\"><strong>\u2022<\/strong> <\/span>Prijzen vari\u00ebren afhankelijk van het seizoen en de geselecteerde activiteiten<br data-start=\"3607\" data-end=\"3610\" \/><span style=\"color: #ff0000;\"><strong>\u2022<\/strong> <\/span>Boek nu en betaal op de dag van de tour<br data-start=\"3651\" data-end=\"3654\" \/><span style=\"color: #ff0000;\"><strong>\u2022<\/strong> <\/span>Neem contact met ons op via WhatsApp, Telegram of Viber, of vul onderstaand boekingsformulier in<\/p>","protected":false},"excerpt":{"rendered":"<p>Ga mee op een avontuur van een hele dag vanuit Belek met uitzicht op de Taz\u0131 Canyon, Jeep Safari en optioneel raften in de K\u00f6pr\u00fcl\u00fc Canyon. Natuur, plezier en hoteltransfers inbegrepen.<\/p>","protected":false},"featured_media":11117,"comment_status":"open","ping_status":"closed","template":"","meta":{"_acf_changed":false},"product_brand":[],"product_cat":[43],"product_tag":[66],"class_list":{"0":"post-11116","1":"product","2":"type-product","3":"status-publish","4":"has-post-thumbnail","6":"product_cat-belek","7":"product_tag-belek","9":"first","10":"instock","11":"sale","12":"featured","13":"shipping-taxable","14":"purchasable","15":"product-type-ovabrw_car_rental"},"acf":[],"aioseo_notices":[],"_links":{"self":[{"href":"https:\/\/joinusexcursions.com\/nl\/wp-json\/wp\/v2\/product\/11116","targetHints":{"allow":["GET"]}}],"collection":[{"href":"https:\/\/joinusexcursions.com\/nl\/wp-json\/wp\/v2\/product"}],"about":[{"href":"https:\/\/joinusexcursions.com\/nl\/wp-json\/wp\/v2\/types\/product"}],"replies":[{"embeddable":true,"href":"https:\/\/joinusexcursions.com\/nl\/wp-json\/wp\/v2\/comments?post=11116"}],"wp:featuredmedia":[{"embeddable":true,"href":"https:\/\/joinusexcursions.com\/nl\/wp-json\/wp\/v2\/media\/11117"}],"wp:attachment":[{"href":"https:\/\/joinusexcursions.com\/nl\/wp-json\/wp\/v2\/media?parent=11116"}],"wp:term":[{"taxonomy":"product_brand","embeddable":true,"href":"https:\/\/joinusexcursions.com\/nl\/wp-json\/wp\/v2\/product_brand?post=11116"},{"taxonomy":"product_cat","embeddable":true,"href":"https:\/\/joinusexcursions.com\/nl\/wp-json\/wp\/v2\/product_cat?post=11116"},{"taxonomy":"product_tag","embeddable":true,"href":"https:\/\/joinusexcursions.com\/nl\/wp-json\/wp\/v2\/product_tag?post=11116"}],"curies":[{"name":"wp","href":"https:\/\/api.w.org\/{rel}","templated":true}]}}