{"id":11118,"date":"2025-12-15T13:11:04","date_gmt":"2025-12-15T10:11:04","guid":{"rendered":"https:\/\/joinusexcursions.com\/?post_type=product&#038;p=11118"},"modified":"2026-04-13T19:36:11","modified_gmt":"2026-04-13T16:36:11","slug":"side-tazi-canyon-raften","status":"publish","type":"product","link":"https:\/\/joinusexcursions.com\/nl\/tours\/side-tazi-canyon-rafting\/","title":{"rendered":"Taz\u0131 Canyon, Rafting &amp; Jeep Safari Tour vanuit Side"},"content":{"rendered":"<p data-start=\"4039\" data-end=\"4206\">Geniet van een spannend avontuur van een hele dag vanuit Side, dat de Taz\u0131 Canyon, een Jeep Safari en optionele wildwaterrafting in de K\u00f6pr\u00fcl\u00fc Canyon combineert. Een perfect uitje in de natuur met hoteltransfers.<\/p>\n<h2>\ud83c\udf04 Overzicht van de Side Taz\u0131 Canyon Rafting Tour<\/h2>\n<p data-start=\"4225\" data-end=\"4507\">Ontdek de wilde schoonheid van het Taurusgebergte tijdens deze avontuurlijke tour vanuit Side, Kumk\u00f6y, Evrenseki, \u00c7olakl\u0131 en Manavgat. Verken de uitzichtpunten van de Taz\u0131-kloof, rijd in jeeps met open dak en geniet van optionele raften in de K\u00f6pr\u00fcl\u00fc-kloof. Een dagvullende ervaring vol natuur en opwinding.<\/p>\n<h3>\ud83c\udf1f Hoogtepunten<\/h3>\n<p data-start=\"1240\" data-end=\"1520\"><span style=\"color: #ff0000;\"><strong>\u2022<\/strong> <\/span>Bezoek de spectaculaire Taz\u0131 Canyon (uitzichtpunt Adelaarsnest)<br data-start=\"1300\" data-end=\"1303\" \/><span style=\"color: #ff0000;\"><strong>\u2022<\/strong> <\/span>Off-road Jeep Safari door het Taurusgebergte<br data-start=\"1354\" data-end=\"1357\" \/><span style=\"color: #ff0000;\"><strong>\u2022<\/strong> <\/span>Optioneel raften in de K\u00f6pr\u00fcl\u00fc-kloof met professionele instructeurs<br data-start=\"1423\" data-end=\"1426\" \/><span style=\"color: #ff0000;\"><strong>\u2022<\/strong> <\/span>Panoramische uitzichtpunten voor geweldige foto's<br data-start=\"1467\" data-end=\"1470\" \/><span style=\"color: #ff0000;\"><strong>\u2022<\/strong> <\/span>Schilderachtige rivierlandschappen en frisse berglucht<\/p>\n<h2>Wat te verwachten tijdens de Taz\u0131 Canyon Rafting Tocht<\/h2>\n<div data-start=\"5117\" data-end=\"5338\">Uw dag begint met een ophaal bij uw hotel in Side of nabijgelegen regio's, gevolgd door een schilderachtige en avontuurlijke Jeep Safari door het Taurusgebergte. Geniet van het offroad rijden en het prachtige natuurlijke landschap onderweg.<\/div>\n<div data-start=\"5340\" data-end=\"5553\">De tour arriveert eerst bij de K\u00f6pr\u00fcl\u00fc Canyon, waar je kunt deelnemen aan een optionele raftingactiviteit of kunt ontspannen aan de rivier. Professionele instructeurs voorzien van materiaal en begeleiding, waardoor raften zelfs voor beginners geschikt is.<\/div>\n<div data-start=\"5555\" data-end=\"5818\">Vervolgens per safarivoertuig naar <strong data-start=\"5586\" data-end=\"5601\">Taz\u0131 Canyon<\/strong>, een van de meest indrukwekkende natuurlijke uitzichtpunten van de regio. Geniet van vrije tijd bovenop voor foto's en ontspanning terwijl u geniet van het dramatische canyonlandschap. Om veiligheidsredenen is het niet toegestaan de canyon zelf te betreden.<\/div>\n<div data-start=\"5820\" data-end=\"6007\">Als raften wordt gekozen, keer terug naar de K\u00f6pr\u00fcl\u00fc kloof voor een spannend rivieravontuur met zwemgelegenheid en fotostops. Sluit de dag af met een smakelijke lunch aan de rivier voordat je terugkeert naar je hotel.<\/div>\n<p class=\"mhm-jue-internal-links\">Op zoek naar meer avonturen in de omgeving? Bekijk onze volledige lijst met <a href=\"\/nl\/bestemmingen\/side-tours\/\">Excursies<\/a> of bekijk de <a href=\"\/nl\/excursies-2\/side-land-of-legends-nachtshow\/\">Land of Legends Nachtshow vanuit Side<\/a> voor een andere onvergetelijke ervaring.<\/p>\n<h3>\ud83d\uddfa\ufe0f Reisroute<\/h3>\n<p data-start=\"2692\" data-end=\"3064\"><span style=\"color: #ff0000;\"><strong>\u2022<\/strong> <\/span>Ophalen bij hotels in Side en omgeving<br data-start=\"2741\" data-end=\"2744\" \/><span style=\"color: #ff0000;\"><strong>\u2022<\/strong> <\/span>Jeep Safari door het Taurusgebergte<br data-start=\"2786\" data-end=\"2789\" \/><span style=\"color: #ff0000;\"><strong>\u2022<\/strong> <\/span>Aankomst bij de rivierbasis van de K\u00f6pr\u00fcl\u00fc Canyon<br data-start=\"2831\" data-end=\"2834\" \/><span style=\"color: #ff0000;\"><strong>\u2022<\/strong> <\/span>Optioneel raften of vrije tijd bij de rivier<br data-start=\"2878\" data-end=\"2881\" \/><span style=\"color: #ff0000;\"><strong>\u2022<\/strong> <\/span> Jeeprit naar het uitkijkpunt van de Taz\u0131-kloof<br data-start=\"2917\" data-end=\"2920\" \/><span style=\"color: #ff0000;\"><strong>\u2022<\/strong> <\/span>Vrije tijd voor foto's en bezienswaardigheden<br data-start=\"2958\" data-end=\"2961\" \/><span style=\"color: #ff0000;\"><strong>\u2022<\/strong> <\/span>Raftingervaring in de K\u00f6pr\u00fcl\u00fc Canyon (indien geselecteerd)<br data-start=\"3013\" data-end=\"3016\" \/><span style=\"color: #ff0000;\"><strong>\u2022<\/strong> <\/span>Lunch aan de rivier<br data-start=\"3033\" data-end=\"3036\" \/><span style=\"color: #ff0000;\"><strong>\u2022<\/strong> <\/span>Retourtransfer naar hotel<\/p>\n<h3>\u2139\ufe0f Nuttige informatie<\/h3>\n<p data-start=\"3093\" data-end=\"3296\"><span style=\"color: #ff0000;\"><strong>\u2022<\/strong> <\/span>Dagtocht<br data-start=\"3108\" data-end=\"3111\" \/><span style=\"color: #ff0000;\"><strong>\u2022<\/strong> <\/span>Geen raftingervaring vereist<br data-start=\"3143\" data-end=\"3146\" \/><span style=\"color: #ff0000;\"><strong>\u2022<\/strong> <\/span>Geschikt voor avontuur- en natuurliefhebbers<br data-start=\"3188\" data-end=\"3191\" \/><span style=\"color: #ff0000;\"><strong>\u2022<\/strong> <\/span>Toegang tot de kloof is beperkt tot uitzichtpunten.<br data-start=\"3236\" data-end=\"3239\" \/><span style=\"color: #ff0000;\"><strong>\u2022<\/strong> <\/span>Het tourprogramma kan vari\u00ebren afhankelijk van de weersomstandigheden<\/p>\n<p class=\"mhm-jue-external-link\">Meer informatie over de bestemming op de <a href=\"https:\/\/en.wikipedia.org\/wiki\/K%C3%B6pr%C3%BCl%C3%BC_Canyon_National_Park\" target=\"_blank\" rel=\"noopener\">Wikipedia-pagina van Nationaal Park K\u00f6pr\u00fcl\u00fc Canyon<\/a>.<\/p>\n<h3>\ud83c\udf92 Wat mee te nemen<\/h3>\n<p data-start=\"3320\" data-end=\"3435\"><span style=\"color: #ff0000;\"><strong>\u2022<\/strong> <\/span>Comfortabele kleding en schoenen<br data-start=\"3351\" data-end=\"3354\" \/><span style=\"color: #ff0000;\"><strong>\u2022<\/strong> <\/span>Zwemkleding en handdoek<br data-start=\"3374\" data-end=\"3377\" \/><span style=\"color: #ff0000;\"><strong>\u2022<\/strong> <\/span>Zonnebrandcr\u00e8me<br data-start=\"3388\" data-end=\"3391\" \/><span style=\"color: #ff0000;\"><strong>\u2022<\/strong> <\/span>Camera of smartphone<br data-start=\"3413\" data-end=\"3416\" \/><span style=\"color: #ff0000;\"><strong>\u2022<\/strong> <\/span>Cash voor extra's<\/p>\n<h3>\ud83d\udeab Niet geschikt voor<\/h3>\n<p data-start=\"3462\" data-end=\"3522\"><span style=\"color: #ff0000;\"><strong>\u2022<\/strong> <\/span>Zwangere vrouwen<br data-start=\"3478\" data-end=\"3481\" \/><span style=\"color: #ff0000;\"><strong>\u2022<\/strong> <\/span>Gasten met ernstige mobiliteitsproblemen<\/p>\n<h3>\ud83d\udcb8 Prijs en Boeking<\/h3>\n<p data-start=\"3550\" data-end=\"3736\"><span style=\"color: #ff0000;\"><strong>\u2022<\/strong> <\/span>Prijzen vari\u00ebren afhankelijk van het seizoen en de geselecteerde activiteiten<br data-start=\"3607\" data-end=\"3610\" \/><span style=\"color: #ff0000;\"><strong>\u2022<\/strong> <\/span>Boek nu en betaal op de dag van de tour<br data-start=\"3651\" data-end=\"3654\" \/><span style=\"color: #ff0000;\"><strong>\u2022<\/strong> <\/span>Neem contact met ons op via WhatsApp, Telegram of Viber, of vul onderstaand boekingsformulier in<\/p>","protected":false},"excerpt":{"rendered":"<p>Geniet van een volledig dagavontuur vanuit Side met uitzicht op de Taz\u0131-kloof, Jeep Safari en optioneel raften in de K\u00f6pr\u00fcl\u00fc-kloof. Natuur, plezier en hoteltransfers inbegrepen.<\/p>","protected":false},"featured_media":11117,"comment_status":"open","ping_status":"closed","template":"","meta":{"_acf_changed":false},"product_brand":[],"product_cat":[46],"product_tag":[68],"class_list":{"0":"post-11118","1":"product","2":"type-product","3":"status-publish","4":"has-post-thumbnail","6":"product_cat-side","7":"product_tag-side","9":"first","10":"instock","11":"sale","12":"featured","13":"shipping-taxable","14":"purchasable","15":"product-type-ovabrw_car_rental"},"acf":[],"aioseo_notices":[],"_links":{"self":[{"href":"https:\/\/joinusexcursions.com\/nl\/wp-json\/wp\/v2\/product\/11118","targetHints":{"allow":["GET"]}}],"collection":[{"href":"https:\/\/joinusexcursions.com\/nl\/wp-json\/wp\/v2\/product"}],"about":[{"href":"https:\/\/joinusexcursions.com\/nl\/wp-json\/wp\/v2\/types\/product"}],"replies":[{"embeddable":true,"href":"https:\/\/joinusexcursions.com\/nl\/wp-json\/wp\/v2\/comments?post=11118"}],"wp:featuredmedia":[{"embeddable":true,"href":"https:\/\/joinusexcursions.com\/nl\/wp-json\/wp\/v2\/media\/11117"}],"wp:attachment":[{"href":"https:\/\/joinusexcursions.com\/nl\/wp-json\/wp\/v2\/media?parent=11118"}],"wp:term":[{"taxonomy":"product_brand","embeddable":true,"href":"https:\/\/joinusexcursions.com\/nl\/wp-json\/wp\/v2\/product_brand?post=11118"},{"taxonomy":"product_cat","embeddable":true,"href":"https:\/\/joinusexcursions.com\/nl\/wp-json\/wp\/v2\/product_cat?post=11118"},{"taxonomy":"product_tag","embeddable":true,"href":"https:\/\/joinusexcursions.com\/nl\/wp-json\/wp\/v2\/product_tag?post=11118"}],"curies":[{"name":"wp","href":"https:\/\/api.w.org\/{rel}","templated":true}]}}