{"id":11119,"date":"2025-12-15T13:25:53","date_gmt":"2025-12-15T10:25:53","guid":{"rendered":"https:\/\/joinusexcursions.com\/?post_type=product&#038;p=11119"},"modified":"2026-04-13T19:36:11","modified_gmt":"2026-04-13T16:36:11","slug":"belek-raften-koprulu-canyon","status":"publish","type":"product","link":"https:\/\/joinusexcursions.com\/nl\/tours\/belek-rafting-koprulu-canyon\/","title":{"rendered":"Raftingtour in de K\u00f6pr\u00fcl\u00fc Canyon vanuit Belek \u2013 Inclusief lunch"},"content":{"rendered":"<p data-start=\"362\" data-end=\"543\">Geniet van een actievol raftenavontuur vanuit Belek in de K\u00f6pr\u00fcl\u00fc Canyon. Peddel door spannende stroomversnellingen, zwem in rustige rivierpoelen en geniet van een volledige dag in de natuur met hoteltransfers inbegrepen.<\/p>\n<h2>\ud83d\udef6 Overzicht van de Belek K\u00f6pr\u00fcl\u00fc Canyon Rafting<\/h2>\n<p data-start=\"562\" data-end=\"847\">Ga mee op een spannende wildwatertocht vanuit Belek, Kadriye en Bo\u011fazkent naar de K\u00f6pr\u00fcl\u00fc Canyon, een UNESCO-erfgoed en natuurlijk wonder. Trotseer een 14 km lange raftingroute met 10 leuke stroomversnellingen, geniet van zwempauzes, optionele activiteiten en een lunch aan de rivier. Geschikt voor beginners en avontuurliefhebbers.<\/p>\n<h3>\ud83c\udf1f Hoogtepunten<\/h3>\n<p data-start=\"1189\" data-end=\"1465\"><span style=\"color: #ff0000;\"><strong>\u2022<\/strong> <\/span>14 km wildwaterbaan met 10 spannende stroomversnellingen<br data-start=\"1234\" data-end=\"1237\" \/><span style=\"color: #ff0000;\"><strong>\u2022<\/strong> <\/span>Zwem in rustige riviergedeelten omgeven door de natuur<br data-start=\"1287\" data-end=\"1290\" \/><span style=\"color: #ff0000;\"><strong>\u2022<\/strong> <\/span>Professionele gidsen en volledige veiligheidsuitrusting<br data-start=\"1337\" data-end=\"1340\" \/><span style=\"color: #ff0000;\"><strong>\u2022<\/strong> <\/span>Uitzichten bij oude Romeinse bruggen<br data-start=\"1374\" data-end=\"1377\" \/><span style=\"color: #ff0000;\"><strong>\u2022<\/strong> <\/span>Optionele zipline- en avontuurstops<br data-start=\"1415\" data-end=\"1418\" \/><span style=\"color: #ff0000;\"><strong>\u2022<\/strong> <\/span>Leuk en veilig raften geschikt voor beginners<\/p>\n<h2>Wat je kunt verwachten op de Belek K\u00f6pr\u00fcl\u00fc Canyon Rafting<\/h2>\n<div data-start=\"1492\" data-end=\"1747\">Uw avontuur begint met een comfortabele ophaalservice vanaf uw hotel in Belek of nabijgelegen gebieden, gevolgd door een schilderachtige rit naar de K\u00f6pr\u00fcl\u00fc Canyon. Bij aankomst in het basiskamp ontvangt u een veiligheidsinstructie en wordt u uitgerust met helmen, reddingsvesten en peddels.<\/div>\n<div data-start=\"1749\" data-end=\"1943\">Ga op een spannende raftingtocht langs een route van 14 km met 10 uitdagende stroomversnellingen. Tussen de stroomversnellingen door kun je genieten van verfrissende duiken in rustige poelen, omringd door bergen en weelderig groen.<\/div>\n<div data-start=\"1945\" data-end=\"2194\">Neem tijdens de tour een pauze voor optionele drankjes en pannenkoeken, en stop bij een avonturenpark met tokkelbaan en duikactiviteiten (extra kosten). Geniet van een smakelijke lunch in een restaurant aan de rivier voordat u de rafteroute voortzet naar het eindpunt.<\/div>\n<div data-start=\"2196\" data-end=\"2323\">Aan het einde van de tour kunt u uw ra\ufb05video bekijken, foto's bekijken en ontspannen tijdens uw terugreis naar uw hotel.<\/div>\n<p class=\"mhm-jue-internal-links\">Op zoek naar meer avonturen in de omgeving? Bekijk onze volledige lijst met <a href=\"\/nl\/bestemmingen\/belek-tours\/\">Belek tours<\/a> of bekijk de <a href=\"\/nl\/excursies-2\/belek-land-of-legends-nachtshow\/\">Land of Legends Night Show vanuit Belek<\/a> voor een andere onvergetelijke ervaring.<\/p>\n<h3>\ud83d\uddfa\ufe0f Reisroute<\/h3>\n<p data-start=\"2348\" data-end=\"2661\"><span style=\"color: #ff0000;\"><strong>\u2022<\/strong> <\/span>Ophalen bij hotels in Belek en omliggende gebieden<br data-start=\"2397\" data-end=\"2400\" \/><span style=\"color: #ff0000;\"><strong>\u2022<\/strong> <\/span>Aankomst bij het basiskamp van de K\u00f6pr\u00fcl\u00fc Kloof<br data-start=\"2437\" data-end=\"2440\" \/><span style=\"color: #ff0000;\"><strong>\u2022<\/strong> <\/span>Veiligheidsinstructies en uitrustingsdistributie<br data-start=\"2484\" data-end=\"2487\" \/><span style=\"color: #ff0000;\"><strong>\u2022<\/strong> <\/span>Raften op een route van 14 km met zwempauzes<br data-start=\"2534\" data-end=\"2537\" \/><span style=\"color: #ff0000;\"><strong>\u2022<\/strong> <\/span>Optionele zipline- en activiteitenstop<br data-start=\"2573\" data-end=\"2576\" \/><span style=\"color: #ff0000;\"><strong>\u2022<\/strong> <\/span>Lunch aan de rivier<br data-start=\"2593\" data-end=\"2596\" \/><span style=\"color: #ff0000;\"><strong>\u2022<\/strong> <\/span>Ga door met raften tot het eindpunt<br data-start=\"2630\" data-end=\"2633\" \/><span style=\"color: #ff0000;\"><strong>\u2022<\/strong> <\/span>Retourtransfer naar hotel<\/p>\n<h3>\u2139\ufe0f Nuttige informatie<\/h3>\n<p data-start=\"2690\" data-end=\"2913\"><span style=\"color: #ff0000;\"><strong>\u2022<\/strong> <\/span>Raftcapaciteit: 10-persoons rafts inbegrepen<br data-start=\"2731\" data-end=\"2734\" \/><span style=\"color: #ff0000;\"><strong>\u2022<\/strong> <\/span>2-persoons vlot beschikbaar tegen meerprijs<br data-start=\"2776\" data-end=\"2779\" \/><span style=\"color: #ff0000;\"><strong>\u2022<\/strong> <\/span>Geen raftingervaring vereist<br data-start=\"2811\" data-end=\"2814\" \/><span style=\"color: #ff0000;\"><strong>\u2022<\/strong> <\/span>Geschikt voor families en avonturiers<br data-start=\"2859\" data-end=\"2862\" \/><span style=\"color: #ff0000;\"><strong>\u2022<\/strong> <\/span>Reisprogramma kan vari\u00ebren door weersomstandigheden<\/p>\n<p class=\"mhm-jue-external-link\">Meer informatie over de bestemming op de <a href=\"https:\/\/en.wikipedia.org\/wiki\/K%C3%B6pr%C3%BCl%C3%BC_Canyon_National_Park\" target=\"_blank\" rel=\"noopener\">Wikipedia-pagina van Nationaal Park K\u00f6pr\u00fcl\u00fc Canyon<\/a>.<\/p>\n<h3>\ud83c\udf92 Wat mee te nemen<\/h3>\n<p data-start=\"2937\" data-end=\"3060\"><span style=\"color: #ff0000;\"><strong>\u2022<\/strong> <\/span>Zwemkleding en handdoek<br data-start=\"2957\" data-end=\"2960\" \/><span style=\"color: #ff0000;\"><strong>\u2022<\/strong> <\/span>Comfortabele schoenen (mogen nat worden)<br data-start=\"2993\" data-end=\"2996\" \/><span style=\"color: #ff0000;\"><strong>\u2022<\/strong> <\/span>Zonnebrandcr\u00e8me<br data-start=\"3007\" data-end=\"3010\" \/><span style=\"color: #ff0000;\"><strong>\u2022<\/strong> <\/span>Extra kleding<br data-start=\"3025\" data-end=\"3028\" \/><span style=\"color: #ff0000;\"><strong>\u2022<\/strong> <\/span>Contant geld voor optionele activiteiten<\/p>\n<h3>\ud83d\udeab Niet geschikt voor<\/h3>\n<p data-start=\"3087\" data-end=\"3147\"><span style=\"color: #ff0000;\"><strong>\u2022<\/strong> <\/span>Zwangere vrouwen<br data-start=\"3103\" data-end=\"3106\" \/><span style=\"color: #ff0000;\"><strong>\u2022<\/strong> <\/span>Gasten met ernstige mobiliteitsproblemen<\/p>\n<h3>\ud83d\udcb8 Prijs en Boeking<\/h3>\n<p data-start=\"3175\" data-end=\"3349\"><span style=\"color: #ff0000;\"><strong>\u2022<\/strong> <\/span>Prijzen vari\u00ebren per seizoen en opties<br data-start=\"3220\" data-end=\"3223\" \/><span style=\"color: #ff0000;\"><strong>\u2022<\/strong> <\/span>Boek nu en betaal op de dag van de tour<br data-start=\"3264\" data-end=\"3267\" \/><span style=\"color: #ff0000;\"><strong>\u2022<\/strong> <\/span>Neem contact met ons op via WhatsApp, Telegram of Viber, of vul onderstaand boekingsformulier in<\/p>","protected":false},"excerpt":{"rendered":"<p>Doe mee aan een raftingtrip vanuit Belek in de K\u00f6pr\u00fcl\u00fc Canyon. Peddel over 10 stroomversnellingen op een route van 14 km, zwem, geniet van de lunch en hoteltransfers zijn inbegrepen.<\/p>","protected":false},"featured_media":11122,"comment_status":"open","ping_status":"closed","template":"","meta":{"_acf_changed":false},"product_brand":[],"product_cat":[43],"product_tag":[66],"class_list":{"0":"post-11119","1":"product","2":"type-product","3":"status-publish","4":"has-post-thumbnail","6":"product_cat-belek","7":"product_tag-belek","9":"first","10":"instock","11":"sale","12":"featured","13":"shipping-taxable","14":"purchasable","15":"product-type-ovabrw_car_rental"},"acf":[],"aioseo_notices":[],"_links":{"self":[{"href":"https:\/\/joinusexcursions.com\/nl\/wp-json\/wp\/v2\/product\/11119","targetHints":{"allow":["GET"]}}],"collection":[{"href":"https:\/\/joinusexcursions.com\/nl\/wp-json\/wp\/v2\/product"}],"about":[{"href":"https:\/\/joinusexcursions.com\/nl\/wp-json\/wp\/v2\/types\/product"}],"replies":[{"embeddable":true,"href":"https:\/\/joinusexcursions.com\/nl\/wp-json\/wp\/v2\/comments?post=11119"}],"wp:featuredmedia":[{"embeddable":true,"href":"https:\/\/joinusexcursions.com\/nl\/wp-json\/wp\/v2\/media\/11122"}],"wp:attachment":[{"href":"https:\/\/joinusexcursions.com\/nl\/wp-json\/wp\/v2\/media?parent=11119"}],"wp:term":[{"taxonomy":"product_brand","embeddable":true,"href":"https:\/\/joinusexcursions.com\/nl\/wp-json\/wp\/v2\/product_brand?post=11119"},{"taxonomy":"product_cat","embeddable":true,"href":"https:\/\/joinusexcursions.com\/nl\/wp-json\/wp\/v2\/product_cat?post=11119"},{"taxonomy":"product_tag","embeddable":true,"href":"https:\/\/joinusexcursions.com\/nl\/wp-json\/wp\/v2\/product_tag?post=11119"}],"curies":[{"name":"wp","href":"https:\/\/api.w.org\/{rel}","templated":true}]}}