{"id":11120,"date":"2025-12-15T13:41:16","date_gmt":"2025-12-15T10:41:16","guid":{"rendered":"https:\/\/joinusexcursions.com\/?post_type=product&#038;p=11120"},"modified":"2026-04-13T19:27:11","modified_gmt":"2026-04-13T16:27:11","slug":"side-raften-koprulu-canyon","status":"publish","type":"product","link":"https:\/\/joinusexcursions.com\/nl\/tours\/side-rafting-koprulu-canyon\/","title":{"rendered":"Raftingtour in de K\u00f6pr\u00fcl\u00fc Canyon vanuit Side \u2014 Met lunch"},"content":{"rendered":"<p data-start=\"3607\" data-end=\"3767\">Beleef een onvergetelijk raftingavontuur vanuit Side in de K\u00f6pr\u00fcl\u00fc Canyon. Geniet van spannende stroomversnellingen, zwempauzes en adembenemende natuur tijdens een dagvullende riviertocht.<\/p>\n<h2>\ud83d\udef6 Overzicht van de Side K\u00f6pr\u00fcl\u00fc Canyon Rafting<\/h2>\n<p data-start=\"3786\" data-end=\"4042\">Ontsnap in de natuur tijdens een wildwaterraftingtrip vanuit Side, Kumk\u00f6y, Evrenseki, \u00c7olakl\u0131 en Manavgat. Geniet van een 14 km lange raftroute met spannende stroomversnellingen, zwemplekken, optionele activiteiten en een lunch aan de rivier \u2013 perfect voor beginners en avontuurliefhebbers.<\/p>\n<h3>\ud83c\udf1f Hoogtepunten<\/h3>\n<p data-start=\"1189\" data-end=\"1465\"><span style=\"color: #ff0000;\"><strong>\u2022<\/strong> <\/span>14 km wildwaterbaan met 10 spannende stroomversnellingen<br data-start=\"1234\" data-end=\"1237\" \/><span style=\"color: #ff0000;\"><strong>\u2022<\/strong> <\/span>Zwem in rustige riviergedeelten omgeven door de natuur<br data-start=\"1287\" data-end=\"1290\" \/><span style=\"color: #ff0000;\"><strong>\u2022<\/strong> <\/span>Professionele gidsen en volledige veiligheidsuitrusting<br data-start=\"1337\" data-end=\"1340\" \/><span style=\"color: #ff0000;\"><strong>\u2022<\/strong> <\/span>Uitzichten bij oude Romeinse bruggen<br data-start=\"1374\" data-end=\"1377\" \/><span style=\"color: #ff0000;\"><strong>\u2022<\/strong> <\/span>Optionele zipline- en avontuurstops<br data-start=\"1415\" data-end=\"1418\" \/><span style=\"color: #ff0000;\"><strong>\u2022<\/strong> <\/span>Leuk en veilig raften geschikt voor beginners<\/p>\n<h2>Wat te verwachten tijdens raften in de K\u00f6pr\u00fcl\u00fc Canyon<\/h2>\n<div data-start=\"4653\" data-end=\"4877\">Je raften dag begint met een ophaalservice vanaf je hotel in Side of omliggende gebieden, gevolgd door een transfer naar K\u00f6pr\u00fcl\u00fc Canyon. Op het basiskamp geven professionele gidsen een veiligheidsinstructie en delen ze alle benodigde uitrusting uit.<\/div>\n<div data-start=\"4879\" data-end=\"5099\">Geniet van een spannende rafttocht over een 14 km lange rivierroute met 10 stroomversnellingen, afgewisseld met rustige stukken om te zwemmen en te ontspannen. Het omringende canyonlandschap en de frisse lucht maken het avontuur nog memorabeler.<\/div>\n<div data-start=\"5101\" data-end=\"5304\">Tijdens de tour stopt u voor optionele drankjes en snacks en geniet u van een avontuurlijke stop met zipline en duikmogelijkheden (extra kosten). Na een heerlijke lunch aan de rivier vaart u verder met raften naar het eindpunt.<\/div>\n<div data-start=\"5306\" data-end=\"5403\">Aan het einde van de tour, bekijk uw raftingvideo of blader door foto's voordat u terugkeert naar uw hotel.<\/div>\n<p class=\"mhm-jue-internal-links\">Op zoek naar meer avonturen in de omgeving? Bekijk onze volledige lijst met <a href=\"\/nl\/bestemmingen\/side-tours\/\">Excursies<\/a> of bekijk de <a href=\"\/nl\/excursies-2\/side-tazi-canyon-raften\/\">Side Taz\u0131 Canyon Rafting &amp; Jeep Safari Tour<\/a> voor een andere onvergetelijke ervaring.<\/p>\n<h3>\ud83d\uddfa\ufe0f Reisroute<\/h3>\n<p data-start=\"2348\" data-end=\"2661\"><span style=\"color: #ff0000;\"><strong>\u2022<\/strong> <\/span>Ophalen bij hotels in Side en omgeving<br data-start=\"2397\" data-end=\"2400\" \/><span style=\"color: #ff0000;\"><strong>\u2022<\/strong> <\/span>Aankomst bij het basiskamp van de K\u00f6pr\u00fcl\u00fc Kloof<br data-start=\"2437\" data-end=\"2440\" \/><span style=\"color: #ff0000;\"><strong>\u2022<\/strong> <\/span>Veiligheidsinstructies en uitrustingsdistributie<br data-start=\"2484\" data-end=\"2487\" \/><span style=\"color: #ff0000;\"><strong>\u2022<\/strong> <\/span>Raften op een route van 14 km met zwempauzes<br data-start=\"2534\" data-end=\"2537\" \/><span style=\"color: #ff0000;\"><strong>\u2022<\/strong> <\/span>Optionele zipline- en activiteitenstop<br data-start=\"2573\" data-end=\"2576\" \/><span style=\"color: #ff0000;\"><strong>\u2022<\/strong> <\/span>Lunch aan de rivier<br data-start=\"2593\" data-end=\"2596\" \/><span style=\"color: #ff0000;\"><strong>\u2022<\/strong> <\/span>Ga door met raften tot het eindpunt<br data-start=\"2630\" data-end=\"2633\" \/><span style=\"color: #ff0000;\"><strong>\u2022<\/strong> <\/span>Retourtransfer naar hotel<\/p>\n<h3>\u2139\ufe0f Nuttige informatie<\/h3>\n<p data-start=\"2690\" data-end=\"2913\"><span style=\"color: #ff0000;\"><strong>\u2022<\/strong> <\/span>Raftcapaciteit: 10-persoons rafts inbegrepen<br data-start=\"2731\" data-end=\"2734\" \/><span style=\"color: #ff0000;\"><strong>\u2022<\/strong> <\/span>2-persoons vlot beschikbaar tegen meerprijs<br data-start=\"2776\" data-end=\"2779\" \/><span style=\"color: #ff0000;\"><strong>\u2022<\/strong> <\/span>Geen raftingervaring vereist<br data-start=\"2811\" data-end=\"2814\" \/><span style=\"color: #ff0000;\"><strong>\u2022<\/strong> <\/span>Geschikt voor families en avonturiers<br data-start=\"2859\" data-end=\"2862\" \/><span style=\"color: #ff0000;\"><strong>\u2022<\/strong> <\/span>Reisprogramma kan vari\u00ebren door weersomstandigheden<\/p>\n<p class=\"mhm-jue-external-link\">Meer informatie over de bestemming op de <a href=\"https:\/\/en.wikipedia.org\/wiki\/K%C3%B6pr%C3%BCl%C3%BC_Canyon_National_Park\" target=\"_blank\" rel=\"noopener\">Wikipedia-pagina van Nationaal Park K\u00f6pr\u00fcl\u00fc Canyon<\/a>.<\/p>\n<h3>\ud83c\udf92 Wat mee te nemen<\/h3>\n<p data-start=\"2937\" data-end=\"3060\"><span style=\"color: #ff0000;\"><strong>\u2022<\/strong> <\/span>Zwemkleding en handdoek<br data-start=\"2957\" data-end=\"2960\" \/><span style=\"color: #ff0000;\"><strong>\u2022<\/strong> <\/span>Comfortabele schoenen (mogen nat worden)<br data-start=\"2993\" data-end=\"2996\" \/><span style=\"color: #ff0000;\"><strong>\u2022<\/strong> <\/span>Zonnebrandcr\u00e8me<br data-start=\"3007\" data-end=\"3010\" \/><span style=\"color: #ff0000;\"><strong>\u2022<\/strong> <\/span>Extra kleding<br data-start=\"3025\" data-end=\"3028\" \/><span style=\"color: #ff0000;\"><strong>\u2022<\/strong> <\/span>Contant geld voor optionele activiteiten<\/p>\n<h3>\ud83d\udeab Niet geschikt voor<\/h3>\n<p data-start=\"3087\" data-end=\"3147\"><span style=\"color: #ff0000;\"><strong>\u2022<\/strong> <\/span>Zwangere vrouwen<br data-start=\"3103\" data-end=\"3106\" \/><span style=\"color: #ff0000;\"><strong>\u2022<\/strong> <\/span>Gasten met ernstige mobiliteitsproblemen<\/p>\n<h3>\ud83d\udcb8 Prijs en Boeking<\/h3>\n<p data-start=\"3175\" data-end=\"3349\"><span style=\"color: #ff0000;\"><strong>\u2022<\/strong> <\/span>Prijzen vari\u00ebren per seizoen en opties<br data-start=\"3220\" data-end=\"3223\" \/><span style=\"color: #ff0000;\"><strong>\u2022<\/strong> <\/span>Boek nu en betaal op de dag van de tour<br data-start=\"3264\" data-end=\"3267\" \/><span style=\"color: #ff0000;\"><strong>\u2022<\/strong> <\/span>Neem contact met ons op via WhatsApp, Telegram of Viber, of vul onderstaand boekingsformulier in<\/p>","protected":false},"excerpt":{"rendered":"<p>Geniet van een raftingtrip vanuit Side in de K\u00f6pr\u00fcl\u00fc Canyon. Peddel over 10 stroomversnellingen op een route van 14 km, zwem, geniet van lunch en hoteltransfers zijn inbegrepen.<\/p>","protected":false},"featured_media":11122,"comment_status":"open","ping_status":"closed","template":"","meta":{"_acf_changed":false},"product_brand":[],"product_cat":[46],"product_tag":[68],"class_list":{"0":"post-11120","1":"product","2":"type-product","3":"status-publish","4":"has-post-thumbnail","6":"product_cat-side","7":"product_tag-side","9":"first","10":"instock","11":"sale","12":"featured","13":"shipping-taxable","14":"purchasable","15":"product-type-ovabrw_car_rental"},"acf":[],"aioseo_notices":[],"_links":{"self":[{"href":"https:\/\/joinusexcursions.com\/nl\/wp-json\/wp\/v2\/product\/11120","targetHints":{"allow":["GET"]}}],"collection":[{"href":"https:\/\/joinusexcursions.com\/nl\/wp-json\/wp\/v2\/product"}],"about":[{"href":"https:\/\/joinusexcursions.com\/nl\/wp-json\/wp\/v2\/types\/product"}],"replies":[{"embeddable":true,"href":"https:\/\/joinusexcursions.com\/nl\/wp-json\/wp\/v2\/comments?post=11120"}],"wp:featuredmedia":[{"embeddable":true,"href":"https:\/\/joinusexcursions.com\/nl\/wp-json\/wp\/v2\/media\/11122"}],"wp:attachment":[{"href":"https:\/\/joinusexcursions.com\/nl\/wp-json\/wp\/v2\/media?parent=11120"}],"wp:term":[{"taxonomy":"product_brand","embeddable":true,"href":"https:\/\/joinusexcursions.com\/nl\/wp-json\/wp\/v2\/product_brand?post=11120"},{"taxonomy":"product_cat","embeddable":true,"href":"https:\/\/joinusexcursions.com\/nl\/wp-json\/wp\/v2\/product_cat?post=11120"},{"taxonomy":"product_tag","embeddable":true,"href":"https:\/\/joinusexcursions.com\/nl\/wp-json\/wp\/v2\/product_tag?post=11120"}],"curies":[{"name":"wp","href":"https:\/\/api.w.org\/{rel}","templated":true}]}}