{"id":11123,"date":"2025-12-15T15:00:22","date_gmt":"2025-12-15T12:00:22","guid":{"rendered":"https:\/\/joinusexcursions.com\/?post_type=product&#038;p=11123"},"modified":"2026-04-18T04:02:51","modified_gmt":"2026-04-18T01:02:51","slug":"belek-demre-myra-kekova","status":"publish","type":"product","link":"https:\/\/joinusexcursions.com\/nl\/tours\/belek-demre-myra-kekova\/","title":{"rendered":"Demre Myra, Kekova Tour Vanuit Belek"},"content":{"rendered":"<p data-start=\"347\" data-end=\"505\">Verken de oude wonderen van Lyci\u00eb tijdens een dagtour vanuit Belek. Vaar naar de verzonken stad Kekova, bezoek de ru\u00efnes van Myra en ontdek de kerk van Sint-Nicolaas.<\/p>\n<h2>\ud83c\udf0d Overzicht van Belek Demre Myra Kekova<\/h2>\n<p data-start=\"524\" data-end=\"822\">Reis terug in de tijd met een culturele dagtocht vanuit Belek, Kadriye en Bo\u011fazkent naar het hart van het oude Lyci\u00eb. Bezoek de rotsgraven en het Romeinse theater van Myra, verken de Kerk van Sint-Nicolaas in Demre en geniet van een jacht met glazen bodem naar de verzonken stad Kekova met een zwempauze.<\/p>\n<h3>\ud83c\udf1f Hoogtepunten<\/h3>\n<p data-start=\"1234\" data-end=\"1519\"><span style=\"color: #ff0000;\"><strong>\u2022<\/strong> <\/span>Ontdek de oude Lycische regio<br data-start=\"1270\" data-end=\"1273\" \/><span style=\"color: #ff0000;\"><strong>\u2022<\/strong> <\/span>Jachtcruise met glazen bodem naar de Verzonken Stad Kekova<br data-start=\"1322\" data-end=\"1325\" \/><span style=\"color: #ff0000;\"><strong>\u2022<\/strong> <\/span>Bezoek de Kerk van Sint-Nicolaas (de Kerstman)<br data-start=\"1373\" data-end=\"1376\" \/><span style=\"color: #ff0000;\"><strong>\u2022<\/strong> <\/span>Ontdek de rotsgraven en het Romeinse theater van Myra<br data-start=\"1419\" data-end=\"1422\" \/><span style=\"color: #ff0000;\"><strong>\u2022<\/strong> <\/span>Zwem in kristalhelder Middellands water<br data-start=\"1466\" data-end=\"1469\" \/><span style=\"color: #ff0000;\"><strong>\u2022<\/strong> <\/span>Prachtige kustrit en probleemloze transfers<\/p>\n<h2>Wat te verwachten tijdens de Belek Demre Myra Kekova-reis<\/h2>\n<div data-start=\"1546\" data-end=\"1705\">Uw dag begint met een comfortabele ophaalservice vanaf uw hotel in Belek of nabijgelegen gebieden. Geniet van een schilderachtige rit langs de kustlijn richting de oude landen van Lyci\u00eb.<\/div>\n<div data-start=\"1707\" data-end=\"1882\">De eerste stop is <strong data-start=\"1725\" data-end=\"1733\">Myra<\/strong>, een van de belangrijkste Lycische steden. Verken hier indrukwekkende, in rotsen uitgehouwen tombes en de overblijfselen van een groot Grieks-Romeins theater.<\/div>\n<div data-start=\"1884\" data-end=\"2088\">Ga door met <strong data-start=\"1896\" data-end=\"1905\">Demre<\/strong> te bezoeken <strong data-start=\"1919\" data-end=\"1945\">Sint-Nicolaaskerk<\/strong>, gebouwd over het graf van de 4e-eeuwse heilige die de legende van de Kerstman inspireerde. Leer meer over zijn leven en historische betekenis.<\/div>\n<div data-start=\"2090\" data-end=\"2452\">Na een heerlijke lokale lunch, ga je naar <strong data-start=\"2129\" data-end=\"2147\">Haven van \u00c7aya\u011fz\u0131<\/strong> en stap aan boord van een priv\u00e9jacht met glazen bodem in aquariumstijl. Vaar richting <strong data-start=\"2217\" data-end=\"2234\">Kekova-eiland<\/strong> en bewonder de mysterieuze ru\u00efnes van de <strong data-start=\"2274\" data-end=\"2289\">verzonken stad<\/strong>, gedeeltelijk onder water na een aardbeving uit de oudheid. Bekijk onderzeese overblijfselen door de glazen panelen van de jacht en geniet van het uitzicht op <strong data-start=\"2419\" data-end=\"2436\">Kasteel van Simena<\/strong> op de heuveltop.<\/div>\n<div data-start=\"2454\" data-end=\"2631\">Neem voordat u terugkeert, een verfrissende duik in het turquoise Middellandse Zee water. Ontspan ten slotte tijdens de rit terug naar uw hotel met onvergetelijke herinneringen aan geschiedenis en natuur.<\/div>\n<p class=\"mhm-jue-internal-links\">Op zoek naar meer avonturen in de omgeving? Bekijk onze volledige lijst met <a href=\"\/nl\/bestemmingen\/belek-tours\/\">Belek tours<\/a> of bekijk de <a href=\"\/nl\/excursies-2\/belek-land-of-legends-nachtshow\/\">Land of Legends Night Show vanuit Belek<\/a> voor een andere onvergetelijke ervaring.<\/p>\n<h3>\ud83d\uddfa\ufe0f Reisroute<\/h3>\n<p data-start=\"2656\" data-end=\"2969\"><span style=\"color: #ff0000;\"><strong>\u2022<\/strong> <\/span>Ophalen bij hotels in Belek en omliggende gebieden<br data-start=\"2705\" data-end=\"2708\" \/><span style=\"color: #ff0000;\"><strong>\u2022<\/strong> <\/span>Mooie rit naar Myra<br data-start=\"2730\" data-end=\"2733\" \/><span style=\"color: #ff0000;\"><strong>\u2022<\/strong> <\/span>Bezoek de rotsgraven van Myra en het Romeinse theater<br data-start=\"2774\" data-end=\"2777\" \/><span style=\"color: #ff0000;\"><strong>\u2022<\/strong> <\/span>Demre \u2013 Sint-Nicolaaskerk<br data-start=\"2809\" data-end=\"2812\" \/><span style=\"color: #ff0000;\"><strong>\u2022<\/strong> <\/span>Lunch bij een lokaal restaurant<br data-start=\"2841\" data-end=\"2844\" \/><span style=\"color: #ff0000;\"><strong>\u2022<\/strong> <\/span>Jachtcruise met glazen bodem vanuit \u00c7aya\u011fz\u0131<br data-start=\"2884\" data-end=\"2887\" \/><span style=\"color: #ff0000;\"><strong>\u2022<\/strong> <\/span>Kekova Verzonken Stad bezienswaardigheden<br data-start=\"2919\" data-end=\"2922\" \/><span style=\"color: #ff0000;\"><strong>\u2022<\/strong> <\/span>Zwemonderbreking<br data-start=\"2938\" data-end=\"2941\" \/><span style=\"color: #ff0000;\"><strong>\u2022<\/strong> <\/span>Retourtransfer naar hotel<\/p>\n<h3>\u2139\ufe0f Nuttige informatie<\/h3>\n<p data-start=\"2998\" data-end=\"3153\"><span style=\"color: #ff0000;\"><strong>\u2022<\/strong> <\/span>Dagtocht<br data-start=\"3013\" data-end=\"3016\" \/><span style=\"color: #ff0000;\"><strong>\u2022<\/strong> <\/span>Jachtcruiseduur: ca. 2,5 uur<br data-start=\"3058\" data-end=\"3061\" \/><span style=\"color: #ff0000;\"><strong>\u2022<\/strong> <\/span>Zwemmen is afhankelijk van de weersomstandigheden<br data-start=\"3101\" data-end=\"3104\" \/><span style=\"color: #ff0000;\"><strong>\u2022<\/strong> <\/span>Gematigd wandelen bij historische locaties<\/p>\n<p class=\"mhm-jue-external-link\">Meer informatie over de bestemming op de <a href=\"https:\/\/en.wikipedia.org\/wiki\/Myra\" target=\"_blank\" rel=\"noopener\">Oude stad Myra Wikipedia-pagina<\/a>.<\/p>\n<h3>\ud83c\udf92 Wat mee te nemen<\/h3>\n<p data-start=\"3177\" data-end=\"3314\"><span style=\"color: #ff0000;\"><strong>\u2022<\/strong> <\/span>Comfortabele wandelschoenen<br data-start=\"3204\" data-end=\"3207\" \/><span style=\"color: #ff0000;\"><strong>\u2022<\/strong> <\/span>Zwemkleding en handdoek<br data-start=\"3227\" data-end=\"3230\" \/><span style=\"color: #ff0000;\"><strong>\u2022<\/strong> <\/span>Zonnebrandcr\u00e8me en hoed<br data-start=\"3249\" data-end=\"3252\" \/><span style=\"color: #ff0000;\"><strong>\u2022<\/strong> <\/span>Camera of smartphone<br data-start=\"3274\" data-end=\"3277\" \/><span style=\"color: #ff0000;\"><strong>\u2022<\/strong> <\/span>Contant geld voor toegangsprijzen en drankjes<\/p>\n<h3>\ud83d\udeab Niet geschikt voor<\/h3>\n<p data-start=\"3341\" data-end=\"3385\"><span style=\"color: #ff0000;\"><strong>\u2022<\/strong> <\/span>Gast met ernstige mobiliteitsbeperkingen<\/p>\n<h3>\ud83d\udcb8 Prijs en Boeking<\/h3>\n<p data-start=\"3413\" data-end=\"3579\"><span style=\"color: #ff0000;\"><strong>\u2022<\/strong> <\/span>Prijzen kunnen vari\u00ebren afhankelijk van het seizoen<br data-start=\"3450\" data-end=\"3453\" \/><span style=\"color: #ff0000;\"><strong>\u2022<\/strong> <\/span>Boek nu en betaal op de dag van de tour<br data-start=\"3494\" data-end=\"3497\" \/><span style=\"color: #ff0000;\"><strong>\u2022<\/strong> <\/span>Neem contact met ons op via WhatsApp, Telegram of Viber, of vul onderstaand boekingsformulier in<\/p>","protected":false},"excerpt":{"rendered":"<p>Verken de Verzonken Stad Kekova, de ru\u00efnes van Myra en de Sint-Nicolaaskerk tijdens een dagtocht vanuit Belek. Geniet van een cruise met een jacht met glazen bodem, zwem en lunch.<\/p>","protected":false},"featured_media":10750,"comment_status":"open","ping_status":"closed","template":"","meta":{"_acf_changed":false},"product_brand":[],"product_cat":[43],"product_tag":[66],"class_list":{"0":"post-11123","1":"product","2":"type-product","3":"status-publish","4":"has-post-thumbnail","6":"product_cat-belek","7":"product_tag-belek","9":"first","10":"instock","11":"sale","12":"featured","13":"shipping-taxable","14":"purchasable","15":"product-type-ovabrw_car_rental"},"acf":[],"aioseo_notices":[],"_links":{"self":[{"href":"https:\/\/joinusexcursions.com\/nl\/wp-json\/wp\/v2\/product\/11123","targetHints":{"allow":["GET"]}}],"collection":[{"href":"https:\/\/joinusexcursions.com\/nl\/wp-json\/wp\/v2\/product"}],"about":[{"href":"https:\/\/joinusexcursions.com\/nl\/wp-json\/wp\/v2\/types\/product"}],"replies":[{"embeddable":true,"href":"https:\/\/joinusexcursions.com\/nl\/wp-json\/wp\/v2\/comments?post=11123"}],"wp:featuredmedia":[{"embeddable":true,"href":"https:\/\/joinusexcursions.com\/nl\/wp-json\/wp\/v2\/media\/10750"}],"wp:attachment":[{"href":"https:\/\/joinusexcursions.com\/nl\/wp-json\/wp\/v2\/media?parent=11123"}],"wp:term":[{"taxonomy":"product_brand","embeddable":true,"href":"https:\/\/joinusexcursions.com\/nl\/wp-json\/wp\/v2\/product_brand?post=11123"},{"taxonomy":"product_cat","embeddable":true,"href":"https:\/\/joinusexcursions.com\/nl\/wp-json\/wp\/v2\/product_cat?post=11123"},{"taxonomy":"product_tag","embeddable":true,"href":"https:\/\/joinusexcursions.com\/nl\/wp-json\/wp\/v2\/product_tag?post=11123"}],"curies":[{"name":"wp","href":"https:\/\/api.w.org\/{rel}","templated":true}]}}