{"id":11127,"date":"2025-12-15T15:45:29","date_gmt":"2025-12-15T12:45:29","guid":{"rendered":"https:\/\/joinusexcursions.com\/?post_type=product&#038;p=11127"},"modified":"2026-04-13T19:36:12","modified_gmt":"2026-04-13T16:36:12","slug":"side-pamukkale-hierapolis","status":"publish","type":"product","link":"https:\/\/joinusexcursions.com\/nl\/tours\/side-pamukkale-hierapolis\/","title":{"rendered":"Pamukkale &amp; Hierapolis Tour vanuit Belek Side"},"content":{"rendered":"<p data-start=\"3658\" data-end=\"3805\">Verken de witte terrassen van Pamukkale en de oude stad Hi\u00ebrapolis tijdens een begeleide dagtocht vanuit Side. Thermale baden, ru\u00efnes en lunch inbegrepen.<\/p>\n<h2>\u2728 Overzicht van de Zij-Pamukkale Hierapolis Tour<\/h2>\n<p data-start=\"3823\" data-end=\"4065\">Ervaar een van de meest iconische bestemmingen van Turkije tijdens een dagvullende tour vanuit Side, Kumk\u00f6y, Evrenseki, \u00c7olakl\u0131 en Manavgat. Ontdek de travertijnen van Pamukkale, verken de oude stad Hierapolis en geniet van vrije tijd om te zwemmen in thermale wateren.<\/p>\n<h3>\ud83c\udf1f Hoogtepunten<\/h3>\n<p data-start=\"1175\" data-end=\"1447\"><strong><span style=\"color: #ff0000;\">\u2022<\/span> <\/strong>Wandelen op de witte travertijnterrassen van Pamukkale<br data-start=\"1227\" data-end=\"1230\" \/><strong><span style=\"color: #ff0000;\">\u2022<\/span> <\/strong>Verken de oude ru\u00efnes van Hi\u00ebrapolis<br data-start=\"1271\" data-end=\"1274\" \/><strong><span style=\"color: #ff0000;\">\u2022<\/span> <\/strong>Bezoek Romeins theater, baden en oude straten<br data-start=\"1322\" data-end=\"1325\" \/><strong><span style=\"color: #ff0000;\">\u2022<\/span> <\/strong>Zwemmen in natuurlijke thermale baden<br data-start=\"1356\" data-end=\"1359\" \/><strong><span style=\"color: #ff0000;\">\u2022<\/span> <\/strong>Optioneel zwemmen in Cleopatra's bad<br data-start=\"1394\" data-end=\"1397\" \/><strong><span style=\"color: #ff0000;\">\u2022<\/span> <\/strong>Schilderachtige reis door het Turkse platteland<\/p>\n<h2>Wat u kunt verwachten tijdens de tour Pamukkale Hierapolis<\/h2>\n<div data-start=\"4679\" data-end=\"4853\">Begin je dag met een vroege ophaalservice bij je hotel in Side of nabijgelegen regio's. Ontspan tijdens de schilderachtige rit naar Pamukkale, waarbij je door pittoreske landschappen rijdt.<\/div>\n<div data-start=\"4855\" data-end=\"5065\">Nadat je genoten hebt van een lunchbuffet, kom je aan bij <strong data-start=\"4902\" data-end=\"4915\">Pamukkale<\/strong> en verken de beroemde witte travertinterrassen, gevormd door stromend thermisch water. Loop op blote voeten in de mineraalrijke poelen en maak memorabele foto's.<\/div>\n<div data-start=\"5067\" data-end=\"5273\">Ga verder naar de oude stad <strong data-start=\"5099\" data-end=\"5113\">Hi\u00ebrapolis<\/strong>, eens een gerenommeerde kuuroordstad. Bezoek het indrukwekkende Romeinse theater, de oude baden, tempels en agora, terwijl uw gids verhalen deelt over de rijke geschiedenis.<\/div>\n<div data-start=\"5275\" data-end=\"5468\">Geniet van vrije tijd om te ontspannen of te zwemmen in de thermale baden. Indien gewenst kunt u ook bezoeken <strong data-start=\"5362\" data-end=\"5382\">Cleopatra's Bad<\/strong> tegen een meerprijs. Sluit uw dag af met een comfortabele transfer terug naar uw hotel.<\/div>\n<p class=\"mhm-jue-internal-links\">Op zoek naar meer avonturen in de omgeving? Bekijk onze volledige lijst met <a href=\"\/nl\/bestemmingen\/side-tours\/\">Excursies<\/a> of bekijk de <a href=\"\/nl\/excursies-2\/side-land-of-legends-nachtshow\/\">Land of Legends Nachtshow vanuit Side<\/a> voor een andere onvergetelijke ervaring.<\/p>\n<h3>\ud83d\uddfa\ufe0f Reisroute<\/h3>\n<p data-start=\"2520\" data-end=\"2800\"><strong><span style=\"color: #ff0000;\">\u2022<\/span> <\/strong>Ophalen bij hotels in Side en omgeving<br data-start=\"2569\" data-end=\"2572\" \/><strong><span style=\"color: #ff0000;\">\u2022<\/span> <\/strong>Cenirische rit naar Pamukkale<br data-start=\"2599\" data-end=\"2602\" \/><strong><span style=\"color: #ff0000;\">\u2022<\/span> <\/strong>Lunchpauze (open buffet)<br data-start=\"2629\" data-end=\"2632\" \/><strong><span style=\"color: #ff0000;\">\u2022<\/span> <\/strong>Bezoek de pamukkale travertijnen<br data-start=\"2661\" data-end=\"2664\" \/><strong><span style=\"color: #ff0000;\">\u2022<\/span> <\/strong>Begeleide rondleiding door Hi\u00ebrapolis<br data-start=\"2691\" data-end=\"2694\" \/><strong><span style=\"color: #ff0000;\">\u2022<\/span> <\/strong>Vrije tijd voor zwemmen en ontspanning<br data-start=\"2733\" data-end=\"2736\" \/><strong><span style=\"color: #ff0000;\">\u2022<\/span> <\/strong>Facultatief bezoek aan Cleopatra's Bad<br data-start=\"2769\" data-end=\"2772\" \/><strong><span style=\"color: #ff0000;\">\u2022<\/span> <\/strong>Retourtransfer naar hotel<\/p>\n<h3>\u2139\ufe0f Nuttige informatie<\/h3>\n<p data-start=\"2829\" data-end=\"2953\"><strong><span style=\"color: #ff0000;\">\u2022<\/span> <\/strong>Dagtocht<br data-start=\"2844\" data-end=\"2847\" \/><strong><span style=\"color: #ff0000;\">\u2022<\/span> <\/strong>Matige wandeling betrokken<br data-start=\"2874\" data-end=\"2877\" \/><strong><span style=\"color: #ff0000;\">\u2022<\/span> <\/strong>Comfortabele schoenen aanbevolen<br data-start=\"2908\" data-end=\"2911\" \/><strong><span style=\"color: #ff0000;\">\u2022<\/span> <\/strong>Zwemmen is afhankelijk van de weersomstandigheden<\/p>\n<p class=\"mhm-jue-external-link\">Meer informatie over de bestemming op de <a href=\"https:\/\/en.wikipedia.org\/wiki\/Pamukkale\" target=\"_blank\" rel=\"noopener\">Pamukkale Wikipedia-pagina<\/a>.<\/p>\n<h3>\ud83c\udf92 Wat mee te nemen<\/h3>\n<p data-start=\"2977\" data-end=\"3114\"><strong><span style=\"color: #ff0000;\">\u2022<\/span> <\/strong>Comfortabele wandelschoenen<br data-start=\"3004\" data-end=\"3007\" \/><strong><span style=\"color: #ff0000;\">\u2022<\/span> <\/strong>Zwemkleding en handdoek<br data-start=\"3027\" data-end=\"3030\" \/><strong><span style=\"color: #ff0000;\">\u2022<\/span> <\/strong>Zonnebrandcr\u00e8me en hoed<br data-start=\"3049\" data-end=\"3052\" \/><strong><span style=\"color: #ff0000;\">\u2022<\/span> <\/strong>Camera of smartphone<br data-start=\"3074\" data-end=\"3077\" \/><strong><span style=\"color: #ff0000;\">\u2022<\/span> <\/strong>Cash voor entreegelden en extra's<\/p>\n<h3>\ud83d\udeab Niet geschikt voor<\/h3>\n<p data-start=\"3141\" data-end=\"3186\"><strong><span style=\"color: #ff0000;\">\u2022<\/span> <\/strong>Gasten met ernstige mobiliteitsproblemen<\/p>\n<h3>\ud83d\udcb8 Prijs en Boeking<\/h3>\n<p data-start=\"3214\" data-end=\"3380\"><strong><span style=\"color: #ff0000;\">\u2022<\/span> <\/strong>Prijzen kunnen vari\u00ebren afhankelijk van het seizoen<br data-start=\"3251\" data-end=\"3254\" \/><strong><span style=\"color: #ff0000;\">\u2022<\/span> <\/strong>Boek nu en betaal op de dag van de tour<br data-start=\"3295\" data-end=\"3298\" \/><strong><span style=\"color: #ff0000;\">\u2022<\/span> <\/strong>Neem contact met ons op via WhatsApp, Telegram of Viber, of vul onderstaand boekingsformulier in<\/p>","protected":false},"excerpt":{"rendered":"<p data-start=\"6308\" data-end=\"6461\">Ontdek Pamukkale en Hi\u00ebrapolis tijdens een dagtour vanuit Side. Wandel over witte travertijnen, verken eeuwenoude ru\u00efnes, zwem in thermale baden en geniet van de lunch.<\/p>","protected":false},"featured_media":10711,"comment_status":"open","ping_status":"closed","template":"","meta":{"_acf_changed":false},"product_brand":[],"product_cat":[46],"product_tag":[68],"class_list":{"0":"post-11127","1":"product","2":"type-product","3":"status-publish","4":"has-post-thumbnail","6":"product_cat-side","7":"product_tag-side","9":"first","10":"instock","11":"sale","12":"featured","13":"shipping-taxable","14":"purchasable","15":"product-type-ovabrw_car_rental"},"acf":[],"aioseo_notices":[],"_links":{"self":[{"href":"https:\/\/joinusexcursions.com\/nl\/wp-json\/wp\/v2\/product\/11127","targetHints":{"allow":["GET"]}}],"collection":[{"href":"https:\/\/joinusexcursions.com\/nl\/wp-json\/wp\/v2\/product"}],"about":[{"href":"https:\/\/joinusexcursions.com\/nl\/wp-json\/wp\/v2\/types\/product"}],"replies":[{"embeddable":true,"href":"https:\/\/joinusexcursions.com\/nl\/wp-json\/wp\/v2\/comments?post=11127"}],"wp:featuredmedia":[{"embeddable":true,"href":"https:\/\/joinusexcursions.com\/nl\/wp-json\/wp\/v2\/media\/10711"}],"wp:attachment":[{"href":"https:\/\/joinusexcursions.com\/nl\/wp-json\/wp\/v2\/media?parent=11127"}],"wp:term":[{"taxonomy":"product_brand","embeddable":true,"href":"https:\/\/joinusexcursions.com\/nl\/wp-json\/wp\/v2\/product_brand?post=11127"},{"taxonomy":"product_cat","embeddable":true,"href":"https:\/\/joinusexcursions.com\/nl\/wp-json\/wp\/v2\/product_cat?post=11127"},{"taxonomy":"product_tag","embeddable":true,"href":"https:\/\/joinusexcursions.com\/nl\/wp-json\/wp\/v2\/product_tag?post=11127"}],"curies":[{"name":"wp","href":"https:\/\/api.w.org\/{rel}","templated":true}]}}