{"id":11128,"date":"2025-12-15T17:14:25","date_gmt":"2025-12-15T14:14:25","guid":{"rendered":"https:\/\/joinusexcursions.com\/?post_type=product&#038;p=11128"},"modified":"2026-04-18T04:01:38","modified_gmt":"2026-04-18T01:01:38","slug":"belek-antalya-oude-stadstour","status":"publish","type":"product","link":"https:\/\/joinusexcursions.com\/nl\/tours\/belek-antalya-city-tour\/","title":{"rendered":"Antalya Stadstour Vanuit Belek \u2013 Oude Stad &amp; Watervallen"},"content":{"rendered":"<p data-start=\"397\" data-end=\"556\">Ontdek de magie van Antalya tijdens een dagvullende rondleiding vanuit Belek. Geniet van watervallen, een ontspannende boottocht, een verkenning van de oude binnenstad en een heerlijke Turkse lunch.<\/p>\n<h2>\ud83c\udf06 Overzicht van de Belek Antalya Stadstour<\/h2>\n<p data-start=\"575\" data-end=\"812\">Neem deel aan een dagvullende stadstour door Antalya vanuit Belek, Kadriye en Bo\u011fazkent, die geschiedenis, natuur en uitzicht op zee combineert. Bezoek de oude binnenstad van Kalei\u00e7i, vaar per boot langs de kust, verken de bovenste en onderste D\u00fcden watervallen en geniet van een traditionele lunch.<\/p>\n<h3>\ud83c\udf1f Hoogtepunten<\/h3>\n<p data-start=\"1114\" data-end=\"1425\"><span style=\"color: #ff0000;\"><strong>\u2022<\/strong> <\/span>Bezoek de lagere D\u00fcdenwatervallen die in de Middellandse Zee stromen<br data-start=\"1175\" data-end=\"1178\" \/><span style=\"color: #ff0000;\"><strong>\u2022<\/strong> <\/span>Verken de oude stad Kalei\u00e7i en historische bezienswaardigheden<br data-start=\"1227\" data-end=\"1230\" \/><span style=\"color: #ff0000;\"><strong>\u2022<\/strong> <\/span>Geniet van een boottocht van 1 uur vanuit de Oude Haven<br data-start=\"1276\" data-end=\"1279\" \/><span style=\"color: #ff0000;\"><strong>\u2022<\/strong> <\/span>Ontdek de Upper D\u00fcden Watervallen, omgeven door de natuur<br data-start=\"1333\" data-end=\"1336\" \/><span style=\"color: #ff0000;\"><strong>\u2022<\/strong> <\/span>Traditionele Turkse lunch inbegrepen<br data-start=\"1372\" data-end=\"1375\" \/><span style=\"color: #ff0000;\"><strong>\u2022<\/strong> <\/span>Bezoek aan zilversmid met lokale handgemaakte producten<\/p>\n<h2>Wat te verwachten tijdens de Belek Antalya Stadstour<\/h2>\n<div data-start=\"1452\" data-end=\"1785\">Uw dag begint met een comfortabele ophaalservice vanaf uw hotel in Belek of nabijgelegen gebieden. Reis naar het centrum van Antalya om te verkennen <strong data-start=\"1577\" data-end=\"1597\">Kalei\u00e7i Oude Stad<\/strong>, waar geschiedenis tot leven komt tussen Romeinse, Seltsjoekse en Ottomaanse bezienswaardigheden. Wandel door de Hadrianuspoort, bewonder de Yivli Minaret en de Klokkentoren, en geniet van vrije tijd om winkels of caf\u00e9s te verkennen.<\/div>\n<div data-start=\"1787\" data-end=\"1976\">Ga vervolgens naar het historische <strong data-start=\"1814\" data-end=\"1828\">Oude Haven<\/strong> en geniet van een ontspannende sightseeing boottocht van 1 uur langs de prachtige kustlijn van Antalya, met een prachtig uitzicht op kliffen en de Middellandse Zee.<\/div>\n<div data-start=\"1978\" data-end=\"2241\">Na de cruise kunt u genieten van een heerlijke <strong data-start=\"2014\" data-end=\"2043\">traditionele Turkse lunch<\/strong> in een lokaal restaurant. Vervolg de rondleiding met bezoeken aan <strong data-start=\"2100\" data-end=\"2126\">Bovenste D\u00fcden Waterval<\/strong>, omringd door groen en grotten, en <strong data-start=\"2166\" data-end=\"2192\">Lagere D\u00fcdenwatervallen<\/strong>, waar water dramatisch in de zee stort.<\/div>\n<div data-start=\"2243\" data-end=\"2408\">Voordat u terugkeert, stop bij een lokale <strong data-start=\"2277\" data-end=\"2301\">zilverwinkel<\/strong> om traditionele handgemaakte zilveren sieraden te bekijken. Sluit de dag af met een comfortabele transfer terug naar uw hotel.<\/div>\n<p class=\"mhm-jue-internal-links\">Op zoek naar meer avonturen in de omgeving? Bekijk onze volledige lijst met <a href=\"\/nl\/bestemmingen\/belek-tours\/\">Belek tours<\/a> of bekijk de <a href=\"\/nl\/excursies-2\/belek-land-of-legends-nachtshow\/\">Land of Legends Night Show vanuit Belek<\/a> voor een andere onvergetelijke ervaring.<\/p>\n<h3>\ud83d\uddfa\ufe0f Reisroute<\/h3>\n<p data-start=\"2433\" data-end=\"2727\"><span style=\"color: #ff0000;\"><strong>\u2022<\/strong> <\/span>Ophalen bij hotels in Belek en omliggende gebieden<br data-start=\"2482\" data-end=\"2485\" \/><span style=\"color: #ff0000;\"><strong>\u2022<\/strong> <\/span>Bezienswaardigheden in Kalei\u00e7i Old Town en vrije tijd<br data-start=\"2529\" data-end=\"2532\" \/><span style=\"color: #ff0000;\"><strong>\u2022<\/strong> <\/span>Boottocht vanaf de oude haven van Antalya (1 uur)<br data-start=\"2576\" data-end=\"2579\" \/><span style=\"color: #ff0000;\"><strong>\u2022<\/strong> <\/span>Lunch bij een lokaal restaurant<br data-start=\"2608\" data-end=\"2611\" \/><span style=\"color: #ff0000;\"><strong>\u2022<\/strong> <\/span>Bezoek de Boven-D\u00fcden Watervallen<br data-start=\"2641\" data-end=\"2644\" \/><span style=\"color: #ff0000;\"><strong>\u2022<\/strong> <\/span>Bezoek de Lagere D\u00fcden Watervallen<br data-start=\"2674\" data-end=\"2677\" \/><span style=\"color: #ff0000;\"><strong>\u2022<\/strong> <\/span>Zilveren smid bezoek<br data-start=\"2696\" data-end=\"2699\" \/><span style=\"color: #ff0000;\"><strong>\u2022<\/strong> <\/span>Retourtransfer naar hotel<\/p>\n<h3>\u2139\ufe0f Nuttige informatie<\/h3>\n<p data-start=\"2756\" data-end=\"2886\"><span style=\"color: #ff0000;\"><strong>\u2022<\/strong> <\/span>Stadstour de hele dag<br data-start=\"2776\" data-end=\"2779\" \/><span style=\"color: #ff0000;\"><strong>\u2022<\/strong> <\/span>Matige wandeling betrokken<br data-start=\"2806\" data-end=\"2809\" \/><span style=\"color: #ff0000;\"><strong>\u2022<\/strong> <\/span>Boottocht onder voorbehoud van weersomstandigheden<br data-start=\"2850\" data-end=\"2853\" \/><span style=\"color: #ff0000;\"><strong>\u2022<\/strong> <\/span>Comfortabele schoenen aanbevolen<\/p>\n<p class=\"mhm-jue-external-link\">Meer informatie over de bestemming op de <a href=\"https:\/\/en.wikipedia.org\/wiki\/Antalya\" target=\"_blank\" rel=\"noopener\">Antalya Wikipedia-pagina<\/a>.<\/p>\n<h3>\ud83c\udf92 Wat mee te nemen<\/h3>\n<p data-start=\"2910\" data-end=\"3017\"><span style=\"color: #ff0000;\"><strong>\u2022<\/strong> <\/span>Comfortabele wandelschoenen<br data-start=\"2937\" data-end=\"2940\" \/><span style=\"color: #ff0000;\"><strong>\u2022<\/strong> <\/span>Camera of smartphone<br data-start=\"2962\" data-end=\"2965\" \/><span style=\"color: #ff0000;\"><strong>\u2022<\/strong> <\/span>Zonnebrandcr\u00e8me en hoed<br data-start=\"2984\" data-end=\"2987\" \/><span style=\"color: #ff0000;\"><strong>\u2022<\/strong> <\/span>Contant geld voor persoonlijke uitgaven<\/p>\n<h3>\ud83d\udeab Niet geschikt voor<\/h3>\n<p data-start=\"3044\" data-end=\"3088\"><span style=\"color: #ff0000;\"><strong>\u2022<\/strong> <\/span>Gast met ernstige mobiliteitsbeperkingen<\/p>\n<h3>\ud83d\udcb8 Prijs en Boeking<\/h3>\n<p data-start=\"3116\" data-end=\"3272\"><span style=\"color: #ff0000;\"><strong>\u2022<\/strong> <\/span>Prijzen kunnen per seizoen vari\u00ebren<br data-start=\"3143\" data-end=\"3146\" \/><span style=\"color: #ff0000;\"><strong>\u2022<\/strong> <\/span>Boek nu en betaal op de dag van de tour<br data-start=\"3187\" data-end=\"3190\" \/><span style=\"color: #ff0000;\"><strong>\u2022<\/strong> <\/span>Neem contact met ons op via WhatsApp, Telegram of Viber, of vul onderstaand boekingsformulier in<\/p>","protected":false},"excerpt":{"rendered":"<p>Verken Antalya tijdens een dagexcursie vanuit Belek met de oude stad, een boottocht, de bovenste en onderste D\u00fcden-watervallen en lunch inbegrepen. Ontdek natuur en geschiedenis.<\/p>","protected":false},"featured_media":10682,"comment_status":"open","ping_status":"closed","template":"","meta":{"_acf_changed":false},"product_brand":[],"product_cat":[43],"product_tag":[66],"class_list":{"0":"post-11128","1":"product","2":"type-product","3":"status-publish","4":"has-post-thumbnail","6":"product_cat-belek","7":"product_tag-belek","9":"first","10":"instock","11":"sale","12":"featured","13":"shipping-taxable","14":"purchasable","15":"product-type-ovabrw_car_rental"},"acf":[],"aioseo_notices":[],"_links":{"self":[{"href":"https:\/\/joinusexcursions.com\/nl\/wp-json\/wp\/v2\/product\/11128","targetHints":{"allow":["GET"]}}],"collection":[{"href":"https:\/\/joinusexcursions.com\/nl\/wp-json\/wp\/v2\/product"}],"about":[{"href":"https:\/\/joinusexcursions.com\/nl\/wp-json\/wp\/v2\/types\/product"}],"replies":[{"embeddable":true,"href":"https:\/\/joinusexcursions.com\/nl\/wp-json\/wp\/v2\/comments?post=11128"}],"wp:featuredmedia":[{"embeddable":true,"href":"https:\/\/joinusexcursions.com\/nl\/wp-json\/wp\/v2\/media\/10682"}],"wp:attachment":[{"href":"https:\/\/joinusexcursions.com\/nl\/wp-json\/wp\/v2\/media?parent=11128"}],"wp:term":[{"taxonomy":"product_brand","embeddable":true,"href":"https:\/\/joinusexcursions.com\/nl\/wp-json\/wp\/v2\/product_brand?post=11128"},{"taxonomy":"product_cat","embeddable":true,"href":"https:\/\/joinusexcursions.com\/nl\/wp-json\/wp\/v2\/product_cat?post=11128"},{"taxonomy":"product_tag","embeddable":true,"href":"https:\/\/joinusexcursions.com\/nl\/wp-json\/wp\/v2\/product_tag?post=11128"}],"curies":[{"name":"wp","href":"https:\/\/api.w.org\/{rel}","templated":true}]}}