{"id":11130,"date":"2025-12-15T17:29:12","date_gmt":"2025-12-15T14:29:12","guid":{"rendered":"https:\/\/joinusexcursions.com\/?post_type=product&#038;p=11130"},"modified":"2026-04-13T19:36:12","modified_gmt":"2026-04-13T16:36:12","slug":"side-antalya-oude-stadstour","status":"publish","type":"product","link":"https:\/\/joinusexcursions.com\/nl\/tours\/side-antalya-city-tour\/","title":{"rendered":"Stadstour Antalya Vanuit Side \u2013 Oude Stad &amp; Watervallen"},"content":{"rendered":"<p data-start=\"3567\" data-end=\"3707\">Geniet van een complete stadstour door Antalya vanuit Side, inclusief watervallen, een schilderachtige boottocht, sightseeing in de oude stad en een traditionele Turkse lunch.<\/p>\n<h2>Stadstour van Side Antalya: een overzicht<\/h2>\n<p data-start=\"3726\" data-end=\"3955\">Ervaar de hoogtepunten van Antalya tijdens een dagtocht vanuit Side, Kumk\u00f6y, Evrenseki, \u00c7olakl\u0131 en Manavgat. Ontdek de oude stad Kalei\u00e7i, vaar langs de kust per boot, bezoek de bovenste en onderste D\u00fcden watervallen en geniet van een heerlijke lunch.<\/p>\n<h3>\ud83c\udf1f Hoogtepunten<\/h3>\n<p data-start=\"1114\" data-end=\"1425\"><span style=\"color: #ff0000;\"><strong>\u2022<\/strong> <\/span>Bezoek de lagere D\u00fcdenwatervallen die in de Middellandse Zee stromen<br data-start=\"1175\" data-end=\"1178\" \/><span style=\"color: #ff0000;\"><strong>\u2022<\/strong> <\/span>Verken de oude stad Kalei\u00e7i en historische bezienswaardigheden<br data-start=\"1227\" data-end=\"1230\" \/><span style=\"color: #ff0000;\"><strong>\u2022<\/strong> <\/span>Geniet van een boottocht van 1 uur vanuit de Oude Haven<br data-start=\"1276\" data-end=\"1279\" \/><span style=\"color: #ff0000;\"><strong>\u2022<\/strong> <\/span>Ontdek de Upper D\u00fcden Watervallen, omgeven door de natuur<br data-start=\"1333\" data-end=\"1336\" \/><span style=\"color: #ff0000;\"><strong>\u2022<\/strong> <\/span>Traditionele Turkse lunch inbegrepen<br data-start=\"1372\" data-end=\"1375\" \/><span style=\"color: #ff0000;\"><strong>\u2022<\/strong> <\/span>Bezoek aan zilversmid met lokale handgemaakte producten<\/p>\n<h2>Wat te verwachten tijdens de Antalya Stadstour<\/h2>\n<div data-start=\"4577\" data-end=\"4859\">Uw dag begint met een ophaalservice bij uw hotel in Side of nabijgelegen regio's. Aankomst in Antalya en verkenning <strong data-start=\"4680\" data-end=\"4700\">Kalei\u00e7i Oude Stad<\/strong>, door historische straten en bezienswaardigheden zoals de Hadrianuspoort, de Yivli Minaret en de Klokkentoren wandelen. Geniet van vrije tijd om winkels, musea of caf\u00e9s te verkennen.<\/div>\n<div data-start=\"4861\" data-end=\"5056\">Ga verder naar het <strong data-start=\"4877\" data-end=\"4891\">Oude Haven<\/strong> voor een ontspannende boottocht van 1 uur met panoramisch uitzicht op de kustlijn en kliffen van Antalya. Na de cruise geniet je van een heerlijke <strong data-start=\"5016\" data-end=\"5033\">Turkse lunch<\/strong> in een lokaal restaurant.<\/div>\n<div data-start=\"5058\" data-end=\"5310\">In de middag, bezoek <strong data-start=\"5082\" data-end=\"5108\">Bovenste D\u00fcden Waterval<\/strong>, verborgen tussen groen, gevolgd door <strong data-start=\"5145\" data-end=\"5171\">Lagere D\u00fcdenwatervallen<\/strong>, waar water dramatisch de zee ontmoet. Voordat je terugkeert, stop je bij een lokale <strong data-start=\"5247\" data-end=\"5262\">zilversmid<\/strong> om traditionele handgemaakte zilveren producten te zien.<\/div>\n<div data-start=\"5312\" data-end=\"5406\">Eindig de dag met een comfortabele transfer terug naar uw hotel, vol met memorabele ervaringen.<\/div>\n<p class=\"mhm-jue-internal-links\">Op zoek naar meer avonturen in de omgeving? Bekijk onze volledige lijst met <a href=\"\/nl\/bestemmingen\/side-tours\/\">Excursies<\/a> of bekijk de <a href=\"\/nl\/excursies-2\/side-land-of-legends-nachtshow\/\">Land of Legends Nachtshow vanuit Side<\/a> voor een andere onvergetelijke ervaring.<\/p>\n<h3>\ud83d\uddfa\ufe0f Reisroute<\/h3>\n<p data-start=\"2433\" data-end=\"2727\"><span style=\"color: #ff0000;\"><strong>\u2022<\/strong> <\/span>Ophalen bij hotels in Side en omgeving<br data-start=\"2482\" data-end=\"2485\" \/><span style=\"color: #ff0000;\"><strong>\u2022<\/strong> <\/span>Bezienswaardigheden in Kalei\u00e7i Old Town en vrije tijd<br data-start=\"2529\" data-end=\"2532\" \/><span style=\"color: #ff0000;\"><strong>\u2022<\/strong> <\/span>Boottocht vanaf de oude haven van Antalya (1 uur)<br data-start=\"2576\" data-end=\"2579\" \/><span style=\"color: #ff0000;\"><strong>\u2022<\/strong> <\/span>Lunch bij een lokaal restaurant<br data-start=\"2608\" data-end=\"2611\" \/><span style=\"color: #ff0000;\"><strong>\u2022<\/strong> <\/span>Bezoek de Boven-D\u00fcden Watervallen<br data-start=\"2641\" data-end=\"2644\" \/><span style=\"color: #ff0000;\"><strong>\u2022<\/strong> <\/span>Bezoek de Lagere D\u00fcden Watervallen<br data-start=\"2674\" data-end=\"2677\" \/><span style=\"color: #ff0000;\"><strong>\u2022<\/strong> <\/span>Zilveren smid bezoek<br data-start=\"2696\" data-end=\"2699\" \/><span style=\"color: #ff0000;\"><strong>\u2022<\/strong> <\/span>Retourtransfer naar hotel<\/p>\n<h3>\u2139\ufe0f Nuttige informatie<\/h3>\n<p data-start=\"2756\" data-end=\"2886\"><span style=\"color: #ff0000;\"><strong>\u2022<\/strong> <\/span>Stadstour de hele dag<br data-start=\"2776\" data-end=\"2779\" \/><span style=\"color: #ff0000;\"><strong>\u2022<\/strong> <\/span>Matige wandeling betrokken<br data-start=\"2806\" data-end=\"2809\" \/><span style=\"color: #ff0000;\"><strong>\u2022<\/strong> <\/span>Boottocht onder voorbehoud van weersomstandigheden<br data-start=\"2850\" data-end=\"2853\" \/><span style=\"color: #ff0000;\"><strong>\u2022<\/strong> <\/span>Comfortabele schoenen aanbevolen<\/p>\n<p class=\"mhm-jue-external-link\">Meer informatie over de bestemming op de <a href=\"https:\/\/en.wikipedia.org\/wiki\/Antalya\" target=\"_blank\" rel=\"noopener\">Antalya Wikipedia-pagina<\/a>.<\/p>\n<h3>\ud83c\udf92 Wat mee te nemen<\/h3>\n<p data-start=\"2910\" data-end=\"3017\"><span style=\"color: #ff0000;\"><strong>\u2022<\/strong> <\/span>Comfortabele wandelschoenen<br data-start=\"2937\" data-end=\"2940\" \/><span style=\"color: #ff0000;\"><strong>\u2022<\/strong> <\/span>Camera of smartphone<br data-start=\"2962\" data-end=\"2965\" \/><span style=\"color: #ff0000;\"><strong>\u2022<\/strong> <\/span>Zonnebrandcr\u00e8me en hoed<br data-start=\"2984\" data-end=\"2987\" \/><span style=\"color: #ff0000;\"><strong>\u2022<\/strong> <\/span>Contant geld voor persoonlijke uitgaven<\/p>\n<h3>\ud83d\udeab Niet geschikt voor<\/h3>\n<p data-start=\"3044\" data-end=\"3088\"><span style=\"color: #ff0000;\"><strong>\u2022<\/strong> <\/span>Gast met ernstige mobiliteitsbeperkingen<\/p>\n<h3>\ud83d\udcb8 Prijs en Boeking<\/h3>\n<p data-start=\"3116\" data-end=\"3272\"><span style=\"color: #ff0000;\"><strong>\u2022<\/strong> <\/span>Prijzen kunnen per seizoen vari\u00ebren<br data-start=\"3143\" data-end=\"3146\" \/><span style=\"color: #ff0000;\"><strong>\u2022<\/strong> <\/span>Boek nu en betaal op de dag van de tour<br data-start=\"3187\" data-end=\"3190\" \/><span style=\"color: #ff0000;\"><strong>\u2022<\/strong> <\/span>Neem contact met ons op via WhatsApp, Telegram of Viber, of vul onderstaand boekingsformulier in<\/p>","protected":false},"excerpt":{"rendered":"<p>Ontdek Antalya tijdens een dagexcursie vanuit Side met de oude stad, een boottocht, de bovenste en onderste D\u00fcden-watervallen en lunch inbegrepen. Geschiedenis, zee en natuur.<\/p>","protected":false},"featured_media":10682,"comment_status":"open","ping_status":"closed","template":"","meta":{"_acf_changed":false},"product_brand":[],"product_cat":[46],"product_tag":[68],"class_list":{"0":"post-11130","1":"product","2":"type-product","3":"status-publish","4":"has-post-thumbnail","6":"product_cat-side","7":"product_tag-side","9":"first","10":"instock","11":"sale","12":"featured","13":"shipping-taxable","14":"purchasable","15":"product-type-ovabrw_car_rental"},"acf":[],"aioseo_notices":[],"_links":{"self":[{"href":"https:\/\/joinusexcursions.com\/nl\/wp-json\/wp\/v2\/product\/11130","targetHints":{"allow":["GET"]}}],"collection":[{"href":"https:\/\/joinusexcursions.com\/nl\/wp-json\/wp\/v2\/product"}],"about":[{"href":"https:\/\/joinusexcursions.com\/nl\/wp-json\/wp\/v2\/types\/product"}],"replies":[{"embeddable":true,"href":"https:\/\/joinusexcursions.com\/nl\/wp-json\/wp\/v2\/comments?post=11130"}],"wp:featuredmedia":[{"embeddable":true,"href":"https:\/\/joinusexcursions.com\/nl\/wp-json\/wp\/v2\/media\/10682"}],"wp:attachment":[{"href":"https:\/\/joinusexcursions.com\/nl\/wp-json\/wp\/v2\/media?parent=11130"}],"wp:term":[{"taxonomy":"product_brand","embeddable":true,"href":"https:\/\/joinusexcursions.com\/nl\/wp-json\/wp\/v2\/product_brand?post=11130"},{"taxonomy":"product_cat","embeddable":true,"href":"https:\/\/joinusexcursions.com\/nl\/wp-json\/wp\/v2\/product_cat?post=11130"},{"taxonomy":"product_tag","embeddable":true,"href":"https:\/\/joinusexcursions.com\/nl\/wp-json\/wp\/v2\/product_tag?post=11130"}],"curies":[{"name":"wp","href":"https:\/\/api.w.org\/{rel}","templated":true}]}}