{"id":10842,"date":"2025-04-17T16:51:55","date_gmt":"2025-04-17T13:51:55","guid":{"rendered":"https:\/\/www.joinusexcursions.com\/?post_type=product&#038;p=10842"},"modified":"2026-04-18T05:31:39","modified_gmt":"2026-04-18T02:31:39","slug":"kemer-olympos-kolejka-linowa","status":"publish","type":"product","link":"https:\/\/joinusexcursions.com\/pl\/tours\/kemer-olympos-cable-car\/","title":{"rendered":"Kolejka linowa Olympos Teleferik na g\u00f3r\u0119 Tahtal\u0131 (2365 m) z Kemer"},"content":{"rendered":"<p>Wjed\u017a kolejk\u0105 linow\u0105 Olympos z Kemeru na szczyt g\u00f3ry Tahtal\u0131 na wysoko\u015bci 2365 metr\u00f3w. W ci\u0105gu zaledwie 10-12 minut wjed\u017a od turkusowego morza na szczyty g\u00f3r Taurus \u2013 jeden z najbardziej niezwyk\u0142ych widok\u00f3w w ca\u0142ej Turcji, tu\u017c za rogiem.<\/p>\n<h2>\ud83c\udfd4\ufe0f Przegl\u0105d kolejki linowej Olympos Teleferik w Kemer**<\/h2>\n<p>Kemer znajduje si\u0119 w cieniu g\u00f3ry Tahtal\u0131, a dolna stacja kolejki linowej Olympos jest oddalona od centrum miasta o zaledwie 15-20 minut. Ta blisko\u015b\u0107 sprawia, \u017ce odjazd z Kemer jest idealny \u2013 mniej czasu w autobusie, wi\u0119cej na szczycie. Sama kolejka linowa to nowoczesna gondola, kt\u00f3ra p\u0142ynnie wznosi si\u0119 na wysoko\u015b\u0107 ponad 2000 metr\u00f3w w ci\u0105gu nieca\u0142ych 15 minut, dostarczaj\u0105c Ci\u0119 na taras widokowy ze spektakularnymi widokami 360 stopni na Morze \u015ar\u00f3dziemne, pasmo g\u00f3rskie Taurus oraz wybrze\u017ce rozci\u0105gaj\u0105ce si\u0119 na wsch\u00f3d i zach\u00f3d. Odpowiednia dla wszystkich grup wiekowych \u2013 ca\u0142odniowa przygoda, kt\u00f3ra nie wymaga specjalnych przygotowa\u0144.<\/p>\n<h3>\ud83c\udf1f Kemer Olynpos Cable Car Tour Highlights<\/h3>\n<p><span style=\"color: #ff0000;\"><strong>\u2022<\/strong> <\/span>Wjazd kolejk\u0105 linow\u0105 na wysoko\u015b\u0107 2365 m na g\u00f3r\u0119 Tahtal\u0131 \u2014 10\u201312 minut od podstawy<br \/>\n<span style=\"color: #ff0000;\"><strong>\u2022<\/strong> <\/span>Panoramiczne widoki 360 stopni na Zatok\u0119 Kemer, Morze \u015ar\u00f3dziemne i G\u00f3ry Taurus<br \/>\n<span style=\"color: #ff0000;\"><strong>\u2022<\/strong> <\/span>Bardzo kr\u00f3tki transfer z Kemer \u2014 zaledwie 15\u201320 minut do stacji bazowej<br \/>\n<span style=\"color: #ff0000;\"><strong>\u2022<\/strong> <\/span>Czas wolny na szczycie \u2014 tarasy widokowe, kawiarnia i sklepy z pami\u0105tkami<br \/>\n<span style=\"color: #ff0000;\"><strong>\u2022<\/strong> <\/span>Malownicza trasa przez Park Narodowy Beyda\u011flar\u0131<br \/>\n<span style=\"color: #ff0000;\"><strong>\u2022<\/strong> <\/span>Wliczony w cen\u0119 odbi\u00f3r i transfer powrotny z hotelu w Kemer<\/p>\n<h2>Czego mo\u017cna si\u0119 spodziewa\u0107 podczas wjazdu kolejk\u0105 linow\u0105 Kemer Olympos Teleferik<\/h2>\n<p>Tw\u00f3j dzie\u0144 rozpoczyna si\u0119 od odbioru z hotelu w Kemer, Beldibi lub Tekirova, a nast\u0119pnie kr\u00f3tka, 15\u201320 minutowa jazda do <strong>Dolna stacja kolejki linowej Olympos<\/strong>. Trasa przebiega przez dolne stoki <strong>Park Narodowy Wybrze\u017ca Beyda\u011flar\u0131<\/strong>, gdzie ze wszystkich stron unosz\u0105 si\u0119 sosnowe lasy i wapienne klify. G\u00f3ra jest ju\u017c widoczna z drogi, a jej szczyt cz\u0119sto spowity wczesnym rankiem chmur\u0105.<\/p>\n<p>U podstawy stacji wsi\u0105d\u017a do nowoczesnej kolejki linowej, kt\u00f3ra zabierze Ci\u0119 na g\u00f3r\u0119. <strong>10\u201312 minutowa przeja\u017cd\u017cka kolejk\u0105 linow\u0105<\/strong> jest prze\u017cyciem samym w sobie. Kabina wspina si\u0119 niemal pionowo, mijaj\u0105c klify i korony drzew, podczas gdy wybrze\u017ce poni\u017cej szybko si\u0119 zmniejsza. Pojawia si\u0119 Zatoka Kemer, potem szersze Morze \u015ar\u00f3dziemne, a potem \u2013 w miar\u0119 zbli\u017cania si\u0119 do szczytu \u2013 pe\u0142na panorama wybrze\u017ca po\u0142udniowej Turcji.<\/p>\n<p>Na g\u00f3rnej stacji kolejki gondolowej (2365 m n.p.m.) drzwi otwieraj\u0105 si\u0119 na zupe\u0142nie inny \u015bwiat. Temperatura jest zauwa\u017calnie ni\u017csza. W powietrzu unosi si\u0119 zapach g\u00f3r i kamieni. Tarasy widokowe oferuj\u0105 widok w ka\u017cdym kierunku \u2013 na po\u0142udnie do morza, na zach\u00f3d wzd\u0142u\u017c pasma Taurus, na wsch\u00f3d w stron\u0119 wybrze\u017ca Licyzji. W pogodny dzie\u0144 na horyzoncie widoczne s\u0105 wyspy wschodniej cz\u0119\u015bci Morza \u015ar\u00f3dziemnego.<\/p>\n<p>Po\u015bwi\u0119\u0107 oko\u0142o <strong>jedna godzina<\/strong> na g\u00f3rze. Przespaceruj si\u0119 po tarasach, znajd\u017a idealny kadr do fotografii, odwied\u017a niewielk\u0105 kawiarni\u0119, by napi\u0107 si\u0119 gor\u0105cego napoju lub zimnej wody, albo po prostu sta\u0144 i patrz. Czas sp\u0119dzony na wysoko\u015bci ma niezwyk\u0142\u0105 moc od\u015bwie\u017cania umys\u0142u. Zjazd kolejk\u0105 linow\u0105 zawiezie Ci\u0119 z powrotem do dolnej stacji, a kr\u00f3tka przeja\u017cd\u017cka do Kemeru zako\u0144czy p\u00f3\u0142dniow\u0105 wycieczk\u0119.<\/p>\n<p class=\"mhm-jue-internal-links\">Szukasz wi\u0119cej przyg\u00f3d w okolicy? Zapoznaj si\u0119 z nasz\u0105 pe\u0142n\u0105 list\u0105 <a href=\"\/pl\/kierunki\/kemer-wycieczki\/\">Wycieczki z Kemer<\/a> lub sprawd\u017a <a href=\"\/pl\/wycieczki-2\/kemer-suluada-zachod-slonca-rejs\/\">Kemer: Wycieczka \u0142odzi\u0105 na wysp\u0119 Suluada z zachodem s\u0142o\u0144ca i kolacj\u0105<\/a> na kolejne niezapomniane prze\u017cycie.<\/p>\n<h3>\ud83e\udded Plan wycieczki<\/h3>\n<p><span style=\"color: #ff0000;\"><strong>\u2022<\/strong> <\/span>Dojazd z hotelu w Kemer i okolicach<br \/>\n<span style=\"color: #ff0000;\"><strong>\u2022<\/strong> <\/span>Kr\u00f3tki transfer do stacji dolnej kolejki linowej Olympos (ok. 15\u201320 minut)<br \/>\n<span style=\"color: #ff0000;\"><strong>\u2022<\/strong> <\/span>Wjazd kolejk\u0105 linow\u0105 na szczyt g\u00f3ry Tahtal\u0131 (2365 m)<br \/>\n<span style=\"color: #ff0000;\"><strong>\u2022<\/strong> <\/span>Czas wolny na szczycie \u2014 tarasy widokowe, kawiarnia, zdj\u0119cia (ok. 1 godziny)<br \/>\n<span style=\"color: #ff0000;\"><strong>\u2022<\/strong> <\/span>Zjazd kolejk\u0105 linow\u0105<br \/>\n<span style=\"color: #ff0000;\"><strong>\u2022<\/strong> <\/span>Transfer powrotny do hoteli w Kemer<\/p>\n<h3>\u2139\ufe0f Przydatne informacje<\/h3>\n<p><span style=\"color: #ff0000;\"><strong>\u2022<\/strong> <\/span>P\u00f3\u0142dniowa wycieczka (oko\u0142o 3-4 godzin z Kemer)<br \/>\n<span style=\"color: #ff0000;\"><strong>\u2022<\/strong> <\/span>Czas przejazdu kolejk\u0105 linow\u0105: 10\u201312 minut w jedn\u0105 stron\u0119<br \/>\n<span style=\"color: #ff0000;\"><strong>\u2022<\/strong> <\/span>Temperatura na szczycie jest znacznie ni\u017csza ni\u017c na wybrze\u017cu<br \/>\n<span style=\"color: #ff0000;\"><strong>\u2022<\/strong> <\/span>Kolejka linowa mo\u017ce si\u0119 zatrzyma\u0107 przy silnym wietrze \u2013 zale\u017cne od pogody<br \/>\n<span style=\"color: #ff0000;\"><strong>\u2022<\/strong> <\/span>Odpowiednie dla wszystkich grup wiekowych; dzieci z rodzicami<br \/>\n<span style=\"color: #ff0000;\"><strong>\u2022<\/strong> <\/span>Dzieci jad\u0105ce gratis mog\u0105 nie otrzyma\u0107 osobnego miejsca w autobusie, je\u015bli jest on zape\u0142niony.<\/p>\n<p class=\"mhm-jue-external-link\">Dowiedz si\u0119 wi\u0119cej o miejscu docelowym na <a href=\"https:\/\/en.wikipedia.org\/wiki\/Tahtal%C4%B1_Da%C4%9F%C4%B1\" target=\"_blank\" rel=\"noopener\">Strona Tahtal\u0131 Da\u011f\u0131 w Wikipedii<\/a>.<\/p>\n<h3>\ud83c\udf92 Co zabra\u0107<\/h3>\n<p><span style=\"color: #ff0000;\"><strong>\u2022<\/strong> <\/span>Lekka kurtka lub sweter \u2014 wymagane na 2365 m nawet w \u015brodku lata<br \/>\n<span style=\"color: #ff0000;\"><strong>\u2022<\/strong> <\/span>Wygodne buty do chodzenia<br \/>\n<span style=\"color: #ff0000;\"><strong>\u2022<\/strong> <\/span>Aparat czy smartfon<br \/>\n<span style=\"color: #ff0000;\"><strong>\u2022<\/strong> <\/span>Okulary przeciws\u0142oneczne<br \/>\n<span style=\"color: #ff0000;\"><strong>\u2022<\/strong> <\/span>Got\u00f3wka na napoje lub pami\u0105tki na szczycie<\/p>\n<h3>\ud83d\udeab Nieodpowiednie dla<\/h3>\n<p><span style=\"color: #ff0000;\"><strong>\u2022<\/strong> <\/span>Go\u015bcie z powa\u017cnym l\u0119kiem wysoko\u015bci lub silnymi zawrotami g\u0142owy<br \/>\n<span style=\"color: #ff0000;\"><strong>\u2022<\/strong> <\/span>Go\u015bcie ze znacznymi trudno\u015bciami w poruszaniu si\u0119<\/p>\n<h3>\ud83d\udcb8 Cena i Rezerwacja<\/h3>\n<p><span style=\"color: #ff0000;\"><strong>\u2022<\/strong> <\/span>Ceny mog\u0105 si\u0119 r\u00f3\u017cni\u0107 w zale\u017cno\u015bci od sezonu \u2014 sprawd\u017a aktualne stawki w formularzu rezerwacji<br \/>\n<span style=\"color: #ff0000;\"><strong>\u2022<\/strong> <\/span>Zarezerwuj teraz i zap\u0142a\u0107 w dniu wycieczki<br \/>\n<span style=\"color: #ff0000;\"><strong>\u2022<\/strong> <\/span>Skontaktuj si\u0119 z nami przez WhatsApp, Telegram lub Viber, lub wype\u0142nij poni\u017cszy formularz rezerwacji<\/p>","protected":false},"excerpt":{"rendered":"<p>Join the Kemer Olympos Cable Car Tour \u2013 ascend Tahtal\u0131 Mountain to 2,365m in just 10 minutes &amp; enjoy 360\u00b0 views of Kemer Bay &amp; the Mediterranean. Hotel transfer included.<\/p>","protected":false},"featured_media":10850,"comment_status":"open","ping_status":"closed","template":"","meta":{"_acf_changed":false},"product_brand":[],"product_cat":[37],"product_tag":[65],"class_list":{"0":"post-10842","1":"product","2":"type-product","3":"status-publish","4":"has-post-thumbnail","6":"product_cat-kemer","7":"product_tag-kemer","9":"first","10":"instock","11":"featured","12":"shipping-taxable","13":"purchasable","14":"product-type-ovabrw_car_rental"},"acf":[],"aioseo_notices":[],"_links":{"self":[{"href":"https:\/\/joinusexcursions.com\/pl\/wp-json\/wp\/v2\/product\/10842","targetHints":{"allow":["GET"]}}],"collection":[{"href":"https:\/\/joinusexcursions.com\/pl\/wp-json\/wp\/v2\/product"}],"about":[{"href":"https:\/\/joinusexcursions.com\/pl\/wp-json\/wp\/v2\/types\/product"}],"replies":[{"embeddable":true,"href":"https:\/\/joinusexcursions.com\/pl\/wp-json\/wp\/v2\/comments?post=10842"}],"wp:featuredmedia":[{"embeddable":true,"href":"https:\/\/joinusexcursions.com\/pl\/wp-json\/wp\/v2\/media\/10850"}],"wp:attachment":[{"href":"https:\/\/joinusexcursions.com\/pl\/wp-json\/wp\/v2\/media?parent=10842"}],"wp:term":[{"taxonomy":"product_brand","embeddable":true,"href":"https:\/\/joinusexcursions.com\/pl\/wp-json\/wp\/v2\/product_brand?post=10842"},{"taxonomy":"product_cat","embeddable":true,"href":"https:\/\/joinusexcursions.com\/pl\/wp-json\/wp\/v2\/product_cat?post=10842"},{"taxonomy":"product_tag","embeddable":true,"href":"https:\/\/joinusexcursions.com\/pl\/wp-json\/wp\/v2\/product_tag?post=10842"}],"curies":[{"name":"wp","href":"https:\/\/api.w.org\/{rel}","templated":true}]}}