{"id":10858,"date":"2025-04-17T18:48:40","date_gmt":"2025-04-17T15:48:40","guid":{"rendered":"https:\/\/www.joinusexcursions.com\/?post_type=product&#038;p=10858"},"modified":"2026-04-18T05:28:33","modified_gmt":"2026-04-18T02:28:33","slug":"antalya-olympos-zachod-slonca-kolejka","status":"publish","type":"product","link":"https:\/\/joinusexcursions.com\/pl\/tours\/antalya-olympos-sunset\/","title":{"rendered":"Olympos Teleferik - Wycieczka z kolacj\u0105 o zachodzie s\u0142o\u0144ca na wysoko\u015bci 2365 m z Antalyi"},"content":{"rendered":"<p>Obejrzyj zach\u00f3d s\u0142o\u0144ca z wysoko\u015bci 2365 metr\u00f3w na g\u00f3rze Tahtali w Antalyi. Wjed\u017a kolejk\u0105 linow\u0105 Olympos na szczyt, zjedz kolacj\u0119 na wysoko\u015bci z widokiem na Morze \u015ar\u00f3dziemne i wr\u00f3\u0107 po zmroku \u2013 niezapomniane wieczorne prze\u017cycie.<\/p>\n<h2>\ud83c\udf04 Przegl\u0105d wycieczki po zachodzie s\u0142o\u0144ca w Antalyi Olympos<\/h2>\n<p>To nie jest zwyk\u0142a wycieczka kolejk\u0105 linow\u0105. Wycieczka Olympos Sunset Tour rozpoczyna si\u0119 p\u00f3\u017anym popo\u0142udniem, zabieraj\u0105c Ci\u0119 na szczyt g\u00f3ry Tahtal\u0131 \u2013 jednego z najwy\u017cszych dost\u0119pnych szczyt\u00f3w w Turcji \u2013 na czas, aby zobaczy\u0107 zach\u00f3d s\u0142o\u0144ca nad Morzem \u015ar\u00f3dziemnym. Gdy s\u0142o\u0144ce chowa si\u0119 za g\u00f3rami, a wybrze\u017ce poni\u017cej \u0142apie ostatnie z\u0142ote \u015bwiat\u0142o, b\u0119dziesz je\u015b\u0107 kolacj\u0119 na wysoko\u015bci 2365 metr\u00f3w nad poziomem morza. Rozpoczynaj\u0105c od Antalyi z malownicz\u0105 przeja\u017cd\u017ck\u0105 przez Park Narodowy Beyda\u011flar\u0131, to wieczorne do\u015bwiadczenie jest jedn\u0105 z najbardziej spektakularnych rzeczy, jakie mo\u017cna zrobi\u0107 na Riwierze Tureckiej.<\/p>\n<h3>\ud83c\udf1f Najwa\u017cniejsze informacje<\/h3>\n<p><span style=\"color: #ff0000;\"><strong>\u2022<\/strong> <\/span>Wjazd kolejk\u0105 linow\u0105 na wysoko\u015b\u0107 2365 m na g\u00f3r\u0119 Tahtal\u0131 o zachodzie s\u0142o\u0144ca<br \/>\n<span style=\"color: #ff0000;\"><strong>\u2022<\/strong> <\/span>Panoramiczne widoki zachodz\u0105cego s\u0142o\u0144ca nad Morzem \u015ar\u00f3dziemnym i pasmami g\u00f3rskimi<br \/>\n<span style=\"color: #ff0000;\"><strong>\u2022<\/strong> <\/span>Obiad w restauracji na szczycie na wysoko\u015bci<br \/>\n<span style=\"color: #ff0000;\"><strong>\u2022<\/strong> <\/span>Malownicza trasa przez Park Narodowy Beyda\u011flar\u0131<br \/>\n<span style=\"color: #ff0000;\"><strong>\u2022<\/strong> <\/span>Zjazd nocny kolejk\u0105 linow\u0105 \u2014 spektakularny widok<br \/>\n<span style=\"color: #ff0000;\"><strong>\u2022<\/strong> <\/span>Transfer z hotelu i powr\u00f3t do hotelu w Antalyi w cenie<\/p>\n<h2>Czego mo\u017cna si\u0119 spodziewa\u0107 podczas wycieczki na zach\u00f3d s\u0142o\u0144ca w Antalyi Olympos<\/h2>\n<p>Twoje popo\u0142udnie rozpocznie si\u0119 odbiorem z hotelu w Antalyi i malownicz\u0105 przeja\u017cd\u017ck\u0105 do dolnej stacji Kolejki Linowej Olympos. Trasa prowadzi przez sosnowe lasy i skalisty teren <strong>Park Narodowy Beyda\u011flar\u0131<\/strong>, krajobraz dziczeje i staje si\u0119 bardziej dramatyczny w miar\u0119 zbli\u017cania si\u0119 do g\u00f3ry.<\/p>\n<p>U podn\u00f3\u017ca g\u00f3ry wsiadacie do nowoczesnej kolejki linowej, kt\u00f3ra w ci\u0105gu 10\u201312 minut zabierze Was na szczyt <strong>G\u00f3ra Tahtal\u0131<\/strong>. W miar\u0119 jak kabina wznosi si\u0119, linia brzegowa rozci\u0105ga si\u0119 poni\u017cej \u2014 Zatoka Kemer, szczyty Beyda\u011flar\u0131, Morze \u015ar\u00f3dziemne rozci\u0105gaj\u0105ce si\u0119 po horyzont. Temperatura spada wraz z wysoko\u015bci\u0105. Zalecana jest lekka warstwa odzie\u017cy.<\/p>\n<p>Na szczycie (2365 m n.p.m.) masz wolny czas na spacery po tarasach widokowych, robienie zdj\u0119\u0107 i po prostu stanie w jednym z najwy\u017cszych, swobodnie dost\u0119pnych punkt\u00f3w na po\u0142udniowym wybrze\u017cu Turcji. W miar\u0119 jak \u015bwiat\u0142o popo\u0142udnia si\u0119 zmienia, kolory staj\u0105 si\u0119 niezwyk\u0142e \u2013 morze poni\u017cej zmienia si\u0119 z turkusowego na z\u0142ote, niebo pog\u0142\u0119bia si\u0119 z niebieskiego na pomara\u0144czowe i r\u00f3\u017cowe, a cienie g\u00f3r wyd\u0142u\u017caj\u0105 si\u0119 po dolinie.<\/p>\n<p><strong>Obiad serwowany jest w restauracji na szczycie<\/strong>, podkre\u015blone panoramicznymi oknami z niezak\u0142\u00f3conym widokiem na zach\u00f3d s\u0142o\u0144ca. To serce prze\u017cycia \u2013 posi\u0142ek na wysoko\u015bci, w orze\u017awiaj\u0105cym g\u00f3rskim powietrzu, obserwowanie zachodu s\u0142o\u0144ca za g\u00f3rami Taurus, podczas gdy Morze \u015ar\u00f3dziemne l\u015bni poni\u017cej.<\/p>\n<p>Po kolacji, gdy zapada zmrok, zjazd kolejk\u0105 g\u00f3rsk\u0105 oferuje w\u0142asn\u0105 wersj\u0119 spektaklu: poni\u017cej rozpo\u015bcieraj\u0105 si\u0119 \u015bwiat\u0142a Kemer i Antalyi, a g\u00f3ra staje si\u0119 ciemn\u0105 sylwetk\u0105. Powrotny transfer zabierze Ci\u0119 z powrotem do hotelu w Antalyi.<\/p>\n<p class=\"mhm-jue-internal-links\">Szukasz wi\u0119cej przyg\u00f3d w okolicy? Zapoznaj si\u0119 z nasz\u0105 pe\u0142n\u0105 list\u0105 <a href=\"\/pl\/kierunki\/antalya-wycieczki\/\">Wycieczki Antalya<\/a> lub sprawd\u017a <a href=\"\/pl\/wycieczki-2\/antalya-suluada-zachod-slonca-rejs\/\">Rejs statkiem na zach\u00f3d s\u0142o\u0144ca na wysp\u0119 Suluada z Antalyi z kolacj\u0105<\/a> na kolejne niezapomniane prze\u017cycie.<\/p>\n<h3>\ud83e\udded Plan wycieczki<\/h3>\n<p><span style=\"color: #ff0000;\"><strong>\u2022<\/strong> <\/span>Odbi\u00f3r z hotelu w Antalyi (p\u00f3\u017ane popo\u0142udnie)<br \/>\n<span style=\"color: #ff0000;\"><strong>\u2022<\/strong> <\/span>Malownicza trasa do stacji dolnej kolejki linowej na Olimp<br \/>\n<span style=\"color: #ff0000;\"><strong>\u2022<\/strong> <\/span>Wjazd kolejk\u0105 linow\u0105 na szczyt g\u00f3ry Tahtal\u0131 (2365 m)<br \/>\n<span style=\"color: #ff0000;\"><strong>\u2022<\/strong> <\/span>Czas wolny na szczycie \u2014 tarasy widokowe i fotografia<br \/>\n<span style=\"color: #ff0000;\"><strong>\u2022<\/strong> <\/span>Kolacja o zachodzie s\u0142o\u0144ca w restauracji na szczycie<br \/>\n<span style=\"color: #ff0000;\"><strong>\u2022<\/strong> <\/span>Zjazd nocn\u0105 kolejk\u0105 linow\u0105<br \/>\n<span style=\"color: #ff0000;\"><strong>\u2022<\/strong> <\/span>Transfer powrotny do hoteli w Antalyi<\/p>\n<h3>\u2139\ufe0f Przydatne informacje<\/h3>\n<p><span style=\"color: #ff0000;\"><strong>\u2022<\/strong> <\/span>Wyjazd po po\u0142udniu\/wieczorem \u2014 dok\u0142adna godzina odbioru zale\u017cy od harmonogramu zachodu s\u0142o\u0144ca<br \/>\n<span style=\"color: #ff0000;\"><strong>\u2022<\/strong> <\/span>Przeja\u017cd\u017cka kolejk\u0105 linow\u0105: oko\u0142o 10\u201312 minut w jedn\u0105 stron\u0119<br \/>\n<span style=\"color: #ff0000;\"><strong>\u2022<\/strong> <\/span>Temperatura na szczycie mo\u017ce by\u0107 znacznie ni\u017csza ni\u017c na poziomie morza<br \/>\n<span style=\"color: #ff0000;\"><strong>\u2022<\/strong> <\/span>Kolejka linowa mo\u017ce si\u0119 zatrzyma\u0107 przy silnym wietrze \u2013 zale\u017cne od pogody<br \/>\n<span style=\"color: #ff0000;\"><strong>\u2022<\/strong> <\/span>Odpowiednie dla wszystkich grup wiekowych; dzieci powinny by\u0107 pod opiek\u0105 rodzic\u00f3w<\/p>\n<p class=\"mhm-jue-external-link\">Dowiedz si\u0119 wi\u0119cej o miejscu docelowym na <a href=\"https:\/\/en.wikipedia.org\/wiki\/Tahtal%C4%B1_Da%C4%9F%C4%B1\" target=\"_blank\" rel=\"noopener\">Strona Tahtal\u0131 Da\u011f\u0131 w Wikipedii<\/a>.<\/p>\n<h3>\ud83c\udf92 Co zabra\u0107<\/h3>\n<p><span style=\"color: #ff0000;\"><strong>\u2022<\/strong> <\/span>Ciep\u0142a kurtka lub polar \u2013 na wysoko\u015bci 2365 m jest zimno nawet latem<br \/>\n<span style=\"color: #ff0000;\"><strong>\u2022<\/strong> <\/span>Wygodne buty do chodzenia<br \/>\n<span style=\"color: #ff0000;\"><strong>\u2022<\/strong> <\/span>Aparat czy smartfon \u2014 widoki zachodz\u0105cego s\u0142o\u0144ca s\u0105 wyj\u0105tkowe<br \/>\n<span style=\"color: #ff0000;\"><strong>\u2022<\/strong> <\/span>Got\u00f3wka na napoje lub prywatne zakupy podczas szczytu<\/p>\n<h3>\ud83d\udeab Nieodpowiednie dla<\/h3>\n<p><span style=\"color: #ff0000;\"><strong>\u2022<\/strong> <\/span>Go\u015bcie z silnym l\u0119kiem wysoko\u015bci<br \/>\n<span style=\"color: #ff0000;\"><strong>\u2022<\/strong> <\/span>Go\u015bcie z powa\u017cnymi trudno\u015bciami w poruszaniu si\u0119<\/p>\n<h3>\ud83d\udcb8 Cena i Rezerwacja<\/h3>\n<p><span style=\"color: #ff0000;\"><strong>\u2022<\/strong> <\/span>Ceny mog\u0105 si\u0119 r\u00f3\u017cni\u0107 w zale\u017cno\u015bci od sezonu \u2014 sprawd\u017a aktualne stawki w formularzu rezerwacji<br \/>\n<span style=\"color: #ff0000;\"><strong>\u2022<\/strong> <\/span>Zarezerwuj teraz i zap\u0142a\u0107 w dniu wycieczki<br \/>\n<span style=\"color: #ff0000;\"><strong>\u2022<\/strong> <\/span>Skontaktuj si\u0119 z nami przez WhatsApp, Telegram lub Viber, lub wype\u0142nij poni\u017cszy formularz rezerwacji<\/p>","protected":false},"excerpt":{"rendered":"<p>Join the Antalya Olympos Sunset Tour \u2013 ascend Tahtal\u0131 Mountain by cable car, enjoy panoramic Mediterranean sunset views &amp; summit dinner at 2,365m. Hotel transfer included.<\/p>","protected":false},"featured_media":10857,"comment_status":"open","ping_status":"closed","template":"","meta":{"_acf_changed":false},"product_brand":[],"product_cat":[32],"product_tag":[69],"class_list":{"0":"post-10858","1":"product","2":"type-product","3":"status-publish","4":"has-post-thumbnail","6":"product_cat-antalya","7":"product_tag-antalya","9":"first","10":"instock","11":"featured","12":"shipping-taxable","13":"purchasable","14":"product-type-ovabrw_car_rental"},"acf":[],"aioseo_notices":[],"_links":{"self":[{"href":"https:\/\/joinusexcursions.com\/pl\/wp-json\/wp\/v2\/product\/10858","targetHints":{"allow":["GET"]}}],"collection":[{"href":"https:\/\/joinusexcursions.com\/pl\/wp-json\/wp\/v2\/product"}],"about":[{"href":"https:\/\/joinusexcursions.com\/pl\/wp-json\/wp\/v2\/types\/product"}],"replies":[{"embeddable":true,"href":"https:\/\/joinusexcursions.com\/pl\/wp-json\/wp\/v2\/comments?post=10858"}],"wp:featuredmedia":[{"embeddable":true,"href":"https:\/\/joinusexcursions.com\/pl\/wp-json\/wp\/v2\/media\/10857"}],"wp:attachment":[{"href":"https:\/\/joinusexcursions.com\/pl\/wp-json\/wp\/v2\/media?parent=10858"}],"wp:term":[{"taxonomy":"product_brand","embeddable":true,"href":"https:\/\/joinusexcursions.com\/pl\/wp-json\/wp\/v2\/product_brand?post=10858"},{"taxonomy":"product_cat","embeddable":true,"href":"https:\/\/joinusexcursions.com\/pl\/wp-json\/wp\/v2\/product_cat?post=10858"},{"taxonomy":"product_tag","embeddable":true,"href":"https:\/\/joinusexcursions.com\/pl\/wp-json\/wp\/v2\/product_tag?post=10858"}],"curies":[{"name":"wp","href":"https:\/\/api.w.org\/{rel}","templated":true}]}}