{"id":10867,"date":"2025-04-18T11:50:21","date_gmt":"2025-04-18T08:50:21","guid":{"rendered":"https:\/\/www.joinusexcursions.com\/?post_type=product&#038;p=10867"},"modified":"2026-04-13T23:48:34","modified_gmt":"2026-04-13T20:48:34","slug":"kemer-laznia-turecka-hamam","status":"publish","type":"product","link":"https:\/\/joinusexcursions.com\/pl\/tours\/kemer-turkish-bath-hamam\/","title":{"rendered":"\u0141a\u017ania Turecka Hamam i Tradycyjne Spa w Kemer"},"content":{"rendered":"<h2 data-start=\"223\" data-end=\"285\">\ud83d\udec1 Przegl\u0105d tureckiej \u0142a\u017ani hammam w Kemer<\/h2>\n<p>Wejd\u017a w g\u0142\u0119boki relaks i wiekow\u0105 tradycj\u0119 z <strong>Kemer \u0141a\u017ania Turecka Hamam<\/strong> \u2014 idealne po\u0142\u0105czenie odnowy biologicznej i kultury w autentycznym tureckim klimacie z peelingiem, masa\u017cem pianowym i aromaterapi\u0105.<\/p>\n<h3 data-start=\"540\" data-end=\"563\">\ud83c\udf1f Najwa\u017cniejsze punkty wycieczki<\/h3>\n<ul data-start=\"564\" data-end=\"892\">\n<li class=\"\" data-start=\"564\" data-end=\"605\">Tradycyjny rytua\u0142 tureckiej \u0142a\u017ani<\/li>\n<li class=\"\" data-start=\"606\" data-end=\"647\"> Od\u015bwie\u017caj\u0105cy peeling i masa\u017c piankowy<\/li>\n<li class=\"\" data-start=\"648\" data-end=\"692\">Masa\u017c olejkami aromaterapeutycznymi (20 minut)<\/li>\n<li class=\"\" data-start=\"648\" data-end=\"692\"> Nieograniczony czas w saunie i \u0142a\u017ani parowej<\/li>\n<li class=\"\" data-start=\"737\" data-end=\"775\">Glinka do g\u0142\u0119bokiego oczyszczania<\/li>\n<li class=\"\" data-start=\"776\" data-end=\"810\">Dost\u0119p do basenu<\/li>\n<li class=\"\" data-start=\"811\" data-end=\"852\">Turecka herbata podana po zabiegu<\/li>\n<li class=\"\" data-start=\"853\" data-end=\"892\">Odbi\u00f3r i dow\u00f3z z hotelu w cenie<\/li>\n<\/ul>\n<h2>Czego mo\u017cna si\u0119 spodziewa\u0107 w tureckiej \u0142a\u017ani w Kemer<\/h2>\n<p>Wycieczka rozpoczyna si\u0119 od <strong data-start=\"948\" data-end=\"976\">komfortowy odbi\u00f3r z hotelu<\/strong> z dowolnego miejsca w Kemer. Zostaniesz przetransportowany do tradycyjnej tureckiej \u0142a\u017ani, gdzie rozpocznie si\u0119 Twoja podr\u00f3\u017c do dobrego samopoczucia.<\/p>\n<p>Zacznij od sp\u0119dzenia czasu w <strong data-start=\"1120\" data-end=\"1129\">sauna<\/strong> i <strong data-start=\"1134\" data-end=\"1148\">pomieszczenie parowe<\/strong>, pomagaj\u0105c otworzy\u0107 pory i przygotowa\u0107 cia\u0142o. Nast\u0119pnie ciesz si\u0119 <strong data-start=\"1214\" data-end=\"1248\">10-minutowy peeling ca\u0142ego cia\u0142a<\/strong> aby usun\u0105\u0107 martwy nask\u00f3rek, a nast\u0119pnie <strong data-start=\"1284\" data-end=\"1310\">10-minutowy masa\u017c piankowy<\/strong> \u2014 klasyczny rytua\u0142 hammam, kt\u00f3ry pozostawia sk\u00f3r\u0119 jedwabi\u015bcie g\u0142adk\u0105.<\/p>\n<p>Nast\u0119pnie, a <strong data-start=\"1382\" data-end=\"1395\">maska do glinki<\/strong> jest stosowany do oczyszczania i detoksykacji twarzy. Po sp\u0142ukaniu, odpr\u0119\u017c si\u0119 w <strong data-start=\"1475\" data-end=\"1492\">basen<\/strong> lub zrelaksuj si\u0119 do czasu ostatniego zabiegu \u2013 <strong data-start=\"1533\" data-end=\"1571\">20-minutowy masa\u017c olejkami aromaterapeutycznymi<\/strong>, pozostawiaj\u0105c Ci\u0119 ca\u0142kowicie od\u015bwie\u017conym.<\/p>\n<p>Na zako\u0144czenie sesji, ciesz si\u0119 ciep\u0142ym <strong data-start=\"1649\" data-end=\"1664\">Turecka herbata<\/strong> przed powrotem do hotelu.<\/p>\n<p>Niezale\u017cnie od tego, czy zaczynasz wakacje, czy je ko\u0144czysz, to do\u015bwiadczenie jest idealnym sposobem na zadbanie o cia\u0142o i umys\u0142.<\/p>\n<p class=\"mhm-jue-internal-links\">Szukasz wi\u0119cej przyg\u00f3d w okolicy? Zapoznaj si\u0119 z nasz\u0105 pe\u0142n\u0105 list\u0105 <a href=\"\/pl\/kierunki\/kemer-wycieczki\/\">Wycieczki z Kemer<\/a> lub sprawd\u017a <a href=\"\/pl\/wycieczki-2\/kemer-suluada-zachod-slonca-rejs\/\">Kemer: Wycieczka \u0142odzi\u0105 na wysp\u0119 Suluada z zachodem s\u0142o\u0144ca i kolacj\u0105<\/a> na kolejne niezapomniane prze\u017cycie.<\/p>\n<h3 data-start=\"1839\" data-end=\"1863\">\ud83d\udeab Nieodpowiednie dla<\/h3>\n<ul data-start=\"1864\" data-end=\"1960\">\n<li class=\"\" data-start=\"1864\" data-end=\"1912\">Go\u015bcie z powa\u017cnymi problemami sk\u00f3rnymi lub kardiologicznymi<\/li>\n<li class=\"\" data-start=\"1913\" data-end=\"1960\">Kobiety w ci\u0105\u017cy (prosz\u0119 skonsultowa\u0107 si\u0119 z lekarzem)<\/li>\n<\/ul>\n<p class=\"mhm-jue-external-link\">Dowiedz si\u0119 wi\u0119cej o miejscu docelowym na <a href=\"https:\/\/en.wikipedia.org\/wiki\/Turkish_bath\" target=\"_blank\" rel=\"noopener\">\u0141a\u017ania turecka Wikipedia<\/a>.<\/p>\n<h3 data-start=\"1967\" data-end=\"1988\">\ud83c\udf92 Co zabra\u0107<\/h3>\n<ul data-start=\"1989\" data-end=\"2072\">\n<li class=\"\" data-start=\"1989\" data-end=\"2001\">Str\u00f3j k\u0105pielowy<\/li>\n<li class=\"\" data-start=\"2002\" data-end=\"2045\">R\u0119cznik (mo\u017ce by\u0107 r\u00f3wnie\u017c dost\u0119pny w spa)<\/li>\n<li class=\"\" data-start=\"2046\" data-end=\"2072\">Klapki czy kapcie<\/li>\n<\/ul>\n<h3 data-start=\"2079\" data-end=\"2097\">\u274c Niedozwolone<\/h3>\n<ul data-start=\"2098\" data-end=\"2169\">\n<li class=\"\" data-start=\"2098\" data-end=\"2125\">Jedzenie i napoje z zewn\u0105trz<\/li>\n<li class=\"\" data-start=\"2126\" data-end=\"2169\">Stosowanie olejk\u00f3w lub balsam\u00f3w przed zabiegiem<\/li>\n<\/ul>\n<h3 data-start=\"2176\" data-end=\"2202\">\u2139\ufe0f Informacje przed wyjazdem<\/h3>\n<ul data-start=\"2203\" data-end=\"2431\">\n<li class=\"\" data-start=\"2203\" data-end=\"2239\">Czas trwania: ok. 2,5 do 3 godzin<\/li>\n<li class=\"\" data-start=\"2240\" data-end=\"2295\">Jest <strong data-start=\"2251\" data-end=\"2268\">bez ogranicze\u0144 czasowych<\/strong> do sauny i \u0142a\u017ani parowej<\/li>\n<li class=\"\" data-start=\"2296\" data-end=\"2374\">Panowie i panie s\u0105 mile widziani; prywatne opcje dost\u0119pne na \u017cyczenie<\/li>\n<li class=\"\" data-start=\"2375\" data-end=\"2431\">Dzieci poni\u017cej 12 roku \u017cycia mog\u0105 do\u0142\u0105czy\u0107 pod opiek\u0105 rodzic\u00f3w<\/li>\n<\/ul>\n<hr class=\"\" data-start=\"2433\" data-end=\"2436\" \/>\n<h3 data-start=\"2438\" data-end=\"2462\">\ud83d\udcb3 Ceny i rezerwacja<\/h3>\n<p>Ceny r\u00f3\u017cni\u0105 si\u0119 w zale\u017cno\u015bci od sezonu i wliczonych us\u0142ug.<br data-start=\"2521\" data-end=\"2524\" \/><strong data-start=\"2524\" data-end=\"2590\">Zarezerwuj wcze\u015bnie, aby uzyska\u0107 najlepsze ceny \u2013 zap\u0142a\u0107 w dniu wycieczki!<\/strong><\/p>\n<h3 data-start=\"2597\" data-end=\"2615\">\ud83d\udcde Skontaktuj si\u0119 z nami<\/h3>\n<p>Wi\u0119cej informacji lub rezerwacja miejsca dost\u0119pne pod podanym ni\u017cej adresem kontaktowym <strong data-start=\"2685\" data-end=\"2717\">Telegram, Viber czy WhatsApp<\/strong>.<br data-start=\"2718\" data-end=\"2721\" \/>Zafunduj sobie odrobin\u0119 luksusu dzi\u0119ki ponadczasowej tureckiej tradycji!<\/p>","protected":false},"excerpt":{"rendered":"<p>\ud83d\udec1 Overview of the Kemer Turkish Bath Hamam Step into deep relaxation and timeless tradition with the Kemer Turkish Bath Hamam \u2014 the perfect blend of wellness and culture in an authentic Turkish setting with scrub, foam massage and aromatherapy. \ud83c\udf1f Tour Highlights Traditional Turkish bath ritual Skin-renewing scrub &amp; foam massage Aromatherapy oil massage [&hellip;]<\/p>\n","protected":false},"featured_media":10875,"comment_status":"open","ping_status":"closed","template":"","meta":{"_acf_changed":false},"product_brand":[],"product_cat":[37],"product_tag":[65],"class_list":{"0":"post-10867","1":"product","2":"type-product","3":"status-publish","4":"has-post-thumbnail","6":"product_cat-kemer","7":"product_tag-kemer","9":"first","10":"instock","11":"featured","12":"shipping-taxable","13":"purchasable","14":"product-type-ovabrw_car_rental"},"acf":[],"aioseo_notices":[],"_links":{"self":[{"href":"https:\/\/joinusexcursions.com\/pl\/wp-json\/wp\/v2\/product\/10867","targetHints":{"allow":["GET"]}}],"collection":[{"href":"https:\/\/joinusexcursions.com\/pl\/wp-json\/wp\/v2\/product"}],"about":[{"href":"https:\/\/joinusexcursions.com\/pl\/wp-json\/wp\/v2\/types\/product"}],"replies":[{"embeddable":true,"href":"https:\/\/joinusexcursions.com\/pl\/wp-json\/wp\/v2\/comments?post=10867"}],"wp:featuredmedia":[{"embeddable":true,"href":"https:\/\/joinusexcursions.com\/pl\/wp-json\/wp\/v2\/media\/10875"}],"wp:attachment":[{"href":"https:\/\/joinusexcursions.com\/pl\/wp-json\/wp\/v2\/media?parent=10867"}],"wp:term":[{"taxonomy":"product_brand","embeddable":true,"href":"https:\/\/joinusexcursions.com\/pl\/wp-json\/wp\/v2\/product_brand?post=10867"},{"taxonomy":"product_cat","embeddable":true,"href":"https:\/\/joinusexcursions.com\/pl\/wp-json\/wp\/v2\/product_cat?post=10867"},{"taxonomy":"product_tag","embeddable":true,"href":"https:\/\/joinusexcursions.com\/pl\/wp-json\/wp\/v2\/product_tag?post=10867"}],"curies":[{"name":"wp","href":"https:\/\/api.w.org\/{rel}","templated":true}]}}