{"id":10925,"date":"2025-04-22T10:51:55","date_gmt":"2025-04-22T07:51:55","guid":{"rendered":"https:\/\/www.joinusexcursions.com\/?post_type=product&#038;p=10925"},"modified":"2026-04-18T05:26:48","modified_gmt":"2026-04-18T02:26:48","slug":"kemer-prywatny-jacht-wynajem","status":"publish","type":"product","link":"https:\/\/joinusexcursions.com\/pl\/tours\/kemer-private-yacht-rental\/","title":{"rendered":"Wynajem prywatnych jacht\u00f3w w Kemer - Luksusowe wycieczki morskie"},"content":{"rendered":"<p>Poczuj ostateczn\u0105 wolno\u015b\u0107 na wodzie dzi\u0119ki ekskluzywnemu czarterowi prywatnego jachtu w Kemer. Twoja grupa otrzymuje ca\u0142y statek dla siebie \u2014 \u017cadnych obcych, \u017cadnego ustalonego harmonogramu, tylko czysty luksus dopasowany do Twoich \u017cycze\u0144. Niezale\u017cnie od tego, czy \u015bwi\u0119tujesz miesi\u0105c miodowy, urodziny, rocznic\u0119, czy po prostu chcesz sp\u0119dzi\u0107 premium dzie\u0144 na morzu, ten prywatny czarter zapewni niezapomniane wra\u017cenia wzd\u0142u\u017c zachwycaj\u0105cego Turkusowego Wybrze\u017ca.<\/p>\n<h2>\ud83d\udee5\ufe0f Przegl\u0105d wynajmu prywatnego jachtu w Kemer<\/h2>\n<p>Prywatny czarter jachtu w Kemerze daje Ci pe\u0142n\u0105 kontrol\u0119 nad Twoim dniem na wodzie. W przeciwie\u0144stwie do wycieczek grupowych, Ty i Twoja grupa macie wy\u0142\u0105czne prawo do ca\u0142ego jachtu, co pozwala Ci ustali\u0107 w\u0142asne tempo i spersonalizowa\u0107 ka\u017cdy szczeg\u00f3\u0142 podr\u00f3\u017cy. Wyp\u0142y\u0144 z przystani Kemer na pok\u0142adzie pi\u0119knie utrzymanego statku z oddanym kapitanem i przyjazn\u0105 za\u0142og\u0105, kt\u00f3rej jedynym celem jest Tw\u00f3j komfort i zadowolenie.<\/p>\n<p>Krystalicznie czyste wody Morza \u015ar\u00f3dziemnego wok\u00f3\u0142 Kemer oferuj\u0105 jedne z najbardziej spektakularnych zatok do p\u0142ywania w Turcji. Kapitan doprowadzi jacht do najpi\u0119kniejszych ukrytych zatoczek wzd\u0142u\u017c wybrze\u017ca \u2013 odosobnionych miejsc rzadko odwiedzanych przez du\u017ce grupy turyst\u00f3w. Ty decydujesz, jak d\u0142ugo pozosta\u0107 w ka\u017cdym miejscu postoju, tworz\u0105c prawdziwie osobiste do\u015bwiadczenie morskie.<\/p>\n<p>Ten czarter jest idealny dla par szukaj\u0105cych romantycznego wypoczynku, rodzin pragn\u0105cych prywatno\u015bci i przestrzeni, przyjaci\u00f3\u0142 \u015bwi\u0119tuj\u0105cych specjaln\u0105 okazj\u0119 lub grup firmowych szukaj\u0105cych wyj\u0105tkowego wyj\u015bcia integracyjnego. Dzi\u0119ki dostosowywanemu planowi podr\u00f3\u017cy, elastycznej godzinie wyp\u0142yni\u0119cia i lunchem na pok\u0142adzie, Tw\u00f3j prywatny dzie\u0144 czarterowy b\u0119dzie niepowtarzalny w Kemer.<\/p>\n<h3>\ud83c\udf1f Najwa\u017cniejsze informacje<\/h3>\n<p><span style=\"color: #ff0000;\"><strong>\u2022<\/strong> <\/span>Wy\u0142\u0105cznie do prywatnego u\u017cytku \u2014 tylko Twoja grupa, nikt inny na pok\u0142adzie<br \/>\n<span style=\"color: #ff0000;\"><strong>\u2022<\/strong> <\/span>W pe\u0142ni konfigurowalna trasa i przystanki na p\u0142ywanie<br \/>\n<span style=\"color: #ff0000;\"><strong>\u2022<\/strong> <\/span>Oddany kapitan i profesjonalna za\u0142oga przez ca\u0142y czas<br \/>\n<span style=\"color: #ff0000;\"><strong>\u2022<\/strong> <\/span>P\u0142ywanie w krystalicznie czystych, zacisznych zatoczkach Morza \u015ar\u00f3dziemnego<br \/>\n<span style=\"color: #ff0000;\"><strong>\u2022<\/strong> <\/span>Prywatne le\u017caki i du\u017co miejsca na pok\u0142adzie dla ca\u0142ej grupy<br \/>\n<span style=\"color: #ff0000;\"><strong>\u2022<\/strong> <\/span>\u015awie\u017co przygotowany catering obiadowy serwowany na pok\u0142adzie<br \/>\n<span style=\"color: #ff0000;\"><strong>\u2022<\/strong> <\/span>Obejmuje odbi\u00f3r z hotelu i transfer do Mariny Kemer<br \/>\n<span style=\"color: #ff0000;\"><strong>\u2022<\/strong> <\/span>Idealne na miesi\u0105ce miodowe, urodziny, rocznice i imprezy firmowe<\/p>\n<h2>Czego mo\u017cna si\u0119 spodziewa\u0107 podczas wynajmu prywatnej \u0142odzi w Kemer<\/h2>\n<p>Tw\u00f3j ekskluzywny, prywatny czarter ca\u0142odniowy rozpoczyna si\u0119 komfortowym odbiorem z hotelu w Kemer lub okolicach. Prywatny transport zabierze Ci\u0119 prosto do mariny w Kemer, gdzie Tw\u00f3j jacht i dedykowana za\u0142oga ju\u017c czekaj\u0105, przygotowani specjalnie dla Twojej grupy. Bez kolejek, bez czekania na innych pasa\u017cer\u00f3w \u2013 Tw\u00f3j czarter rozpoczyna si\u0119 zgodnie z Twoim harmonogramem.<\/p>\n<p>Wejd\u017a na pok\u0142ad swojego prywatnego jachtu i od razu poczuj r\u00f3\u017cnic\u0119. Poniewa\u017c ca\u0142y statek jest zarezerwowany wy\u0142\u0105cznie dla Twojej grupy, masz pe\u0142n\u0105 swobod\u0119 relaksu tam, gdzie tylko chcesz \u2013 na zacienionym pok\u0142adzie, na le\u017cakach na dziobie lub w wygodnej kabinie. Gdy odp\u0142ywasz od mariny w Kemer, za Tob\u0105 wznosz\u0105 si\u0119 imponuj\u0105ce G\u00f3ry Taurus, a przed Tob\u0105 rozci\u0105ga si\u0119 turkusowe morze, oferuj\u0105c zapieraj\u0105ce dech w piersiach panoramiczne widoki od pierwszej chwili.<\/p>\n<p>Tw\u00f3j kapitan poprowadzi \u0142\u00f3d\u017a do wybranych, najpi\u0119kniejszych ukrytych zatoczek wzd\u0142u\u017c wybrze\u017ca Kemer, dobranych zgodnie z Twoimi preferencjami. Sp\u0119d\u017a tyle czasu, ile zechcesz, p\u0142ywaj\u0105c w ciep\u0142ych, przejrzystych wodach Morza \u015ar\u00f3dziemnego lub nurkuj\u0105c z rurk\u0105 nad skalistymi rafami t\u0119tni\u0105cymi \u017cyciem morskim. \u015awie\u017co przygotowany posi\u0142ek serwowany jest w po\u0142owie rejsu \u2014 zazwyczaj obejmuje grillowan\u0105 ryb\u0119, sezonowe sa\u0142atki, ry\u017c i \u015bwie\u017ce owoce, z opcjami wegetaria\u0144skimi dost\u0119pnymi na \u017cyczenie. Ciesz si\u0119 posi\u0142kiem w ca\u0142kowitej prywatno\u015bci, tylko w towarzystwie swojej grupy.<\/p>\n<p>Gdy popo\u0142udniowe s\u0142o\u0144ce zaczyna zachodzi\u0107, wasz jacht wraca do Mariny Kemer. Obs\u0142uga pomo\u017ce w zej\u015bciu na l\u0105d, a transfer powrotny do hotelu zako\u0144czy to do\u015bwiadczenie. Wracacie zrelaksowani, od\u015bwie\u017ceni i z niezapomnianymi wspomnieniami prawdziwe osobistego dnia na morzu, jaki mo\u017ce zapewni\u0107 tylko prywatny czarter.<\/p>\n<p class=\"mhm-jue-internal-links\">Szukasz wi\u0119cej przyg\u00f3d w okolicy? Zapoznaj si\u0119 z nasz\u0105 pe\u0142n\u0105 list\u0105 <a href=\"\/pl\/kierunki\/kemer-wycieczki\/\">Wycieczki z Kemer<\/a> lub sprawd\u017a <a href=\"\/pl\/wycieczki-2\/kemer-suluada-zachod-slonca-rejs\/\">Kemer: Wycieczka \u0142odzi\u0105 na wysp\u0119 Suluada z zachodem s\u0142o\u0144ca i kolacj\u0105<\/a> na kolejne niezapomniane prze\u017cycie.<\/p>\n<h3>\ud83e\udded Plan wycieczki<\/h3>\n<p><span style=\"color: #ff0000;\"><strong>\u2022<\/strong> <\/span>Odbi\u00f3r z Twojego hotelu w Kemer lub okolicy<br \/>\n<span style=\"color: #ff0000;\"><strong>\u2022<\/strong> <\/span>Prywatny transfer do przystani Kemer<br \/>\n<span style=\"color: #ff0000;\"><strong>\u2022<\/strong> <\/span>Witamy na pok\u0142adzie \u2014 poznaj kapitana i za\u0142og\u0119<br \/>\n<span style=\"color: #ff0000;\"><strong>\u2022<\/strong> <\/span>Rejs z mariny w Kemer na pok\u0142adzie Pa\u0144stwa prywatnego jachtu<br \/>\n<span style=\"color: #ff0000;\"><strong>\u2022<\/strong> <\/span>Pierwszy przystanek na p\u0142ywanie w zacisznej zatoce<br \/>\n<span style=\"color: #ff0000;\"><strong>\u2022<\/strong> <\/span>Obiad serwowany na pok\u0142adzie<br \/>\n<span style=\"color: #ff0000;\"><strong>\u2022<\/strong> <\/span>Druga przysta\u0144 do p\u0142ywania i wypoczynku \u2014 snorkelowanie i opalanie si\u0119<br \/>\n<span style=\"color: #ff0000;\"><strong>\u2022<\/strong> <\/span>Rejs powrotny do mariny Kemer<br \/>\n<span style=\"color: #ff0000;\"><strong>\u2022<\/strong> <\/span>Powr\u00f3t do hotelu<\/p>\n<h3>\u2139\ufe0f Przydatne informacje<\/h3>\n<p><span style=\"color: #ff0000;\"><strong>\u2022<\/strong> <\/span>Wy\u0142\u0105czny czarter \u2014 ca\u0142y jacht jest zarezerwowany tylko dla Twojej grupy<br \/>\n<span style=\"color: #ff0000;\"><strong>\u2022<\/strong> <\/span>Trasa i postoje na p\u0142ywanie s\u0105 w pe\u0142ni konfigurowalne na \u017cyczenie<br \/>\n<span style=\"color: #ff0000;\"><strong>\u2022<\/strong> <\/span>Minimalna rezerwacja: pe\u0142na pojemno\u015b\u0107 jachtu (ceny s\u0105 za czarter, nie za osob\u0119)<br \/>\n<span style=\"color: #ff0000;\"><strong>\u2022<\/strong> <\/span>Niemowl\u0119ta poni\u017cej 2 roku \u017cycia mog\u0105 podr\u00f3\u017cowa\u0107 na kolanach rodzica bez dodatkowych op\u0142at<br \/>\n<span style=\"color: #ff0000;\"><strong>\u2022<\/strong> <\/span>Wymagana wcze\u015bniejsza rezerwacja \u2013 dost\u0119pno\u015b\u0107 w ostatniej chwili jest ograniczona<\/p>\n<p class=\"mhm-jue-external-link\">Dowiedz si\u0119 wi\u0119cej o miejscu docelowym na <a href=\"https:\/\/en.wikipedia.org\/wiki\/Kemer\" target=\"_blank\" rel=\"noopener\">Strona Wikipedii Kemer<\/a>.<\/p>\n<h3>\ud83c\udf92 Co zabra\u0107<\/h3>\n<p><span style=\"color: #ff0000;\"><strong>\u2022<\/strong> <\/span>Bikini i r\u0119cznik<br \/>\n<span style=\"color: #ff0000;\"><strong>\u2022<\/strong> <\/span>Krem z filtrem i okulary przeciws\u0142oneczne<br \/>\n<span style=\"color: #ff0000;\"><strong>\u2022<\/strong> <\/span>Kapelusz lub czapka do ochrony przed s\u0142o\u0144cem<br \/>\n<span style=\"color: #ff0000;\"><strong>\u2022<\/strong> <\/span>Troch\u0119 got\u00f3wki na osobiste wydatki dodatkowe i napiwki<\/p>\n<h3>\ud83d\udeab Nieodpowiednie dla<\/h3>\n<p><span style=\"color: #ff0000;\"><strong>\u2022<\/strong> <\/span>Go\u015bcie z powa\u017cnymi schorzeniami medycznymi lub siln\u0105 chorob\u0105 morsk\u0105<br \/>\n<span style=\"color: #ff0000;\"><strong>\u2022<\/strong> <\/span>Osoby na w\u00f3zkach inwalidzkich \u2014 statek nie jest dost\u0119pny dla w\u00f3zk\u00f3w inwalidzkich<\/p>\n<h3>\ud83d\udcb8 Cena i Rezerwacja<\/h3>\n<p><span style=\"color: #ff0000;\"><strong>\u2022<\/strong> <\/span>Cena czarteru jest dostosowana do wielko\u015bci Twojej grupy, wyboru jachtu i dat podr\u00f3\u017cy \u2013 skontaktuj si\u0119 z nami, aby uzyska\u0107 spersonalizowan\u0105 wycen\u0119 bez zobowi\u0105za\u0144.<br \/>\n<span style=\"color: #ff0000;\"><strong>\u2022<\/strong> <\/span>Gor\u0105co polecamy wcze\u015bniejsz\u0105 rezerwacj\u0119 \u2014 prywatne czartery maj\u0105 ograniczon\u0105 dost\u0119pno\u015b\u0107<br \/>\n<span style=\"color: #ff0000;\"><strong>\u2022<\/strong> <\/span>Skontaktuj si\u0119 z nami natychmiast przez WhatsApp, Telegram lub Viber, lub wype\u0142nij poni\u017cszy formularz rezerwacji<br \/>\n<span style=\"color: #ff0000;\"><strong>\u2022<\/strong> <\/span>Zarezerwuj wynajem prywatnego jachtu w Kemer ju\u017c dzi\u015b i pozw\u00f3l nam stworzy\u0107 Tw\u00f3j idealny dzie\u0144 na morzu<\/p>","protected":false},"excerpt":{"rendered":"<p>Book a Kemer Private Yacht Rental for your group only \u2013 customizable route, secluded bay swims, dedicated crew &amp; grilled lunch onboard. Perfect for honeymoons, birthdays &amp; events.<\/p>","protected":false},"featured_media":10927,"comment_status":"open","ping_status":"closed","template":"","meta":{"_acf_changed":false},"product_brand":[],"product_cat":[78],"product_tag":[65],"class_list":{"0":"post-10925","1":"product","2":"type-product","3":"status-publish","4":"has-post-thumbnail","6":"product_cat-yacht-charter","7":"product_tag-kemer","9":"first","10":"instock","11":"featured","12":"shipping-taxable","13":"purchasable","14":"product-type-ovabrw_car_rental"},"acf":[],"aioseo_notices":[],"_links":{"self":[{"href":"https:\/\/joinusexcursions.com\/pl\/wp-json\/wp\/v2\/product\/10925","targetHints":{"allow":["GET"]}}],"collection":[{"href":"https:\/\/joinusexcursions.com\/pl\/wp-json\/wp\/v2\/product"}],"about":[{"href":"https:\/\/joinusexcursions.com\/pl\/wp-json\/wp\/v2\/types\/product"}],"replies":[{"embeddable":true,"href":"https:\/\/joinusexcursions.com\/pl\/wp-json\/wp\/v2\/comments?post=10925"}],"wp:featuredmedia":[{"embeddable":true,"href":"https:\/\/joinusexcursions.com\/pl\/wp-json\/wp\/v2\/media\/10927"}],"wp:attachment":[{"href":"https:\/\/joinusexcursions.com\/pl\/wp-json\/wp\/v2\/media?parent=10925"}],"wp:term":[{"taxonomy":"product_brand","embeddable":true,"href":"https:\/\/joinusexcursions.com\/pl\/wp-json\/wp\/v2\/product_brand?post=10925"},{"taxonomy":"product_cat","embeddable":true,"href":"https:\/\/joinusexcursions.com\/pl\/wp-json\/wp\/v2\/product_cat?post=10925"},{"taxonomy":"product_tag","embeddable":true,"href":"https:\/\/joinusexcursions.com\/pl\/wp-json\/wp\/v2\/product_tag?post=10925"}],"curies":[{"name":"wp","href":"https:\/\/api.w.org\/{rel}","templated":true}]}}